{"id":2264,"date":"2025-04-25T23:45:38","date_gmt":"2025-04-25T23:45:38","guid":{"rendered":"https:\/\/vitaroma.fi\/?post_type=product&#038;p=2264"},"modified":"2025-04-25T23:45:38","modified_gmt":"2025-04-25T23:45:38","slug":"ekseption-ultim-eyes-mask","status":"publish","type":"product","link":"https:\/\/vitaroma.fi\/ru\/produkt\/\u0438\u0441\u043a\u043b\u044e\u0447\u0435\u043d\u0438\u0435-\u043c\u0430\u0441\u043a\u0430-\u0434\u043b\u044f-\u0433\u043b\u0430\u0437-ultim\/","title":{"rendered":"\u041c\u0430\u0441\u043a\u0430 \u0434\u043b\u044f \u0433\u043b\u0430\u0437 Exception Ultim-Eyes"},"content":{"rendered":"<p class=\"\" data-start=\"487\" data-end=\"735\"><strong data-start=\"487\" data-end=\"636\">\u041c\u0430\u0441\u043a\u0430 \u0434\u043b\u044f \u0433\u043b\u0430\u0437 Ekseption Ultim-Eyes Mask \u2014 \u0443\u043d\u0438\u043a\u0430\u043b\u044c\u043d\u0430\u044f \u043c\u0430\u0441\u043a\u0430 \u0434\u043b\u044f \u0433\u043b\u0430\u0437, \u0441\u043f\u0435\u0446\u0438\u0430\u043b\u044c\u043d\u043e \u0440\u0430\u0437\u0440\u0430\u0431\u043e\u0442\u0430\u043d\u043d\u0430\u044f \u0434\u043b\u044f \u0443\u043c\u0435\u043d\u044c\u0448\u0435\u043d\u0438\u044f \u043c\u0435\u0448\u043a\u043e\u0432 \u0438 \u0442\u0435\u043c\u043d\u044b\u0445 \u043a\u0440\u0443\u0433\u043e\u0432 \u043f\u043e\u0434 \u0433\u043b\u0430\u0437\u0430\u043c\u0438.<\/strong><br data-start=\"636\" data-end=\"639\" \/>\u042d\u0442\u0430 \u0438\u043d\u043d\u043e\u0432\u0430\u0446\u0438\u043e\u043d\u043d\u0430\u044f \u043c\u0430\u0441\u043a\u0430 \u044d\u0444\u0444\u0435\u043a\u0442\u0438\u0432\u043d\u043e \u0441\u043e\u0447\u0435\u0442\u0430\u0435\u0442 \u0432 \u0441\u0435\u0431\u0435 \u0438\u0437\u0431\u0440\u0430\u043d\u043d\u044b\u0435 \u0430\u043a\u0442\u0438\u0432\u043d\u044b\u0435 \u0438\u043d\u0433\u0440\u0435\u0434\u0438\u0435\u043d\u0442\u044b, \u043a\u043e\u0442\u043e\u0440\u044b\u0435 \u043e\u0431\u0435\u0441\u043f\u0435\u0447\u0438\u0432\u0430\u044e\u0442:<\/p>\n<ul data-start=\"737\" data-end=\"903\">\n<li class=\"\" data-start=\"737\" data-end=\"777\">\n<p class=\"\" data-start=\"739\" data-end=\"777\"><strong data-start=\"739\" data-end=\"775\">\u041f\u0440\u043e\u0442\u0438\u0432\u043e\u0432\u043e\u0441\u043f\u0430\u043b\u0438\u0442\u0435\u043b\u044c\u043d\u044b\u0439 \u044d\u0444\u0444\u0435\u043a\u0442<\/strong><\/p>\n<\/li>\n<li class=\"\" data-start=\"778\" data-end=\"839\">\n<p class=\"\" data-start=\"780\" data-end=\"839\"><strong data-start=\"780\" data-end=\"837\">\u041f\u0440\u043e\u0442\u0438\u0432\u043e\u043e\u0442\u0435\u0447\u043d\u044b\u0439 (\u0441\u043d\u0438\u0436\u0430\u044e\u0449\u0438\u0439 \u043e\u0442\u0435\u043a) \u044d\u0444\u0444\u0435\u043a\u0442<\/strong><\/p>\n<\/li>\n<li class=\"\" data-start=\"840\" data-end=\"903\">\n<p class=\"\" data-start=\"842\" data-end=\"903\"><strong data-start=\"842\" data-end=\"877\">\u0423\u0441\u0438\u043b\u0435\u043d\u0438\u0435 \u043c\u0438\u043a\u0440\u043e\u0446\u0438\u0440\u043a\u0443\u043b\u044f\u0446\u0438\u0438<\/strong> \u0432 \u0447\u0443\u0432\u0441\u0442\u0432\u0438\u0442\u0435\u043b\u044c\u043d\u044b\u0445 \u043e\u0431\u043b\u0430\u0441\u0442\u044f\u0445 \u0433\u043b\u0430\u0437<\/p>\n<\/li>\n<\/ul>\n<p class=\"\" data-start=\"905\" data-end=\"956\"><strong data-start=\"905\" data-end=\"953\">\u0412\u0438\u0434\u0438\u043c\u044b\u0435 \u0440\u0435\u0437\u0443\u043b\u044c\u0442\u0430\u0442\u044b \u0443\u0436\u0435 \u043f\u043e\u0441\u043b\u0435 3 \u043f\u0440\u0438\u043c\u0435\u043d\u0435\u043d\u0438\u0439<\/strong>:<\/p>\n<ul data-start=\"957\" data-end=\"1080\">\n<li class=\"\" data-start=\"957\" data-end=\"982\">\n<p class=\"\" data-start=\"959\" data-end=\"982\">\u041c\u0435\u0448\u043a\u0438 \u043f\u043e\u0434 \u0433\u043b\u0430\u0437\u0430\u043c\u0438 \u0443\u043c\u0435\u043d\u044c\u0448\u0430\u044e\u0442\u0441\u044f<\/p>\n<\/li>\n<li class=\"\" data-start=\"983\" data-end=\"1017\">\n<p class=\"\" data-start=\"985\" data-end=\"1017\">\u0422\u0435\u043c\u043d\u044b\u0435 \u043a\u0440\u0443\u0433\u0438 \u043f\u043e\u0434 \u0433\u043b\u0430\u0437\u0430\u043c\u0438 \u0441\u0432\u0435\u0442\u043b\u0435\u044e\u0442<\/p>\n<\/li>\n<li class=\"\" data-start=\"1018\" data-end=\"1080\">\n<p class=\"\" data-start=\"1020\" data-end=\"1080\">\u041e\u0431\u043b\u0430\u0441\u0442\u044c \u0432\u043e\u043a\u0440\u0443\u0433 \u0433\u043b\u0430\u0437 \u0432\u044b\u0433\u043b\u044f\u0434\u0438\u0442 \u0431\u043e\u043b\u0435\u0435 \u0441\u0432\u0435\u0436\u0435\u0439 \u0438 \u044f\u0440\u043a\u043e\u0439.<\/p>\n<\/li>\n<\/ul>\n<p class=\"\" data-start=\"1082\" data-end=\"1231\">\u0421\u0438\u043d\u0435\u0440\u0433\u0435\u0442\u0438\u0447\u0435\u0441\u043a\u0438\u0435 \u0438\u043d\u0433\u0440\u0435\u0434\u0438\u0435\u043d\u0442\u044b \u043c\u0430\u0441\u043a\u0438 Ultim-Eyes Mask \u043f\u043e\u043c\u043e\u0433\u0430\u044e\u0442 \u0432\u043e\u0441\u0441\u0442\u0430\u043d\u043e\u0432\u0438\u0442\u044c \u044d\u043b\u0430\u0441\u0442\u0438\u0447\u043d\u043e\u0441\u0442\u044c \u0438 \u0436\u0438\u0437\u043d\u0435\u043d\u043d\u0443\u044e \u0441\u0438\u043b\u0443 \u043a\u043e\u0436\u0438, \u0431\u043b\u0430\u0433\u043e\u0434\u0430\u0440\u044f \u0447\u0435\u043c\u0443 \u0433\u043b\u0430\u0437\u0430 \u0432\u044b\u0433\u043b\u044f\u0434\u044f\u0442 \u0431\u043e\u043b\u0435\u0435 \u0441\u0432\u0435\u0436\u0438\u043c\u0438 \u0438 \u043e\u0442\u0434\u043e\u0445\u043d\u0443\u0432\u0448\u0438\u043c\u0438.<\/p>\n<p class=\"\" data-start=\"1233\" data-end=\"1330\">\u041f\u043e\u0434\u0445\u043e\u0434\u0438\u0442 \u0434\u043b\u044f \u0432\u0441\u0435\u0445 \u0442\u0438\u043f\u043e\u0432 \u043a\u043e\u0436\u0438, \u043e\u0441\u043e\u0431\u0435\u043d\u043d\u043e \u0434\u043b\u044f \u0443\u0441\u0442\u0430\u0432\u0448\u0435\u0439, \u043e\u0442\u0435\u0447\u043d\u043e\u0439 \u0438 \u0441 \u0442\u0435\u043c\u043d\u044b\u043c\u0438 \u043a\u0440\u0443\u0433\u0430\u043c\u0438 \u043f\u043e\u0434 \u0433\u043b\u0430\u0437\u0430\u043c\u0438.<\/p>","protected":false},"excerpt":{"rendered":"<p class=\"\" data-start=\"1386\" data-end=\"1529\"><strong data-start=\"1386\" data-end=\"1529\">\u042d\u0444\u0444\u0435\u043a\u0442\u0438\u0432\u043d\u0430\u044f \u043c\u0430\u0441\u043a\u0430 \u0434\u043b\u044f \u0433\u043b\u0430\u0437, \u043a\u043e\u0442\u043e\u0440\u0430\u044f \u0443\u043c\u0435\u043d\u044c\u0448\u0430\u0435\u0442 \u043c\u0435\u0448\u043a\u0438 \u0438 \u0442\u0435\u043c\u043d\u044b\u0435 \u043a\u0440\u0443\u0433\u0438 \u043f\u043e\u0434 \u0433\u043b\u0430\u0437\u0430\u043c\u0438, \u0430 \u0442\u0430\u043a\u0436\u0435 \u0443\u0441\u0438\u043b\u0438\u0432\u0430\u0435\u0442 \u043c\u0438\u043a\u0440\u043e\u0446\u0438\u0440\u043a\u0443\u043b\u044f\u0446\u0438\u044e \u0432\u0441\u0435\u0433\u043e \u0437\u0430 3 \u043f\u0440\u0438\u043c\u0435\u043d\u0435\u043d\u0438\u044f.<\/strong><\/p>","protected":false},"featured_media":2265,"comment_status":"open","ping_status":"closed","template":"","meta":{"_surecart_dashboard_logo_width":"180px","_surecart_dashboard_show_logo":true,"_surecart_dashboard_navigation_orders":true,"_surecart_dashboard_navigation_invoices":true,"_surecart_dashboard_navigation_subscriptions":true,"_surecart_dashboard_navigation_downloads":true,"_surecart_dashboard_navigation_billing":true,"_surecart_dashboard_navigation_account":true,"_uag_custom_page_level_css":"","site-sidebar-layout":"default","site-content-layout":"","ast-site-content-layout":"default","site-content-style":"default","site-sidebar-style":"default","ast-global-header-display":"","ast-banner-title-visibility":"","ast-main-header-display":"","ast-hfb-above-header-display":"","ast-hfb-below-header-display":"","ast-hfb-mobile-header-display":"","site-post-title":"","ast-breadcrumbs-content":"","ast-featured-img":"","footer-sml-layout":"","theme-transparent-header-meta":"default","adv-header-id-meta":"","stick-header-meta":"default","header-above-stick-meta":"","header-main-stick-meta":"","header-below-stick-meta":"","astra-migrate-meta-layouts":"set","ast-page-background-enabled":"default","ast-page-background-meta":{"desktop":{"background-color":"var(--ast-global-color-4)","background-image":"","background-repeat":"repeat","background-position":"center center","background-size":"auto","background-attachment":"scroll","background-type":"","background-media":"","overlay-type":"","overlay-color":"","overlay-opacity":"","overlay-gradient":""},"tablet":{"background-color":"","background-image":"","background-repeat":"repeat","background-position":"center center","background-size":"auto","background-attachment":"scroll","background-type":"","background-media":"","overlay-type":"","overlay-color":"","overlay-opacity":"","overlay-gradient":""},"mobile":{"background-color":"","background-image":"","background-repeat":"repeat","background-position":"center center","background-size":"auto","background-attachment":"scroll","background-type":"","background-media":"","overlay-type":"","overlay-color":"","overlay-opacity":"","overlay-gradient":""}},"ast-content-background-meta":{"desktop":{"background-color":"var(--ast-global-color-5)","background-image":"","background-repeat":"repeat","background-position":"center center","background-size":"auto","background-attachment":"scroll","background-type":"","background-media":"","overlay-type":"","overlay-color":"","overlay-opacity":"","overlay-gradient":""},"tablet":{"background-color":"var(--ast-global-color-5)","background-image":"","background-repeat":"repeat","background-position":"center center","background-size":"auto","background-attachment":"scroll","background-type":"","background-media":"","overlay-type":"","overlay-color":"","overlay-opacity":"","overlay-gradient":""},"mobile":{"background-color":"var(--ast-global-color-5)","background-image":"","background-repeat":"repeat","background-position":"center center","background-size":"auto","background-attachment":"scroll","background-type":"","background-media":"","overlay-type":"","overlay-color":"","overlay-opacity":"","overlay-gradient":""}}},"product_brand":[120],"product_cat":[220],"product_tag":[225,226,229,227,224,221,223,222,228],"class_list":{"0":"post-2264","1":"product","2":"type-product","3":"status-publish","4":"has-post-thumbnail","6":"product_brand-ekseption","7":"product_cat-silmanymparysihon-hoito-naamiot","8":"product_tag-anti-inflammatorinen-silmanymparys","9":"product_tag-dekongestanttinen-naamio","10":"product_tag-ekseption-ultim-eyes-mask","11":"product_tag-kirkastava-silmanymparys","12":"product_tag-mikroverenkierron-vahvistaminen","13":"product_tag-silmanymparysnaamio","14":"product_tag-silmapussien-vahentaminen","15":"product_tag-tummien-silmanalusten-hoito","16":"product_tag-virkistava-silmanymparysnaamio","17":"desktop-align-left","18":"tablet-align-left","19":"mobile-align-left","21":"first","22":"instock","23":"shipping-taxable","24":"purchasable","25":"product-type-simple"},"uagb_featured_image_src":{"full":["https:\/\/vitaroma.fi\/wp-content\/uploads\/2025\/04\/f0c2b5_1f70d8447172497c9eccd1cc9d82f227mv2.png",1080,1080,false],"thumbnail":["https:\/\/vitaroma.fi\/wp-content\/uploads\/2025\/04\/f0c2b5_1f70d8447172497c9eccd1cc9d82f227mv2-150x150.png",150,150,true],"medium":["https:\/\/vitaroma.fi\/wp-content\/uploads\/2025\/04\/f0c2b5_1f70d8447172497c9eccd1cc9d82f227mv2-300x300.png",300,300,true],"medium_large":["https:\/\/vitaroma.fi\/wp-content\/uploads\/2025\/04\/f0c2b5_1f70d8447172497c9eccd1cc9d82f227mv2-768x768.png",768,768,true],"large":["https:\/\/vitaroma.fi\/wp-content\/uploads\/2025\/04\/f0c2b5_1f70d8447172497c9eccd1cc9d82f227mv2-1024x1024.png",1024,1024,true],"1536x1536":["https:\/\/vitaroma.fi\/wp-content\/uploads\/2025\/04\/f0c2b5_1f70d8447172497c9eccd1cc9d82f227mv2.png",1080,1080,false],"2048x2048":["https:\/\/vitaroma.fi\/wp-content\/uploads\/2025\/04\/f0c2b5_1f70d8447172497c9eccd1cc9d82f227mv2.png",1080,1080,false],"trp-custom-language-flag":["https:\/\/vitaroma.fi\/wp-content\/uploads\/2025\/04\/f0c2b5_1f70d8447172497c9eccd1cc9d82f227mv2-12x12.png",12,12,true],"woocommerce_thumbnail":["https:\/\/vitaroma.fi\/wp-content\/uploads\/2025\/04\/f0c2b5_1f70d8447172497c9eccd1cc9d82f227mv2-300x300.png",300,300,true],"woocommerce_single":["https:\/\/vitaroma.fi\/wp-content\/uploads\/2025\/04\/f0c2b5_1f70d8447172497c9eccd1cc9d82f227mv2-600x600.png",600,600,true],"woocommerce_gallery_thumbnail":["https:\/\/vitaroma.fi\/wp-content\/uploads\/2025\/04\/f0c2b5_1f70d8447172497c9eccd1cc9d82f227mv2-100x100.png",100,100,true]},"uagb_author_info":{"display_name":"emilkemal4@gmail.com","author_link":"https:\/\/vitaroma.fi\/ru\/author\/"},"uagb_comment_info":0,"uagb_excerpt":"Tehokas silm\u00e4nymp\u00e4rysnaamio, joka v\u00e4hent\u00e4\u00e4 silm\u00e4pusseja ja tummia silm\u00e4nalusia, vahvistaen samalla mikroverenkiertoa vain 3 k\u00e4ytt\u00f6kerrassa.","_links":{"self":[{"href":"https:\/\/vitaroma.fi\/ru\/wp-json\/wp\/v2\/product\/2264","targetHints":{"allow":["GET"]}}],"collection":[{"href":"https:\/\/vitaroma.fi\/ru\/wp-json\/wp\/v2\/product"}],"about":[{"href":"https:\/\/vitaroma.fi\/ru\/wp-json\/wp\/v2\/types\/product"}],"replies":[{"embeddable":true,"href":"https:\/\/vitaroma.fi\/ru\/wp-json\/wp\/v2\/comments?post=2264"}],"wp:featuredmedia":[{"embeddable":true,"href":"https:\/\/vitaroma.fi\/ru\/wp-json\/wp\/v2\/media\/2265"}],"wp:attachment":[{"href":"https:\/\/vitaroma.fi\/ru\/wp-json\/wp\/v2\/media?parent=2264"}],"wp:term":[{"taxonomy":"product_brand","embeddable":true,"href":"https:\/\/vitaroma.fi\/ru\/wp-json\/wp\/v2\/product_brand?post=2264"},{"taxonomy":"product_cat","embeddable":true,"href":"https:\/\/vitaroma.fi\/ru\/wp-json\/wp\/v2\/product_cat?post=2264"},{"taxonomy":"product_tag","embeddable":true,"href":"https:\/\/vitaroma.fi\/ru\/wp-json\/wp\/v2\/product_tag?post=2264"}],"curies":[{"name":"wp","href":"https:\/\/api.w.org\/{rel}","templated":true}]}}