{"id":2259,"date":"2025-04-25T23:38:20","date_gmt":"2025-04-25T23:38:20","guid":{"rendered":"https:\/\/vitaroma.fi\/?post_type=product&#038;p=2259"},"modified":"2025-04-25T23:38:20","modified_gmt":"2025-04-25T23:38:20","slug":"fusion-ceramid-moisturizer","status":"publish","type":"product","link":"https:\/\/vitaroma.fi\/ru\/produkt\/\u0443\u0432\u043b\u0430\u0436\u043d\u044f\u044e\u0449\u0438\u0439-\u043a\u0440\u0435\u043c-\u0441-\u043a\u0435\u0440\u0430\u043c\u0438\u0434\u0430\u043c\u0438-fusion\/","title":{"rendered":"\u0423\u0432\u043b\u0430\u0436\u043d\u044f\u044e\u0449\u0438\u0439 \u043a\u0440\u0435\u043c Fusion Ceramide"},"content":{"rendered":"<p class=\"\" data-start=\"475\" data-end=\"773\"><strong data-start=\"475\" data-end=\"619\">\u0423\u0432\u043b\u0430\u0436\u043d\u044f\u044e\u0449\u0438\u0439 \u043a\u0440\u0435\u043c Fusion Ceramid \u2014 \u044d\u0442\u043e \u0443\u0432\u043b\u0430\u0436\u043d\u044f\u044e\u0449\u0430\u044f \u0438 \u043f\u0438\u0442\u0430\u0442\u0435\u043b\u044c\u043d\u0430\u044f \u0432\u043e\u0434\u043d\u043e-\u0436\u0438\u0440\u043e\u0432\u0430\u044f \u044d\u043c\u0443\u043b\u044c\u0441\u0438\u044f, \u0441\u043f\u0435\u0446\u0438\u0430\u043b\u044c\u043d\u043e \u0440\u0430\u0437\u0440\u0430\u0431\u043e\u0442\u0430\u043d\u043d\u0430\u044f \u0434\u043b\u044f \u043f\u043e\u0442\u0440\u0435\u0431\u043d\u043e\u0441\u0442\u0435\u0439 \u0441\u0443\u0445\u043e\u0439 \u0438 \u0447\u0443\u0432\u0441\u0442\u0432\u0438\u0442\u0435\u043b\u044c\u043d\u043e\u0439 \u043a\u043e\u0436\u0438.<\/strong><br data-start=\"619\" data-end=\"622\" \/>\u0415\u0433\u043e \u0443\u043d\u0438\u043a\u0430\u043b\u044c\u043d\u044b\u0439 \u0441\u043e\u0441\u0442\u0430\u0432 \u043e\u0441\u043d\u043e\u0432\u0430\u043d \u043d\u0430 <strong data-start=\"660\" data-end=\"693\">\u0422\u0435\u0445\u043d\u043e\u043b\u043e\u0433\u0438\u044f \u0432\u0435\u0433\u0430\u043d\u0441\u043a\u0438\u0445 \u0446\u0435\u0440\u0430\u043c\u0438\u0434\u043e\u0432<\/strong>, \u043a\u043e\u0442\u043e\u0440\u044b\u0439 \u0440\u0430\u0437\u0440\u0430\u0431\u043e\u0442\u0430\u043d \u043d\u0430 \u043e\u0441\u043d\u043e\u0432\u0435 \u0440\u0438\u0441\u043e\u0432\u043e\u0433\u043e \u044d\u043a\u0441\u0442\u0440\u0430\u043a\u0442\u0430 \u0438 \u043e\u043f\u0442\u0438\u043c\u0438\u0437\u0438\u0440\u043e\u0432\u0430\u043d \u0442\u0430\u043a\u0438\u043c \u043e\u0431\u0440\u0430\u0437\u043e\u043c, \u0447\u0442\u043e\u0431\u044b \u0441\u043e\u0434\u0435\u0440\u0436\u0430\u0442\u044c \u0438\u0434\u0435\u0430\u043b\u044c\u043d\u0443\u044e \u043f\u0440\u043e\u043f\u043e\u0440\u0446\u0438\u044e:<\/p>\n<ul data-start=\"775\" data-end=\"817\">\n<li class=\"\" data-start=\"775\" data-end=\"797\">\n<p class=\"\" data-start=\"777\" data-end=\"797\"><strong data-start=\"777\" data-end=\"795\">\u0421\u0444\u0438\u043d\u0433\u043e\u043b\u0438\u043f\u0438\u0434\u044b<\/strong><\/p>\n<\/li>\n<li class=\"\" data-start=\"798\" data-end=\"817\">\n<p class=\"\" data-start=\"800\" data-end=\"817\"><strong data-start=\"800\" data-end=\"817\">\u0424\u043e\u0441\u0444\u043e\u043b\u0438\u043f\u0438\u0434\u044b<\/strong><\/p>\n<\/li>\n<\/ul>\n<p class=\"\" data-start=\"819\" data-end=\"1001\"><strong data-start=\"819\" data-end=\"832\">\u041a\u0435\u0440\u0430\u043c\u0438\u0434\u044b<\/strong> \u041e\u043d\u0438 \u0436\u0438\u0437\u043d\u0435\u043d\u043d\u043e \u0432\u0430\u0436\u043d\u044b \u0434\u043b\u044f \u043f\u043e\u0434\u0434\u0435\u0440\u0436\u0430\u043d\u0438\u044f \u0441\u0442\u0440\u0443\u043a\u0442\u0443\u0440\u044b \u0438 \u043a\u0430\u0447\u0435\u0441\u0442\u0432\u0430 \u043f\u043e\u0432\u0435\u0440\u0445\u043d\u043e\u0441\u0442\u043d\u043e\u0433\u043e \u0441\u043b\u043e\u044f \u043a\u043e\u0436\u0438. \u041e\u043d\u0438 \u0434\u0430\u0436\u0435 \u0444\u043e\u0440\u043c\u0438\u0440\u0443\u044e\u0442 <strong data-start=\"928\" data-end=\"972\">40 % \u0438\u0437 \u043c\u0435\u0436\u043a\u043b\u0435\u0442\u043e\u0447\u043d\u043e\u0433\u043e \u043b\u0438\u043f\u0438\u0434\u043d\u043e\u0433\u043e \u0446\u0435\u043c\u0435\u043d\u0442\u0430 \u043a\u043e\u0436\u0438<\/strong>, \u0438 \u0438\u0445 \u043e\u0441\u043d\u043e\u0432\u043d\u044b\u043c\u0438 \u0437\u0430\u0434\u0430\u0447\u0430\u043c\u0438 \u044f\u0432\u043b\u044f\u044e\u0442\u0441\u044f:<\/p>\n<ul data-start=\"1003\" data-end=\"1178\">\n<li class=\"\" data-start=\"1003\" data-end=\"1042\">\n<p class=\"\" data-start=\"1005\" data-end=\"1042\"><strong data-start=\"1005\" data-end=\"1040\">\u041f\u043e\u0434\u0434\u0435\u0440\u0436\u0438\u0432\u0430\u0435\u0442 \u0431\u0430\u043b\u0430\u043d\u0441 \u0432\u043b\u0430\u0433\u0438 \u0432 \u043a\u043e\u0436\u0435<\/strong><\/p>\n<\/li>\n<li class=\"\" data-start=\"1043\" data-end=\"1088\">\n<p class=\"\" data-start=\"1045\" data-end=\"1088\"><strong data-start=\"1045\" data-end=\"1086\">\u041f\u043e\u0434\u0434\u0435\u0440\u0436\u0438\u0432\u0430\u0435\u0442 \u0446\u0435\u043b\u043e\u0441\u0442\u043d\u043e\u0441\u0442\u044c \u043f\u043e\u0432\u0435\u0440\u0445\u043d\u043e\u0441\u0442\u043d\u043e\u0433\u043e \u0441\u043b\u043e\u044f \u043a\u043e\u0436\u0438<\/strong><\/p>\n<\/li>\n<li class=\"\" data-start=\"1089\" data-end=\"1131\">\n<p class=\"\" data-start=\"1091\" data-end=\"1131\"><strong data-start=\"1091\" data-end=\"1129\">\u0417\u0430\u0449\u0438\u0449\u0430\u0435\u0442 \u043a\u043e\u0436\u0443 \u043e\u0442 \u0432\u043d\u0435\u0448\u043d\u0438\u0445 \u0440\u0430\u0437\u0434\u0440\u0430\u0436\u0438\u0442\u0435\u043b\u0435\u0439<\/strong><\/p>\n<\/li>\n<li class=\"\" data-start=\"1132\" data-end=\"1178\">\n<p class=\"\" data-start=\"1134\" data-end=\"1178\"><strong data-start=\"1134\" data-end=\"1178\">\u041f\u043e\u043c\u043e\u0433\u0430\u0435\u0442 \u0432\u043e\u0441\u0441\u0442\u0430\u043d\u043e\u0432\u0438\u0442\u044c \u0437\u0430\u0449\u0438\u0442\u043d\u044b\u0439 \u0431\u0430\u0440\u044c\u0435\u0440 \u043a\u043e\u0436\u0438<\/strong><\/p>\n<\/li>\n<\/ul>\n<p class=\"\" data-start=\"1180\" data-end=\"1287\"><strong data-start=\"1180\" data-end=\"1209\">\u0412 \u043a\u043b\u0438\u043d\u0438\u0447\u0435\u0441\u043a\u0438\u0445 \u0438\u0441\u0441\u043b\u0435\u0434\u043e\u0432\u0430\u043d\u0438\u044f\u0445<\/strong>, \u0441 \u0443\u0447\u0430\u0441\u0442\u0438\u0435\u043c 11 \u0437\u0434\u043e\u0440\u043e\u0432\u044b\u0445 \u0434\u043e\u0431\u0440\u043e\u0432\u043e\u043b\u044c\u0446\u0435\u0432, \u043e\u0431\u043d\u0430\u0440\u0443\u0436\u0438\u043b\u0438, \u0447\u0442\u043e \u0432\u0435\u0433\u0430\u043d\u0441\u043a\u0438\u0435 \u0446\u0435\u0440\u0430\u043c\u0438\u0434\u044b:<\/p>\n<ul data-start=\"1289\" data-end=\"1451\">\n<li class=\"\" data-start=\"1289\" data-end=\"1370\">\n<p class=\"\" data-start=\"1291\" data-end=\"1370\">\u0423\u0432\u0435\u043b\u0438\u0447\u0438\u0432\u0430\u0435\u0442 \u0432\u043b\u0430\u0436\u043d\u043e\u0441\u0442\u044c \u043a\u043e\u0436\u0438 <strong data-start=\"1312\" data-end=\"1321\">+73 %<\/strong> \u043f\u043e \u0441\u0440\u0430\u0432\u043d\u0435\u043d\u0438\u044e \u0441 \u043f\u043b\u0430\u0446\u0435\u0431\u043e \u0447\u0435\u0440\u0435\u0437 30 \u043c\u0438\u043d\u0443\u0442<\/p>\n<\/li>\n<li class=\"\" data-start=\"1371\" data-end=\"1451\">\n<p class=\"\" data-start=\"1373\" data-end=\"1451\">\u0414\u043e\u0431\u0430\u0432\u044c\u0442\u0435 \u0431\u043e\u043b\u044c\u0448\u0435 \u0432\u043b\u0430\u0433\u0438 <strong data-start=\"1398\" data-end=\"1407\">+53 %<\/strong> \u043f\u043e \u0441\u0440\u0430\u0432\u043d\u0435\u043d\u0438\u044e \u0441 \u043f\u043b\u0430\u0446\u0435\u0431\u043e \u0447\u0435\u0440\u0435\u0437 8 \u0447\u0430\u0441\u043e\u0432<\/p>\n<\/li>\n<\/ul>\n<p class=\"\" data-start=\"1453\" data-end=\"1621\"><strong data-start=\"1453\" data-end=\"1483\">\u0423\u0432\u043b\u0430\u0436\u043d\u044f\u044e\u0449\u0438\u0439 \u043a\u0440\u0435\u043c Fusion Ceramide<\/strong> \u0411\u044b\u0441\u0442\u0440\u043e \u0432\u043f\u0438\u0442\u044b\u0432\u0430\u0435\u0442\u0441\u044f \u0432 \u043a\u043e\u0436\u0443, \u0434\u0435\u043b\u0430\u0435\u0442 \u0435\u0435 \u043c\u044f\u0433\u043a\u043e\u0439 \u0438 \u044d\u043b\u0430\u0441\u0442\u0438\u0447\u043d\u043e\u0439, \u043d\u0435 \u043e\u0441\u0442\u0430\u0432\u043b\u044f\u044f \u043e\u0449\u0443\u0449\u0435\u043d\u0438\u044f \u0442\u044f\u0436\u0435\u0441\u0442\u0438, \u043f\u043e\u0434\u0434\u0435\u0440\u0436\u0438\u0432\u0430\u0435\u0442 \u0435\u0441\u0442\u0435\u0441\u0442\u0432\u0435\u043d\u043d\u0443\u044e \u0437\u0430\u0449\u0438\u0442\u0443 \u043a\u043e\u0436\u0438 \u0432 \u0434\u043e\u043b\u0433\u043e\u0441\u0440\u043e\u0447\u043d\u043e\u0439 \u043f\u0435\u0440\u0441\u043f\u0435\u043a\u0442\u0438\u0432\u0435.<\/p>","protected":false},"excerpt":{"rendered":"<p class=\"\" data-start=\"1677\" data-end=\"1842\"><strong data-start=\"1677\" data-end=\"1842\">\u042d\u0444\u0444\u0435\u043a\u0442\u0438\u0432\u043d\u0430\u044f \u0443\u0432\u043b\u0430\u0436\u043d\u044f\u044e\u0449\u0430\u044f \u044d\u043c\u0443\u043b\u044c\u0441\u0438\u044f \u0441 \u0442\u0435\u0445\u043d\u043e\u043b\u043e\u0433\u0438\u0435\u0439 Vegan Ceramides. \u0417\u043d\u0430\u0447\u0438\u0442\u0435\u043b\u044c\u043d\u043e \u0443\u043b\u0443\u0447\u0448\u0430\u0435\u0442 \u0431\u0430\u043b\u0430\u043d\u0441 \u0432\u043b\u0430\u0433\u0438 \u0432 \u043a\u043e\u0436\u0435 \u0438 \u0443\u043a\u0440\u0435\u043f\u043b\u044f\u0435\u0442 \u0437\u0430\u0449\u0438\u0442\u043d\u044b\u0439 \u0441\u043b\u043e\u0439 \u0441\u0443\u0445\u043e\u0439 \u0438 \u0447\u0443\u0432\u0441\u0442\u0432\u0438\u0442\u0435\u043b\u044c\u043d\u043e\u0439 \u043a\u043e\u0436\u0438.<\/strong><\/p>","protected":false},"featured_media":2260,"comment_status":"open","ping_status":"closed","template":"","meta":{"_surecart_dashboard_logo_width":"180px","_surecart_dashboard_show_logo":true,"_surecart_dashboard_navigation_orders":true,"_surecart_dashboard_navigation_invoices":true,"_surecart_dashboard_navigation_subscriptions":true,"_surecart_dashboard_navigation_downloads":true,"_surecart_dashboard_navigation_billing":true,"_surecart_dashboard_navigation_account":true,"_uag_custom_page_level_css":"","site-sidebar-layout":"default","site-content-layout":"","ast-site-content-layout":"default","site-content-style":"default","site-sidebar-style":"default","ast-global-header-display":"","ast-banner-title-visibility":"","ast-main-header-display":"","ast-hfb-above-header-display":"","ast-hfb-below-header-display":"","ast-hfb-mobile-header-display":"","site-post-title":"","ast-breadcrumbs-content":"","ast-featured-img":"","footer-sml-layout":"","ast-disable-related-posts":"","theme-transparent-header-meta":"default","adv-header-id-meta":"","stick-header-meta":"default","header-above-stick-meta":"","header-main-stick-meta":"","header-below-stick-meta":"","astra-migrate-meta-layouts":"set","ast-page-background-enabled":"default","ast-page-background-meta":{"desktop":{"background-color":"var(--ast-global-color-4)","background-image":"","background-repeat":"repeat","background-position":"center center","background-size":"auto","background-attachment":"scroll","background-type":"","background-media":"","overlay-type":"","overlay-color":"","overlay-opacity":"","overlay-gradient":""},"tablet":{"background-color":"","background-image":"","background-repeat":"repeat","background-position":"center center","background-size":"auto","background-attachment":"scroll","background-type":"","background-media":"","overlay-type":"","overlay-color":"","overlay-opacity":"","overlay-gradient":""},"mobile":{"background-color":"","background-image":"","background-repeat":"repeat","background-position":"center center","background-size":"auto","background-attachment":"scroll","background-type":"","background-media":"","overlay-type":"","overlay-color":"","overlay-opacity":"","overlay-gradient":""}},"ast-content-background-meta":{"desktop":{"background-color":"var(--ast-global-color-5)","background-image":"","background-repeat":"repeat","background-position":"center center","background-size":"auto","background-attachment":"scroll","background-type":"","background-media":"","overlay-type":"","overlay-color":"","overlay-opacity":"","overlay-gradient":""},"tablet":{"background-color":"var(--ast-global-color-5)","background-image":"","background-repeat":"repeat","background-position":"center center","background-size":"auto","background-attachment":"scroll","background-type":"","background-media":"","overlay-type":"","overlay-color":"","overlay-opacity":"","overlay-gradient":""},"mobile":{"background-color":"var(--ast-global-color-5)","background-image":"","background-repeat":"repeat","background-position":"center center","background-size":"auto","background-attachment":"scroll","background-type":"","background-media":"","overlay-type":"","overlay-color":"","overlay-opacity":"","overlay-gradient":""}}},"product_brand":[120],"product_cat":[198],"product_tag":[199,208,202,206,204,200,201,203,207,205],"class_list":{"0":"post-2259","1":"product","2":"type-product","3":"status-publish","4":"has-post-thumbnail","6":"product_brand-ekseption","7":"product_cat-kasvojen-hoito-kosteutus","8":"product_tag-ceramide-moisturizer","9":"product_tag-fusion-ceramid-moisturizer","10":"product_tag-herkka-iho","11":"product_tag-ihon-kosteustasapaino","12":"product_tag-ihon-suojakerroksen-vahvistaminen","13":"product_tag-keramidivoide","14":"product_tag-kosteuttava-kasvovoide","15":"product_tag-kuiva-iho","16":"product_tag-soluvalinen-lipidiside","17":"product_tag-vegan-ceramides","18":"desktop-align-left","19":"tablet-align-left","20":"mobile-align-left","22":"first","23":"instock","24":"shipping-taxable","25":"purchasable","26":"product-type-simple"},"uagb_featured_image_src":{"full":["https:\/\/vitaroma.fi\/wp-content\/uploads\/2025\/04\/f0c2b5_716bb0be5fa8474cb535b9f475364a03mv2.png",1080,1080,false],"thumbnail":["https:\/\/vitaroma.fi\/wp-content\/uploads\/2025\/04\/f0c2b5_716bb0be5fa8474cb535b9f475364a03mv2-150x150.png",150,150,true],"medium":["https:\/\/vitaroma.fi\/wp-content\/uploads\/2025\/04\/f0c2b5_716bb0be5fa8474cb535b9f475364a03mv2-300x300.png",300,300,true],"medium_large":["https:\/\/vitaroma.fi\/wp-content\/uploads\/2025\/04\/f0c2b5_716bb0be5fa8474cb535b9f475364a03mv2-768x768.png",768,768,true],"large":["https:\/\/vitaroma.fi\/wp-content\/uploads\/2025\/04\/f0c2b5_716bb0be5fa8474cb535b9f475364a03mv2-1024x1024.png",1024,1024,true],"1536x1536":["https:\/\/vitaroma.fi\/wp-content\/uploads\/2025\/04\/f0c2b5_716bb0be5fa8474cb535b9f475364a03mv2.png",1080,1080,false],"2048x2048":["https:\/\/vitaroma.fi\/wp-content\/uploads\/2025\/04\/f0c2b5_716bb0be5fa8474cb535b9f475364a03mv2.png",1080,1080,false],"trp-custom-language-flag":["https:\/\/vitaroma.fi\/wp-content\/uploads\/2025\/04\/f0c2b5_716bb0be5fa8474cb535b9f475364a03mv2-12x12.png",12,12,true],"woocommerce_thumbnail":["https:\/\/vitaroma.fi\/wp-content\/uploads\/2025\/04\/f0c2b5_716bb0be5fa8474cb535b9f475364a03mv2-300x300.png",300,300,true],"woocommerce_single":["https:\/\/vitaroma.fi\/wp-content\/uploads\/2025\/04\/f0c2b5_716bb0be5fa8474cb535b9f475364a03mv2-600x600.png",600,600,true],"woocommerce_gallery_thumbnail":["https:\/\/vitaroma.fi\/wp-content\/uploads\/2025\/04\/f0c2b5_716bb0be5fa8474cb535b9f475364a03mv2-100x100.png",100,100,true]},"uagb_author_info":{"display_name":"emilkemal4@gmail.com","author_link":"https:\/\/vitaroma.fi\/ru\/author\/"},"uagb_comment_info":0,"uagb_excerpt":"Tehokas kosteuttava emulsio Vegan Ceramides -teknologialla. Parantaa merkitt\u00e4v\u00e4sti ihon kosteustasapainoa ja vahvistaa suojakerrosta kuivalla ja herk\u00e4ll\u00e4 iholla.","_links":{"self":[{"href":"https:\/\/vitaroma.fi\/ru\/wp-json\/wp\/v2\/product\/2259","targetHints":{"allow":["GET"]}}],"collection":[{"href":"https:\/\/vitaroma.fi\/ru\/wp-json\/wp\/v2\/product"}],"about":[{"href":"https:\/\/vitaroma.fi\/ru\/wp-json\/wp\/v2\/types\/product"}],"replies":[{"embeddable":true,"href":"https:\/\/vitaroma.fi\/ru\/wp-json\/wp\/v2\/comments?post=2259"}],"wp:featuredmedia":[{"embeddable":true,"href":"https:\/\/vitaroma.fi\/ru\/wp-json\/wp\/v2\/media\/2260"}],"wp:attachment":[{"href":"https:\/\/vitaroma.fi\/ru\/wp-json\/wp\/v2\/media?parent=2259"}],"wp:term":[{"taxonomy":"product_brand","embeddable":true,"href":"https:\/\/vitaroma.fi\/ru\/wp-json\/wp\/v2\/product_brand?post=2259"},{"taxonomy":"product_cat","embeddable":true,"href":"https:\/\/vitaroma.fi\/ru\/wp-json\/wp\/v2\/product_cat?post=2259"},{"taxonomy":"product_tag","embeddable":true,"href":"https:\/\/vitaroma.fi\/ru\/wp-json\/wp\/v2\/product_tag?post=2259"}],"curies":[{"name":"wp","href":"https:\/\/api.w.org\/{rel}","templated":true}]}}