{"id":2217,"date":"2025-04-25T22:08:22","date_gmt":"2025-04-25T22:08:22","guid":{"rendered":"https:\/\/vitaroma.fi\/?post_type=product&#038;p=2217"},"modified":"2025-12-01T13:46:27","modified_gmt":"2025-12-01T11:46:27","slug":"ekseption-enzyme-powder-cleanse-peel","status":"publish","type":"product","link":"https:\/\/vitaroma.fi\/ru\/produkt\/ekseption-\u044d\u043d\u0437\u0438\u043c\u043d\u044b\u0439-\u043f\u043e\u0440\u043e\u0448\u043e\u043a-\u043e\u0447\u0438\u0449\u0430\u044e\u0449\u0438\u0439-\u043f\u0438\u043b\u0438\u043d\u0433\/","title":{"rendered":"\u041e\u0447\u0438\u0449\u0430\u044e\u0449\u0430\u044f \u0438 \u043f\u0438\u043b\u0438\u043d\u0433\u043e\u0432\u0430\u044f \u043f\u0443\u0434\u0440\u0430 Exception Enzyme"},"content":{"rendered":"<div class=\"tfRE5M\">\n<section class=\"Jgs2b9\">\n<div class=\"WAZqE7 QfrfFD cell\">\n<section class=\"Va_ZoC\" data-hook=\"description-wrapper\">\n<div class=\"LvOu6J\">\n<div class=\"vaI0UH undefined\" data-hook=\"content-wrapper\">\n<p class=\"\" data-start=\"276\" data-end=\"529\"><strong data-start=\"276\" data-end=\"359\">\u041f\u0435\u043d\u044f\u0449\u0430\u044f\u0441\u044f \u043f\u0443\u0434\u0440\u0430 \u0434\u043b\u044f \u043b\u0438\u0446\u0430 \u2014 \u043e\u0442\u043b\u0438\u0447\u043d\u044b\u0439 \u0432\u0430\u0440\u0438\u0430\u043d\u0442 \u043f\u043e \u043c\u043d\u043e\u0433\u0438\u043c \u043f\u0440\u0438\u0447\u0438\u043d\u0430\u043c.<\/strong><br data-start=\"359\" data-end=\"362\" \/>\u0415\u0433\u043e <strong data-start=\"366\" data-end=\"402\">\u043f\u0440\u0435\u0432\u043e\u0441\u0445\u043e\u0434\u043d\u044b\u0439 \u044d\u043a\u043e\u043b\u043e\u0433\u0438\u0447\u0435\u0441\u043a\u0438\u0439 \u043f\u0440\u043e\u0444\u0438\u043b\u044c<\/strong> \u043a\u0440\u043e\u043c\u0435 \u0442\u043e\u0433\u043e, \u044d\u0442\u043e <strong data-start=\"417\" data-end=\"463\">\u0431\u0435\u0437 \u043a\u043e\u043d\u0441\u0435\u0440\u0432\u0430\u043d\u0442\u043e\u0432, \u0431\u0435\u0437 \u0441\u0443\u043b\u044c\u0444\u0430\u0442\u043e\u0432 \u0438 \u0431\u0435\u0437 \u041f\u042d\u0413<\/strong>, \u0438 \u043e\u043d\u043e \u0443\u0445\u0430\u0436\u0438\u0432\u0430\u0435\u0442 \u0437\u0430 \u0432\u0430\u0448\u0435\u0439 \u043a\u043e\u0436\u0435\u0439, \u043a\u0430\u043a \u043d\u0438 \u043e\u0434\u043d\u043e \u0434\u0440\u0443\u0433\u043e\u0435 \u043e\u0447\u0438\u0449\u0430\u044e\u0449\u0435\u0435 \u0441\u0440\u0435\u0434\u0441\u0442\u0432\u043e \u0434\u043b\u044f \u043b\u0438\u0446\u0430.<\/p>\n<p class=\"\" data-start=\"531\" data-end=\"704\"><strong data-start=\"531\" data-end=\"608\">\u0412\u043e \u0432\u043b\u0430\u0436\u043d\u044b\u0445 \u0440\u0443\u043a\u0430\u0445 \u043f\u0443\u0434\u0440\u0430 \u043f\u0440\u0435\u0432\u0440\u0430\u0449\u0430\u0435\u0442\u0441\u044f \u0432 \u0433\u0443\u0441\u0442\u0443\u044e \u043a\u0440\u0435\u043c\u043e\u043e\u0431\u0440\u0430\u0437\u043d\u0443\u044e \u043f\u0435\u043d\u0443.<\/strong><br data-start=\"608\" data-end=\"611\" \/>\u041e\u043d \u043f\u0440\u0435\u0434\u043b\u0430\u0433\u0430\u0435\u0442 <strong data-start=\"622\" data-end=\"663\">\u043f\u0440\u0435\u0432\u043e\u0441\u0445\u043e\u0434\u043d\u043e\u0435 \u043e\u0447\u0438\u0449\u0435\u043d\u0438\u0435 \u0438 \u043e\u0442\u0448\u0435\u043b\u0443\u0448\u0438\u0432\u0430\u043d\u0438\u0435<\/strong>, \u043e\u0441\u0442\u0430\u0432\u043b\u044f\u044f \u043a\u043e\u0436\u0443 <strong data-start=\"678\" data-end=\"703\">\u043c\u044f\u0433\u043a\u0438\u0439 \u043a\u0430\u043a \u0448\u0435\u043b\u043a<\/strong>.<\/p>\n<p class=\"\" data-start=\"706\" data-end=\"960\">\u042d\u0442\u043e\u0442 \u0443\u043d\u0438\u043a\u0430\u043b\u044c\u043d\u044b\u0439 \u043e\u0447\u0438\u0441\u0442\u0438\u0442\u0435\u043b\u044c \u043f\u043e\u0434\u0445\u043e\u0434\u0438\u0442 \u0434\u043b\u044f <strong data-start=\"746\" data-end=\"771\">\u0434\u043b\u044f \u0432\u0441\u0435\u0445 \u0442\u0438\u043f\u043e\u0432 \u043a\u043e\u0436\u0438<\/strong>, <strong data-start=\"773\" data-end=\"810\">\u043e\u0442 \u0436\u0438\u0440\u043d\u043e\u0439 \u0434\u043e \u043e\u0447\u0435\u043d\u044c \u0447\u0443\u0432\u0441\u0442\u0432\u0438\u0442\u0435\u043b\u044c\u043d\u043e\u0439 \u043a\u043e\u0436\u0438<\/strong> \u0435\u0433\u043e \u043c\u044f\u0433\u043a\u043e\u0441\u0442\u044c \u0438 <strong data-start=\"828\" data-end=\"865\">\u0444\u043e\u0440\u043c\u0443\u043b\u0430 \u0434\u043b\u044f \u0431\u0430\u043b\u0430\u043d\u0441\u0438\u0440\u043e\u0432\u043a\u0438 \u043a\u043e\u0436\u0438<\/strong> \u0431\u043b\u0430\u0433\u043e\u0434\u0430\u0440\u044f.<br data-start=\"875\" data-end=\"878\" \/>\u042d\u0442\u043e <strong data-start=\"884\" data-end=\"959\">\u0432\u044b\u0441\u043e\u043a\u043e\u044d\u0444\u0444\u0435\u043a\u0442\u0438\u0432\u043d\u044b\u0439 \u043e\u0442\u0448\u0435\u043b\u0443\u0448\u0438\u0432\u0430\u044e\u0449\u0438\u0439 \u043a\u0440\u0435\u043c \u043d\u0430 \u0440\u0430\u0441\u0442\u0438\u0442\u0435\u043b\u044c\u043d\u043e\u0439 \u043e\u0441\u043d\u043e\u0432\u0435 \u0431\u0435\u0437 \u0430\u0433\u0440\u0435\u0441\u0441\u0438\u0432\u043d\u044b\u0445 \u0438\u043d\u0433\u0440\u0435\u0434\u0438\u0435\u043d\u0442\u043e\u0432<\/strong>.<\/p>\n<\/div>\n<\/div>\n<\/section>\n<\/div>\n<\/section>\n<\/div>","protected":false},"excerpt":{"rendered":"<p class=\"\" data-start=\"967\" data-end=\"1311\"><strong data-start=\"967\" data-end=\"1074\">\u042d\u0442\u043e \u043e\u0442\u0448\u0435\u043b\u0443\u0448\u0438\u0432\u0430\u044e\u0449\u0435\u0435 \u043e\u0447\u0438\u0449\u0430\u044e\u0449\u0435\u0435 \u0441\u0440\u0435\u0434\u0441\u0442\u0432\u043e \u043f\u043e\u043c\u043e\u0433\u0430\u0435\u0442 \u043e\u0441\u0432\u0435\u0442\u043b\u0438\u0442\u044c \u0438 \u0432\u044b\u0440\u043e\u0432\u043d\u044f\u0442\u044c \u0442\u043e\u043d \u043a\u043e\u0436\u0438 \u0431\u0435\u0437 \u0445\u0438\u043c\u0438\u0447\u0435\u0441\u043a\u043e\u0433\u043e \u0430\u0431\u0440\u0430\u0437\u0438\u0432\u043d\u043e\u0433\u043e \u0432\u043e\u0437\u0434\u0435\u0439\u0441\u0442\u0432\u0438\u044f.<\/strong><br data-start=\"1074\" data-end=\"1077\" \/>\u0415\u0441\u0442\u0435\u0441\u0442\u0432\u0435\u043d\u043d\u044b\u0439 <strong data-start=\"1090\" data-end=\"1110\">\u0444\u0435\u0440\u043c\u0435\u043d\u0442\u044b \u043f\u0430\u043f\u0430\u0439\u0438<\/strong> \u0443\u0434\u0430\u043b\u044f\u0442\u044c <strong data-start=\"1121\" data-end=\"1174\">\u043a\u043b\u0435\u0442\u043a\u0438 \u0438 \u0442\u043e\u043a\u0441\u0438\u043d\u044b \u0441 \u043f\u043e\u0432\u0435\u0440\u0445\u043d\u043e\u0441\u0442\u0438 \u0441\u0443\u0445\u043e\u0439 \u0438 \u0442\u0443\u0441\u043a\u043b\u043e\u0439 \u043a\u043e\u0436\u0438<\/strong>, \u0440\u0430\u0441\u043a\u0440\u044b\u0432\u0430\u044e\u0449\u0438\u0439 <strong data-start=\"1187\" data-end=\"1213\">\u043c\u044f\u0433\u043a\u0430\u044f \u0438 \u0433\u043b\u0430\u0434\u043a\u0430\u044f \u043a\u043e\u0436\u0430<\/strong>.<br data-start=\"1214\" data-end=\"1217\" \/><strong data-start=\"1217\" data-end=\"1267\">\u0423\u043b\u0443\u0447\u0448\u0430\u0435\u0442 \u0432\u043f\u0438\u0442\u044b\u0432\u0430\u0435\u043c\u043e\u0441\u0442\u044c \u0434\u0440\u0443\u0433\u0438\u0445 \u0441\u0440\u0435\u0434\u0441\u0442\u0432 \u043f\u043e \u0443\u0445\u043e\u0434\u0443.<\/strong> \u043f\u0443\u0442\u0435\u043c \u0443\u0434\u0430\u043b\u0435\u043d\u0438\u044f <strong data-start=\"1280\" data-end=\"1310\">\u043c\u0435\u0440\u0442\u0432\u044b\u0435 \u043f\u043e\u0432\u0435\u0440\u0445\u043d\u043e\u0441\u0442\u043d\u044b\u0435 \u043a\u043b\u0435\u0442\u043a\u0438<\/strong>.<\/p>","protected":false},"featured_media":2218,"comment_status":"open","ping_status":"closed","template":"","meta":{"_surecart_dashboard_logo_width":"180px","_surecart_dashboard_show_logo":true,"_surecart_dashboard_navigation_orders":true,"_surecart_dashboard_navigation_invoices":true,"_surecart_dashboard_navigation_subscriptions":true,"_surecart_dashboard_navigation_downloads":true,"_surecart_dashboard_navigation_billing":true,"_surecart_dashboard_navigation_account":true,"_uag_custom_page_level_css":"","site-sidebar-layout":"default","site-content-layout":"","ast-site-content-layout":"default","site-content-style":"default","site-sidebar-style":"default","ast-global-header-display":"","ast-banner-title-visibility":"","ast-main-header-display":"","ast-hfb-above-header-display":"","ast-hfb-below-header-display":"","ast-hfb-mobile-header-display":"","site-post-title":"","ast-breadcrumbs-content":"","ast-featured-img":"","footer-sml-layout":"","ast-disable-related-posts":"","theme-transparent-header-meta":"default","adv-header-id-meta":"","stick-header-meta":"default","header-above-stick-meta":"","header-main-stick-meta":"","header-below-stick-meta":"","astra-migrate-meta-layouts":"set","ast-page-background-enabled":"default","ast-page-background-meta":{"desktop":{"background-color":"var(--ast-global-color-4)","background-image":"","background-repeat":"repeat","background-position":"center center","background-size":"auto","background-attachment":"scroll","background-type":"","background-media":"","overlay-type":"","overlay-color":"","overlay-opacity":"","overlay-gradient":""},"tablet":{"background-color":"","background-image":"","background-repeat":"repeat","background-position":"center center","background-size":"auto","background-attachment":"scroll","background-type":"","background-media":"","overlay-type":"","overlay-color":"","overlay-opacity":"","overlay-gradient":""},"mobile":{"background-color":"","background-image":"","background-repeat":"repeat","background-position":"center center","background-size":"auto","background-attachment":"scroll","background-type":"","background-media":"","overlay-type":"","overlay-color":"","overlay-opacity":"","overlay-gradient":""}},"ast-content-background-meta":{"desktop":{"background-color":"var(--ast-global-color-5)","background-image":"","background-repeat":"repeat","background-position":"center center","background-size":"auto","background-attachment":"scroll","background-type":"","background-media":"","overlay-type":"","overlay-color":"","overlay-opacity":"","overlay-gradient":""},"tablet":{"background-color":"var(--ast-global-color-5)","background-image":"","background-repeat":"repeat","background-position":"center center","background-size":"auto","background-attachment":"scroll","background-type":"","background-media":"","overlay-type":"","overlay-color":"","overlay-opacity":"","overlay-gradient":""},"mobile":{"background-color":"var(--ast-global-color-5)","background-image":"","background-repeat":"repeat","background-position":"center center","background-size":"auto","background-attachment":"scroll","background-type":"","background-media":"","overlay-type":"","overlay-color":"","overlay-opacity":"","overlay-gradient":""}}},"product_brand":[120],"product_cat":[100],"product_tag":[110,102,104,103,109,108,105,107,106,101],"class_list":{"0":"post-2217","1":"product","2":"type-product","3":"status-publish","4":"has-post-thumbnail","6":"product_brand-ekseption","7":"product_cat-kasvojen-puhdistus","8":"product_tag-ekseption-enzyme-powder","9":"product_tag-entsymaattinen-puhdistusaine","10":"product_tag-herkan-ihon-puhdistusaine","11":"product_tag-kasvojen-kuorinta","12":"product_tag-kuivan-ihon-kuorinta","13":"product_tag-luonnollinen-kasvojen-puhdistus","14":"product_tag-papaijaentsyymit","15":"product_tag-sailontaaineeton-puhdistus","16":"product_tag-sulfaatiton-puhdistusaine","17":"product_tag-vaahtojauhe","18":"desktop-align-left","19":"tablet-align-left","20":"mobile-align-left","22":"first","23":"instock","24":"shipping-taxable","25":"purchasable","26":"product-type-simple"},"uagb_featured_image_src":{"full":["https:\/\/vitaroma.fi\/wp-content\/uploads\/2025\/04\/f0c2b5_d83505f23b404177a4dbc0accf3381d1mv2.avif",625,625,false],"thumbnail":["https:\/\/vitaroma.fi\/wp-content\/uploads\/2025\/04\/f0c2b5_d83505f23b404177a4dbc0accf3381d1mv2-150x150.avif",150,150,true],"medium":["https:\/\/vitaroma.fi\/wp-content\/uploads\/2025\/04\/f0c2b5_d83505f23b404177a4dbc0accf3381d1mv2-300x300.avif",300,300,true],"medium_large":["https:\/\/vitaroma.fi\/wp-content\/uploads\/2025\/04\/f0c2b5_d83505f23b404177a4dbc0accf3381d1mv2.avif",625,625,false],"large":["https:\/\/vitaroma.fi\/wp-content\/uploads\/2025\/04\/f0c2b5_d83505f23b404177a4dbc0accf3381d1mv2.avif",625,625,false],"1536x1536":["https:\/\/vitaroma.fi\/wp-content\/uploads\/2025\/04\/f0c2b5_d83505f23b404177a4dbc0accf3381d1mv2.avif",625,625,false],"2048x2048":["https:\/\/vitaroma.fi\/wp-content\/uploads\/2025\/04\/f0c2b5_d83505f23b404177a4dbc0accf3381d1mv2.avif",625,625,false],"trp-custom-language-flag":["https:\/\/vitaroma.fi\/wp-content\/uploads\/2025\/04\/f0c2b5_d83505f23b404177a4dbc0accf3381d1mv2-12x12.avif",12,12,true],"woocommerce_thumbnail":["https:\/\/vitaroma.fi\/wp-content\/uploads\/2025\/04\/f0c2b5_d83505f23b404177a4dbc0accf3381d1mv2-300x300.avif",300,300,true],"woocommerce_single":["https:\/\/vitaroma.fi\/wp-content\/uploads\/2025\/04\/f0c2b5_d83505f23b404177a4dbc0accf3381d1mv2-600x600.avif",600,600,true],"woocommerce_gallery_thumbnail":["https:\/\/vitaroma.fi\/wp-content\/uploads\/2025\/04\/f0c2b5_d83505f23b404177a4dbc0accf3381d1mv2-100x100.avif",100,100,true]},"uagb_author_info":{"display_name":"emilkemal4@gmail.com","author_link":"https:\/\/vitaroma.fi\/ru\/author\/"},"uagb_comment_info":0,"uagb_excerpt":"T\u00e4m\u00e4 kuoriva puhdistusaine auttaa kirkastamaan ja tasoittamaan ihon s\u00e4vy\u00e4 ilman kemiallisia hankauksia.Luonnolliset papaijaentsyymit poistavat kuivan ja tyls\u00e4n ihon pinnalta soluja ja myrkkyj\u00e4, paljastaen pehme\u00e4n ja sile\u00e4n ihon.Se parantaa muiden hoitotuotteiden imeytymist\u00e4 poistamalla kuolleet pinnalliset solut.","_links":{"self":[{"href":"https:\/\/vitaroma.fi\/ru\/wp-json\/wp\/v2\/product\/2217","targetHints":{"allow":["GET"]}}],"collection":[{"href":"https:\/\/vitaroma.fi\/ru\/wp-json\/wp\/v2\/product"}],"about":[{"href":"https:\/\/vitaroma.fi\/ru\/wp-json\/wp\/v2\/types\/product"}],"replies":[{"embeddable":true,"href":"https:\/\/vitaroma.fi\/ru\/wp-json\/wp\/v2\/comments?post=2217"}],"wp:featuredmedia":[{"embeddable":true,"href":"https:\/\/vitaroma.fi\/ru\/wp-json\/wp\/v2\/media\/2218"}],"wp:attachment":[{"href":"https:\/\/vitaroma.fi\/ru\/wp-json\/wp\/v2\/media?parent=2217"}],"wp:term":[{"taxonomy":"product_brand","embeddable":true,"href":"https:\/\/vitaroma.fi\/ru\/wp-json\/wp\/v2\/product_brand?post=2217"},{"taxonomy":"product_cat","embeddable":true,"href":"https:\/\/vitaroma.fi\/ru\/wp-json\/wp\/v2\/product_cat?post=2217"},{"taxonomy":"product_tag","embeddable":true,"href":"https:\/\/vitaroma.fi\/ru\/wp-json\/wp\/v2\/product_tag?post=2217"}],"curies":[{"name":"wp","href":"https:\/\/api.w.org\/{rel}","templated":true}]}}