{"id":2901,"date":"2025-10-17T09:09:22","date_gmt":"2025-10-17T07:09:22","guid":{"rendered":"https:\/\/vitaroma.fi\/?page_id=2901"},"modified":"2025-10-17T09:13:37","modified_gmt":"2025-10-17T07:13:37","slug":"rf-mikroneulaus","status":"publish","type":"page","link":"https:\/\/vitaroma.fi\/ru\/\u0440\u0430\u0434\u0438\u043e\u0447\u0430\u0441\u0442\u043e\u0442\u043d\u0430\u044f-\u043c\u0438\u043a\u0440\u043e\u043d\u0438\u0434\u043b\u0438\u043d\u0433\/","title":{"rendered":"RF-\u043c\u0438\u043a\u0440\u043e\u0438\u0433\u043e\u043b\u044c\u0447\u0430\u0442\u0430\u044f \u0442\u0435\u0440\u0430\u043f\u0438\u044f"},"content":{"rendered":"<div class=\"wp-block-uagb-advanced-heading uagb-block-17c963e8\"><h2 class=\"uagb-heading-text\">\u0424\u0440\u0430\u043a\u0446\u0438\u043e\u043d\u043d\u0430\u044f \u0440\u0430\u0434\u0438\u043e\u0447\u0430\u0441\u0442\u043e\u0442\u043d\u0430\u044f \u0442\u0435\u0440\u0430\u043f\u0438\u044f<\/h2><\/div>\n\n\n\n<div class=\"wp-block-uagb-image uagb-block-6e5d77e1 wp-block-uagb-image--layout-default wp-block-uagb-image--effect-static wp-block-uagb-image--align-none\"><figure class=\"wp-block-uagb-image__figure\"><img decoding=\"async\" srcset=\"https:\/\/vitaroma.fi\/wp-content\/uploads\/2025\/10\/WhatsApp-Image-2025-10-13-at-21.05.45-1-1024x683.jpeg ,https:\/\/vitaroma.fi\/wp-content\/uploads\/2025\/10\/WhatsApp-Image-2025-10-13-at-21.05.45-1.jpeg 780w, https:\/\/vitaroma.fi\/wp-content\/uploads\/2025\/10\/WhatsApp-Image-2025-10-13-at-21.05.45-1.jpeg 360w\" sizes=\"auto, (max-width: 480px) 150px\" src=\"https:\/\/vitaroma.fi\/wp-content\/uploads\/2025\/10\/WhatsApp-Image-2025-10-13-at-21.05.45-1-1024x683.jpeg\" alt=\"\" class=\"uag-image-2905\" width=\"1536\" height=\"1024\" title=\"WhatsApp \u0418\u0437\u043e\u0431\u0440\u0430\u0436\u0435\u043d\u0438\u0435 2025-10-13 \u0432 21.05.45\" loading=\"lazy\" role=\"img\"\/><\/figure><\/div>\n\n\n\n<p><\/p>\n\n\n\n<p>RF-\u043c\u0438\u043a\u0440\u043e\u0438\u0433\u043e\u043b\u044c\u0447\u0430\u0442\u0430\u044f \u0442\u0435\u0440\u0430\u043f\u0438\u044f \u2014 \u044d\u0442\u043e \u043f\u0435\u0440\u0435\u0434\u043e\u0432\u043e\u0439 \u043c\u0435\u0442\u043e\u0434 \u0443\u0445\u043e\u0434\u0430 \u0437\u0430 \u043a\u043e\u0436\u0435\u0439, \u043a\u043e\u0442\u043e\u0440\u044b\u0439 \u0441\u043e\u0447\u0435\u0442\u0430\u0435\u0442 \u0432 \u0441\u0435\u0431\u0435 \u0432\u043e\u0437\u0434\u0435\u0439\u0441\u0442\u0432\u0438\u0435 \u043c\u0438\u043a\u0440\u043e\u0438\u0433\u043e\u043b\u044c\u0447\u0430\u0442\u043e\u0439 \u0442\u0435\u0440\u0430\u043f\u0438\u0438 \u0438 \u0440\u0430\u0434\u0438\u043e\u0447\u0430\u0441\u0442\u043e\u0442\u043d\u043e\u0439 \u044d\u043d\u0435\u0440\u0433\u0438\u0438. \u0426\u0435\u043b\u044c \u043b\u0435\u0447\u0435\u043d\u0438\u044f \u2014 \u0441\u0442\u0438\u043c\u0443\u043b\u0438\u0440\u043e\u0432\u0430\u0442\u044c \u0432\u044b\u0440\u0430\u0431\u043e\u0442\u043a\u0443 \u043a\u043e\u043b\u043b\u0430\u0433\u0435\u043d\u0430 \u0438 \u044d\u043b\u0430\u0441\u0442\u0438\u043d\u0430, \u0430 \u0442\u0430\u043a\u0436\u0435 \u0431\u0435\u0437\u043e\u043f\u0430\u0441\u043d\u043e \u0438 \u043a\u043e\u043d\u0442\u0440\u043e\u043b\u0438\u0440\u0443\u0435\u043c\u043e \u043e\u0431\u043d\u043e\u0432\u043b\u044f\u0442\u044c \u0441\u0442\u0440\u0443\u043a\u0442\u0443\u0440\u0443 \u043a\u043e\u0436\u0438. \u042d\u0442\u043e\u0442 \u043c\u0435\u0442\u043e\u0434 \u0443\u043b\u0443\u0447\u0448\u0430\u0435\u0442 \u044d\u043b\u0430\u0441\u0442\u0438\u0447\u043d\u043e\u0441\u0442\u044c, \u0443\u043f\u0440\u0443\u0433\u043e\u0441\u0442\u044c \u0438 \u0441\u0442\u0440\u0443\u043a\u0442\u0443\u0440\u0443 \u043a\u043e\u0436\u0438, \u0430 \u0442\u0430\u043a\u0436\u0435 \u0443\u043c\u0435\u043d\u044c\u0448\u0430\u0435\u0442 \u043f\u0440\u0438\u0437\u043d\u0430\u043a\u0438 \u0441\u0442\u0430\u0440\u0435\u043d\u0438\u044f.<\/p>\n\n\n\n<p><strong>\ud83d\udd2c \u041a\u0430\u043a \u0440\u0430\u0431\u043e\u0442\u0430\u0435\u0442 \u043b\u0435\u0447\u0435\u043d\u0438\u0435<\/strong><\/p>\n\n\n\n<p>\u0418\u0441\u043f\u043e\u043b\u044c\u0437\u0443\u0435\u043c\u044b\u0435 \u0432 \u043f\u0440\u043e\u0446\u0435\u0434\u0443\u0440\u0435 \u043c\u0438\u043a\u0440\u043e\u0438\u0433\u043b\u044b \u0441 \u0437\u043e\u043b\u043e\u0442\u044b\u043c \u043f\u043e\u043a\u0440\u044b\u0442\u0438\u0435\u043c \u043f\u0440\u043e\u043d\u0438\u043a\u0430\u044e\u0442 \u0447\u0435\u0440\u0435\u0437 \u0440\u0430\u0437\u043b\u0438\u0447\u043d\u044b\u0435 \u0441\u043b\u043e\u0438 \u043a\u043e\u0436\u0438 \u0438 \u043e\u0434\u043d\u043e\u0432\u0440\u0435\u043c\u0435\u043d\u043d\u043e \u043f\u0435\u0440\u0435\u0434\u0430\u044e\u0442 \u0440\u0430\u0434\u0438\u043e\u0447\u0430\u0441\u0442\u043e\u0442\u043d\u0443\u044e \u044d\u043d\u0435\u0440\u0433\u0438\u044e \u0432 \u0442\u043a\u0430\u043d\u0438. \u0422\u0435\u043f\u043b\u043e\u0432\u0430\u044f \u044d\u043d\u0435\u0440\u0433\u0438\u044f \u0430\u043a\u0442\u0438\u0432\u0438\u0440\u0443\u0435\u0442 \u0444\u0438\u0431\u0440\u043e\u0431\u043b\u0430\u0441\u0442\u044b, \u0447\u0442\u043e \u0437\u0430\u043f\u0443\u0441\u043a\u0430\u0435\u0442 \u0435\u0441\u0442\u0435\u0441\u0442\u0432\u0435\u043d\u043d\u044b\u0439 \u043f\u0440\u043e\u0446\u0435\u0441\u0441 \u043e\u0431\u043d\u043e\u0432\u043b\u0435\u043d\u0438\u044f \u043a\u043e\u0436\u0438.<br>\u041a\u0430\u043a \u0440\u0435\u0437\u0443\u043b\u044c\u0442\u0430\u0442:<br>\u2022 \u041a\u043e\u0436\u0430 \u0441\u0442\u0430\u043d\u043e\u0432\u0438\u0442\u0441\u044f \u0431\u043e\u043b\u0435\u0435 \u0443\u043f\u0440\u0443\u0433\u043e\u0439 \u0438 \u0433\u043b\u0430\u0434\u043a\u043e\u0439.<br>\u2022 \u0423\u0432\u0435\u043b\u0438\u0447\u0438\u0432\u0430\u0435\u0442\u0441\u044f \u0432\u044b\u0440\u0430\u0431\u043e\u0442\u043a\u0430 \u043a\u043e\u043b\u043b\u0430\u0433\u0435\u043d\u0430 \u0438 \u044d\u043b\u0430\u0441\u0442\u0438\u043d\u0430<br>\u2022 \u041c\u043e\u0440\u0449\u0438\u043d\u044b, \u0448\u0440\u0430\u043c\u044b \u0438 \u043f\u043e\u0440\u044b \u0443\u043c\u0435\u043d\u044c\u0448\u0430\u044e\u0442\u0441\u044f<\/p>\n\n\n\n<p><strong>\ud83e\uddec \u041f\u043e\u043a\u0430\u0437\u0430\u043d\u0438\u044f<\/strong><\/p>\n\n\n\n<p>RF-\u043c\u0438\u043a\u0440\u043e\u0438\u0433\u043e\u043b\u044c\u0447\u0430\u0442\u0430\u044f \u0442\u0435\u0440\u0430\u043f\u0438\u044f \u0440\u0435\u043a\u043e\u043c\u0435\u043d\u0434\u0443\u0435\u0442\u0441\u044f, \u0432 \u0447\u0430\u0441\u0442\u043d\u043e\u0441\u0442\u0438, \u043f\u0440\u0438 \u0441\u043b\u0435\u0434\u0443\u044e\u0449\u0438\u0445 \u043f\u0440\u043e\u0431\u043b\u0435\u043c\u0430\u0445 \u043a\u043e\u0436\u0438:<br>\u2022 \u0410\u043a\u043d\u0435 \u0438 \u0430\u0442\u0440\u043e\u0444\u0438\u0447\u0435\u0441\u043a\u0438\u0435 \u0440\u0443\u0431\u0446\u044b<br>\u2022 \u0420\u0430\u0441\u0448\u0438\u0440\u0435\u043d\u043d\u044b\u0435 \u043f\u043e\u0440\u044b<br>\u2022 \u041e\u0431\u0432\u0438\u0441\u0430\u043d\u0438\u0435 \u043a\u043e\u0436\u0438 \u0438 \u043f\u043e\u0442\u0435\u0440\u044f \u044d\u043b\u0430\u0441\u0442\u0438\u0447\u043d\u043e\u0441\u0442\u0438<br>\u2022 \u0422\u043e\u043d\u043a\u0438\u0435 \u043b\u0438\u043d\u0438\u0438 \u0438 \u043c\u043e\u0440\u0449\u0438\u043d\u044b<br>\u2022 \u041d\u0435\u0440\u043e\u0432\u043d\u044b\u0439 \u0442\u043e\u043d \u043a\u043e\u0436\u0438 \u0438 \u0442\u0435\u043a\u0441\u0442\u0443\u0440\u0430 \u043a\u043e\u0436\u0438<\/p>\n\n\n\n<p><strong>\u2699\ufe0f \u041f\u0440\u043e\u0446\u0435\u0441\u0441 \u043b\u0435\u0447\u0435\u043d\u0438\u044f<\/strong><\/p>\n\n\n\n<p>\u041f\u0435\u0440\u0435\u0434 \u043f\u0440\u043e\u0446\u0435\u0434\u0443\u0440\u043e\u0439 \u043d\u0430 \u043a\u043e\u0436\u0443 \u043d\u0430\u043d\u043e\u0441\u0438\u0442\u0441\u044f \u043c\u0435\u0441\u0442\u043d\u044b\u0439 \u0430\u043d\u0435\u0441\u0442\u0435\u0442\u0438\u043a, \u0447\u0442\u043e\u0431\u044b \u043f\u0440\u043e\u0446\u0435\u0434\u0443\u0440\u0430 \u0431\u044b\u043b\u0430 \u043a\u043e\u043c\u0444\u043e\u0440\u0442\u043d\u043e\u0439.<br>\u0413\u043b\u0443\u0431\u0438\u043d\u0430 \u043f\u0440\u043e\u043a\u043e\u043b\u043e\u0432 \u0438 \u0438\u043d\u0442\u0435\u043d\u0441\u0438\u0432\u043d\u043e\u0441\u0442\u044c \u0440\u0430\u0434\u0438\u043e\u0447\u0430\u0441\u0442\u043e\u0442\u043d\u043e\u0439 \u044d\u043d\u0435\u0440\u0433\u0438\u0438 \u0440\u0435\u0433\u0443\u043b\u0438\u0440\u0443\u044e\u0442\u0441\u044f \u0438\u043d\u0434\u0438\u0432\u0438\u0434\u0443\u0430\u043b\u044c\u043d\u043e \u0432 \u0437\u0430\u0432\u0438\u0441\u0438\u043c\u043e\u0441\u0442\u0438 \u043e\u0442 \u0442\u0438\u043f\u0430 \u043a\u043e\u0436\u0438 \u0438 \u0446\u0435\u043b\u0438 \u043b\u0435\u0447\u0435\u043d\u0438\u044f. \u041f\u0440\u043e\u0446\u0435\u0434\u0443\u0440\u0430 \u0434\u043b\u0438\u0442\u0441\u044f \u043e\u043a\u043e\u043b\u043e 30\u201360 \u043c\u0438\u043d\u0443\u0442.<br>\u041a\u043e\u0436\u0430 \u043c\u043e\u0436\u0435\u0442 \u0431\u044b\u0442\u044c \u0441\u043b\u0435\u0433\u043a\u0430 \u043f\u043e\u043a\u0440\u0430\u0441\u043d\u0435\u0432\u0448\u0435\u0439 \u0438 \u0442\u0435\u043f\u043b\u043e\u0439 \u0432 \u0442\u0435\u0447\u0435\u043d\u0438\u0435 \u043d\u0435\u0441\u043a\u043e\u043b\u044c\u043a\u0438\u0445 \u0447\u0430\u0441\u043e\u0432, \u043d\u043e \u0432\u043e\u0441\u0441\u0442\u0430\u043d\u043e\u0432\u043b\u0435\u043d\u0438\u0435 \u043f\u0440\u043e\u0438\u0441\u0445\u043e\u0434\u0438\u0442 \u0431\u044b\u0441\u0442\u0440\u043e \u2013 \u043e\u0431\u044b\u0447\u043d\u043e \u0432 \u0442\u0435\u0447\u0435\u043d\u0438\u0435 1\u20132 \u0434\u043d\u0435\u0439.<\/p>\n\n\n\n<p>\ud83d\udca1 \u041a\u043b\u0438\u043d\u0438\u0447\u0435\u0441\u043a\u0438\u0435 \u044d\u0444\u0444\u0435\u043a\u0442\u044b<br>\u2022 \u041a\u043e\u0436\u0430 \u0441\u0442\u0430\u043d\u043e\u0432\u0438\u0442\u0441\u044f \u0443\u043f\u0440\u0443\u0433\u043e\u0439 \u0438 \u043f\u043e\u0434\u0442\u044f\u043d\u0443\u0442\u043e\u0439<br>\u2022 \u0423\u043c\u0435\u043d\u044c\u0448\u0430\u044e\u0442\u0441\u044f \u0448\u0440\u0430\u043c\u044b \u0438 \u043d\u0435\u0440\u043e\u0432\u043d\u043e\u0441\u0442\u0438<br>\u2022 \u0421\u0442\u0440\u0443\u043a\u0442\u0443\u0440\u0430 \u0438 \u0442\u043e\u043d \u043a\u043e\u0436\u0438 \u0432\u044b\u0440\u0430\u0432\u043d\u0438\u0432\u0430\u044e\u0442\u0441\u044f<br>\u2022 \u041f\u043e\u0440\u044b \u0443\u043c\u0435\u043d\u044c\u0448\u0430\u044e\u0442\u0441\u044f<br>\u2022 \u041a\u043e\u0436\u0430 \u0432\u044b\u0433\u043b\u044f\u0434\u0438\u0442 \u0431\u043e\u043b\u0435\u0435 \u0441\u0438\u044f\u044e\u0449\u0435\u0439 \u0438 \u043c\u043e\u043b\u043e\u0434\u043e\u0439<\/p>\n\n\n\n<p><strong>\ud83e\uddf4 \u0420\u0435\u0437\u0443\u043b\u044c\u0442\u0430\u0442\u044b \u0438 \u043f\u043e\u0441\u043b\u0435\u0434\u0443\u044e\u0449\u0438\u0439 \u0443\u0445\u043e\u0434<\/strong><\/p>\n\n\n\n<p>\u041f\u0435\u0440\u0432\u044b\u0435 \u0440\u0435\u0437\u0443\u043b\u044c\u0442\u0430\u0442\u044b \u0431\u0443\u0434\u0443\u0442 \u0437\u0430\u043c\u0435\u0442\u043d\u044b \u0443\u0436\u0435 \u0447\u0435\u0440\u0435\u0437 \u043d\u0435\u0441\u043a\u043e\u043b\u044c\u043a\u043e \u0434\u043d\u0435\u0439, \u043d\u043e \u043d\u0430\u0438\u0431\u043e\u043b\u0435\u0435 \u044f\u0432\u043d\u044b\u0435 \u044d\u0444\u0444\u0435\u043a\u0442\u044b \u043f\u0440\u043e\u044f\u0432\u044f\u0442\u0441\u044f \u0447\u0435\u0440\u0435\u0437 3\u20134 \u043d\u0435\u0434\u0435\u043b\u0438. \u041e\u0431\u0440\u0430\u0437\u043e\u0432\u0430\u043d\u0438\u0435 \u043a\u043e\u043b\u043b\u0430\u0433\u0435\u043d\u0430 \u043f\u0440\u043e\u0434\u043e\u043b\u0436\u0430\u0435\u0442\u0441\u044f \u0435\u0449\u0435 \u0432 \u0442\u0435\u0447\u0435\u043d\u0438\u0435 \u043d\u0435\u0441\u043a\u043e\u043b\u044c\u043a\u0438\u0445 \u043c\u0435\u0441\u044f\u0446\u0435\u0432 \u043f\u043e\u0441\u043b\u0435 \u043f\u0440\u043e\u0446\u0435\u0434\u0443\u0440\u044b, \u0432 \u0440\u0435\u0437\u0443\u043b\u044c\u0442\u0430\u0442\u0435 \u0447\u0435\u0433\u043e \u043a\u043e\u0436\u0430 \u043f\u043e\u0441\u0442\u0435\u043f\u0435\u043d\u043d\u043e \u0441\u0442\u0430\u043d\u043e\u0432\u0438\u0442\u0441\u044f \u0431\u043e\u043b\u0435\u0435 \u0433\u043b\u0430\u0434\u043a\u043e\u0439 \u0438 \u044d\u043b\u0430\u0441\u0442\u0438\u0447\u043d\u043e\u0439.<br>\u041f\u043e\u0441\u043b\u0435 \u043f\u0440\u043e\u0446\u0435\u0434\u0443\u0440\u044b \u0440\u0435\u043a\u043e\u043c\u0435\u043d\u0434\u0443\u0435\u0442\u0441\u044f \u0438\u0441\u043f\u043e\u043b\u044c\u0437\u043e\u0432\u0430\u0442\u044c \u0441\u043e\u043b\u043d\u0446\u0435\u0437\u0430\u0449\u0438\u0442\u043d\u044b\u0439 \u043a\u0440\u0435\u043c \u0438 \u0438\u0437\u0431\u0435\u0433\u0430\u0442\u044c \u0430\u043a\u0442\u0438\u0432\u043d\u044b\u0445 \u043a\u043e\u0441\u043c\u0435\u0442\u0438\u0447\u0435\u0441\u043a\u0438\u0445 \u0438\u043d\u0433\u0440\u0435\u0434\u0438\u0435\u043d\u0442\u043e\u0432 \u0432 \u0442\u0435\u0447\u0435\u043d\u0438\u0435 \u043d\u0435\u0441\u043a\u043e\u043b\u044c\u043a\u0438\u0445 \u0434\u043d\u0435\u0439.<\/p>\n\n\n\n<p><strong>\u2695\ufe0f \u041a\u043e\u043c\u0431\u0438\u043d\u0430\u0446\u0438\u0438 \u0438 \u0443\u0441\u0438\u043b\u0435\u043d\u0438\u0435<\/strong><\/p>\n\n\n\n<p>RF-\u043c\u0438\u043a\u0440\u043e\u0438\u0433\u043e\u043b\u044c\u0447\u0430\u0442\u0430\u044f \u0442\u0435\u0440\u0430\u043f\u0438\u044f \u043c\u043e\u0436\u0435\u0442 \u0441\u043e\u0447\u0435\u0442\u0430\u0442\u044c\u0441\u044f \u0441 \u0434\u0440\u0443\u0433\u0438\u043c\u0438 \u0432\u0438\u0434\u0430\u043c\u0438 \u043b\u0435\u0447\u0435\u043d\u0438\u044f, \u0442\u0430\u043a\u0438\u043c\u0438 \u043a\u0430\u043a Hydrafacial, \u0441\u0432\u0435\u0442\u043e\u0432\u0430\u044f \u0442\u0435\u0440\u0430\u043f\u0438\u044f BBL, \u043c\u0435\u0437\u043e\u0442\u0435\u0440\u0430\u043f\u0438\u044f \u0438\u043b\u0438 \u0432\u0438\u0442\u0430\u043c\u0438\u043d\u043d\u044b\u0435 \u043f\u0440\u043e\u0446\u0435\u0434\u0443\u0440\u044b, \u0434\u043b\u044f \u0443\u0441\u0438\u043b\u0435\u043d\u0438\u044f \u0440\u0435\u0437\u0443\u043b\u044c\u0442\u0430\u0442\u043e\u0432 \u0438 \u043a\u043e\u043c\u043f\u043b\u0435\u043a\u0441\u043d\u043e\u0433\u043e \u043e\u043c\u043e\u043b\u043e\u0436\u0435\u043d\u0438\u044f \u043a\u043e\u0436\u0438.<\/p>","protected":false},"excerpt":{"rendered":"<p>Fraktionaalinen radiofrekvenssihoito RF-mikroneulaus on edistyksellinen ihohoitomenetelm\u00e4, joka yhdist\u00e4\u00e4 mikro\u00adneulauksen ja radiofrekvenssienergian vaikutukset. Hoidon tarkoituksena on stimuloida kollageenin ja elastiinin tuotantoa sek\u00e4 uudistaa ihon rakennetta turvallisesti ja hallitusti. T\u00e4m\u00e4 menetelm\u00e4 parantaa [&hellip;]<\/p>","protected":false},"author":2,"featured_media":0,"parent":0,"menu_order":0,"comment_status":"closed","ping_status":"closed","template":"","meta":{"_surecart_dashboard_logo_width":"180px","_surecart_dashboard_show_logo":true,"_surecart_dashboard_navigation_orders":true,"_surecart_dashboard_navigation_invoices":true,"_surecart_dashboard_navigation_subscriptions":true,"_surecart_dashboard_navigation_downloads":true,"_surecart_dashboard_navigation_billing":true,"_surecart_dashboard_navigation_account":true,"_uag_custom_page_level_css":"","site-sidebar-layout":"default","site-content-layout":"","ast-site-content-layout":"default","site-content-style":"default","site-sidebar-style":"default","ast-global-header-display":"","ast-banner-title-visibility":"","ast-main-header-display":"","ast-hfb-above-header-display":"","ast-hfb-below-header-display":"","ast-hfb-mobile-header-display":"","site-post-title":"","ast-breadcrumbs-content":"","ast-featured-img":"","footer-sml-layout":"","ast-disable-related-posts":"","theme-transparent-header-meta":"","adv-header-id-meta":"","stick-header-meta":"","header-above-stick-meta":"","header-main-stick-meta":"","header-below-stick-meta":"","astra-migrate-meta-layouts":"set","ast-page-background-enabled":"default","ast-page-background-meta":{"desktop":{"background-color":"var(--ast-global-color-4)","background-image":"","background-repeat":"repeat","background-position":"center center","background-size":"auto","background-attachment":"scroll","background-type":"","background-media":"","overlay-type":"","overlay-color":"","overlay-opacity":"","overlay-gradient":""},"tablet":{"background-color":"","background-image":"","background-repeat":"repeat","background-position":"center center","background-size":"auto","background-attachment":"scroll","background-type":"","background-media":"","overlay-type":"","overlay-color":"","overlay-opacity":"","overlay-gradient":""},"mobile":{"background-color":"","background-image":"","background-repeat":"repeat","background-position":"center center","background-size":"auto","background-attachment":"scroll","background-type":"","background-media":"","overlay-type":"","overlay-color":"","overlay-opacity":"","overlay-gradient":""}},"ast-content-background-meta":{"desktop":{"background-color":"var(--ast-global-color-5)","background-image":"","background-repeat":"repeat","background-position":"center center","background-size":"auto","background-attachment":"scroll","background-type":"","background-media":"","overlay-type":"","overlay-color":"","overlay-opacity":"","overlay-gradient":""},"tablet":{"background-color":"var(--ast-global-color-5)","background-image":"","background-repeat":"repeat","background-position":"center center","background-size":"auto","background-attachment":"scroll","background-type":"","background-media":"","overlay-type":"","overlay-color":"","overlay-opacity":"","overlay-gradient":""},"mobile":{"background-color":"var(--ast-global-color-5)","background-image":"","background-repeat":"repeat","background-position":"center center","background-size":"auto","background-attachment":"scroll","background-type":"","background-media":"","overlay-type":"","overlay-color":"","overlay-opacity":"","overlay-gradient":""}},"footnotes":""},"class_list":["post-2901","page","type-page","status-publish","hentry"],"uagb_featured_image_src":{"full":false,"thumbnail":false,"medium":false,"medium_large":false,"large":false,"1536x1536":false,"2048x2048":false,"trp-custom-language-flag":false,"woocommerce_thumbnail":false,"woocommerce_single":false,"woocommerce_gallery_thumbnail":false},"uagb_author_info":{"display_name":"vitaroma.fi","author_link":"https:\/\/vitaroma.fi\/ru\/author\/vitaroma-fi\/"},"uagb_comment_info":0,"uagb_excerpt":"Fraktionaalinen radiofrekvenssihoito RF-mikroneulaus on edistyksellinen ihohoitomenetelm\u00e4, joka yhdist\u00e4\u00e4 mikro\u00adneulauksen ja radiofrekvenssienergian vaikutukset. Hoidon tarkoituksena on stimuloida kollageenin ja elastiinin tuotantoa sek\u00e4 uudistaa ihon rakennetta turvallisesti ja hallitusti. T\u00e4m\u00e4 menetelm\u00e4 parantaa [&hellip;]","_links":{"self":[{"href":"https:\/\/vitaroma.fi\/ru\/wp-json\/wp\/v2\/pages\/2901","targetHints":{"allow":["GET"]}}],"collection":[{"href":"https:\/\/vitaroma.fi\/ru\/wp-json\/wp\/v2\/pages"}],"about":[{"href":"https:\/\/vitaroma.fi\/ru\/wp-json\/wp\/v2\/types\/page"}],"author":[{"embeddable":true,"href":"https:\/\/vitaroma.fi\/ru\/wp-json\/wp\/v2\/users\/2"}],"replies":[{"embeddable":true,"href":"https:\/\/vitaroma.fi\/ru\/wp-json\/wp\/v2\/comments?post=2901"}],"version-history":[{"count":3,"href":"https:\/\/vitaroma.fi\/ru\/wp-json\/wp\/v2\/pages\/2901\/revisions"}],"predecessor-version":[{"id":2906,"href":"https:\/\/vitaroma.fi\/ru\/wp-json\/wp\/v2\/pages\/2901\/revisions\/2906"}],"wp:attachment":[{"href":"https:\/\/vitaroma.fi\/ru\/wp-json\/wp\/v2\/media?parent=2901"}],"curies":[{"name":"wp","href":"https:\/\/api.w.org\/{rel}","templated":true}]}}