{"id":2322,"date":"2025-04-26T01:12:15","date_gmt":"2025-04-26T01:12:15","guid":{"rendered":"https:\/\/vitaroma.fi\/?post_type=product&#038;p=2322"},"modified":"2026-02-18T12:16:45","modified_gmt":"2026-02-18T10:16:45","slug":"environ-3","status":"publish","type":"product","link":"https:\/\/vitaroma.fi\/nn\/produkt\/environ-3\/","title":{"rendered":"Environ 3"},"content":{"rendered":"<p>Saatavilla vain ihokonsultaation j\u00e4lkeen henkil\u00f6kohtaisella koodilla. Ota yhteytt\u00e4 ennen ostoa.<\/p>\n<p class=\"\" data-start=\"517\" data-end=\"792\"><strong data-start=\"517\" data-end=\"737\">Environ Vita-Antioxidant AVST Moisturiser 3 on Skin EssentiA Vitamin STEP-UP SYSTEM\u2122 -j\u00e4rjestelm\u00e4n kolmas vaihe, joka tarjoaa entist\u00e4 korkeammat pitoisuudet A- ja C-vitamiinia ihon uudistumisen ja suojan tukemiseksi.<\/strong><br data-start=\"737\" data-end=\"740\" \/>T\u00e4m\u00e4 edistyksellinen kosteuttava voide on kehitetty:<\/p>\n<ul data-start=\"794\" data-end=\"966\">\n<li class=\"\" data-start=\"794\" data-end=\"834\">\n<p class=\"\" data-start=\"796\" data-end=\"834\"><strong data-start=\"796\" data-end=\"832\">Elvytt\u00e4m\u00e4\u00e4n ja vahvistamaan ihoa<\/strong><\/p>\n<\/li>\n<li class=\"\" data-start=\"835\" data-end=\"886\">\n<p class=\"\" data-start=\"837\" data-end=\"886\"><strong data-start=\"837\" data-end=\"884\">Parantamaan ihon kirkkautta ja kimmoisuutta<\/strong><\/p>\n<\/li>\n<li class=\"\" data-start=\"887\" data-end=\"966\">\n<p class=\"\" data-start=\"889\" data-end=\"966\"><strong data-start=\"889\" data-end=\"966\">Suojelemaan ihoa vapailta radikaaleilta ja ymp\u00e4rist\u00f6n haittavaikutuksilta<\/strong><\/p>\n<\/li>\n<\/ul>\n<p class=\"\" data-start=\"968\" data-end=\"1002\"><strong data-start=\"968\" data-end=\"1002\">T\u00e4rkeimm\u00e4t vaikuttavat aineet:<\/strong><\/p>\n<ul data-start=\"1003\" data-end=\"1258\">\n<li class=\"\" data-start=\"1003\" data-end=\"1074\">\n<p class=\"\" data-start=\"1005\" data-end=\"1074\"><strong data-start=\"1005\" data-end=\"1021\">A-vitamiini:<\/strong> Edist\u00e4\u00e4 ihon uusiutumista ja terveemp\u00e4\u00e4 rakennetta<\/p>\n<\/li>\n<li class=\"\" data-start=\"1075\" data-end=\"1153\">\n<p class=\"\" data-start=\"1077\" data-end=\"1153\"><strong data-start=\"1077\" data-end=\"1093\">C-vitamiini:<\/strong> Kirkastaa ihoa ja suojaa sit\u00e4 oksidatiiviselta stressilt\u00e4<\/p>\n<\/li>\n<li class=\"\" data-start=\"1154\" data-end=\"1258\">\n<p class=\"\" data-start=\"1156\" data-end=\"1258\"><strong data-start=\"1156\" data-end=\"1200\">Tehokkaat antioksidantit ja flavonoidit:<\/strong> Tukevat ihon luonnollista puolustusta ja elinvoimaisuutta<\/p>\n<\/li>\n<\/ul>\n<p class=\"\" data-start=\"1260\" data-end=\"1298\"><strong data-start=\"1260\" data-end=\"1298\">S\u00e4\u00e4nn\u00f6llisess\u00e4 k\u00e4yt\u00f6ss\u00e4 Environ 3:<\/strong><\/p>\n<ul data-start=\"1299\" data-end=\"1456\">\n<li class=\"\" data-start=\"1299\" data-end=\"1340\">\n<p class=\"\" data-start=\"1301\" data-end=\"1340\">V\u00e4hent\u00e4\u00e4 hienoja juonteita ja ryppyj\u00e4<\/p>\n<\/li>\n<li class=\"\" data-start=\"1341\" data-end=\"1388\">\n<p class=\"\" data-start=\"1343\" data-end=\"1388\">Parantaa ihon kosteustasapainoa ja heleytt\u00e4<\/p>\n<\/li>\n<li class=\"\" data-start=\"1389\" data-end=\"1456\">\n<p class=\"\" data-start=\"1391\" data-end=\"1456\">Antaa iholle <strong data-start=\"1404\" data-end=\"1456\">sile\u00e4mm\u00e4n, kirkkaamman ja nuorekkaamman ulkon\u00e4\u00f6n<\/strong><\/p>\n<\/li>\n<\/ul>\n<p class=\"\" data-start=\"1458\" data-end=\"1479\"><strong data-start=\"1458\" data-end=\"1477\">K\u00e4ytt\u00f6suositus:<\/strong><\/p>\n<ul data-start=\"1480\" data-end=\"1620\">\n<li class=\"\" data-start=\"1480\" data-end=\"1556\">\n<p class=\"\" data-start=\"1482\" data-end=\"1556\">Voi k\u00e4ytt\u00e4\u00e4 vasta kun iho on <strong data-start=\"1511\" data-end=\"1553\">tottunut AVST 1- ja AVST 2 -voiteisiin<\/strong>.<\/p>\n<\/li>\n<li class=\"\" data-start=\"1557\" data-end=\"1620\">\n<p class=\"\" data-start=\"1559\" data-end=\"1620\">Suositellaan k\u00e4ytett\u00e4v\u00e4ksi ennen siirtymist\u00e4 AVST 4 -tasolle.<\/p>\n<\/li>\n<\/ul>","protected":false},"excerpt":{"rendered":"<p class=\"\" data-start=\"1676\" data-end=\"1817\"><strong data-start=\"1676\" data-end=\"1817\">Korkeamman A- ja C-vitamiinipitoisuuden kosteuttaja, joka elvytt\u00e4\u00e4, suojaa ja kirkastaa ihoa, parantaen sen nuorekkuutta ja kimmoisuutta.<\/strong><\/p>","protected":false},"featured_media":2323,"comment_status":"open","ping_status":"closed","template":"","meta":{"_surecart_dashboard_logo_width":"180px","_surecart_dashboard_show_logo":true,"_surecart_dashboard_navigation_orders":true,"_surecart_dashboard_navigation_invoices":true,"_surecart_dashboard_navigation_subscriptions":true,"_surecart_dashboard_navigation_downloads":true,"_surecart_dashboard_navigation_billing":true,"_surecart_dashboard_navigation_account":true,"_uag_custom_page_level_css":"","site-sidebar-layout":"default","site-content-layout":"","ast-site-content-layout":"default","site-content-style":"default","site-sidebar-style":"default","ast-global-header-display":"","ast-banner-title-visibility":"","ast-main-header-display":"","ast-hfb-above-header-display":"","ast-hfb-below-header-display":"","ast-hfb-mobile-header-display":"","site-post-title":"","ast-breadcrumbs-content":"","ast-featured-img":"","footer-sml-layout":"","theme-transparent-header-meta":"default","adv-header-id-meta":"","stick-header-meta":"default","header-above-stick-meta":"","header-main-stick-meta":"","header-below-stick-meta":"","astra-migrate-meta-layouts":"set","ast-page-background-enabled":"default","ast-page-background-meta":{"desktop":{"background-color":"var(--ast-global-color-4)","background-image":"","background-repeat":"repeat","background-position":"center center","background-size":"auto","background-attachment":"scroll","background-type":"","background-media":"","overlay-type":"","overlay-color":"","overlay-opacity":"","overlay-gradient":""},"tablet":{"background-color":"","background-image":"","background-repeat":"repeat","background-position":"center center","background-size":"auto","background-attachment":"scroll","background-type":"","background-media":"","overlay-type":"","overlay-color":"","overlay-opacity":"","overlay-gradient":""},"mobile":{"background-color":"","background-image":"","background-repeat":"repeat","background-position":"center center","background-size":"auto","background-attachment":"scroll","background-type":"","background-media":"","overlay-type":"","overlay-color":"","overlay-opacity":"","overlay-gradient":""}},"ast-content-background-meta":{"desktop":{"background-color":"var(--ast-global-color-5)","background-image":"","background-repeat":"repeat","background-position":"center center","background-size":"auto","background-attachment":"scroll","background-type":"","background-media":"","overlay-type":"","overlay-color":"","overlay-opacity":"","overlay-gradient":""},"tablet":{"background-color":"var(--ast-global-color-5)","background-image":"","background-repeat":"repeat","background-position":"center center","background-size":"auto","background-attachment":"scroll","background-type":"","background-media":"","overlay-type":"","overlay-color":"","overlay-opacity":"","overlay-gradient":""},"mobile":{"background-color":"var(--ast-global-color-5)","background-image":"","background-repeat":"repeat","background-position":"center center","background-size":"auto","background-attachment":"scroll","background-type":"","background-media":"","overlay-type":"","overlay-color":"","overlay-opacity":"","overlay-gradient":""}}},"product_brand":[],"product_cat":[396],"product_tag":[397,414,406,417,415,314,419,416,418,405],"class_list":{"0":"post-2322","1":"product","2":"type-product","3":"status-publish","4":"has-post-thumbnail","6":"product_cat-kasvojen-hoito-vitamiinihoidot-ja-anti-age-kosteuttajat","7":"product_tag-a-vitamiinivoide","8":"product_tag-antioksidanttinen-kasvohoito","9":"product_tag-c-vitamiini-kosteuttaja","10":"product_tag-environ-avst-moisturiser-3","11":"product_tag-ihon-elvyttaminen","12":"product_tag-ihon-kirkastaminen","13":"product_tag-ihon-rakennetta-parantava-kosteuttaja","14":"product_tag-nuorekkuutta-lisaava-voide","15":"product_tag-skin-essentia-vitamin-step-up-system","16":"product_tag-vapaita-radikaaleja-vastaan-suojaava-voide","17":"desktop-align-left","18":"tablet-align-left","19":"mobile-align-left","21":"first","22":"outofstock","23":"shipping-taxable","24":"purchasable","25":"product-type-simple"},"uagb_featured_image_src":{"full":["https:\/\/vitaroma.fi\/wp-content\/uploads\/2025\/04\/f0c2b5_bfe48a425e7742b1ae578d70fced97aamv2.png",1080,1080,false],"thumbnail":["https:\/\/vitaroma.fi\/wp-content\/uploads\/2025\/04\/f0c2b5_bfe48a425e7742b1ae578d70fced97aamv2-150x150.png",150,150,true],"medium":["https:\/\/vitaroma.fi\/wp-content\/uploads\/2025\/04\/f0c2b5_bfe48a425e7742b1ae578d70fced97aamv2-300x300.png",300,300,true],"medium_large":["https:\/\/vitaroma.fi\/wp-content\/uploads\/2025\/04\/f0c2b5_bfe48a425e7742b1ae578d70fced97aamv2-768x768.png",768,768,true],"large":["https:\/\/vitaroma.fi\/wp-content\/uploads\/2025\/04\/f0c2b5_bfe48a425e7742b1ae578d70fced97aamv2-1024x1024.png",1024,1024,true],"1536x1536":["https:\/\/vitaroma.fi\/wp-content\/uploads\/2025\/04\/f0c2b5_bfe48a425e7742b1ae578d70fced97aamv2.png",1080,1080,false],"2048x2048":["https:\/\/vitaroma.fi\/wp-content\/uploads\/2025\/04\/f0c2b5_bfe48a425e7742b1ae578d70fced97aamv2.png",1080,1080,false],"trp-custom-language-flag":["https:\/\/vitaroma.fi\/wp-content\/uploads\/2025\/04\/f0c2b5_bfe48a425e7742b1ae578d70fced97aamv2-12x12.png",12,12,true],"woocommerce_thumbnail":["https:\/\/vitaroma.fi\/wp-content\/uploads\/2025\/04\/f0c2b5_bfe48a425e7742b1ae578d70fced97aamv2-300x300.png",300,300,true],"woocommerce_single":["https:\/\/vitaroma.fi\/wp-content\/uploads\/2025\/04\/f0c2b5_bfe48a425e7742b1ae578d70fced97aamv2-600x600.png",600,600,true],"woocommerce_gallery_thumbnail":["https:\/\/vitaroma.fi\/wp-content\/uploads\/2025\/04\/f0c2b5_bfe48a425e7742b1ae578d70fced97aamv2-100x100.png",100,100,true]},"uagb_author_info":{"display_name":"emilkemal4@gmail.com","author_link":"https:\/\/vitaroma.fi\/nn\/author\/"},"uagb_comment_info":0,"uagb_excerpt":"Korkeamman A- ja C-vitamiinipitoisuuden kosteuttaja, joka elvytt\u00e4\u00e4, suojaa ja kirkastaa ihoa, parantaen sen nuorekkuutta ja kimmoisuutta.","_links":{"self":[{"href":"https:\/\/vitaroma.fi\/nn\/wp-json\/wp\/v2\/product\/2322","targetHints":{"allow":["GET"]}}],"collection":[{"href":"https:\/\/vitaroma.fi\/nn\/wp-json\/wp\/v2\/product"}],"about":[{"href":"https:\/\/vitaroma.fi\/nn\/wp-json\/wp\/v2\/types\/product"}],"replies":[{"embeddable":true,"href":"https:\/\/vitaroma.fi\/nn\/wp-json\/wp\/v2\/comments?post=2322"}],"wp:featuredmedia":[{"embeddable":true,"href":"https:\/\/vitaroma.fi\/nn\/wp-json\/wp\/v2\/media\/2323"}],"wp:attachment":[{"href":"https:\/\/vitaroma.fi\/nn\/wp-json\/wp\/v2\/media?parent=2322"}],"wp:term":[{"taxonomy":"product_brand","embeddable":true,"href":"https:\/\/vitaroma.fi\/nn\/wp-json\/wp\/v2\/product_brand?post=2322"},{"taxonomy":"product_cat","embeddable":true,"href":"https:\/\/vitaroma.fi\/nn\/wp-json\/wp\/v2\/product_cat?post=2322"},{"taxonomy":"product_tag","embeddable":true,"href":"https:\/\/vitaroma.fi\/nn\/wp-json\/wp\/v2\/product_tag?post=2322"}],"curies":[{"name":"wp","href":"https:\/\/api.w.org\/{rel}","templated":true}]}}