{"id":2308,"date":"2025-04-26T00:50:02","date_gmt":"2025-04-26T00:50:02","guid":{"rendered":"https:\/\/vitaroma.fi\/?post_type=product&#038;p=2308"},"modified":"2025-10-12T21:32:04","modified_gmt":"2025-10-12T19:32:04","slug":"environ-sebu-ace-oil","status":"publish","type":"product","link":"https:\/\/vitaroma.fi\/nn\/produkt\/environ-sebu-ace-oil\/","title":{"rendered":"Environ Sebu-ACE Oil"},"content":{"rendered":"<p class=\"\" data-start=\"463\" data-end=\"714\"><strong data-start=\"463\" data-end=\"637\">Environ Vita-Botanical Sebu-ACE Oil on kevyt ja ravitseva \u00f6ljy, joka on kehitetty tukemaan ihon terveytt\u00e4 ja tasapainottamaan erityisesti ep\u00e4puhtauksiin taipuvaista ihoa.<\/strong><br data-start=\"637\" data-end=\"640\" \/>Sen koostumus sis\u00e4lt\u00e4\u00e4 tarkasti valitut <strong data-start=\"680\" data-end=\"706\">A-, C- ja E-vitamiinit<\/strong>, jotka:<\/p>\n<ul data-start=\"716\" data-end=\"855\">\n<li class=\"\" data-start=\"716\" data-end=\"758\">\n<p class=\"\" data-start=\"718\" data-end=\"758\"><strong data-start=\"718\" data-end=\"756\">Normalisoivat ihosolujen toimintaa<\/strong><\/p>\n<\/li>\n<li class=\"\" data-start=\"759\" data-end=\"803\">\n<p class=\"\" data-start=\"761\" data-end=\"803\"><strong data-start=\"761\" data-end=\"801\">Vahvistavat ihon luonnollista suojaa<\/strong><\/p>\n<\/li>\n<li class=\"\" data-start=\"804\" data-end=\"855\">\n<p class=\"\" data-start=\"806\" data-end=\"855\"><strong data-start=\"806\" data-end=\"855\">Tukevat ihon uusiutumista ja elinvoimaisuutta<\/strong><\/p>\n<\/li>\n<\/ul>\n<p class=\"\" data-start=\"857\" data-end=\"884\"><strong data-start=\"857\" data-end=\"884\">T\u00e4rkeimm\u00e4t vaikutukset:<\/strong><\/p>\n<ul data-start=\"885\" data-end=\"1097\">\n<li class=\"\" data-start=\"885\" data-end=\"931\">\n<p class=\"\" data-start=\"887\" data-end=\"931\">Tasapainottaa <strong data-start=\"901\" data-end=\"929\">liiallista talinerityst\u00e4<\/strong><\/p>\n<\/li>\n<li class=\"\" data-start=\"932\" data-end=\"979\">\n<p class=\"\" data-start=\"934\" data-end=\"979\">Suojaa ihoa <strong data-start=\"946\" data-end=\"977\">oksidatiiviselta stressilt\u00e4<\/strong><\/p>\n<\/li>\n<li class=\"\" data-start=\"980\" data-end=\"1037\">\n<p class=\"\" data-start=\"982\" data-end=\"1037\">Edist\u00e4\u00e4 <strong data-start=\"990\" data-end=\"1030\">sile\u00e4mp\u00e4\u00e4, kirkkaampaa ja terveemp\u00e4\u00e4<\/strong> ihoa<\/p>\n<\/li>\n<li class=\"\" data-start=\"1038\" data-end=\"1097\">\n<p class=\"\" data-start=\"1040\" data-end=\"1097\">Auttaa v\u00e4hent\u00e4m\u00e4\u00e4n <strong data-start=\"1059\" data-end=\"1097\">ihon ep\u00e4tasaisuuksia ja tulehdusta<\/strong><\/p>\n<\/li>\n<\/ul>\n<p class=\"\" data-start=\"1099\" data-end=\"1298\"><strong data-start=\"1099\" data-end=\"1139\">Kevyt ja nopeasti imeytyv\u00e4 koostumus<\/strong> sopii kaikille ihotyypeille ja toimii erityisen hyvin yhdess\u00e4 muiden Environ Focus Care Clarity+ -sarjan tuotteiden kanssa tehokkaan tuloksen saavuttamiseksi.<\/p>","protected":false},"excerpt":{"rendered":"<p class=\"\" data-start=\"1354\" data-end=\"1509\"><strong data-start=\"1354\" data-end=\"1509\">Kevyt A-, C- ja E-vitamiineja sis\u00e4lt\u00e4v\u00e4 \u00f6ljy, joka normalisoi ihosolujen toimintaa, tukee ihon terveytt\u00e4 ja tasapainottaa ep\u00e4puhtauksiin taipuvaa ihoa.<\/strong><\/p>","protected":false},"featured_media":2309,"comment_status":"open","ping_status":"closed","template":"","meta":{"_surecart_dashboard_logo_width":"180px","_surecart_dashboard_show_logo":true,"_surecart_dashboard_navigation_orders":true,"_surecart_dashboard_navigation_invoices":true,"_surecart_dashboard_navigation_subscriptions":true,"_surecart_dashboard_navigation_downloads":true,"_surecart_dashboard_navigation_billing":true,"_surecart_dashboard_navigation_account":true,"_uag_custom_page_level_css":"","site-sidebar-layout":"default","site-content-layout":"","ast-site-content-layout":"default","site-content-style":"default","site-sidebar-style":"default","ast-global-header-display":"","ast-banner-title-visibility":"","ast-main-header-display":"","ast-hfb-above-header-display":"","ast-hfb-below-header-display":"","ast-hfb-mobile-header-display":"","site-post-title":"","ast-breadcrumbs-content":"","ast-featured-img":"","footer-sml-layout":"","theme-transparent-header-meta":"default","adv-header-id-meta":"","stick-header-meta":"default","header-above-stick-meta":"","header-main-stick-meta":"","header-below-stick-meta":"","astra-migrate-meta-layouts":"set","ast-page-background-enabled":"default","ast-page-background-meta":{"desktop":{"background-color":"var(--ast-global-color-4)","background-image":"","background-repeat":"repeat","background-position":"center center","background-size":"auto","background-attachment":"scroll","background-type":"","background-media":"","overlay-type":"","overlay-color":"","overlay-opacity":"","overlay-gradient":""},"tablet":{"background-color":"","background-image":"","background-repeat":"repeat","background-position":"center center","background-size":"auto","background-attachment":"scroll","background-type":"","background-media":"","overlay-type":"","overlay-color":"","overlay-opacity":"","overlay-gradient":""},"mobile":{"background-color":"","background-image":"","background-repeat":"repeat","background-position":"center center","background-size":"auto","background-attachment":"scroll","background-type":"","background-media":"","overlay-type":"","overlay-color":"","overlay-opacity":"","overlay-gradient":""}},"ast-content-background-meta":{"desktop":{"background-color":"var(--ast-global-color-5)","background-image":"","background-repeat":"repeat","background-position":"center center","background-size":"auto","background-attachment":"scroll","background-type":"","background-media":"","overlay-type":"","overlay-color":"","overlay-opacity":"","overlay-gradient":""},"tablet":{"background-color":"var(--ast-global-color-5)","background-image":"","background-repeat":"repeat","background-position":"center center","background-size":"auto","background-attachment":"scroll","background-type":"","background-media":"","overlay-type":"","overlay-color":"","overlay-opacity":"","overlay-gradient":""},"mobile":{"background-color":"var(--ast-global-color-5)","background-image":"","background-repeat":"repeat","background-position":"center center","background-size":"auto","background-attachment":"scroll","background-type":"","background-media":"","overlay-type":"","overlay-color":"","overlay-opacity":"","overlay-gradient":""}}},"product_brand":[],"product_cat":[347],"product_tag":[348,349,350,355,352,351,356,353,357,354],"class_list":{"0":"post-2308","1":"product","2":"type-product","3":"status-publish","4":"has-post-thumbnail","6":"product_cat-kasvojen-hoito-oljyt-ja-tasapainottavat-tuotteet","7":"product_tag-a-vitamiinioljy","8":"product_tag-c-vitamiini-ihohoito","9":"product_tag-e-vitamiini-antioksidantti","10":"product_tag-environ-sebu-ace-oil","11":"product_tag-epapuhtaan-ihon-hoito","12":"product_tag-ihon-tasapainottaminen","13":"product_tag-ihosolujen-normalisointi","14":"product_tag-kevyt-kasvooljy","15":"product_tag-kirkkaampi-ja-terveempi-iho","16":"product_tag-oksidatiiviselta-stressilta-suojaava-oljy","17":"desktop-align-left","18":"tablet-align-left","19":"mobile-align-left","21":"first","22":"instock","23":"shipping-taxable","24":"purchasable","25":"product-type-simple"},"uagb_featured_image_src":{"full":["https:\/\/vitaroma.fi\/wp-content\/uploads\/2025\/04\/f0c2b5_301e598f6ba047179a60d8cb2171e3f1mv2.png",1080,1080,false],"thumbnail":["https:\/\/vitaroma.fi\/wp-content\/uploads\/2025\/04\/f0c2b5_301e598f6ba047179a60d8cb2171e3f1mv2-150x150.png",150,150,true],"medium":["https:\/\/vitaroma.fi\/wp-content\/uploads\/2025\/04\/f0c2b5_301e598f6ba047179a60d8cb2171e3f1mv2-300x300.png",300,300,true],"medium_large":["https:\/\/vitaroma.fi\/wp-content\/uploads\/2025\/04\/f0c2b5_301e598f6ba047179a60d8cb2171e3f1mv2-768x768.png",768,768,true],"large":["https:\/\/vitaroma.fi\/wp-content\/uploads\/2025\/04\/f0c2b5_301e598f6ba047179a60d8cb2171e3f1mv2-1024x1024.png",1024,1024,true],"1536x1536":["https:\/\/vitaroma.fi\/wp-content\/uploads\/2025\/04\/f0c2b5_301e598f6ba047179a60d8cb2171e3f1mv2.png",1080,1080,false],"2048x2048":["https:\/\/vitaroma.fi\/wp-content\/uploads\/2025\/04\/f0c2b5_301e598f6ba047179a60d8cb2171e3f1mv2.png",1080,1080,false],"trp-custom-language-flag":["https:\/\/vitaroma.fi\/wp-content\/uploads\/2025\/04\/f0c2b5_301e598f6ba047179a60d8cb2171e3f1mv2-12x12.png",12,12,true],"woocommerce_thumbnail":["https:\/\/vitaroma.fi\/wp-content\/uploads\/2025\/04\/f0c2b5_301e598f6ba047179a60d8cb2171e3f1mv2-300x300.png",300,300,true],"woocommerce_single":["https:\/\/vitaroma.fi\/wp-content\/uploads\/2025\/04\/f0c2b5_301e598f6ba047179a60d8cb2171e3f1mv2-600x600.png",600,600,true],"woocommerce_gallery_thumbnail":["https:\/\/vitaroma.fi\/wp-content\/uploads\/2025\/04\/f0c2b5_301e598f6ba047179a60d8cb2171e3f1mv2-100x100.png",100,100,true]},"uagb_author_info":{"display_name":"emilkemal4@gmail.com","author_link":"https:\/\/vitaroma.fi\/nn\/author\/"},"uagb_comment_info":0,"uagb_excerpt":"Kevyt A-, C- ja E-vitamiineja sis\u00e4lt\u00e4v\u00e4 \u00f6ljy, joka normalisoi ihosolujen toimintaa, tukee ihon terveytt\u00e4 ja tasapainottaa ep\u00e4puhtauksiin taipuvaa ihoa.","_links":{"self":[{"href":"https:\/\/vitaroma.fi\/nn\/wp-json\/wp\/v2\/product\/2308","targetHints":{"allow":["GET"]}}],"collection":[{"href":"https:\/\/vitaroma.fi\/nn\/wp-json\/wp\/v2\/product"}],"about":[{"href":"https:\/\/vitaroma.fi\/nn\/wp-json\/wp\/v2\/types\/product"}],"replies":[{"embeddable":true,"href":"https:\/\/vitaroma.fi\/nn\/wp-json\/wp\/v2\/comments?post=2308"}],"wp:featuredmedia":[{"embeddable":true,"href":"https:\/\/vitaroma.fi\/nn\/wp-json\/wp\/v2\/media\/2309"}],"wp:attachment":[{"href":"https:\/\/vitaroma.fi\/nn\/wp-json\/wp\/v2\/media?parent=2308"}],"wp:term":[{"taxonomy":"product_brand","embeddable":true,"href":"https:\/\/vitaroma.fi\/nn\/wp-json\/wp\/v2\/product_brand?post=2308"},{"taxonomy":"product_cat","embeddable":true,"href":"https:\/\/vitaroma.fi\/nn\/wp-json\/wp\/v2\/product_cat?post=2308"},{"taxonomy":"product_tag","embeddable":true,"href":"https:\/\/vitaroma.fi\/nn\/wp-json\/wp\/v2\/product_tag?post=2308"}],"curies":[{"name":"wp","href":"https:\/\/api.w.org\/{rel}","templated":true}]}}