{"id":2306,"date":"2025-04-26T00:46:32","date_gmt":"2025-04-26T00:46:32","guid":{"rendered":"https:\/\/vitaroma.fi\/?post_type=product&#038;p=2306"},"modified":"2025-10-12T21:33:18","modified_gmt":"2025-10-12T19:33:18","slug":"environ-sebu-lac-lotion","status":"publish","type":"product","link":"https:\/\/vitaroma.fi\/nn\/produkt\/environ-sebu-lac-lotion\/","title":{"rendered":"Environ Sebu-Lac Lotion"},"content":{"rendered":"<p class=\"\" data-start=\"486\" data-end=\"721\"><strong data-start=\"486\" data-end=\"635\">Environ Sebu-Lac Lotion on rasvaton, kuoriva ja kosteuttava voide, joka on kehitetty erityisesti n\u00e4ppyl\u00f6ille alttiin ja ep\u00e4tasaisen ihon hoitoon.<\/strong><br data-start=\"635\" data-end=\"638\" \/>T\u00e4m\u00e4n ainutlaatuisen hydroksihappoyhdistelm\u00e4n (AHA + BHA) ansiosta Sebu-Lac Lotion:<\/p>\n<ul data-start=\"723\" data-end=\"883\">\n<li class=\"\" data-start=\"723\" data-end=\"772\">\n<p class=\"\" data-start=\"725\" data-end=\"772\">Poistaa <strong data-start=\"733\" data-end=\"770\">hell\u00e4varaisesti kuolleet ihosolut<\/strong><\/p>\n<\/li>\n<li class=\"\" data-start=\"773\" data-end=\"823\">\n<p class=\"\" data-start=\"775\" data-end=\"823\">Edist\u00e4\u00e4 <strong data-start=\"783\" data-end=\"821\">ihon uusiutumista ja kirkastumista<\/strong><\/p>\n<\/li>\n<li class=\"\" data-start=\"824\" data-end=\"883\">\n<p class=\"\" data-start=\"826\" data-end=\"883\">Paljastaa <strong data-start=\"836\" data-end=\"883\">sile\u00e4mm\u00e4n, terveemm\u00e4n ja nuorekkaamman ihon<\/strong><\/p>\n<\/li>\n<\/ul>\n<p class=\"\" data-start=\"885\" data-end=\"918\"><strong data-start=\"885\" data-end=\"918\">Keskeiset vaikuttavat aineet:<\/strong><\/p>\n<ul data-start=\"919\" data-end=\"1216\">\n<li class=\"\" data-start=\"919\" data-end=\"970\">\n<p class=\"\" data-start=\"921\" data-end=\"970\"><strong data-start=\"921\" data-end=\"942\">Maitohappo (AHA):<\/strong> Kuorii ja kosteuttaa ihoa<\/p>\n<\/li>\n<li class=\"\" data-start=\"971\" data-end=\"1041\">\n<p class=\"\" data-start=\"973\" data-end=\"1041\"><strong data-start=\"973\" data-end=\"998\">Salisyylihappo (BHA):<\/strong> Puhdistaa huokoset ja ehk\u00e4isee tukkeumia<\/p>\n<\/li>\n<li class=\"\" data-start=\"1042\" data-end=\"1116\">\n<p class=\"\" data-start=\"1044\" data-end=\"1116\"><strong data-start=\"1044\" data-end=\"1059\">Teepuu\u00f6ljy:<\/strong> Rauhoittaa ihoa ja tukee sen luonnollista palautumista<\/p>\n<\/li>\n<li class=\"\" data-start=\"1117\" data-end=\"1216\">\n<p class=\"\" data-start=\"1119\" data-end=\"1216\"><strong data-start=\"1119\" data-end=\"1148\">Tokoferoli (E-vitamiini):<\/strong> Suojaa soluja vapailta radikaaleilta ja oksidatiiviselta stressilt\u00e4<\/p>\n<\/li>\n<\/ul>\n<p class=\"\" data-start=\"1218\" data-end=\"1245\"><strong data-start=\"1218\" data-end=\"1245\">T\u00e4rkeimm\u00e4t vaikutukset:<\/strong><\/p>\n<ul data-start=\"1246\" data-end=\"1451\">\n<li class=\"\" data-start=\"1246\" data-end=\"1305\">\n<p class=\"\" data-start=\"1248\" data-end=\"1305\">V\u00e4hent\u00e4\u00e4 <strong data-start=\"1257\" data-end=\"1290\">n\u00e4ppyl\u00f6iden ja ep\u00e4puhtauksien<\/strong> esiintymist\u00e4<\/p>\n<\/li>\n<li class=\"\" data-start=\"1306\" data-end=\"1347\">\n<p class=\"\" data-start=\"1308\" data-end=\"1347\"><strong data-start=\"1308\" data-end=\"1334\">Kirkastaa ja tasoittaa<\/strong> ihon s\u00e4vy\u00e4<\/p>\n<\/li>\n<li class=\"\" data-start=\"1348\" data-end=\"1396\">\n<p class=\"\" data-start=\"1350\" data-end=\"1396\"><strong data-start=\"1350\" data-end=\"1394\">Parantaa ihon rakennetta ja joustavuutta<\/strong><\/p>\n<\/li>\n<li class=\"\" data-start=\"1397\" data-end=\"1451\">\n<p class=\"\" data-start=\"1399\" data-end=\"1451\">Auttaa palauttamaan ihon luonnollisen suojakerroksen<\/p>\n<\/li>\n<\/ul>\n<p class=\"\" data-start=\"1453\" data-end=\"1489\">S\u00e4\u00e4nn\u00f6llisell\u00e4 k\u00e4yt\u00f6ll\u00e4 iho n\u00e4ytt\u00e4\u00e4:<\/p>\n<ul data-start=\"1491\" data-end=\"1573\">\n<li class=\"\" data-start=\"1491\" data-end=\"1512\">\n<p class=\"\" data-start=\"1493\" data-end=\"1512\"><strong data-start=\"1493\" data-end=\"1510\">Raikkaammalta<\/strong><\/p>\n<\/li>\n<li class=\"\" data-start=\"1513\" data-end=\"1532\">\n<p class=\"\" data-start=\"1515\" data-end=\"1532\"><strong data-start=\"1515\" data-end=\"1530\">Sile\u00e4mm\u00e4lt\u00e4<\/strong><\/p>\n<\/li>\n<li class=\"\" data-start=\"1533\" data-end=\"1573\">\n<p class=\"\" data-start=\"1535\" data-end=\"1573\"><strong data-start=\"1535\" data-end=\"1573\">Terveemm\u00e4lt\u00e4 ja tasapainoisemmalta<\/strong><\/p>\n<\/li>\n<\/ul>","protected":false},"excerpt":{"rendered":"<p class=\"\" data-start=\"1629\" data-end=\"1766\"><strong data-start=\"1629\" data-end=\"1766\">Rasvaton kuoriva ja kosteuttava voide, joka kirkastaa ihon s\u00e4vy\u00e4, tasapainottaa ihoa ja parantaa n\u00e4ppyl\u00f6ille alttiin ihon rakennetta.<\/strong><\/p>","protected":false},"featured_media":2307,"comment_status":"open","ping_status":"closed","template":"","meta":{"_surecart_dashboard_logo_width":"180px","_surecart_dashboard_show_logo":true,"_surecart_dashboard_navigation_orders":true,"_surecart_dashboard_navigation_invoices":true,"_surecart_dashboard_navigation_subscriptions":true,"_surecart_dashboard_navigation_downloads":true,"_surecart_dashboard_navigation_billing":true,"_surecart_dashboard_navigation_account":true,"_uag_custom_page_level_css":"","site-sidebar-layout":"default","site-content-layout":"","ast-site-content-layout":"default","site-content-style":"default","site-sidebar-style":"default","ast-global-header-display":"","ast-banner-title-visibility":"","ast-main-header-display":"","ast-hfb-above-header-display":"","ast-hfb-below-header-display":"","ast-hfb-mobile-header-display":"","site-post-title":"","ast-breadcrumbs-content":"","ast-featured-img":"","footer-sml-layout":"","theme-transparent-header-meta":"default","adv-header-id-meta":"","stick-header-meta":"default","header-above-stick-meta":"","header-main-stick-meta":"","header-below-stick-meta":"","astra-migrate-meta-layouts":"set","ast-page-background-enabled":"default","ast-page-background-meta":{"desktop":{"background-color":"var(--ast-global-color-4)","background-image":"","background-repeat":"repeat","background-position":"center center","background-size":"auto","background-attachment":"scroll","background-type":"","background-media":"","overlay-type":"","overlay-color":"","overlay-opacity":"","overlay-gradient":""},"tablet":{"background-color":"","background-image":"","background-repeat":"repeat","background-position":"center center","background-size":"auto","background-attachment":"scroll","background-type":"","background-media":"","overlay-type":"","overlay-color":"","overlay-opacity":"","overlay-gradient":""},"mobile":{"background-color":"","background-image":"","background-repeat":"repeat","background-position":"center center","background-size":"auto","background-attachment":"scroll","background-type":"","background-media":"","overlay-type":"","overlay-color":"","overlay-opacity":"","overlay-gradient":""}},"ast-content-background-meta":{"desktop":{"background-color":"var(--ast-global-color-5)","background-image":"","background-repeat":"repeat","background-position":"center center","background-size":"auto","background-attachment":"scroll","background-type":"","background-media":"","overlay-type":"","overlay-color":"","overlay-opacity":"","overlay-gradient":""},"tablet":{"background-color":"var(--ast-global-color-5)","background-image":"","background-repeat":"repeat","background-position":"center center","background-size":"auto","background-attachment":"scroll","background-type":"","background-media":"","overlay-type":"","overlay-color":"","overlay-opacity":"","overlay-gradient":""},"mobile":{"background-color":"var(--ast-global-color-5)","background-image":"","background-repeat":"repeat","background-position":"center center","background-size":"auto","background-attachment":"scroll","background-type":"","background-media":"","overlay-type":"","overlay-color":"","overlay-opacity":"","overlay-gradient":""}}},"product_brand":[],"product_cat":[337],"product_tag":[338,343,345,344,339,127,340,341,346,342],"class_list":{"0":"post-2306","1":"product","2":"type-product","3":"status-publish","4":"has-post-thumbnail","6":"product_cat-kasvojen-hoito-epapuhtaan-ihon-hoito","7":"product_tag-akneihon-hoito","8":"product_tag-e-vitamiini-ihonsuoja","9":"product_tag-environ-sebu-lac-lotion","10":"product_tag-ihon-savyn-tasoitus","11":"product_tag-kuoriva-kasvovoide","12":"product_tag-maitohappovoide","13":"product_tag-rasvaton-kosteutus","14":"product_tag-salisyylihappovoide","15":"product_tag-silea-ja-raikas-iho","16":"product_tag-teepuuoljy-ihonhoito","17":"desktop-align-left","18":"tablet-align-left","19":"mobile-align-left","21":"first","22":"instock","23":"shipping-taxable","24":"purchasable","25":"product-type-simple"},"uagb_featured_image_src":{"full":["https:\/\/vitaroma.fi\/wp-content\/uploads\/2025\/04\/f0c2b5_071cd478ca9747cfa48d4328b2060d2dmv2.png",1080,1080,false],"thumbnail":["https:\/\/vitaroma.fi\/wp-content\/uploads\/2025\/04\/f0c2b5_071cd478ca9747cfa48d4328b2060d2dmv2-150x150.png",150,150,true],"medium":["https:\/\/vitaroma.fi\/wp-content\/uploads\/2025\/04\/f0c2b5_071cd478ca9747cfa48d4328b2060d2dmv2-300x300.png",300,300,true],"medium_large":["https:\/\/vitaroma.fi\/wp-content\/uploads\/2025\/04\/f0c2b5_071cd478ca9747cfa48d4328b2060d2dmv2-768x768.png",768,768,true],"large":["https:\/\/vitaroma.fi\/wp-content\/uploads\/2025\/04\/f0c2b5_071cd478ca9747cfa48d4328b2060d2dmv2-1024x1024.png",1024,1024,true],"1536x1536":["https:\/\/vitaroma.fi\/wp-content\/uploads\/2025\/04\/f0c2b5_071cd478ca9747cfa48d4328b2060d2dmv2.png",1080,1080,false],"2048x2048":["https:\/\/vitaroma.fi\/wp-content\/uploads\/2025\/04\/f0c2b5_071cd478ca9747cfa48d4328b2060d2dmv2.png",1080,1080,false],"trp-custom-language-flag":["https:\/\/vitaroma.fi\/wp-content\/uploads\/2025\/04\/f0c2b5_071cd478ca9747cfa48d4328b2060d2dmv2-12x12.png",12,12,true],"woocommerce_thumbnail":["https:\/\/vitaroma.fi\/wp-content\/uploads\/2025\/04\/f0c2b5_071cd478ca9747cfa48d4328b2060d2dmv2-300x300.png",300,300,true],"woocommerce_single":["https:\/\/vitaroma.fi\/wp-content\/uploads\/2025\/04\/f0c2b5_071cd478ca9747cfa48d4328b2060d2dmv2-600x600.png",600,600,true],"woocommerce_gallery_thumbnail":["https:\/\/vitaroma.fi\/wp-content\/uploads\/2025\/04\/f0c2b5_071cd478ca9747cfa48d4328b2060d2dmv2-100x100.png",100,100,true]},"uagb_author_info":{"display_name":"emilkemal4@gmail.com","author_link":"https:\/\/vitaroma.fi\/nn\/author\/"},"uagb_comment_info":0,"uagb_excerpt":"Rasvaton kuoriva ja kosteuttava voide, joka kirkastaa ihon s\u00e4vy\u00e4, tasapainottaa ihoa ja parantaa n\u00e4ppyl\u00f6ille alttiin ihon rakennetta.","_links":{"self":[{"href":"https:\/\/vitaroma.fi\/nn\/wp-json\/wp\/v2\/product\/2306","targetHints":{"allow":["GET"]}}],"collection":[{"href":"https:\/\/vitaroma.fi\/nn\/wp-json\/wp\/v2\/product"}],"about":[{"href":"https:\/\/vitaroma.fi\/nn\/wp-json\/wp\/v2\/types\/product"}],"replies":[{"embeddable":true,"href":"https:\/\/vitaroma.fi\/nn\/wp-json\/wp\/v2\/comments?post=2306"}],"wp:featuredmedia":[{"embeddable":true,"href":"https:\/\/vitaroma.fi\/nn\/wp-json\/wp\/v2\/media\/2307"}],"wp:attachment":[{"href":"https:\/\/vitaroma.fi\/nn\/wp-json\/wp\/v2\/media?parent=2306"}],"wp:term":[{"taxonomy":"product_brand","embeddable":true,"href":"https:\/\/vitaroma.fi\/nn\/wp-json\/wp\/v2\/product_brand?post=2306"},{"taxonomy":"product_cat","embeddable":true,"href":"https:\/\/vitaroma.fi\/nn\/wp-json\/wp\/v2\/product_cat?post=2306"},{"taxonomy":"product_tag","embeddable":true,"href":"https:\/\/vitaroma.fi\/nn\/wp-json\/wp\/v2\/product_tag?post=2306"}],"curies":[{"name":"wp","href":"https:\/\/api.w.org\/{rel}","templated":true}]}}