{"id":2270,"date":"2025-04-25T23:53:50","date_gmt":"2025-04-25T23:53:50","guid":{"rendered":"https:\/\/vitaroma.fi\/?post_type=product&#038;p=2270"},"modified":"2025-04-25T23:53:50","modified_gmt":"2025-04-25T23:53:50","slug":"fusion-deep-cleanser","status":"publish","type":"product","link":"https:\/\/vitaroma.fi\/nn\/produkt\/fusion-deep-cleanser\/","title":{"rendered":"Fusion Deep Cleanser"},"content":{"rendered":"<p class=\"\" data-start=\"480\" data-end=\"791\"><strong data-start=\"480\" data-end=\"629\">Fusion Deep Cleanser on sulava mikro-emulsio, joka on kehitetty erityisesti meikin ja ep\u00e4puhtauksien tehokkaaseen poistoon kaikilta ihotyypeilt\u00e4.<\/strong><br data-start=\"629\" data-end=\"632\" \/>Sen <strong data-start=\"636\" data-end=\"674\">ravitseva ja kosteuttava koostumus<\/strong> tekee tuotteesta ihanteellisen sek\u00e4 <strong data-start=\"711\" data-end=\"755\">hoitoloissa teht\u00e4viin hoitok\u00e4sittelyihin<\/strong> ett\u00e4 <strong data-start=\"761\" data-end=\"790\">p\u00e4ivitt\u00e4iseen kotihoitoon<\/strong>.<\/p>\n<p class=\"\" data-start=\"793\" data-end=\"821\"><strong data-start=\"793\" data-end=\"821\">T\u00e4rkeimm\u00e4t ominaisuudet:<\/strong><\/p>\n<ul data-start=\"822\" data-end=\"1121\">\n<li class=\"\" data-start=\"822\" data-end=\"875\">\n<p class=\"\" data-start=\"824\" data-end=\"875\">K\u00e4ytett\u00e4viss\u00e4 <strong data-start=\"838\" data-end=\"873\">kasvoilla, silmiss\u00e4 ja huulilla<\/strong><\/p>\n<\/li>\n<li class=\"\" data-start=\"876\" data-end=\"979\">\n<p class=\"\" data-start=\"878\" data-end=\"979\"><strong data-start=\"878\" data-end=\"921\">Matalamolekyylipainoinen hyaluronihappo<\/strong> kosteuttaa ihoa syv\u00e4lt\u00e4 ja v\u00e4hent\u00e4\u00e4 ryppyjen n\u00e4kyvyytt\u00e4<\/p>\n<\/li>\n<li class=\"\" data-start=\"980\" data-end=\"1042\">\n<p class=\"\" data-start=\"982\" data-end=\"1042\">Kevyt, <strong data-start=\"989\" data-end=\"1019\">viilent\u00e4v\u00e4 ja sulava tunne<\/strong> iholle levitett\u00e4ess\u00e4<\/p>\n<\/li>\n<li class=\"\" data-start=\"1043\" data-end=\"1121\">\n<p class=\"\" data-start=\"1045\" data-end=\"1121\">J\u00e4tt\u00e4\u00e4 iholle <strong data-start=\"1059\" data-end=\"1086\">hienon suojaavan kalvon<\/strong>, joka ei ole rasvainen eik\u00e4 tahmea<\/p>\n<\/li>\n<\/ul>\n<p class=\"\" data-start=\"1123\" data-end=\"1270\"><strong data-start=\"1123\" data-end=\"1141\">Hyaluronihappo<\/strong>, tunnettu kosteuttavin biopolymeeri, toimii el\u00e4viss\u00e4 kudoksissa <strong data-start=\"1206\" data-end=\"1269\">sidekudoksen j\u00e4rjest\u00e4j\u00e4n\u00e4 ja tehokkaana vedenpid\u00e4tysaineena<\/strong>.<\/p>\n<p class=\"\" data-start=\"1272\" data-end=\"1507\"><strong data-start=\"1272\" data-end=\"1305\">K\u00e4ytetty natriumhyaluronaatti<\/strong> saadaan <strong data-start=\"1314\" data-end=\"1374\">bioteknologisesti turvallisella ja puhtaalla prosessilla<\/strong>, joka on <strong data-start=\"1384\" data-end=\"1397\">GMO-vapaa<\/strong>.<br data-start=\"1398\" data-end=\"1401\" \/><strong data-start=\"1401\" data-end=\"1455\">XS-hyaluronihapon eritt\u00e4in alhainen molekyylipaino<\/strong> mahdollistaa syvemm\u00e4n imeytymisen ihoon, parantaen:<\/p>\n<ul data-start=\"1509\" data-end=\"1599\">\n<li class=\"\" data-start=\"1509\" data-end=\"1546\">\n<p class=\"\" data-start=\"1511\" data-end=\"1546\">Ihon viskoelastisia ominaisuuksia<\/p>\n<\/li>\n<li class=\"\" data-start=\"1547\" data-end=\"1599\">\n<p class=\"\" data-start=\"1549\" data-end=\"1599\">Syvien ryppyjen n\u00e4kyvyyden huomattavaa v\u00e4henemist\u00e4<\/p>\n<\/li>\n<\/ul>\n<p class=\"\" data-start=\"1601\" data-end=\"1707\">Fusion Deep Cleanser tarjoaa <strong data-start=\"1630\" data-end=\"1680\">raikkaan, kosteutetun ja pehme\u00e4n lopputuloksen<\/strong> jokaisella k\u00e4ytt\u00f6kerralla.<\/p>","protected":false},"excerpt":{"rendered":"<p class=\"\" data-start=\"1763\" data-end=\"1929\"><strong data-start=\"1763\" data-end=\"1929\">Sulava ja viilent\u00e4v\u00e4 mikro-emulsio, joka poistaa meikin ja ep\u00e4puhtaudet tehokkaasti, samalla kosteuttaen ihoa syv\u00e4lt\u00e4 matalamolekyylipainoisella hyaluronihapolla.<\/strong><\/p>","protected":false},"featured_media":2271,"comment_status":"open","ping_status":"closed","template":"","meta":{"_surecart_dashboard_logo_width":"180px","_surecart_dashboard_show_logo":true,"_surecart_dashboard_navigation_orders":true,"_surecart_dashboard_navigation_invoices":true,"_surecart_dashboard_navigation_subscriptions":true,"_surecart_dashboard_navigation_downloads":true,"_surecart_dashboard_navigation_billing":true,"_surecart_dashboard_navigation_account":true,"_uag_custom_page_level_css":"","site-sidebar-layout":"default","site-content-layout":"","ast-site-content-layout":"default","site-content-style":"default","site-sidebar-style":"default","ast-global-header-display":"","ast-banner-title-visibility":"","ast-main-header-display":"","ast-hfb-above-header-display":"","ast-hfb-below-header-display":"","ast-hfb-mobile-header-display":"","site-post-title":"","ast-breadcrumbs-content":"","ast-featured-img":"","footer-sml-layout":"","theme-transparent-header-meta":"default","adv-header-id-meta":"","stick-header-meta":"default","header-above-stick-meta":"","header-main-stick-meta":"","header-below-stick-meta":"","astra-migrate-meta-layouts":"set","ast-page-background-enabled":"default","ast-page-background-meta":{"desktop":{"background-color":"var(--ast-global-color-4)","background-image":"","background-repeat":"repeat","background-position":"center center","background-size":"auto","background-attachment":"scroll","background-type":"","background-media":"","overlay-type":"","overlay-color":"","overlay-opacity":"","overlay-gradient":""},"tablet":{"background-color":"","background-image":"","background-repeat":"repeat","background-position":"center center","background-size":"auto","background-attachment":"scroll","background-type":"","background-media":"","overlay-type":"","overlay-color":"","overlay-opacity":"","overlay-gradient":""},"mobile":{"background-color":"","background-image":"","background-repeat":"repeat","background-position":"center center","background-size":"auto","background-attachment":"scroll","background-type":"","background-media":"","overlay-type":"","overlay-color":"","overlay-opacity":"","overlay-gradient":""}},"ast-content-background-meta":{"desktop":{"background-color":"var(--ast-global-color-5)","background-image":"","background-repeat":"repeat","background-position":"center center","background-size":"auto","background-attachment":"scroll","background-type":"","background-media":"","overlay-type":"","overlay-color":"","overlay-opacity":"","overlay-gradient":""},"tablet":{"background-color":"var(--ast-global-color-5)","background-image":"","background-repeat":"repeat","background-position":"center center","background-size":"auto","background-attachment":"scroll","background-type":"","background-media":"","overlay-type":"","overlay-color":"","overlay-opacity":"","overlay-gradient":""},"mobile":{"background-color":"var(--ast-global-color-5)","background-image":"","background-repeat":"repeat","background-position":"center center","background-size":"auto","background-attachment":"scroll","background-type":"","background-media":"","overlay-type":"","overlay-color":"","overlay-opacity":"","overlay-gradient":""}}},"product_brand":[120],"product_cat":[252],"product_tag":[262,259,255,256,253,254,261,257,258,260],"class_list":{"0":"post-2270","1":"product","2":"type-product","3":"status-publish","4":"has-post-thumbnail","6":"product_brand-ekseption","7":"product_cat-kasvojen-hoito-puhdistusaineet","8":"product_tag-fusion-deep-cleanser","9":"product_tag-gmo-vapaa-hyaluronihappo","10":"product_tag-hyaluronihappo-puhdistusaine","11":"product_tag-kosteuttava-kasvojen-puhdistus","12":"product_tag-meikinpoistoaine","13":"product_tag-mikro-emulsio-puhdistaja","14":"product_tag-ryppyja-vahentava-puhdistusaine","15":"product_tag-sulava-puhdistaja","16":"product_tag-viilentava-kasvojen-puhdistus","17":"product_tag-xs-hyaluronihappo","18":"desktop-align-left","19":"tablet-align-left","20":"mobile-align-left","22":"first","23":"instock","24":"shipping-taxable","25":"purchasable","26":"product-type-simple"},"uagb_featured_image_src":{"full":["https:\/\/vitaroma.fi\/wp-content\/uploads\/2025\/04\/f0c2b5_88e692fac59a455ba7114871eaf5b73fmv2.png",1080,1080,false],"thumbnail":["https:\/\/vitaroma.fi\/wp-content\/uploads\/2025\/04\/f0c2b5_88e692fac59a455ba7114871eaf5b73fmv2-150x150.png",150,150,true],"medium":["https:\/\/vitaroma.fi\/wp-content\/uploads\/2025\/04\/f0c2b5_88e692fac59a455ba7114871eaf5b73fmv2-300x300.png",300,300,true],"medium_large":["https:\/\/vitaroma.fi\/wp-content\/uploads\/2025\/04\/f0c2b5_88e692fac59a455ba7114871eaf5b73fmv2-768x768.png",768,768,true],"large":["https:\/\/vitaroma.fi\/wp-content\/uploads\/2025\/04\/f0c2b5_88e692fac59a455ba7114871eaf5b73fmv2-1024x1024.png",1024,1024,true],"1536x1536":["https:\/\/vitaroma.fi\/wp-content\/uploads\/2025\/04\/f0c2b5_88e692fac59a455ba7114871eaf5b73fmv2.png",1080,1080,false],"2048x2048":["https:\/\/vitaroma.fi\/wp-content\/uploads\/2025\/04\/f0c2b5_88e692fac59a455ba7114871eaf5b73fmv2.png",1080,1080,false],"trp-custom-language-flag":["https:\/\/vitaroma.fi\/wp-content\/uploads\/2025\/04\/f0c2b5_88e692fac59a455ba7114871eaf5b73fmv2-12x12.png",12,12,true],"woocommerce_thumbnail":["https:\/\/vitaroma.fi\/wp-content\/uploads\/2025\/04\/f0c2b5_88e692fac59a455ba7114871eaf5b73fmv2-300x300.png",300,300,true],"woocommerce_single":["https:\/\/vitaroma.fi\/wp-content\/uploads\/2025\/04\/f0c2b5_88e692fac59a455ba7114871eaf5b73fmv2-600x600.png",600,600,true],"woocommerce_gallery_thumbnail":["https:\/\/vitaroma.fi\/wp-content\/uploads\/2025\/04\/f0c2b5_88e692fac59a455ba7114871eaf5b73fmv2-100x100.png",100,100,true]},"uagb_author_info":{"display_name":"emilkemal4@gmail.com","author_link":"https:\/\/vitaroma.fi\/nn\/author\/"},"uagb_comment_info":0,"uagb_excerpt":"Sulava ja viilent\u00e4v\u00e4 mikro-emulsio, joka poistaa meikin ja ep\u00e4puhtaudet tehokkaasti, samalla kosteuttaen ihoa syv\u00e4lt\u00e4 matalamolekyylipainoisella hyaluronihapolla.","_links":{"self":[{"href":"https:\/\/vitaroma.fi\/nn\/wp-json\/wp\/v2\/product\/2270","targetHints":{"allow":["GET"]}}],"collection":[{"href":"https:\/\/vitaroma.fi\/nn\/wp-json\/wp\/v2\/product"}],"about":[{"href":"https:\/\/vitaroma.fi\/nn\/wp-json\/wp\/v2\/types\/product"}],"replies":[{"embeddable":true,"href":"https:\/\/vitaroma.fi\/nn\/wp-json\/wp\/v2\/comments?post=2270"}],"wp:featuredmedia":[{"embeddable":true,"href":"https:\/\/vitaroma.fi\/nn\/wp-json\/wp\/v2\/media\/2271"}],"wp:attachment":[{"href":"https:\/\/vitaroma.fi\/nn\/wp-json\/wp\/v2\/media?parent=2270"}],"wp:term":[{"taxonomy":"product_brand","embeddable":true,"href":"https:\/\/vitaroma.fi\/nn\/wp-json\/wp\/v2\/product_brand?post=2270"},{"taxonomy":"product_cat","embeddable":true,"href":"https:\/\/vitaroma.fi\/nn\/wp-json\/wp\/v2\/product_cat?post=2270"},{"taxonomy":"product_tag","embeddable":true,"href":"https:\/\/vitaroma.fi\/nn\/wp-json\/wp\/v2\/product_tag?post=2270"}],"curies":[{"name":"wp","href":"https:\/\/api.w.org\/{rel}","templated":true}]}}