{"id":2222,"date":"2025-04-25T22:37:07","date_gmt":"2025-04-25T22:37:07","guid":{"rendered":"https:\/\/vitaroma.fi\/?post_type=product&#038;p=2222"},"modified":"2025-04-25T22:37:07","modified_gmt":"2025-04-25T22:37:07","slug":"ekseption-ultim-eyes-cream","status":"publish","type":"product","link":"https:\/\/vitaroma.fi\/nn\/produkt\/ekseption-ultim-eyes-cream\/","title":{"rendered":"Ekseption Ultim-Eyes Cream"},"content":{"rendered":"<p class=\"\" data-start=\"503\" data-end=\"659\"><strong data-start=\"503\" data-end=\"579\">Ultim-eyes -voide on kehitetty erityisesti herk\u00e4lle silm\u00e4nymp\u00e4rysiholle.<\/strong><br data-start=\"579\" data-end=\"582\" \/>Se auttaa ehk\u00e4isem\u00e4\u00e4n ja korjaamaan <strong data-start=\"618\" data-end=\"651\">n\u00e4kyvi\u00e4 ik\u00e4\u00e4ntymisen merkkej\u00e4<\/strong>, kuten:<\/p>\n<ul data-start=\"661\" data-end=\"756\">\n<li class=\"\" data-start=\"661\" data-end=\"682\">\n<p class=\"\" data-start=\"663\" data-end=\"682\">hienoja juonteita<\/p>\n<\/li>\n<li class=\"\" data-start=\"683\" data-end=\"694\">\n<p class=\"\" data-start=\"685\" data-end=\"694\">ryppyj\u00e4<\/p>\n<\/li>\n<li class=\"\" data-start=\"695\" data-end=\"726\">\n<p class=\"\" data-start=\"697\" data-end=\"726\">ihon kiinteyden v\u00e4henemist\u00e4<\/p>\n<\/li>\n<li class=\"\" data-start=\"727\" data-end=\"743\">\n<p class=\"\" data-start=\"729\" data-end=\"743\">silm\u00e4pusseja<\/p>\n<\/li>\n<li class=\"\" data-start=\"744\" data-end=\"756\">\n<p class=\"\" data-start=\"746\" data-end=\"756\">turvotusta<\/p>\n<\/li>\n<\/ul>\n<p class=\"\" data-start=\"758\" data-end=\"910\"><strong data-start=\"758\" data-end=\"847\">Voiteen koostumus sis\u00e4lt\u00e4\u00e4 synergistisen yhdistelm\u00e4n maitohappoa ja korjauskompleksia<\/strong>, jotka ravitsevat ja silottavat silm\u00e4nymp\u00e4rysihoa tehokkaasti.<\/p>\n<p class=\"\" data-start=\"912\" data-end=\"1053\"><strong data-start=\"912\" data-end=\"971\">T\u00e4m\u00e4 rikas vesi-\u00f6ljy-emulsio kosteuttaa intensiivisesti<\/strong> ja kohdistaa vaikutuksensa kolmeen p\u00e4\u00e4asialliseen ihon ik\u00e4\u00e4ntymisen aiheuttajaan:<\/p>\n<ul data-start=\"1055\" data-end=\"1142\">\n<li class=\"\" data-start=\"1055\" data-end=\"1080\">\n<p class=\"\" data-start=\"1057\" data-end=\"1080\"><strong data-start=\"1057\" data-end=\"1078\">Kosteuden menetys<\/strong><\/p>\n<\/li>\n<li class=\"\" data-start=\"1081\" data-end=\"1107\">\n<p class=\"\" data-start=\"1083\" data-end=\"1107\"><strong data-start=\"1083\" data-end=\"1105\">Ihon veltostuminen<\/strong><\/p>\n<\/li>\n<li class=\"\" data-start=\"1108\" data-end=\"1142\">\n<p class=\"\" data-start=\"1110\" data-end=\"1142\"><strong data-start=\"1110\" data-end=\"1142\">Vapaiden radikaalien vauriot<\/strong><\/p>\n<\/li>\n<\/ul>\n<p class=\"\" data-start=\"1144\" data-end=\"1402\"><strong data-start=\"1144\" data-end=\"1165\">Ultim-eyes -voide<\/strong> v\u00e4hent\u00e4\u00e4 n\u00e4kyv\u00e4sti <strong data-start=\"1185\" data-end=\"1201\">silm\u00e4pussien<\/strong> ja <strong data-start=\"1205\" data-end=\"1222\">naururyppyjen<\/strong> esiintymist\u00e4 samalla kun se <strong data-start=\"1251\" data-end=\"1291\">rauhoittaa herkk\u00e4\u00e4 silm\u00e4nymp\u00e4rysihoa<\/strong>.<br data-start=\"1292\" data-end=\"1295\" \/>Sen <strong data-start=\"1299\" data-end=\"1345\">viilent\u00e4v\u00e4 ja eritt\u00e4in ravitseva koostumus<\/strong> tekee siit\u00e4 t\u00e4ydellisen tuotteen p\u00e4ivitt\u00e4iseen k\u00e4ytt\u00f6\u00f6n.<\/p>","protected":false},"excerpt":{"rendered":"<p class=\"\" data-start=\"1458\" data-end=\"1608\"><strong data-start=\"1458\" data-end=\"1608\">Tehokas ja ravitseva silm\u00e4nymp\u00e4rysvoide, joka v\u00e4hent\u00e4\u00e4 ryppyj\u00e4, turvotusta ja kosteuden menetyst\u00e4. Sopii erityisesti herk\u00e4lle silm\u00e4nymp\u00e4rysiholle.<\/strong><\/p>","protected":false},"featured_media":2223,"comment_status":"open","ping_status":"closed","template":"","meta":{"_surecart_dashboard_logo_width":"180px","_surecart_dashboard_show_logo":true,"_surecart_dashboard_navigation_orders":true,"_surecart_dashboard_navigation_invoices":true,"_surecart_dashboard_navigation_subscriptions":true,"_surecart_dashboard_navigation_downloads":true,"_surecart_dashboard_navigation_billing":true,"_surecart_dashboard_navigation_account":true,"_uag_custom_page_level_css":"","site-sidebar-layout":"default","site-content-layout":"","ast-site-content-layout":"default","site-content-style":"default","site-sidebar-style":"default","ast-global-header-display":"","ast-banner-title-visibility":"","ast-main-header-display":"","ast-hfb-above-header-display":"","ast-hfb-below-header-display":"","ast-hfb-mobile-header-display":"","site-post-title":"","ast-breadcrumbs-content":"","ast-featured-img":"","footer-sml-layout":"","theme-transparent-header-meta":"default","adv-header-id-meta":"","stick-header-meta":"default","header-above-stick-meta":"","header-main-stick-meta":"","header-below-stick-meta":"","astra-migrate-meta-layouts":"set","ast-page-background-enabled":"default","ast-page-background-meta":{"desktop":{"background-color":"var(--ast-global-color-4)","background-image":"","background-repeat":"repeat","background-position":"center center","background-size":"auto","background-attachment":"scroll","background-type":"","background-media":"","overlay-type":"","overlay-color":"","overlay-opacity":"","overlay-gradient":""},"tablet":{"background-color":"","background-image":"","background-repeat":"repeat","background-position":"center center","background-size":"auto","background-attachment":"scroll","background-type":"","background-media":"","overlay-type":"","overlay-color":"","overlay-opacity":"","overlay-gradient":""},"mobile":{"background-color":"","background-image":"","background-repeat":"repeat","background-position":"center center","background-size":"auto","background-attachment":"scroll","background-type":"","background-media":"","overlay-type":"","overlay-color":"","overlay-opacity":"","overlay-gradient":""}},"ast-content-background-meta":{"desktop":{"background-color":"var(--ast-global-color-5)","background-image":"","background-repeat":"repeat","background-position":"center center","background-size":"auto","background-attachment":"scroll","background-type":"","background-media":"","overlay-type":"","overlay-color":"","overlay-opacity":"","overlay-gradient":""},"tablet":{"background-color":"var(--ast-global-color-5)","background-image":"","background-repeat":"repeat","background-position":"center center","background-size":"auto","background-attachment":"scroll","background-type":"","background-media":"","overlay-type":"","overlay-color":"","overlay-opacity":"","overlay-gradient":""},"mobile":{"background-color":"var(--ast-global-color-5)","background-image":"","background-repeat":"repeat","background-position":"center center","background-size":"auto","background-attachment":"scroll","background-type":"","background-media":"","overlay-type":"","overlay-color":"","overlay-opacity":"","overlay-gradient":""}}},"product_brand":[120],"product_cat":[121],"product_tag":[123,131,128,129,127,130,124,122,125,126],"class_list":{"0":"post-2222","1":"product","2":"type-product","3":"status-publish","4":"has-post-thumbnail","6":"product_brand-ekseption","7":"product_cat-silmanymparysvoiteet","8":"product_tag-anti-aging-silmanymparys","9":"product_tag-ekseption-ultim-eyes-cream","10":"product_tag-korjaava-silmanymparysvoide","11":"product_tag-kosteuttava-silmanymparys","12":"product_tag-maitohappovoide","13":"product_tag-pehmentava-silmanymparys","14":"product_tag-ryppyja-ehkaiseva-voide","15":"product_tag-silmanymparysvoide","16":"product_tag-silmapussien-hoito","17":"product_tag-turvotusta-vahentava-voide","18":"desktop-align-left","19":"tablet-align-left","20":"mobile-align-left","22":"first","23":"instock","24":"shipping-taxable","25":"purchasable","26":"product-type-simple"},"uagb_featured_image_src":{"full":["https:\/\/vitaroma.fi\/wp-content\/uploads\/2025\/04\/f0c2b5_4d9e301201db474aaa363202c0758956mv2.png",1080,1080,false],"thumbnail":["https:\/\/vitaroma.fi\/wp-content\/uploads\/2025\/04\/f0c2b5_4d9e301201db474aaa363202c0758956mv2-150x150.png",150,150,true],"medium":["https:\/\/vitaroma.fi\/wp-content\/uploads\/2025\/04\/f0c2b5_4d9e301201db474aaa363202c0758956mv2-300x300.png",300,300,true],"medium_large":["https:\/\/vitaroma.fi\/wp-content\/uploads\/2025\/04\/f0c2b5_4d9e301201db474aaa363202c0758956mv2-768x768.png",768,768,true],"large":["https:\/\/vitaroma.fi\/wp-content\/uploads\/2025\/04\/f0c2b5_4d9e301201db474aaa363202c0758956mv2-1024x1024.png",1024,1024,true],"1536x1536":["https:\/\/vitaroma.fi\/wp-content\/uploads\/2025\/04\/f0c2b5_4d9e301201db474aaa363202c0758956mv2.png",1080,1080,false],"2048x2048":["https:\/\/vitaroma.fi\/wp-content\/uploads\/2025\/04\/f0c2b5_4d9e301201db474aaa363202c0758956mv2.png",1080,1080,false],"trp-custom-language-flag":["https:\/\/vitaroma.fi\/wp-content\/uploads\/2025\/04\/f0c2b5_4d9e301201db474aaa363202c0758956mv2-12x12.png",12,12,true],"woocommerce_thumbnail":["https:\/\/vitaroma.fi\/wp-content\/uploads\/2025\/04\/f0c2b5_4d9e301201db474aaa363202c0758956mv2-300x300.png",300,300,true],"woocommerce_single":["https:\/\/vitaroma.fi\/wp-content\/uploads\/2025\/04\/f0c2b5_4d9e301201db474aaa363202c0758956mv2-600x600.png",600,600,true],"woocommerce_gallery_thumbnail":["https:\/\/vitaroma.fi\/wp-content\/uploads\/2025\/04\/f0c2b5_4d9e301201db474aaa363202c0758956mv2-100x100.png",100,100,true]},"uagb_author_info":{"display_name":"emilkemal4@gmail.com","author_link":"https:\/\/vitaroma.fi\/nn\/author\/"},"uagb_comment_info":0,"uagb_excerpt":"Tehokas ja ravitseva silm\u00e4nymp\u00e4rysvoide, joka v\u00e4hent\u00e4\u00e4 ryppyj\u00e4, turvotusta ja kosteuden menetyst\u00e4. Sopii erityisesti herk\u00e4lle silm\u00e4nymp\u00e4rysiholle.","_links":{"self":[{"href":"https:\/\/vitaroma.fi\/nn\/wp-json\/wp\/v2\/product\/2222","targetHints":{"allow":["GET"]}}],"collection":[{"href":"https:\/\/vitaroma.fi\/nn\/wp-json\/wp\/v2\/product"}],"about":[{"href":"https:\/\/vitaroma.fi\/nn\/wp-json\/wp\/v2\/types\/product"}],"replies":[{"embeddable":true,"href":"https:\/\/vitaroma.fi\/nn\/wp-json\/wp\/v2\/comments?post=2222"}],"wp:featuredmedia":[{"embeddable":true,"href":"https:\/\/vitaroma.fi\/nn\/wp-json\/wp\/v2\/media\/2223"}],"wp:attachment":[{"href":"https:\/\/vitaroma.fi\/nn\/wp-json\/wp\/v2\/media?parent=2222"}],"wp:term":[{"taxonomy":"product_brand","embeddable":true,"href":"https:\/\/vitaroma.fi\/nn\/wp-json\/wp\/v2\/product_brand?post=2222"},{"taxonomy":"product_cat","embeddable":true,"href":"https:\/\/vitaroma.fi\/nn\/wp-json\/wp\/v2\/product_cat?post=2222"},{"taxonomy":"product_tag","embeddable":true,"href":"https:\/\/vitaroma.fi\/nn\/wp-json\/wp\/v2\/product_tag?post=2222"}],"curies":[{"name":"wp","href":"https:\/\/api.w.org\/{rel}","templated":true}]}}