{"id":2577,"date":"2025-07-22T11:01:50","date_gmt":"2025-07-22T09:01:50","guid":{"rendered":"https:\/\/vitaroma.fi\/?page_id=2577"},"modified":"2025-08-28T14:11:34","modified_gmt":"2025-08-28T12:11:34","slug":"eksosomihoidot","status":"publish","type":"page","link":"https:\/\/vitaroma.fi\/nn\/eksosomihoidot\/","title":{"rendered":"Eksosomihoidot"},"content":{"rendered":"<div class=\"wp-block-uagb-container uagb-block-5451af51 alignfull uagb-is-root-container\"><div class=\"uagb-container-inner-blocks-wrap\">\n<div class=\"wp-block-uagb-advanced-heading uagb-block-f45ed1f8\"><h1 class=\"uagb-heading-text\">Eksosomihoidot<\/h1><\/div>\n<\/div><\/div>\n\n\n\n<div class=\"wp-block-uagb-container uagb-block-wlmazrwo alignfull uagb-is-root-container\"><div class=\"uagb-container-inner-blocks-wrap\">\n<div class=\"wp-block-uagb-container uagb-block-0btjzulc alignfull uagb-is-root-container\"><div class=\"uagb-container-inner-blocks-wrap\">\n<div class=\"wp-block-uagb-image alignleft uagb-block-6xnwaqpe wp-block-uagb-image--layout-default wp-block-uagb-image--effect-static wp-block-uagb-image--align-left\"><figure class=\"wp-block-uagb-image__figure\"><img decoding=\"async\" srcset=\"https:\/\/vitaroma.fi\/wp-content\/uploads\/2025\/07\/RF-Microneedling-Exosome-Therapy-for-Skin-Rejuvenation-Hair-Loss-Treatment-London-6-1024x683.webp ,https:\/\/vitaroma.fi\/wp-content\/uploads\/2025\/07\/RF-Microneedling-Exosome-Therapy-for-Skin-Rejuvenation-Hair-Loss-Treatment-London-6.webp 780w, https:\/\/vitaroma.fi\/wp-content\/uploads\/2025\/07\/RF-Microneedling-Exosome-Therapy-for-Skin-Rejuvenation-Hair-Loss-Treatment-London-6.webp 360w\" sizes=\"auto, (max-width: 480px) 150px\" src=\"https:\/\/vitaroma.fi\/wp-content\/uploads\/2025\/07\/RF-Microneedling-Exosome-Therapy-for-Skin-Rejuvenation-Hair-Loss-Treatment-London-6-1024x683.webp\" alt=\"\" class=\"uag-image-2588\" width=\"564\" height=\"400\" title=\"RF-Microneedling-Exosome-Therapy-for-Skin-Rejuvenation-Hair-Loss-Treatment-London-6\" loading=\"lazy\" role=\"img\"\/><\/figure><\/div>\n\n\n\n<div class=\"wp-block-uagb-container uagb-block-xrkfcv1q\">\n<div class=\"wp-block-uagb-info-box uagb-block-amettuy1 uagb-infobox__content-wrap  uagb-infobox-icon-above-title uagb-infobox-image-valign-top\"><div class=\"uagb-ifb-content\"><div class=\"uagb-ifb-title-wrap\"><h3 class=\"uagb-ifb-title\"><strong><strong>Eksosomihoidot \u2013 Solutason uudistusta ja ihon optimaalista elvytyst\u00e4<\/strong><\/strong><\/h3><\/div><p class=\"uagb-ifb-desc\">Eksosomihoito on huipputeknologinen, l\u00e4\u00e4ketieteeseen pohjautuva ihonhoitomenetelm\u00e4, joka hy\u00f6dynt\u00e4\u00e4 solujen v\u00e4list\u00e4 viestint\u00e4\u00e4 tukevia eksosomeja \u2013 pieni\u00e4, mutta tehokkaita solul\u00e4hetteit\u00e4, jotka sis\u00e4lt\u00e4v\u00e4t kasvutekij\u00f6it\u00e4, peptidej\u00e4 ja proteiineja. Ne aktivoivat ihon omia korjausprosesseja ja uudistavat ihoa syv\u00e4lt\u00e4 \u2013 ilman kirurgisia toimenpiteit\u00e4 tai pitki\u00e4 toipumisaikoja.<br>Hoito sopii useimmille ihotyypeille ja tarjoaa ratkaisuja ik\u00e4\u00e4ntymisen merkkeihin, pigmenttimuutoksiin, akneen, arpiin sek\u00e4 sameaan ja elottomaan ihoon. Eksosomit auttavat ihoa toimimaan nuoren, terveen ihon tavoin.<\/p><\/div><\/div>\n<\/div>\n<\/div><\/div>\n<\/div><\/div>\n\n\n\n<div class=\"wp-block-uagb-container uagb-block-onenjlwh alignfull uagb-is-root-container\"><div class=\"uagb-container-inner-blocks-wrap\">\n<div class=\"wp-block-uagb-info-box uagb-block-kdw4sbfe uagb-infobox__content-wrap  uagb-infobox-icon-above-title uagb-infobox-image-valign-top\"><div class=\"uagb-ifb-content\"><div class=\"uagb-ifb-title-wrap\"><h2 class=\"uagb-ifb-title\"><strong><strong>Hoitojakso ja yll\u00e4pito<\/strong><\/strong><\/h2><\/div><p class=\"uagb-ifb-desc\">Parhaan mahdollisen tuloksen saavuttamiseksi suositellaan 3\u20135 hoitokerran sarjaa noin 2\u20134 viikon v\u00e4lein. T\u00e4m\u00e4n j\u00e4lkeen hoitotuloksia voidaan yll\u00e4pit\u00e4\u00e4 yksitt\u00e4isill\u00e4 hoidoilla ihon tarpeiden mukaan, esimerkiksi 2\u20133 kertaa vuodessa.<br><br><strong>Eksosomihoidon vaikutuksia:<\/strong><br>Aktivoi solujen uusiutumista ja ihon korjaantumista<br>Tehostaa kollageenin ja elastiinin tuotantoa<br>Tasoittaa ihon s\u00e4vy\u00e4 ja rakennetta<br>V\u00e4hent\u00e4\u00e4 ryppyj\u00e4 ja hienoja juonteita<br>Rauhoittaa tulehdustilaa ja punoitusta<br>Nopeuttaa arpien ja muiden vaurioiden paranemista<br><br><strong>Teho perustuu tieteeseen:<\/strong><br>Eksosomit toimivat &#8221;\u00e4lykk\u00e4\u00e4n\u00e4 viestinviej\u00e4n\u00e4&#8221;, jotka v\u00e4litt\u00e4v\u00e4t uudistavia signaaleja ihosoluille. Ne stimuloivat fibroblasteja ja edist\u00e4v\u00e4t ihon omaa paranemisprosessia, joka n\u00e4kyy tasaisempana, kiinte\u00e4mp\u00e4n\u00e4 ja kirkkaampana ihona jo muutaman hoitokerran j\u00e4lkeen.<\/p><\/div><\/div>\n\n\n\n<div class=\"wp-block-uagb-info-box uagb-block-6e57ece0 uagb-infobox__content-wrap  uagb-infobox-icon-above-title uagb-infobox-image-valign-top\"><div class=\"uagb-ifb-content\"><div class=\"uagb-ifb-title-wrap\"><h2 class=\"uagb-ifb-title\"><strong><strong>Kenelle eksosomihoito sopii?<br><\/strong><\/strong><\/h2><\/div><p class=\"uagb-ifb-desc\"><strong>Ik\u00e4\u00e4ntymisen merkit<\/strong>: hienot juonteet, kimmoisuuden heikkeneminen, sameus<br><strong>Pigmenttimuutokset ja ep\u00e4tasainen s\u00e4vy<\/strong><br><strong>Akneen taipuvainen tai herk\u00e4sti \u00e4rtyv\u00e4 iho<\/strong>, punoituksen rauhoitus<br><strong>Arvet<\/strong>: erityisesti post-aknearvet (v\u00e4ri\/tekstuurin pehmeneminen)<br><strong>Laajentuneet huokoset<\/strong> ja ep\u00e4tasainen pintatekstuuri<br><strong>Eloton, v\u00e4synyt iho<\/strong>, joka kaipaa hehkua ja palautumista<br><strong>Arvioidaan ensin<\/strong>: aktiivinen ihotulehdus\/infektio, tuore rusketus, voimakkaat retinoidi- tai happokuurit, raskauden\/imetysaika (tapauskohtainen arvio).<\/p><\/div><\/div>\n\n\n\n<div class=\"wp-block-uagb-info-box uagb-block-29b83eb8 uagb-infobox__content-wrap  uagb-infobox-icon-above-title uagb-infobox-image-valign-top\"><div class=\"uagb-ifb-content\"><div class=\"uagb-ifb-title-wrap\"><h2 class=\"uagb-ifb-title\"><strong><strong>Miten hoito toimii \u2013 vaihe vaiheelta (klinikkaprotokolla)<br><\/strong><\/strong><\/h2><\/div><p class=\"uagb-ifb-desc\"><strong>Konsultaatio &amp; ihoanalyysi<\/strong><br>Tavoitteet, ihotyyppi ja mahdolliset vasta-aiheet k\u00e4yd\u00e4\u00e4n l\u00e4pi. Laadimme <strong>yksil\u00f6llisen suunnitelman<\/strong> (yhdistelm\u00e4t, sarja, kotihoito).<br><strong>Valmistelu<\/strong><br><strong>Kaksoispuhdistus<\/strong> ja tarvittaessa <strong>eritt\u00e4in kevyt kuorinta<\/strong> (entsyymi\/hell\u00e4 AHA) parantavat aktiiviaineiden imeytymist\u00e4.<br><strong>Ihon l\u00e4p\u00e4isevyyden aktivointi (valinnainen)<\/strong><br>Tulosten tehostamiseksi voidaan k\u00e4ytt\u00e4\u00e4 jotakin seuraavista, ihon tarpeen ja herkkyyden mukaan:<br><strong>Hydrafacial \/ aqua-puhdistus<\/strong> (syv\u00e4puhdistus + infuusio),<br><strong>Mikroneulaus (Dermapen 4)<\/strong> matalilla syvyyksill\u00e4 \u2013 mikrokanavat <strong>edist\u00e4v\u00e4t eksosomiseerumin imeytymist\u00e4<\/strong>,<br><strong>LED-valo<\/strong> (punainen\/NIR) rauhoituksen ja korjaussignaalien tueksi.<br><strong>Eksosomiseerumin infuusio<\/strong><br>Levitet\u00e4\u00e4n <strong>EV-\/eksosomipohjainen seerumi<\/strong> hoitoalueelle ja hierotaan\/infusoidaan protokollan mukaan (ilman neulaa tai matalan syvyyden mikroneulauksella, jos valittu).<br><strong>Sulku &amp; suoja<\/strong><br><strong>Kosteuttava\/rauhoittava naamio<\/strong> lukitsee aktiivit. P\u00e4iv\u00e4saikaan lis\u00e4t\u00e4\u00e4n <strong>SPF<\/strong>. Saat <strong>yksil\u00f6lliset kotihoito-ohjeet<\/strong>.<br><strong>Kesto<\/strong>: yleens\u00e4 <strong>45\u201375 min<\/strong> yhdistelmist\u00e4 riippuen. Arkeen paluu heti.<\/p><\/div><\/div>\n\n\n\n<div class=\"wp-block-uagb-image uagb-block-2f209433 wp-block-uagb-image--layout-default wp-block-uagb-image--effect-static wp-block-uagb-image--align-none\"><figure class=\"wp-block-uagb-image__figure\"><img decoding=\"async\" srcset=\"https:\/\/vitaroma.fi\/wp-content\/uploads\/2025\/08\/24-188_25.png ,https:\/\/vitaroma.fi\/wp-content\/uploads\/2025\/08\/24-188_25.png 780w, https:\/\/vitaroma.fi\/wp-content\/uploads\/2025\/08\/24-188_25.png 360w\" sizes=\"auto, (max-width: 480px) 150px\" src=\"https:\/\/vitaroma.fi\/wp-content\/uploads\/2025\/08\/24-188_25.png\" alt=\"\" class=\"uag-image-2694\" width=\"700\" height=\"480\" title=\"24-188_25\" loading=\"lazy\" role=\"img\"\/><\/figure><\/div>\n\n\n\n<div class=\"wp-block-uagb-info-box uagb-block-8c787193 uagb-infobox__content-wrap  uagb-infobox-icon-above-title uagb-infobox-image-valign-top\"><div class=\"uagb-ifb-content\"><div class=\"uagb-ifb-title-wrap\"><h2 class=\"uagb-ifb-title\"><strong><strong>Mit\u00e4 ihossa tapahtuu \u2013 vaikutusmekanismit (ytimekk\u00e4\u00e4sti)<br><\/strong><\/strong><\/h2><\/div><p class=\"uagb-ifb-desc\"><strong>Barri\u00e4\u00e4rin vahvistus:<\/strong> lipidi- ja peptidisignaalit tukevat suojakerrosta \u2192 v\u00e4hemm\u00e4n kiristyst\u00e4\/herkistymist\u00e4<br><strong>Tulehduksen hillint\u00e4:<\/strong> punoitus ja reaktiivisuus rauhoittuvat ajan kanssa<br><strong>Uudelleenmuodostus:<\/strong> fibroblastien toiminnan tuki \u2192 <strong>kollageenin\/elastiinin<\/strong> luonnollinen synteesi<br><strong>Laadun paraneminen:<\/strong> tasaisempi s\u00e4vy, pehme\u00e4mpi pinta, \u201chealthy glow\u201d<br><br><\/p><\/div><\/div>\n\n\n\n<div class=\"wp-block-uagb-info-box uagb-block-628c03eb uagb-infobox__content-wrap  uagb-infobox-icon-above-title uagb-infobox-image-valign-top\"><div class=\"uagb-ifb-content\"><div class=\"uagb-ifb-title-wrap\"><h2 class=\"uagb-ifb-title\"><strong><strong>Tulokset &amp; aikajana<br><\/strong><\/strong><\/h2><\/div><p class=\"uagb-ifb-desc\"><strong>Heti:<\/strong> parempi kosteustuntuma, rauhoittunut ja hele\u00e4 iho<br><strong>2\u20136 viikkoa:<\/strong> s\u00e4vyn tasoittuminen, pintatekstuurin pehmeneminen, kirkkaampi ilme<br><strong>6\u201312+ viikkoa:<\/strong> kimmoisuuden ja juonteiden hienovarainen kohentuminen, arpien\/ep\u00e4tasaisuuksien pehmeneminen (yksil\u00f6llist\u00e4)<br><\/p><\/div><\/div>\n\n\n\n<div class=\"wp-block-uagb-info-box uagb-block-c2d3ff70 uagb-infobox__content-wrap  uagb-infobox-icon-above-title uagb-infobox-image-valign-top\"><div class=\"uagb-ifb-content\"><div class=\"uagb-ifb-title-wrap\"><h2 class=\"uagb-ifb-title\"><strong><strong>Hoitojakso ja yll\u00e4pito<br><\/strong><\/strong><\/h2><\/div><p class=\"uagb-ifb-desc\">Parhaaseen lopputulokseen suositellaan <strong>3\u20135 hoitoa<\/strong> <strong>2\u20134 viikon v\u00e4lein<\/strong>. Yll\u00e4pitoa <strong>2\u20133 kertaa vuodessa<\/strong> tai ihon kausivaihtelun mukaan. Yhdist\u00e4minen (oikealla ajoituksella) parantaa vasteita:<br><strong>Dermapen 4<\/strong>: mikrokanavat tehostavat eksosomien imeytymist\u00e4<br><strong>Hydrafacial<\/strong>: puhdas, vastaanottavainen iho ennen infuusiota<br><strong>LED-valo<\/strong>: rauhoittaa ja tukee kudosten palautumista<br><strong>BBL-laser \/ kylm\u00e4 plasma<\/strong>: valikoidusti, aina yksil\u00f6llisen suunnitelman mukaan<br><br><\/p><\/div><\/div>\n\n\n\n<div class=\"wp-block-uagb-info-box uagb-block-4f59d7fa uagb-infobox__content-wrap  uagb-infobox-icon-above-title uagb-infobox-image-valign-top\"><div class=\"uagb-ifb-content\"><div class=\"uagb-ifb-title-wrap\"><h2 class=\"uagb-ifb-title\"><strong><strong>Ennen hoitoa \u2013 valmistautuminen<br><\/strong><\/strong><\/h2><\/div><p class=\"uagb-ifb-desc\">Tauota <strong>retinoidit, AHA\/BHA-kuorinnat<\/strong> <strong>3\u20135 p\u00e4iv\u00e4\u00e4<\/strong> ennen<br>Ei <strong>itseruskettavia\/solariumia<\/strong> 1\u20132 viikkoon<br>Saavu <strong>puhdasta ihoa<\/strong> suosien; parranajo edellisen\u00e4 iltana<br>Ilmoita <strong>l\u00e4\u00e4kitykset, allergiat ja aiemmat reaktiot<\/strong><br><\/p><\/div><\/div>\n\n\n\n<div class=\"wp-block-uagb-image uagb-block-da7092ce wp-block-uagb-image--layout-default wp-block-uagb-image--effect-static wp-block-uagb-image--align-none\"><figure class=\"wp-block-uagb-image__figure\"><img decoding=\"async\" srcset=\"https:\/\/vitaroma.fi\/wp-content\/uploads\/2025\/08\/670e592d244fae7c3bdeb15c_Kep34-1024x773.jpg ,https:\/\/vitaroma.fi\/wp-content\/uploads\/2025\/08\/670e592d244fae7c3bdeb15c_Kep34.jpg 780w, https:\/\/vitaroma.fi\/wp-content\/uploads\/2025\/08\/670e592d244fae7c3bdeb15c_Kep34.jpg 360w\" sizes=\"auto, (max-width: 480px) 150px\" src=\"https:\/\/vitaroma.fi\/wp-content\/uploads\/2025\/08\/670e592d244fae7c3bdeb15c_Kep34-1024x773.jpg\" alt=\"\" class=\"uag-image-2693\" width=\"1920\" height=\"1450\" title=\"670e592d244fae7c3bdeb15c_Ke\u0301p34\" loading=\"lazy\" role=\"img\"\/><\/figure><\/div>\n\n\n\n<div class=\"wp-block-uagb-info-box uagb-block-fcde575d uagb-infobox__content-wrap  uagb-infobox-icon-above-title uagb-infobox-image-valign-top\"><div class=\"uagb-ifb-content\"><div class=\"uagb-ifb-title-wrap\"><h2 class=\"uagb-ifb-title\"><strong><strong>Hoidon j\u00e4lkeen \u2013 j\u00e4lkihoito<br><\/strong><\/strong><\/h2><\/div><p class=\"uagb-ifb-desc\"><strong>SPF 30\u201350<\/strong> p\u00e4ivitt\u00e4in; v\u00e4lt\u00e4 suoraa aurinkoa <strong>1\u20132 viikkoa<\/strong><br><strong>Ei vahvoja kuorintoja\/retinoideja<\/strong> 3\u20135 p\u00e4iv\u00e4\u00e4n<br>Hell\u00e4 puhdistus + <strong>kosteuttava, barri\u00e4\u00e4ri\u00e4 tukeva<\/strong> kotihoito (hyaluronihappo, pantenoli, keramidit)<br>Kevyt punoitus mahdollinen 0\u201324 h; meikki, kun iho tuntuu mukavalta<\/p><\/div><\/div>\n\n\n\n<div class=\"wp-block-uagb-info-box uagb-block-dd49f3e7 uagb-infobox__content-wrap  uagb-infobox-icon-above-title uagb-infobox-image-valign-top\"><div class=\"uagb-ifb-content\"><div class=\"uagb-ifb-title-wrap\"><h2 class=\"uagb-ifb-title\"><strong><strong>Usein kysytyt kysymykset (UKK)<br><\/strong><\/strong><\/h2><\/div><p class=\"uagb-ifb-desc\"><strong>Onko eksosomihoito turvallinen?<\/strong><br>Kosmeettiseen k\u00e4ytt\u00f6\u00f6n suunnitellut, <strong>soluttomat EV-\/eksosomiformulaatiot<\/strong> ovat steriilej\u00e4 ja laaduntarkastettuja. Arvioimme aina <strong>yksil\u00f6lliset vasta-aiheet<\/strong>.<br><strong>Onko hoito neulaton?<\/strong><br>Kyll\u00e4 \u2013 eksosomit voidaan <strong>infusoida ilman neulaa<\/strong>. Halutessa <strong>mikroneulaus<\/strong> voidaan yhdist\u00e4\u00e4 matalilla syvyyksill\u00e4 imeytymisen tehostamiseksi.<br><strong>Milloin n\u00e4en tulokset?<\/strong><br>Usein <strong>ensimm\u00e4isen hoidon j\u00e4lkeen<\/strong> n\u00e4kyy hehkua ja tasoittumista; rakenteellisemmat muutokset kehittyv\u00e4t <strong>viikkojen kuluessa<\/strong> sarjahoidossa.<br><strong>Voiko hoidon yhdist\u00e4\u00e4 muihin palveluihin?<\/strong><br>Kyll\u00e4; suunnittelemme <strong>turvallisen aikataulun<\/strong> (esim. Dermapen 4, Hydrafacial, LED, BBL, kylm\u00e4 plasma).<br><strong>Sopiiko herk\u00e4lle iholle?<\/strong><br>Usein kyll\u00e4, koska suunnittelemme <strong>barri\u00e4\u00e4ri\u00e4 tukevan protokollan<\/strong>. Aktiivisten ihottumien\/laitehoitojen j\u00e4lkeen ajoitus sovitaan.<\/p><\/div><\/div>\n\n\n\n<div class=\"wp-block-uagb-info-box uagb-block-98135f7a uagb-infobox__content-wrap  uagb-infobox-icon-above-title uagb-infobox-image-valign-top\"><div class=\"uagb-ifb-content\"><div class=\"uagb-ifb-title-wrap\"><h2 class=\"uagb-ifb-title\"><strong><strong>Miksi valita Vitaroma?<br><\/strong><\/strong><\/h2><\/div><p class=\"uagb-ifb-desc\"><strong>R\u00e4\u00e4t\u00e4l\u00f6idyt protokollat<\/strong>: ihoanalyysi, oikeat yhdistelm\u00e4t ja realistiset tavoitteet<br><strong>Ei-invasiivinen polku<\/strong> kohti <strong>tasapainoisempaa, kirkkaampaa ja kimmoisampaa<\/strong> ihoa<br><strong>Selke\u00e4t kotihoito-ohjeet<\/strong> ja seuranta \u2013 tulosten yll\u00e4pitoon<br><strong>Varaa aika eksosomihoitoon \u2192<\/strong><br><br><\/p><\/div><\/div>\n<\/div><\/div>\n\n\n\n<div class=\"wp-block-uagb-container uagb-block-9caa1a47 alignfull uagb-is-root-container\"><div class=\"uagb-container-inner-blocks-wrap\">\n<div class=\"wp-block-uagb-advanced-heading uagb-block-1ed0e64e\"><div class=\"uagb-heading-text\">Anna meid\u00e4n auttaa<\/div><\/div>\n\n\n\n<div class=\"wp-block-uagb-advanced-heading uagb-block-3a57683f\"><h2 class=\"uagb-heading-text\">Ota meihin yhteytt\u00e4<\/h2><\/div>\n\n\n\n<div class=\"wp-block-uagb-buttons uagb-buttons__outer-wrap uagb-btn__default-btn uagb-btn-tablet__default-btn uagb-btn-mobile__default-btn uagb-block-9979be0d\"><div class=\"uagb-buttons__wrap uagb-buttons-layout-wrap\">\n<div class=\"wp-block-uagb-buttons-child uagb-buttons__outer-wrap uagb-block-84fd34e5 wp-block-button\"><div class=\"uagb-button__wrapper\"><a class=\"uagb-buttons-repeater wp-block-button__link\" aria-label=\"\" href=\"https:\/\/timma.fi\/yritys\/kauneuskeskus-vitaroma\" rel=\"follow noopener\" target=\"_self\" role=\"button\"><div class=\"uagb-button__link\">Varaa Aika<\/div><\/a><\/div><\/div>\n<\/div><\/div>\n\n\n\n<div class=\"wp-block-uagb-buttons uagb-buttons__outer-wrap uagb-btn__default-btn uagb-btn-tablet__default-btn uagb-btn-mobile__default-btn uagb-block-f7add131\"><div class=\"uagb-buttons__wrap uagb-buttons-layout-wrap\">\n<div class=\"wp-block-uagb-buttons-child uagb-buttons__outer-wrap uagb-block-0c11dd62 wp-block-button\"><div class=\"uagb-button__wrapper\"><a class=\"uagb-buttons-repeater wp-block-button__link\" aria-label=\"\" href=\"https:\/\/vitaroma.fi\/nn\/ota-yhteytta\/\" rel=\"follow noopener\" target=\"_self\" role=\"button\"><div class=\"uagb-button__link\">Ota yhteytt\u00e4<\/div><\/a><\/div><\/div>\n<\/div><\/div>\n\n\n\n<div class=\"wp-block-uagb-buttons uagb-buttons__outer-wrap uagb-btn__default-btn uagb-btn-tablet__default-btn uagb-btn-mobile__default-btn uagb-block-69da2b3b\"><div class=\"uagb-buttons__wrap uagb-buttons-layout-wrap\">\n<div class=\"wp-block-uagb-buttons-child uagb-buttons__outer-wrap uagb-block-1018754e wp-block-button\"><div class=\"uagb-button__wrapper\"><a class=\"uagb-buttons-repeater wp-block-button__link\" aria-label=\"\" href=\"https:\/\/vitaroma.fi\/nn\/tietoa-meista\/\" rel=\"follow noopener\" target=\"_self\" role=\"button\"><div class=\"uagb-button__link\">Tietoa meist\u00e4<\/div><\/a><\/div><\/div>\n<\/div><\/div>\n\n\n\n<div class=\"wp-block-uagb-advanced-heading uagb-block-838a0a13\"><div class=\"uagb-separator\"><\/div><h3 class=\"uagb-heading-text\">Ilmaista neuvontaa? 050 365 2103<\/h3><\/div>\n\n\n\n<!-- Font Awesome CDN -->\n<link rel=\"stylesheet\" href=\"https:\/\/cdnjs.cloudflare.com\/ajax\/libs\/font-awesome\/6.4.0\/css\/all.min.css\">\n\n<div class=\"social-links\">\n  <a href=\"https:\/\/www.instagram.com\/kauneuskeskusvitaroma_clinic\/\" target=\"_blank\" rel=\"noopener\" class=\"instagram\">\n    <i class=\"fab fa-instagram\"><\/i> Kauneuskeskus Vitaroma\n  <\/a>\n  <a href=\"https:\/\/www.facebook.com\/61567042467466\/about\/\" target=\"_blank\" rel=\"noopener\" class=\"facebook\">\n    <i class=\"fab fa-facebook\"><\/i> Kauneuskeskus Vitaroma\n  <\/a>\n<\/div>\n\n<style>\n  .social-links {\n    display: flex;\n    justify-content: center;\n    gap: 20px;\n    margin-top: 10px;\n  }\n\n  .social-links a {\n    display: flex;\n    align-items: center;\n    gap: 10px;\n    padding: 12px 20px;\n    font-size: 18px;\n    font-weight: 600;\n    text-decoration: none;\n    color: #fff;\n    background: rgba(0, 0, 0, 0.35);\n    border: 2px solid rgba(255, 255, 255, 0.5);\n    border-radius: 8px;\n    transition: all 0.3s ease;\n    box-shadow: 0 3px 8px rgba(0, 0, 0, 0.2);\n    backdrop-filter: blur(5px);\n  }\n\n  .social-links a i {\n    font-size: 22px;\n  }\n\n  \/* Hover efektleri *\/\n  .social-links a.instagram:hover {\n    background: #E1306C;\n    color: #fff;\n    border-color: #E1306C;\n  }\n\n  .social-links a.facebook:hover {\n    background: #1877F2;\n    color: #fff;\n    border-color: #1877F2;\n  }\n<\/style>\n\n<\/div><\/div>","protected":false},"excerpt":{"rendered":"<p>Eksosomihoidot<\/p>","protected":false},"author":2,"featured_media":0,"parent":0,"menu_order":0,"comment_status":"closed","ping_status":"closed","template":"","meta":{"_surecart_dashboard_logo_width":"180px","_surecart_dashboard_show_logo":true,"_surecart_dashboard_navigation_orders":true,"_surecart_dashboard_navigation_invoices":true,"_surecart_dashboard_navigation_subscriptions":true,"_surecart_dashboard_navigation_downloads":true,"_surecart_dashboard_navigation_billing":true,"_surecart_dashboard_navigation_account":true,"_uag_custom_page_level_css":"","site-sidebar-layout":"default","site-content-layout":"","ast-site-content-layout":"default","site-content-style":"default","site-sidebar-style":"default","ast-global-header-display":"","ast-banner-title-visibility":"","ast-main-header-display":"","ast-hfb-above-header-display":"","ast-hfb-below-header-display":"","ast-hfb-mobile-header-display":"","site-post-title":"disabled","ast-breadcrumbs-content":"","ast-featured-img":"","footer-sml-layout":"","ast-disable-related-posts":"","theme-transparent-header-meta":"","adv-header-id-meta":"","stick-header-meta":"","header-above-stick-meta":"","header-main-stick-meta":"","header-below-stick-meta":"","astra-migrate-meta-layouts":"set","ast-page-background-enabled":"default","ast-page-background-meta":{"desktop":{"background-color":"var(--ast-global-color-4)","background-image":"","background-repeat":"repeat","background-position":"center center","background-size":"auto","background-attachment":"scroll","background-type":"","background-media":"","overlay-type":"","overlay-color":"","overlay-opacity":"","overlay-gradient":""},"tablet":{"background-color":"","background-image":"","background-repeat":"repeat","background-position":"center center","background-size":"auto","background-attachment":"scroll","background-type":"","background-media":"","overlay-type":"","overlay-color":"","overlay-opacity":"","overlay-gradient":""},"mobile":{"background-color":"","background-image":"","background-repeat":"repeat","background-position":"center center","background-size":"auto","background-attachment":"scroll","background-type":"","background-media":"","overlay-type":"","overlay-color":"","overlay-opacity":"","overlay-gradient":""}},"ast-content-background-meta":{"desktop":{"background-color":"var(--ast-global-color-5)","background-image":"","background-repeat":"repeat","background-position":"center center","background-size":"auto","background-attachment":"scroll","background-type":"","background-media":"","overlay-type":"","overlay-color":"","overlay-opacity":"","overlay-gradient":""},"tablet":{"background-color":"var(--ast-global-color-5)","background-image":"","background-repeat":"repeat","background-position":"center center","background-size":"auto","background-attachment":"scroll","background-type":"","background-media":"","overlay-type":"","overlay-color":"","overlay-opacity":"","overlay-gradient":""},"mobile":{"background-color":"var(--ast-global-color-5)","background-image":"","background-repeat":"repeat","background-position":"center center","background-size":"auto","background-attachment":"scroll","background-type":"","background-media":"","overlay-type":"","overlay-color":"","overlay-opacity":"","overlay-gradient":""}},"footnotes":""},"class_list":["post-2577","page","type-page","status-publish","hentry"],"uagb_featured_image_src":{"full":false,"thumbnail":false,"medium":false,"medium_large":false,"large":false,"1536x1536":false,"2048x2048":false,"trp-custom-language-flag":false,"woocommerce_thumbnail":false,"woocommerce_single":false,"woocommerce_gallery_thumbnail":false},"uagb_author_info":{"display_name":"vitaroma.fi","author_link":"https:\/\/vitaroma.fi\/nn\/author\/vitaroma-fi\/"},"uagb_comment_info":0,"uagb_excerpt":"Eksosomihoidot","_links":{"self":[{"href":"https:\/\/vitaroma.fi\/nn\/wp-json\/wp\/v2\/pages\/2577","targetHints":{"allow":["GET"]}}],"collection":[{"href":"https:\/\/vitaroma.fi\/nn\/wp-json\/wp\/v2\/pages"}],"about":[{"href":"https:\/\/vitaroma.fi\/nn\/wp-json\/wp\/v2\/types\/page"}],"author":[{"embeddable":true,"href":"https:\/\/vitaroma.fi\/nn\/wp-json\/wp\/v2\/users\/2"}],"replies":[{"embeddable":true,"href":"https:\/\/vitaroma.fi\/nn\/wp-json\/wp\/v2\/comments?post=2577"}],"version-history":[{"count":6,"href":"https:\/\/vitaroma.fi\/nn\/wp-json\/wp\/v2\/pages\/2577\/revisions"}],"predecessor-version":[{"id":2695,"href":"https:\/\/vitaroma.fi\/nn\/wp-json\/wp\/v2\/pages\/2577\/revisions\/2695"}],"wp:attachment":[{"href":"https:\/\/vitaroma.fi\/nn\/wp-json\/wp\/v2\/media?parent=2577"}],"curies":[{"name":"wp","href":"https:\/\/api.w.org\/{rel}","templated":true}]}}