{"id":2457,"date":"2025-05-04T22:26:33","date_gmt":"2025-05-04T20:26:33","guid":{"rendered":"https:\/\/vitaroma.fi\/?page_id=2457"},"modified":"2025-08-28T17:32:30","modified_gmt":"2025-08-28T15:32:30","slug":"dermalux","status":"publish","type":"page","link":"https:\/\/vitaroma.fi\/nn\/dermalux\/","title":{"rendered":"DERMALUX"},"content":{"rendered":"<div class=\"wp-block-uagb-container uagb-block-5451af51 alignfull uagb-is-root-container\"><div class=\"uagb-container-inner-blocks-wrap\">\n<div class=\"wp-block-uagb-advanced-heading uagb-block-f45ed1f8\"><h1 class=\"uagb-heading-text\">DERMALUX<\/h1><\/div>\n<\/div><\/div>\n\n\n\n<div class=\"wp-block-uagb-container uagb-block-wlmazrwo alignfull uagb-is-root-container\"><div class=\"uagb-container-inner-blocks-wrap\">\n<div class=\"wp-block-uagb-container uagb-block-0btjzulc alignfull uagb-is-root-container\"><div class=\"uagb-container-inner-blocks-wrap\">\n<div class=\"wp-block-uagb-image alignleft uagb-block-6xnwaqpe wp-block-uagb-image--layout-default wp-block-uagb-image--effect-static wp-block-uagb-image--align-left\"><figure class=\"wp-block-uagb-image__figure\"><img decoding=\"async\" srcset=\"https:\/\/vitaroma.fi\/wp-content\/uploads\/2025\/04\/Adsiz7-1024x576.png ,https:\/\/vitaroma.fi\/wp-content\/uploads\/2025\/04\/Adsiz7.png 780w, https:\/\/vitaroma.fi\/wp-content\/uploads\/2025\/04\/Adsiz7.png 360w\" sizes=\"auto, (max-width: 480px) 150px\" src=\"https:\/\/vitaroma.fi\/wp-content\/uploads\/2025\/04\/Adsiz7-1024x576.png\" alt=\"BBL Valohoito\" class=\"uag-image-2099\" width=\"564\" height=\"400\" title=\"BBL Valohoito\" loading=\"lazy\" role=\"img\"\/><\/figure><\/div>\n\n\n\n<div class=\"wp-block-uagb-container uagb-block-xrkfcv1q\">\n<div class=\"wp-block-uagb-info-box uagb-block-amettuy1 uagb-infobox__content-wrap  uagb-infobox-icon-above-title uagb-infobox-image-valign-top\"><div class=\"uagb-ifb-content\"><div class=\"uagb-ifb-title-wrap\"><h3 class=\"uagb-ifb-title\"><strong>Dermalux LED-valoterapia \u2013 Ihoa uudistava ja hoitava valoenergia<\/strong><\/h3><\/div><p class=\"uagb-ifb-desc\">Dermalux LED-valoterapia on turvallinen, kivuton ja ihoa rikkomaton hoitomuoto, joka hy\u00f6dynt\u00e4\u00e4 kliinisesti testattua valoenergiaa tukemaan ihon luonnollista uusiutumista ja korjaantumista \u2013 ilman toipumisaikaa.<br>Hoito sopii l\u00e4hes kaikille ihotyypeille ja tarjoaa apua moniin iho-ongelmiin. Se rauhoittaa \u00e4rtynytt\u00e4 ihoa, tasapainottaa sen toimintaa ja palauttaa luonnollisen hehkun jo ensimm\u00e4isest\u00e4 kerrasta l\u00e4htien.<\/p><\/div><\/div>\n<\/div>\n<\/div><\/div>\n<\/div><\/div>\n\n\n\n<div class=\"wp-block-uagb-container uagb-block-onenjlwh alignfull uagb-is-root-container\"><div class=\"uagb-container-inner-blocks-wrap\">\n<div class=\"wp-block-uagb-info-box uagb-block-kdw4sbfe uagb-infobox__content-wrap  uagb-infobox-icon-above-title uagb-infobox-image-valign-top\"><div class=\"uagb-ifb-content\"><div class=\"uagb-ifb-title-wrap\"><h2 class=\"uagb-ifb-title\"><strong>Miten Dermalux toimii?<br><\/strong><\/h2><\/div><p class=\"uagb-ifb-desc\">LED-valo k\u00e4ynnist\u00e4\u00e4 ihossa <strong>fotobiomodulaation<\/strong>: valonergia imeytyy kohdemolekyyleihin ja <strong>moduloi solujen aineenvaihduntaa, viestint\u00e4\u00e4 ja tulehdusreaktioita<\/strong>.<br><strong>Sininen 415 nm<\/strong> kohdistuu aknebakteerin (Cutibacterium acnes) porfyriineihin \u2192 syntyy <strong>reaktiivisia happilajeja<\/strong>, jotka heikent\u00e4v\u00e4t bakteerin elinkyky\u00e4 ja tukevat tulehduksen rauhoittumista. <br><strong>Punainen 633 nm<\/strong> edist\u00e4\u00e4 <strong>fibroblastien<\/strong> toimintaa ja kollageenin muodostusta, parantaen ihon rakennetta ja sileytt\u00e4. <br><strong>L\u00e4hi-infrapuna 830 nm<\/strong> l\u00e4p\u00e4isee syvemm\u00e4lle kudokseen ja tukee <strong>tulehduksen vaimenemista ja kudosten palautumista<\/strong>.<br>Dermalux-hoidot ovat <strong>ei-termisi\u00e4<\/strong> (ei kuumenna kudosta kuten laser\/IPL) ja <strong>sopivat kaikille ihotyypeille<\/strong> ymp\u00e4ri vuoden. <a href=\"https:\/\/dermaluxled.com\/led-phototherapy-common-questions\/?utm_source=chatgpt.com\" target=\"_blank\" rel=\"noreferrer noopener\"><\/a><\/p><\/div><\/div>\n\n\n\n<div class=\"wp-block-uagb-info-box uagb-block-6f18b7a4 uagb-infobox__content-wrap  uagb-infobox-icon-above-title uagb-infobox-image-valign-top\"><div class=\"uagb-ifb-content\"><div class=\"uagb-ifb-title-wrap\"><h2 class=\"uagb-ifb-title\"><strong>Mihin Dermalux auttaa?<br><\/strong><\/h2><\/div><p class=\"uagb-ifb-desc\"><strong>Akne<\/strong> ja tulehdukselliset ep\u00e4puhtaudet (sininen + punainen)<br><strong>Punoitus, couperosa ja \u00e4rtynyt iho<\/strong> (punainen + NIR)<br><strong>Ihon ik\u00e4muutokset:<\/strong> hienot juonteet, sameus, kimmoisuuden v\u00e4heneminen (punainen + NIR)<br><strong>Ihon s\u00e4vyn ja rakenteen tasoitus<\/strong>, \u201chealthy glow\u201d<br><strong>Haavan ja \u00e4rtyneen ihon rauhoittava tuki<\/strong> (NIR)<br>Huom. Vaikutus ja hoitokokonaisuus r\u00e4\u00e4t\u00e4l\u00f6id\u00e4\u00e4n aina <strong>ihoanalyysin<\/strong> perusteella. (LED-yhdistelmien tehosta ihon nuorentamisessa on raportoitu kontrolloiduissa tutkimuksissa 633\/830 nm -alueilla.) <a href=\"https:\/\/www.sciencedirect.com\/science\/article\/pii\/S1011134407000632?utm_source=chatgpt.com\" target=\"_blank\" rel=\"noreferrer noopener\"><\/a><\/p><\/div><\/div>\n\n\n\n<div class=\"wp-block-uagb-info-box uagb-block-ffaf723f uagb-infobox__content-wrap  uagb-infobox-icon-above-title uagb-infobox-image-valign-top\"><div class=\"uagb-ifb-content\"><div class=\"uagb-ifb-title-wrap\"><h2 class=\"uagb-ifb-title\"><strong>Valon aallonpituudet ja niiden vaikutukset<br><\/strong><\/h2><\/div><p class=\"uagb-ifb-desc\"><strong>Sininen (415 nm):<\/strong> aknebakteerin porfyriinit \u2192 <strong>antimikrobinen<\/strong> vaikutus; rauhoittaa tulehdusta. <br><strong>Punainen (633 nm):<\/strong> <strong>kollageenisynteesin<\/strong> tuki, heleytys, pinnan tasoitus. <br><strong>L\u00e4hi-infrapuna (830 nm):<\/strong> <strong>anti-inflammatorinen<\/strong>, edist\u00e4\u00e4 <strong>kudosten palautumista<\/strong> ja syvemm\u00e4n tason viihtyisyytt\u00e4. <a href=\"https:\/\/pmc.ncbi.nlm.nih.gov\/articles\/PMC11049838\/?utm_source=chatgpt.com\" target=\"_blank\" rel=\"noreferrer noopener\"><\/a><\/p><\/div><\/div>\n\n\n\n<div class=\"wp-block-uagb-image uagb-block-50f394aa wp-block-uagb-image--layout-default wp-block-uagb-image--effect-static wp-block-uagb-image--align-none\"><figure class=\"wp-block-uagb-image__figure\"><img decoding=\"async\" srcset=\"https:\/\/vitaroma.fi\/wp-content\/uploads\/2025\/08\/Flex-MD-Treatment-Lifestyle-1024x1024.jpg ,https:\/\/vitaroma.fi\/wp-content\/uploads\/2025\/08\/Flex-MD-Treatment-Lifestyle.jpg 780w, https:\/\/vitaroma.fi\/wp-content\/uploads\/2025\/08\/Flex-MD-Treatment-Lifestyle.jpg 360w\" sizes=\"auto, (max-width: 480px) 150px\" src=\"https:\/\/vitaroma.fi\/wp-content\/uploads\/2025\/08\/Flex-MD-Treatment-Lifestyle-1024x1024.jpg\" alt=\"\" class=\"uag-image-2708\" width=\"1080\" height=\"1080\" title=\"Flex-MD-Treatment-Lifestyle\" loading=\"lazy\" role=\"img\"\/><\/figure><\/div>\n\n\n\n<div class=\"wp-block-uagb-info-box uagb-block-f7ac1f10 uagb-infobox__content-wrap  uagb-infobox-icon-above-title uagb-infobox-image-valign-top\"><div class=\"uagb-ifb-content\"><div class=\"uagb-ifb-title-wrap\"><h2 class=\"uagb-ifb-title\"><strong>Hoitok\u00e4ynti &amp; protokolla<br><\/strong><\/h2><\/div><p class=\"uagb-ifb-desc\"><strong>Ihoanalyysi ja suunnitelma<\/strong> \u2013 valitaan aallonpituudet ja ohjelma (yksitt\u00e4inen tai yhdistelm\u00e4).<br><strong>Valmistelu<\/strong> \u2013 iho puhdistetaan; suojalasit p\u00e4\u00e4lle.<br><strong>LED-valotus<\/strong> \u2013 laite asetetaan optimaaliselle et\u00e4isyydelle; <strong>1\u201320 minuuttia<\/strong> ohjelmasta riippuen.<br><strong>Viimeistely<\/strong> \u2013 rauhoittavat ja kosteuttavat tuotteet, p\u00e4iv\u00e4saikaan <strong>SPF<\/strong>.<br>Dermalux-j\u00e4rjestelmien teknisiss\u00e4 tiedoissa hoitoajaksi ilmoitetaan tyypillisesti <strong>1\u201320 min<\/strong>, ja laitteet k\u00e4ytt\u00e4v\u00e4t juuri <strong>415\/633\/830 nm<\/strong> aallonpituuksia. <a href=\"https:\/\/dermaluxled.com\/tri-wave-md-led\/?utm_source=chatgpt.com\" target=\"_blank\" rel=\"noreferrer noopener\"><\/a><a href=\"https:\/\/pmc.ncbi.nlm.nih.gov\/articles\/PMC11049838\/?utm_source=chatgpt.com\" target=\"_blank\" rel=\"noreferrer noopener\"><\/a><\/p><\/div><\/div>\n\n\n\n<div class=\"wp-block-uagb-info-box uagb-block-bef938f6 uagb-infobox__content-wrap  uagb-infobox-icon-above-title uagb-infobox-image-valign-top\"><div class=\"uagb-ifb-content\"><div class=\"uagb-ifb-title-wrap\"><h2 class=\"uagb-ifb-title\"><strong>Hoitojakso ja yll\u00e4pito<br><\/strong><\/h2><\/div><p class=\"uagb-ifb-desc\">Parhaan vaikutuksen saat <strong>10\u201312 hoidon aloitusjaksolla<\/strong> (esim. 2\u20133 \u00d7 viikossa), jonka j\u00e4lkeen <strong>yll\u00e4pito<\/strong> tarpeen mukaan (esim. 2\u20134 vko v\u00e4lein tai kausittain). Dermalux julkaisee my\u00f6s <strong>tulosgallerioita<\/strong> tyypillisill\u00e4 yhdistelmill\u00e4 (Blue\/Red\/NIR). <a href=\"https:\/\/dermaluxled.com\/led-treatment-results\/?utm_source=chatgpt.com\" target=\"_blank\" rel=\"noreferrer noopener\"><\/a><a href=\"https:\/\/dermaluxled.com\/tri-wave-md-led\/?utm_source=chatgpt.com\" target=\"_blank\" rel=\"noreferrer noopener\"><\/a><a href=\"https:\/\/pmc.ncbi.nlm.nih.gov\/articles\/PMC11049838\/?utm_source=chatgpt.com\" target=\"_blank\" rel=\"noreferrer noopener\"><\/a><\/p><\/div><\/div>\n\n\n\n<div class=\"wp-block-uagb-info-box uagb-block-0e64e8e7 uagb-infobox__content-wrap  uagb-infobox-icon-above-title uagb-infobox-image-valign-top\"><div class=\"uagb-ifb-content\"><div class=\"uagb-ifb-title-wrap\"><h2 class=\"uagb-ifb-title\"><strong>Yhdistelm\u00e4t (tehostus oikealla ajoituksella)<br><\/strong><\/h2><\/div><p class=\"uagb-ifb-desc\"><strong>Hydrafacial \/ kevyt kuorinta:<\/strong> puhdistaa ja parantaa valon vastaanottoa<br><strong>Dermapen 4 (matalat syvyydet):<\/strong> kudosvastetta tukeva LED heti\/hoidon j\u00e4lkeen<br><strong>BBL-laser \/ kylm\u00e4 plasma:<\/strong> LED rauhoittaa ja tukee palautumista<br>Yhdistelmien j\u00e4rjestys ja ajoitus m\u00e4\u00e4ritet\u00e4\u00e4n <strong>ammattilaisen<\/strong> kanssa.<a href=\"https:\/\/dermaluxled.com\/led-treatment-results\/?utm_source=chatgpt.com\" target=\"_blank\" rel=\"noreferrer noopener\"><\/a><a href=\"https:\/\/dermaluxled.com\/tri-wave-md-led\/?utm_source=chatgpt.com\" target=\"_blank\" rel=\"noreferrer noopener\"><\/a><a href=\"https:\/\/pmc.ncbi.nlm.nih.gov\/articles\/PMC11049838\/?utm_source=chatgpt.com\" target=\"_blank\" rel=\"noreferrer noopener\"><\/a><\/p><\/div><\/div>\n\n\n\n<div class=\"wp-block-uagb-info-box uagb-block-042db52d uagb-infobox__content-wrap  uagb-infobox-icon-above-title uagb-infobox-image-valign-top\"><div class=\"uagb-ifb-content\"><div class=\"uagb-ifb-title-wrap\"><h2 class=\"uagb-ifb-title\"><strong>Ennen hoitoa<br><\/strong><\/h2><\/div><p class=\"uagb-ifb-desc\">Ei <strong>tuoretta rusketusta\/itseruskettavia<\/strong> hoitop\u00e4iv\u00e4n\u00e4<br>Tauota <strong>voimakkaat AHA\/BHA-kuorinnat<\/strong> hyvin reagoivalla iholla <strong>1\u20133 pv<\/strong><br>Saavu <strong>puhdasta ihoa<\/strong> suosien; kerro l\u00e4\u00e4kitykset ja herkkyydet<br>Hoidon j\u00e4lkeen<br><strong>SPF 30\u201350<\/strong> p\u00e4ivitt\u00e4in; v\u00e4lt\u00e4 suoraa aurinkoa <strong>1\u20132 viikkoa<\/strong> aktiivijakson aikana<br>Hell\u00e4 puhdistus + <strong>kosteuttava<\/strong> kotihoito; meikki, kun iho tuntuu mukavalta<br>LED on yleens\u00e4 <strong>nollariskinen<\/strong> arkeen paluun kannalta (ei toipumisaikaa)<br>Vasta-aiheet (arvio ammattilaisen kanssa)<br>Valoherkkyysoireyhtym\u00e4t, tietyt <strong>valoherkist\u00e4v\u00e4t l\u00e4\u00e4kitykset<\/strong>, aktiivinen <strong>ihotulehdus<\/strong> tai <strong>infektio<\/strong> hoitoalueella, pahanlaatuinen ihomuutos ep\u00e4ily; raskauden\/imetysajan huomiointi yksil\u00f6llisesti.<a href=\"https:\/\/dermaluxled.com\/led-treatment-results\/?utm_source=chatgpt.com\" target=\"_blank\" rel=\"noreferrer noopener\"><\/a><a href=\"https:\/\/dermaluxled.com\/tri-wave-md-led\/?utm_source=chatgpt.com\" target=\"_blank\" rel=\"noreferrer noopener\"><\/a><a href=\"https:\/\/pmc.ncbi.nlm.nih.gov\/articles\/PMC11049838\/?utm_source=chatgpt.com\" target=\"_blank\" rel=\"noreferrer noopener\"><\/a><\/p><\/div><\/div>\n\n\n\n<div class=\"wp-block-uagb-image uagb-block-80f6c2b6 wp-block-uagb-image--layout-default wp-block-uagb-image--effect-static wp-block-uagb-image--align-none\"><figure class=\"wp-block-uagb-image__figure\"><img decoding=\"async\" srcset=\"https:\/\/vitaroma.fi\/wp-content\/uploads\/2025\/08\/led-1.png ,https:\/\/vitaroma.fi\/wp-content\/uploads\/2025\/08\/led-1.png 780w, https:\/\/vitaroma.fi\/wp-content\/uploads\/2025\/08\/led-1.png 360w\" sizes=\"auto, (max-width: 480px) 150px\" src=\"https:\/\/vitaroma.fi\/wp-content\/uploads\/2025\/08\/led-1.png\" alt=\"\" class=\"uag-image-2709\" width=\"500\" height=\"500\" title=\"led-1\" loading=\"lazy\" role=\"img\"\/><\/figure><\/div>\n\n\n\n<div class=\"wp-block-uagb-info-box uagb-block-f59c5ec6 uagb-infobox__content-wrap  uagb-infobox-icon-above-title uagb-infobox-image-valign-top\"><div class=\"uagb-ifb-content\"><div class=\"uagb-ifb-title-wrap\"><h2 class=\"uagb-ifb-title\"><strong>Usein kysytyt kysymykset (UKK)<br><\/strong><\/h2><\/div><p class=\"uagb-ifb-desc\"><strong>Sattuuko LED-hoito?<\/strong><br>Ei \u2013 hoito on <strong>kivuton ja rentouttava<\/strong> (tuntuu miellytt\u00e4v\u00e4lt\u00e4 l\u00e4mm\u00f6lt\u00e4).<br><strong>Milloin n\u00e4en tulokset?<\/strong><br>Moni kokee <strong>rauhoittumista ja hehkua<\/strong> heti; rakenteellisemmat muutokset kehittyv\u00e4t <strong>viikkojen<\/strong> aikana sarjassa.<br><strong>Voinko ottaa hoidon kes\u00e4ll\u00e4?<\/strong><br>Kyll\u00e4, LED ei riko ihoa. <strong>SPF<\/strong> on kuitenkin aina suositeltava.<br><strong>Sopiiko iholleni?<\/strong><br>Yleens\u00e4 kyll\u00e4 \u2013 valo-ohjelma r\u00e4\u00e4t\u00e4l\u00f6id\u00e4\u00e4n <strong>ihotyypin ja tavoitteiden<\/strong> mukaan.<a href=\"https:\/\/dermaluxled.com\/led-treatment-results\/?utm_source=chatgpt.com\" target=\"_blank\" rel=\"noreferrer noopener\"><\/a><a href=\"https:\/\/dermaluxled.com\/tri-wave-md-led\/?utm_source=chatgpt.com\" target=\"_blank\" rel=\"noreferrer noopener\"><\/a><a href=\"https:\/\/pmc.ncbi.nlm.nih.gov\/articles\/PMC11049838\/?utm_source=chatgpt.com\" target=\"_blank\" rel=\"noreferrer noopener\"><\/a><\/p><\/div><\/div>\n\n\n\n<div class=\"wp-block-uagb-info-box uagb-block-9ffe1ec3 uagb-infobox__content-wrap  uagb-infobox-icon-above-title uagb-infobox-image-valign-top\"><div class=\"uagb-ifb-content\"><div class=\"uagb-ifb-title-wrap\"><h2 class=\"uagb-ifb-title\"><strong>Miksi valita Vitaroma?<br><\/strong><\/h2><\/div><p class=\"uagb-ifb-desc\"><strong>Dermalux Tri-Wave<\/strong> -teknologia: <strong>415\/633\/830 nm<\/strong> kliinisesti tutkitut aallonpituudet<br><strong>Yksil\u00f6lliset protokollat<\/strong>: tarkka ihoanalyysi ja yhdistelmien suunnittelu<br><strong>Nollatoipumisaika<\/strong> ja selke\u00e4t <strong>kotihoito-ohjeet<\/strong> tulosten yll\u00e4pitoon<br><strong>Varaa aika Dermalux LED-valoterapiaan \u2192<\/strong><br><br><a href=\"https:\/\/dermaluxled.com\/led-treatment-results\/?utm_source=chatgpt.com\" target=\"_blank\" rel=\"noreferrer noopener\"><\/a><a href=\"https:\/\/dermaluxled.com\/tri-wave-md-led\/?utm_source=chatgpt.com\" target=\"_blank\" rel=\"noreferrer noopener\"><\/a><a href=\"https:\/\/pmc.ncbi.nlm.nih.gov\/articles\/PMC11049838\/?utm_source=chatgpt.com\" target=\"_blank\" rel=\"noreferrer noopener\"><\/a><\/p><\/div><\/div>\n<\/div><\/div>\n\n\n\n<div class=\"wp-block-uagb-container uagb-block-9caa1a47 alignfull uagb-is-root-container\"><div class=\"uagb-container-inner-blocks-wrap\">\n<div class=\"wp-block-uagb-advanced-heading uagb-block-1ed0e64e\"><div class=\"uagb-heading-text\">Anna meid\u00e4n auttaa<\/div><\/div>\n\n\n\n<div class=\"wp-block-uagb-advanced-heading uagb-block-3a57683f\"><h2 class=\"uagb-heading-text\">Ota meihin yhteytt\u00e4<\/h2><\/div>\n\n\n\n<div class=\"wp-block-uagb-buttons uagb-buttons__outer-wrap uagb-btn__default-btn uagb-btn-tablet__default-btn uagb-btn-mobile__default-btn uagb-block-9979be0d\"><div class=\"uagb-buttons__wrap uagb-buttons-layout-wrap\">\n<div class=\"wp-block-uagb-buttons-child uagb-buttons__outer-wrap uagb-block-84fd34e5 wp-block-button\"><div class=\"uagb-button__wrapper\"><a class=\"uagb-buttons-repeater wp-block-button__link\" aria-label=\"\" href=\"https:\/\/timma.fi\/yritys\/kauneuskeskus-vitaroma\" rel=\"follow noopener\" target=\"_self\" role=\"button\"><div class=\"uagb-button__link\">Varaa Aika<\/div><\/a><\/div><\/div>\n<\/div><\/div>\n\n\n\n<div class=\"wp-block-uagb-buttons uagb-buttons__outer-wrap uagb-btn__default-btn uagb-btn-tablet__default-btn uagb-btn-mobile__default-btn uagb-block-f7add131\"><div class=\"uagb-buttons__wrap uagb-buttons-layout-wrap\">\n<div class=\"wp-block-uagb-buttons-child uagb-buttons__outer-wrap uagb-block-0c11dd62 wp-block-button\"><div class=\"uagb-button__wrapper\"><a class=\"uagb-buttons-repeater wp-block-button__link\" aria-label=\"\" href=\"https:\/\/vitaroma.fi\/nn\/ota-yhteytta\/\" rel=\"follow noopener\" target=\"_self\" role=\"button\"><div class=\"uagb-button__link\">Ota yhteytt\u00e4<\/div><\/a><\/div><\/div>\n<\/div><\/div>\n\n\n\n<div class=\"wp-block-uagb-buttons uagb-buttons__outer-wrap uagb-btn__default-btn uagb-btn-tablet__default-btn uagb-btn-mobile__default-btn uagb-block-69da2b3b\"><div class=\"uagb-buttons__wrap uagb-buttons-layout-wrap\">\n<div class=\"wp-block-uagb-buttons-child uagb-buttons__outer-wrap uagb-block-1018754e wp-block-button\"><div class=\"uagb-button__wrapper\"><a class=\"uagb-buttons-repeater wp-block-button__link\" aria-label=\"\" href=\"https:\/\/vitaroma.fi\/nn\/tietoa-meista\/\" rel=\"follow noopener\" target=\"_self\" role=\"button\"><div class=\"uagb-button__link\">Tietoa meist\u00e4<\/div><\/a><\/div><\/div>\n<\/div><\/div>\n\n\n\n<div class=\"wp-block-uagb-advanced-heading uagb-block-838a0a13\"><div class=\"uagb-separator\"><\/div><h3 class=\"uagb-heading-text\">Ilmaista neuvontaa? 050 365 2103<\/h3><\/div>\n\n\n\n<!-- Font Awesome CDN -->\n<link rel=\"stylesheet\" href=\"https:\/\/cdnjs.cloudflare.com\/ajax\/libs\/font-awesome\/6.4.0\/css\/all.min.css\">\n\n<div class=\"social-links\">\n  <a href=\"https:\/\/www.instagram.com\/kauneuskeskusvitaroma_clinic\/\" target=\"_blank\" rel=\"noopener\" class=\"instagram\">\n    <i class=\"fab fa-instagram\"><\/i> Kauneuskeskus Vitaroma\n  <\/a>\n  <a href=\"https:\/\/www.facebook.com\/61567042467466\/about\/\" target=\"_blank\" rel=\"noopener\" class=\"facebook\">\n    <i class=\"fab fa-facebook\"><\/i> Kauneuskeskus Vitaroma\n  <\/a>\n<\/div>\n\n<style>\n  .social-links {\n    display: flex;\n    justify-content: center;\n    gap: 20px;\n    margin-top: 10px;\n  }\n\n  .social-links a {\n    display: flex;\n    align-items: center;\n    gap: 10px;\n    padding: 12px 20px;\n    font-size: 18px;\n    font-weight: 600;\n    text-decoration: none;\n    color: #fff;\n    background: rgba(0, 0, 0, 0.35);\n    border: 2px solid rgba(255, 255, 255, 0.5);\n    border-radius: 8px;\n    transition: all 0.3s ease;\n    box-shadow: 0 3px 8px rgba(0, 0, 0, 0.2);\n    backdrop-filter: blur(5px);\n  }\n\n  .social-links a i {\n    font-size: 22px;\n  }\n\n  \/* Hover efektleri *\/\n  .social-links a.instagram:hover {\n    background: #E1306C;\n    color: #fff;\n    border-color: #E1306C;\n  }\n\n  .social-links a.facebook:hover {\n    background: #1877F2;\n    color: #fff;\n    border-color: #1877F2;\n  }\n<\/style>\n\n<\/div><\/div>","protected":false},"excerpt":{"rendered":"<p>DERMALUX<\/p>","protected":false},"author":1,"featured_media":0,"parent":0,"menu_order":0,"comment_status":"closed","ping_status":"closed","template":"","meta":{"_surecart_dashboard_logo_width":"180px","_surecart_dashboard_show_logo":true,"_surecart_dashboard_navigation_orders":true,"_surecart_dashboard_navigation_invoices":true,"_surecart_dashboard_navigation_subscriptions":true,"_surecart_dashboard_navigation_downloads":true,"_surecart_dashboard_navigation_billing":true,"_surecart_dashboard_navigation_account":true,"_uag_custom_page_level_css":"","site-sidebar-layout":"default","site-content-layout":"","ast-site-content-layout":"default","site-content-style":"default","site-sidebar-style":"default","ast-global-header-display":"","ast-banner-title-visibility":"","ast-main-header-display":"","ast-hfb-above-header-display":"","ast-hfb-below-header-display":"","ast-hfb-mobile-header-display":"","site-post-title":"disabled","ast-breadcrumbs-content":"","ast-featured-img":"","footer-sml-layout":"","theme-transparent-header-meta":"","adv-header-id-meta":"","stick-header-meta":"","header-above-stick-meta":"","header-main-stick-meta":"","header-below-stick-meta":"","astra-migrate-meta-layouts":"set","ast-page-background-enabled":"default","ast-page-background-meta":{"desktop":{"background-color":"var(--ast-global-color-4)","background-image":"","background-repeat":"repeat","background-position":"center center","background-size":"auto","background-attachment":"scroll","background-type":"","background-media":"","overlay-type":"","overlay-color":"","overlay-opacity":"","overlay-gradient":""},"tablet":{"background-color":"","background-image":"","background-repeat":"repeat","background-position":"center center","background-size":"auto","background-attachment":"scroll","background-type":"","background-media":"","overlay-type":"","overlay-color":"","overlay-opacity":"","overlay-gradient":""},"mobile":{"background-color":"","background-image":"","background-repeat":"repeat","background-position":"center center","background-size":"auto","background-attachment":"scroll","background-type":"","background-media":"","overlay-type":"","overlay-color":"","overlay-opacity":"","overlay-gradient":""}},"ast-content-background-meta":{"desktop":{"background-color":"var(--ast-global-color-5)","background-image":"","background-repeat":"repeat","background-position":"center center","background-size":"auto","background-attachment":"scroll","background-type":"","background-media":"","overlay-type":"","overlay-color":"","overlay-opacity":"","overlay-gradient":""},"tablet":{"background-color":"var(--ast-global-color-5)","background-image":"","background-repeat":"repeat","background-position":"center center","background-size":"auto","background-attachment":"scroll","background-type":"","background-media":"","overlay-type":"","overlay-color":"","overlay-opacity":"","overlay-gradient":""},"mobile":{"background-color":"var(--ast-global-color-5)","background-image":"","background-repeat":"repeat","background-position":"center center","background-size":"auto","background-attachment":"scroll","background-type":"","background-media":"","overlay-type":"","overlay-color":"","overlay-opacity":"","overlay-gradient":""}},"footnotes":""},"class_list":["post-2457","page","type-page","status-publish","hentry"],"uagb_featured_image_src":{"full":false,"thumbnail":false,"medium":false,"medium_large":false,"large":false,"1536x1536":false,"2048x2048":false,"trp-custom-language-flag":false,"woocommerce_thumbnail":false,"woocommerce_single":false,"woocommerce_gallery_thumbnail":false},"uagb_author_info":{"display_name":"emilkemal4@gmail.com","author_link":"https:\/\/vitaroma.fi\/nn\/author\/emilkemal4gmail-com\/"},"uagb_comment_info":0,"uagb_excerpt":"DERMALUX","_links":{"self":[{"href":"https:\/\/vitaroma.fi\/nn\/wp-json\/wp\/v2\/pages\/2457","targetHints":{"allow":["GET"]}}],"collection":[{"href":"https:\/\/vitaroma.fi\/nn\/wp-json\/wp\/v2\/pages"}],"about":[{"href":"https:\/\/vitaroma.fi\/nn\/wp-json\/wp\/v2\/types\/page"}],"author":[{"embeddable":true,"href":"https:\/\/vitaroma.fi\/nn\/wp-json\/wp\/v2\/users\/1"}],"replies":[{"embeddable":true,"href":"https:\/\/vitaroma.fi\/nn\/wp-json\/wp\/v2\/comments?post=2457"}],"version-history":[{"count":6,"href":"https:\/\/vitaroma.fi\/nn\/wp-json\/wp\/v2\/pages\/2457\/revisions"}],"predecessor-version":[{"id":2710,"href":"https:\/\/vitaroma.fi\/nn\/wp-json\/wp\/v2\/pages\/2457\/revisions\/2710"}],"wp:attachment":[{"href":"https:\/\/vitaroma.fi\/nn\/wp-json\/wp\/v2\/media?parent=2457"}],"curies":[{"name":"wp","href":"https:\/\/api.w.org\/{rel}","templated":true}]}}