{"id":1972,"date":"2025-04-25T16:47:20","date_gmt":"2025-04-25T16:47:20","guid":{"rendered":"https:\/\/vitaroma.fi\/?page_id=1972"},"modified":"2025-08-28T17:13:19","modified_gmt":"2025-08-28T15:13:19","slug":"prp-hoito-veriplasman-voima-ihon-uudistamiseen","status":"publish","type":"page","link":"https:\/\/vitaroma.fi\/nn\/prp-hoito-veriplasman-voima-ihon-uudistamiseen\/","title":{"rendered":"PRP-hoito \u2013 Veriplasman voima ihon uudistamiseen"},"content":{"rendered":"<div class=\"wp-block-uagb-container uagb-block-5451af51 alignfull uagb-is-root-container\"><div class=\"uagb-container-inner-blocks-wrap\">\n<div class=\"wp-block-uagb-advanced-heading uagb-block-f45ed1f8\"><h1 class=\"uagb-heading-text\">PRP-hoito \u2013 Veriplasman voima ihon uudistamiseen<\/h1><\/div>\n<\/div><\/div>\n\n\n\n<div class=\"wp-block-uagb-container uagb-block-wlmazrwo alignfull uagb-is-root-container\"><div class=\"uagb-container-inner-blocks-wrap\">\n<div class=\"wp-block-uagb-container uagb-block-0btjzulc alignfull uagb-is-root-container\"><div class=\"uagb-container-inner-blocks-wrap\">\n<div class=\"wp-block-uagb-image alignleft uagb-block-6xnwaqpe wp-block-uagb-image--layout-default wp-block-uagb-image--effect-static wp-block-uagb-image--align-left\"><figure class=\"wp-block-uagb-image__figure\"><img decoding=\"async\" srcset=\"https:\/\/vitaroma.fi\/wp-content\/uploads\/2025\/04\/Adsiz2-3-1024x576.png ,https:\/\/vitaroma.fi\/wp-content\/uploads\/2025\/04\/Adsiz2-3.png 780w, https:\/\/vitaroma.fi\/wp-content\/uploads\/2025\/04\/Adsiz2-3.png 360w\" sizes=\"auto, (max-width: 480px) 150px\" src=\"https:\/\/vitaroma.fi\/wp-content\/uploads\/2025\/04\/Adsiz2-3-1024x576.png\" alt=\"PRP-hoito \u2013 Veriplasman voima ihon uudistamiseen\" class=\"uag-image-2111\" width=\"564\" height=\"400\" title=\"PRP-hoito \u2013 Veriplasman voima ihon uudistamiseen\" loading=\"lazy\" role=\"img\"\/><\/figure><\/div>\n\n\n\n<div class=\"wp-block-uagb-container uagb-block-xrkfcv1q\">\n<div class=\"wp-block-uagb-info-box uagb-block-amettuy1 uagb-infobox__content-wrap  uagb-infobox-icon-above-title uagb-infobox-image-valign-top\"><div class=\"uagb-ifb-content\"><div class=\"uagb-ifb-title-wrap\"><h3 class=\"uagb-ifb-title\">Luonnollinen hoitomenetelm\u00e4 s\u00e4teilev\u00e4n ja nuorekkaan ihon puolesta<\/h3><\/div><p class=\"uagb-ifb-desc\"><strong>PRP-hoito<\/strong> (Platelet Rich Plasma) tunnetaan my\u00f6s nimell\u00e4 <em>vampyyrihoito<\/em>, ja se on t\u00e4ysin luonnollinen ja kehon omaan biologiaan perustuva ihonhoitomuoto. Siin\u00e4 k\u00e4ytet\u00e4\u00e4n <strong>omaa veriplasmaasi<\/strong>, joka on rikastettu kasvutekij\u00f6ill\u00e4. PRP stimuloi ihon uudistumista solutasolla ja edist\u00e4\u00e4 <strong>kollageenin, elastiinin ja hyaluronihapon tuotantoa<\/strong> ilman kemikaaleja tai lis\u00e4aineita.<\/p><\/div><\/div>\n<\/div>\n<\/div><\/div>\n<\/div><\/div>\n\n\n\n<div class=\"wp-block-uagb-container uagb-block-onenjlwh alignfull uagb-is-root-container\"><div class=\"uagb-container-inner-blocks-wrap\">\n<div class=\"wp-block-uagb-info-box uagb-block-kdw4sbfe uagb-infobox__content-wrap  uagb-infobox-icon-above-title uagb-infobox-image-valign-top\"><div class=\"uagb-ifb-content\"><div class=\"uagb-ifb-title-wrap\"><h2 class=\"uagb-ifb-title\">Mit\u00e4 hy\u00f6ty\u00e4 PRP-hoidosta on?<\/h2><\/div><p class=\"uagb-ifb-desc\"><strong>Kiinteytt\u00e4\u00e4 ja silottaa<\/strong> ihoa, pehment\u00e4\u00e4 hienoja juonteita<br><strong>Tasoittaa s\u00e4vy\u00e4 ja pintatekstuuria<\/strong>, lis\u00e4\u00e4 hehkua<br><strong>Arpien<\/strong> (erityisesti aknearvet) ja pintavaurioiden <strong>pehmeneminen<\/strong><br><strong>Rauhoittaa<\/strong> stressaantunutta\/\u00e4rtyv\u00e4\u00e4 ihoa (yksil\u00f6llisesti)<br><strong>Hiuspohja:<\/strong> tukee hiusten kasvusykli\u00e4 ja v\u00e4hent\u00e4\u00e4 ohentumisen merkkej\u00e4 (yksil\u00f6llisesti)<br>Huom. Vastetta ohjaavat ik\u00e4, ihon l\u00e4ht\u00f6tilanne, el\u00e4m\u00e4ntavat ja kotihoito. Tavoitteet k\u00e4yd\u00e4\u00e4n l\u00e4pi konsultaatiossa.<\/p><\/div><\/div>\n\n\n\n<div class=\"wp-block-uagb-info-box uagb-block-6f18b7a4 uagb-infobox__content-wrap  uagb-infobox-icon-above-title uagb-infobox-image-valign-top\"><div class=\"uagb-ifb-content\"><div class=\"uagb-ifb-title-wrap\"><h2 class=\"uagb-ifb-title\">Kenelle PRP sopii \u2014 ja milloin arvioida ensin?<br><\/h2><\/div><p class=\"uagb-ifb-desc\"><strong>Sopii:<\/strong> ik\u00e4\u00e4ntyv\u00e4lle, elottomalle tai ep\u00e4tasaisen s\u00e4vyiselle iholle; akne-\/kirurgisten arpien pehmennykseen; hiuspohjan tukeen.<br><strong>Arvioidaan ensin:<\/strong> raskaana\/imetys, veren hyytymish\u00e4iri\u00f6t\/antikoagulantit, aktiivinen ihotulehdus, autoimmuunisairaudet aktiivivaiheessa, vaikea anemia, infektio kuumeineen, isotretinoiini l\u00e4hikuukausina.<\/p><\/div><\/div>\n\n\n\n<div class=\"wp-block-uagb-image uagb-block-d80131cb wp-block-uagb-image--layout-default wp-block-uagb-image--effect-static wp-block-uagb-image--align-none\"><figure class=\"wp-block-uagb-image__figure\"><img decoding=\"async\" srcset=\"https:\/\/vitaroma.fi\/wp-content\/uploads\/2025\/08\/prp-tretman-estetski-tretman-lica-m.jpg ,https:\/\/vitaroma.fi\/wp-content\/uploads\/2025\/08\/prp-tretman-estetski-tretman-lica-m.jpg 780w, https:\/\/vitaroma.fi\/wp-content\/uploads\/2025\/08\/prp-tretman-estetski-tretman-lica-m.jpg 360w\" sizes=\"auto, (max-width: 480px) 150px\" src=\"https:\/\/vitaroma.fi\/wp-content\/uploads\/2025\/08\/prp-tretman-estetski-tretman-lica-m.jpg\" alt=\"\" class=\"uag-image-2703\" width=\"900\" height=\"675\" title=\"prp-tretman-estetski-tretman-lica-m\" loading=\"lazy\" role=\"img\"\/><\/figure><\/div>\n\n\n\n<div class=\"wp-block-uagb-info-box uagb-block-ffaf723f uagb-infobox__content-wrap  uagb-infobox-icon-above-title uagb-infobox-image-valign-top\"><div class=\"uagb-ifb-content\"><div class=\"uagb-ifb-title-wrap\"><h2 class=\"uagb-ifb-title\">Miss\u00e4 PRP toimii hyvin?<br><\/h2><\/div><p class=\"uagb-ifb-desc\"><strong>Kasvot:<\/strong> posket, silm\u00e4nymp\u00e4rys, yl\u00e4huuli<br><strong>Kaula &amp; dekoltee<\/strong>, k\u00e4densel\u00e4t<br><strong>Hiuspohja:<\/strong> ohentumisen alkuvaihe, hiusraja, jakauksen alue<\/p><\/div><\/div>\n\n\n\n<div class=\"wp-block-uagb-info-box uagb-block-e4414226 uagb-infobox__content-wrap  uagb-infobox-icon-above-title uagb-infobox-image-valign-top\"><div class=\"uagb-ifb-content\"><div class=\"uagb-ifb-title-wrap\"><h2 class=\"uagb-ifb-title\">Miten hoito etenee (vastaanotolla)?<br><\/h2><\/div><p class=\"uagb-ifb-desc\"><strong>Konsultaatio &amp; suunnitelma<\/strong> \u2013 tavoitteet, vasta-aiheet, alueet.<br><strong>Verin\u00e4yte (n. 10\u201320 ml)<\/strong> \u2013 hygieeninen, nopea otto.<br><strong>Sentrifugointi<\/strong> \u2013 erotellaan <strong>verihiutalerikas plasma<\/strong>.<br><strong>Annostelu<\/strong> \u2013 PRP vied\u00e4\u00e4n <strong>mikroinjektioilla<\/strong> ihon oikealle tasolle; tarvittaessa k\u00e4ytet\u00e4\u00e4n <strong>puudutetta<\/strong>.<br><strong>Viimeistely<\/strong> \u2013 rauhoittava voide\/naamio ja ohjeistus.<br><strong>Kesto:<\/strong> n. <strong>45\u201360 min<\/strong> alueesta riippuen. Arkeen paluu yleens\u00e4 heti; <strong>kevyt punoitus\/turvotus<\/strong> 1\u20132 p\u00e4iv\u00e4\u00e4 on tavallista.<\/p><\/div><\/div>\n\n\n\n<div class=\"wp-block-uagb-info-box uagb-block-026c5772 uagb-infobox__content-wrap  uagb-infobox-icon-above-title uagb-infobox-image-valign-top\"><div class=\"uagb-ifb-content\"><div class=\"uagb-ifb-title-wrap\"><h2 class=\"uagb-ifb-title\">Tulokset &amp; hoitosuositus<br><\/h2><\/div><p class=\"uagb-ifb-desc\"><strong>Ensimerkkej\u00e4 3\u20134 viikossa:<\/strong> t\u00e4ytel\u00e4isempi tuntuma, hele\u00e4mpi s\u00e4vy<br><strong>1\u20133 kk:<\/strong> rakenteen ja kimmoisuuden hienovarainen paraneminen, arpien pehmeneminen<br><strong>Sarja:<\/strong> <strong>3\u20134 hoitoa<\/strong> n. <strong>4 viikon<\/strong> v\u00e4lein<br><strong>Yll\u00e4pito:<\/strong> <strong>1\u20132\u00d7\/vuosi<\/strong> tarpeen mukaan<br><strong>Hiuspohja:<\/strong> usein <strong>3\u20134 hoitoa<\/strong> 4 viikon v\u00e4lein, yll\u00e4pito <strong>3\u20136 kk<\/strong> v\u00e4lein<\/p><\/div><\/div>\n\n\n\n<div class=\"wp-block-uagb-info-box uagb-block-98f252bd uagb-infobox__content-wrap  uagb-infobox-icon-above-title uagb-infobox-image-valign-top\"><div class=\"uagb-ifb-content\"><div class=\"uagb-ifb-title-wrap\"><h2 class=\"uagb-ifb-title\">Ennen hoitoa \u2013 valmistele n\u00e4in<br><\/h2><\/div><p class=\"uagb-ifb-desc\">V\u00e4lt\u00e4 <strong>verenvuotoa lis\u00e4\u00e4vi\u00e4<\/strong> lis\u00e4ravinteita\/l\u00e4\u00e4kkeit\u00e4 (esim. suuret omega-3-annokset, ASA) l\u00e4\u00e4k\u00e4rin luvalla <strong>3\u20135 pv<\/strong> ennen<br><strong>Ei alkoholia<\/strong> edelt\u00e4v\u00e4n\u00e4 iltana; <strong>juo vett\u00e4<\/strong> hoitop\u00e4iv\u00e4n\u00e4<br>Saavu <strong>puhdasta ihoa<\/strong> suosien; hiuspohja puhtaana, ilman muotoilutuotteita<\/p><\/div><\/div>\n\n\n\n<div class=\"wp-block-uagb-info-box uagb-block-225c3db5 uagb-infobox__content-wrap  uagb-infobox-icon-above-title uagb-infobox-image-valign-top\"><div class=\"uagb-ifb-content\"><div class=\"uagb-ifb-title-wrap\"><h2 class=\"uagb-ifb-title\">J\u00e4lkihoito \u2013 tee n\u00e4in<br><\/h2><\/div><p class=\"uagb-ifb-desc\"><strong>SPF 30\u201350<\/strong> p\u00e4ivitt\u00e4in k\u00e4sitellyille alueille 1\u20132 viikkoa<br><strong>Ei saunaa\/kovaa hikoilua<\/strong> 24\u201348 h; v\u00e4lt\u00e4 uima-allasta saman ajan<br><strong>Ei retinoideja\/AHA\/BHA-kuorintoja<\/strong> 3\u20135 p\u00e4iv\u00e4\u00e4n<br>Hell\u00e4 puhdistus + <strong>kosteuttava, barri\u00e4\u00e4ri\u00e4 tukeva<\/strong> hoito<br>Hiuspohja: v\u00e4lt\u00e4 pesua <strong>24 h<\/strong>, ei vahvaa hierontaa\/kuumennusta 48 h<\/p><\/div><\/div>\n\n\n\n<div class=\"wp-block-uagb-info-box uagb-block-4325bab5 uagb-infobox__content-wrap  uagb-infobox-icon-above-title uagb-infobox-image-valign-top\"><div class=\"uagb-ifb-content\"><div class=\"uagb-ifb-title-wrap\"><h2 class=\"uagb-ifb-title\">Riskit &amp; haittavaikutukset (yleens\u00e4 lievi\u00e4 ja ohimenevi\u00e4)<br><\/h2><\/div><p class=\"uagb-ifb-desc\"><strong>Punoitus, turvotus, mustelmat<\/strong>, pistosalueen arkuus<br>Harvoin <strong>p\u00e4\u00e4ns\u00e4rky<\/strong> (hiuspohja), <strong>infektioriski<\/strong> on hyvin pieni aseptiikan vuoksi<br>Allergiariski on <strong>eritt\u00e4in v\u00e4h\u00e4inen<\/strong>, koska k\u00e4ytet\u00e4\u00e4n <strong>oma-ainekset<\/strong> (autologinen hoito)<\/p><\/div><\/div>\n\n\n\n<div class=\"wp-block-uagb-image uagb-block-d441783a wp-block-uagb-image--layout-default wp-block-uagb-image--effect-static wp-block-uagb-image--align-none\"><figure class=\"wp-block-uagb-image__figure\"><img decoding=\"async\" srcset=\"https:\/\/vitaroma.fi\/wp-content\/uploads\/2025\/08\/PRP-hoito-done.jpg ,https:\/\/vitaroma.fi\/wp-content\/uploads\/2025\/08\/PRP-hoito-done.jpg 780w, https:\/\/vitaroma.fi\/wp-content\/uploads\/2025\/08\/PRP-hoito-done.jpg 360w\" sizes=\"auto, (max-width: 480px) 150px\" src=\"https:\/\/vitaroma.fi\/wp-content\/uploads\/2025\/08\/PRP-hoito-done.jpg\" alt=\"\" class=\"uag-image-2704\" width=\"800\" height=\"600\" title=\"PRP-hoito-done\" loading=\"lazy\" role=\"img\"\/><\/figure><\/div>\n\n\n\n<div class=\"wp-block-uagb-info-box uagb-block-33a950f9 uagb-infobox__content-wrap  uagb-infobox-icon-above-title uagb-infobox-image-valign-top\"><div class=\"uagb-ifb-content\"><div class=\"uagb-ifb-title-wrap\"><h2 class=\"uagb-ifb-title\">UKK \u2013 usein kysytty\u00e4<br><\/h2><\/div><p class=\"uagb-ifb-desc\"><strong>Sattuuko PRP?<\/strong><br>Puudutteella useimmat kokevat hoidon <strong>hyvin siedett\u00e4v\u00e4n\u00e4<\/strong> (nipistely\u00e4, paineen tuntua).<br><strong>Voinko yhdist\u00e4\u00e4 muihin hoitoihin?<\/strong><br>Kyll\u00e4. PRP toimii hyvin yhteen <strong>mikroneulauksen (Dermapen 4)<\/strong>, <strong>Hydrafacialin<\/strong>, <strong>LED-hoidon<\/strong> tai valikoidusti <strong>BBL\/kylm\u00e4plasma<\/strong>-protokollien kanssa. Aikataulu suunnitellaan yksil\u00f6llisesti.<br><strong>Sopiiko silm\u00e4nymp\u00e4rykselle?<\/strong><br>Kyll\u00e4, kun annostelu ja tekniikka r\u00e4\u00e4t\u00e4l\u00f6id\u00e4\u00e4n; odotettavissa on <strong>ohimenev\u00e4 turvotus<\/strong> 24\u201348 h.<br><strong>Ent\u00e4 hiukset?<\/strong><br>Hiuspohjan PRP voi <strong>tukea kasvusykli\u00e4<\/strong> ja v\u00e4hent\u00e4\u00e4 ohentumisen merkkej\u00e4 erityisesti alkuvaiheessa; sarja + yll\u00e4pito on t\u00e4rke\u00e4.<\/p><\/div><\/div>\n\n\n\n<div class=\"wp-block-uagb-info-box uagb-block-8dd8da51 uagb-infobox__content-wrap  uagb-infobox-icon-above-title uagb-infobox-image-valign-top\"><div class=\"uagb-ifb-content\"><div class=\"uagb-ifb-title-wrap\"><h2 class=\"uagb-ifb-title\">Miksi valita Vitaroma?<br><\/h2><\/div><p class=\"uagb-ifb-desc\"><strong>Steriiili, CE-vaatimusten mukainen<\/strong> ty\u00f6skentely ja kokeneet ammattilaiset<br><strong>R\u00e4\u00e4t\u00e4l\u00f6ity annostelu<\/strong> alueen ja tavoitteen mukaan<br><strong>Kokonaisvaltainen hoitopolku:<\/strong> selke\u00e4 ennakko-\/j\u00e4lkihoito, realistiset tavoitteet ja seuranta<br><strong>Varaa aika PRP-hoitoon \u2192<\/strong><\/p><\/div><\/div>\n<\/div><\/div>\n\n\n\n<div class=\"wp-block-uagb-container uagb-block-9caa1a47 alignfull uagb-is-root-container\"><div class=\"uagb-container-inner-blocks-wrap\">\n<div class=\"wp-block-uagb-advanced-heading uagb-block-1ed0e64e\"><div class=\"uagb-heading-text\">Anna meid\u00e4n auttaa<\/div><\/div>\n\n\n\n<div class=\"wp-block-uagb-advanced-heading uagb-block-3a57683f\"><h2 class=\"uagb-heading-text\">Ota meihin yhteytt\u00e4<\/h2><\/div>\n\n\n\n<div class=\"wp-block-uagb-buttons uagb-buttons__outer-wrap uagb-btn__default-btn uagb-btn-tablet__default-btn uagb-btn-mobile__default-btn uagb-block-9979be0d\"><div class=\"uagb-buttons__wrap uagb-buttons-layout-wrap\">\n<div class=\"wp-block-uagb-buttons-child uagb-buttons__outer-wrap uagb-block-84fd34e5 wp-block-button\"><div class=\"uagb-button__wrapper\"><a class=\"uagb-buttons-repeater wp-block-button__link\" aria-label=\"\" href=\"https:\/\/timma.fi\/yritys\/kauneuskeskus-vitaroma\" rel=\"follow noopener\" target=\"_self\" role=\"button\"><div class=\"uagb-button__link\">Varaa Aika<\/div><\/a><\/div><\/div>\n<\/div><\/div>\n\n\n\n<div class=\"wp-block-uagb-buttons uagb-buttons__outer-wrap uagb-btn__default-btn uagb-btn-tablet__default-btn uagb-btn-mobile__default-btn uagb-block-f7add131\"><div class=\"uagb-buttons__wrap uagb-buttons-layout-wrap\">\n<div class=\"wp-block-uagb-buttons-child uagb-buttons__outer-wrap uagb-block-0c11dd62 wp-block-button\"><div class=\"uagb-button__wrapper\"><a class=\"uagb-buttons-repeater wp-block-button__link\" aria-label=\"\" href=\"https:\/\/vitaroma.fi\/nn\/ota-yhteytta\/\" rel=\"follow noopener\" target=\"_self\" role=\"button\"><div class=\"uagb-button__link\">Ota yhteytt\u00e4<\/div><\/a><\/div><\/div>\n<\/div><\/div>\n\n\n\n<div class=\"wp-block-uagb-buttons uagb-buttons__outer-wrap uagb-btn__default-btn uagb-btn-tablet__default-btn uagb-btn-mobile__default-btn uagb-block-69da2b3b\"><div class=\"uagb-buttons__wrap uagb-buttons-layout-wrap\">\n<div class=\"wp-block-uagb-buttons-child uagb-buttons__outer-wrap uagb-block-1018754e wp-block-button\"><div class=\"uagb-button__wrapper\"><a class=\"uagb-buttons-repeater wp-block-button__link\" aria-label=\"\" href=\"https:\/\/vitaroma.fi\/nn\/tietoa-meista\/\" rel=\"follow noopener\" target=\"_self\" role=\"button\"><div class=\"uagb-button__link\">Tietoa meist\u00e4<\/div><\/a><\/div><\/div>\n<\/div><\/div>\n\n\n\n<div class=\"wp-block-uagb-advanced-heading uagb-block-838a0a13\"><div class=\"uagb-separator\"><\/div><h3 class=\"uagb-heading-text\">Ilmaista neuvontaa? 050 365 2103<\/h3><\/div>\n\n\n\n<!-- Font Awesome CDN -->\n<link rel=\"stylesheet\" href=\"https:\/\/cdnjs.cloudflare.com\/ajax\/libs\/font-awesome\/6.4.0\/css\/all.min.css\">\n\n<div class=\"social-links\">\n  <a href=\"https:\/\/www.instagram.com\/kauneuskeskusvitaroma_clinic\/\" target=\"_blank\" rel=\"noopener\" class=\"instagram\">\n    <i class=\"fab fa-instagram\"><\/i> Kauneuskeskus Vitaroma\n  <\/a>\n  <a href=\"https:\/\/www.facebook.com\/61567042467466\/about\/\" target=\"_blank\" rel=\"noopener\" class=\"facebook\">\n    <i class=\"fab fa-facebook\"><\/i> Kauneuskeskus Vitaroma\n  <\/a>\n<\/div>\n\n<style>\n  .social-links {\n    display: flex;\n    justify-content: center;\n    gap: 20px;\n    margin-top: 10px;\n  }\n\n  .social-links a {\n    display: flex;\n    align-items: center;\n    gap: 10px;\n    padding: 12px 20px;\n    font-size: 18px;\n    font-weight: 600;\n    text-decoration: none;\n    color: #fff;\n    background: rgba(0, 0, 0, 0.35);\n    border: 2px solid rgba(255, 255, 255, 0.5);\n    border-radius: 8px;\n    transition: all 0.3s ease;\n    box-shadow: 0 3px 8px rgba(0, 0, 0, 0.2);\n    backdrop-filter: blur(5px);\n  }\n\n  .social-links a i {\n    font-size: 22px;\n  }\n\n  \/* Hover efektleri *\/\n  .social-links a.instagram:hover {\n    background: #E1306C;\n    color: #fff;\n    border-color: #E1306C;\n  }\n\n  .social-links a.facebook:hover {\n    background: #1877F2;\n    color: #fff;\n    border-color: #1877F2;\n  }\n<\/style>\n\n<\/div><\/div>","protected":false},"excerpt":{"rendered":"<p>PRP-hoito \u2013 Veriplasman voima ihon uudistamiseen<\/p>","protected":false},"author":1,"featured_media":0,"parent":0,"menu_order":0,"comment_status":"closed","ping_status":"closed","template":"","meta":{"_surecart_dashboard_logo_width":"180px","_surecart_dashboard_show_logo":true,"_surecart_dashboard_navigation_orders":true,"_surecart_dashboard_navigation_invoices":true,"_surecart_dashboard_navigation_subscriptions":true,"_surecart_dashboard_navigation_downloads":true,"_surecart_dashboard_navigation_billing":true,"_surecart_dashboard_navigation_account":true,"_uag_custom_page_level_css":"","site-sidebar-layout":"default","site-content-layout":"","ast-site-content-layout":"default","site-content-style":"default","site-sidebar-style":"default","ast-global-header-display":"","ast-banner-title-visibility":"","ast-main-header-display":"","ast-hfb-above-header-display":"","ast-hfb-below-header-display":"","ast-hfb-mobile-header-display":"","site-post-title":"disabled","ast-breadcrumbs-content":"","ast-featured-img":"","footer-sml-layout":"","ast-disable-related-posts":"","theme-transparent-header-meta":"","adv-header-id-meta":"","stick-header-meta":"","header-above-stick-meta":"","header-main-stick-meta":"","header-below-stick-meta":"","astra-migrate-meta-layouts":"set","ast-page-background-enabled":"default","ast-page-background-meta":{"desktop":{"background-color":"var(--ast-global-color-4)","background-image":"","background-repeat":"repeat","background-position":"center center","background-size":"auto","background-attachment":"scroll","background-type":"","background-media":"","overlay-type":"","overlay-color":"","overlay-opacity":"","overlay-gradient":""},"tablet":{"background-color":"","background-image":"","background-repeat":"repeat","background-position":"center center","background-size":"auto","background-attachment":"scroll","background-type":"","background-media":"","overlay-type":"","overlay-color":"","overlay-opacity":"","overlay-gradient":""},"mobile":{"background-color":"","background-image":"","background-repeat":"repeat","background-position":"center center","background-size":"auto","background-attachment":"scroll","background-type":"","background-media":"","overlay-type":"","overlay-color":"","overlay-opacity":"","overlay-gradient":""}},"ast-content-background-meta":{"desktop":{"background-color":"var(--ast-global-color-5)","background-image":"","background-repeat":"repeat","background-position":"center center","background-size":"auto","background-attachment":"scroll","background-type":"","background-media":"","overlay-type":"","overlay-color":"","overlay-opacity":"","overlay-gradient":""},"tablet":{"background-color":"var(--ast-global-color-5)","background-image":"","background-repeat":"repeat","background-position":"center center","background-size":"auto","background-attachment":"scroll","background-type":"","background-media":"","overlay-type":"","overlay-color":"","overlay-opacity":"","overlay-gradient":""},"mobile":{"background-color":"var(--ast-global-color-5)","background-image":"","background-repeat":"repeat","background-position":"center center","background-size":"auto","background-attachment":"scroll","background-type":"","background-media":"","overlay-type":"","overlay-color":"","overlay-opacity":"","overlay-gradient":""}},"footnotes":""},"class_list":["post-1972","page","type-page","status-publish","hentry"],"uagb_featured_image_src":{"full":false,"thumbnail":false,"medium":false,"medium_large":false,"large":false,"1536x1536":false,"2048x2048":false,"trp-custom-language-flag":false,"woocommerce_thumbnail":false,"woocommerce_single":false,"woocommerce_gallery_thumbnail":false},"uagb_author_info":{"display_name":"emilkemal4@gmail.com","author_link":"https:\/\/vitaroma.fi\/nn\/author\/emilkemal4gmail-com\/"},"uagb_comment_info":0,"uagb_excerpt":"PRP-hoito \u2013 Veriplasman voima ihon uudistamiseen","_links":{"self":[{"href":"https:\/\/vitaroma.fi\/nn\/wp-json\/wp\/v2\/pages\/1972","targetHints":{"allow":["GET"]}}],"collection":[{"href":"https:\/\/vitaroma.fi\/nn\/wp-json\/wp\/v2\/pages"}],"about":[{"href":"https:\/\/vitaroma.fi\/nn\/wp-json\/wp\/v2\/types\/page"}],"author":[{"embeddable":true,"href":"https:\/\/vitaroma.fi\/nn\/wp-json\/wp\/v2\/users\/1"}],"replies":[{"embeddable":true,"href":"https:\/\/vitaroma.fi\/nn\/wp-json\/wp\/v2\/comments?post=1972"}],"version-history":[{"count":10,"href":"https:\/\/vitaroma.fi\/nn\/wp-json\/wp\/v2\/pages\/1972\/revisions"}],"predecessor-version":[{"id":2705,"href":"https:\/\/vitaroma.fi\/nn\/wp-json\/wp\/v2\/pages\/1972\/revisions\/2705"}],"wp:attachment":[{"href":"https:\/\/vitaroma.fi\/nn\/wp-json\/wp\/v2\/media?parent=1972"}],"curies":[{"name":"wp","href":"https:\/\/api.w.org\/{rel}","templated":true}]}}