{"id":1949,"date":"2025-04-25T16:23:21","date_gmt":"2025-04-25T16:23:21","guid":{"rendered":"https:\/\/vitaroma.fi\/?page_id=1949"},"modified":"2025-04-25T21:00:21","modified_gmt":"2025-04-25T21:00:21","slug":"diode-laser-hoito","status":"publish","type":"page","link":"https:\/\/vitaroma.fi\/nn\/diode-laser-hoito\/","title":{"rendered":"Diode-laser hoito"},"content":{"rendered":"<div class=\"wp-block-uagb-container uagb-block-5451af51 alignfull uagb-is-root-container\"><div class=\"uagb-container-inner-blocks-wrap\">\n<div class=\"wp-block-uagb-advanced-heading uagb-block-f45ed1f8\"><h1 class=\"uagb-heading-text\">Diode-laser hoito<\/h1><\/div>\n<\/div><\/div>\n\n\n\n<div class=\"wp-block-uagb-container uagb-block-wlmazrwo alignfull uagb-is-root-container\"><div class=\"uagb-container-inner-blocks-wrap\">\n<div class=\"wp-block-uagb-container uagb-block-0btjzulc alignfull uagb-is-root-container\"><div class=\"uagb-container-inner-blocks-wrap\">\n<div class=\"wp-block-uagb-image alignleft uagb-block-6xnwaqpe wp-block-uagb-image--layout-default wp-block-uagb-image--effect-static wp-block-uagb-image--align-left\"><figure class=\"wp-block-uagb-image__figure\"><img decoding=\"async\" srcset=\"https:\/\/vitaroma.fi\/wp-content\/uploads\/2025\/04\/Adsiz6-1-1024x576.png ,https:\/\/vitaroma.fi\/wp-content\/uploads\/2025\/04\/Adsiz6-1.png 780w, https:\/\/vitaroma.fi\/wp-content\/uploads\/2025\/04\/Adsiz6-1.png 360w\" sizes=\"auto, (max-width: 480px) 150px\" src=\"https:\/\/vitaroma.fi\/wp-content\/uploads\/2025\/04\/Adsiz6-1-1024x576.png\" alt=\"Diode-laser hoito\" class=\"uag-image-2095\" width=\"564\" height=\"400\" title=\"Diode-laser hoito\" loading=\"lazy\" role=\"img\"\/><\/figure><\/div>\n\n\n\n<div class=\"wp-block-uagb-container uagb-block-xrkfcv1q\">\n<div class=\"wp-block-uagb-info-box uagb-block-amettuy1 uagb-infobox__content-wrap  uagb-infobox-icon-above-title uagb-infobox-image-valign-top\"><div class=\"uagb-ifb-content\"><div class=\"uagb-ifb-title-wrap\"><h3 class=\"uagb-ifb-title\">Uuden sukupolven karvanpoistotekniikka \u2013 tehokas, hell\u00e4varainen ja turvallinen<\/h3><\/div><p class=\"uagb-ifb-desc\"><strong>Diode-laser hoito<\/strong> on nykyaikaisin ja tehokkain menetelm\u00e4 pysyv\u00e4\u00e4n karvanpoistoon. Se perustuu <strong>yksitaajuiseen laserenergiaan<\/strong>, joka kohdistuu tarkasti karvatuppeen vaurioittamatta ymp\u00e4r\u00f6iv\u00e4\u00e4 kudosta. T\u00e4m\u00e4 tekee diode-laserista ihanteellisen valinnan my\u00f6s herkemmille ihoalueille ja vaativammille asiakkaille, jotka odottavat <strong>maksimaalista tehoa mahdollisimman v\u00e4h\u00e4ll\u00e4 ep\u00e4mukavuudella<\/strong>.<\/p><\/div><\/div>\n<\/div>\n<\/div><\/div>\n<\/div><\/div>\n\n\n\n<div class=\"wp-block-uagb-container uagb-block-onenjlwh alignfull uagb-is-root-container\"><div class=\"uagb-container-inner-blocks-wrap\">\n<div class=\"wp-block-uagb-info-box uagb-block-kdw4sbfe uagb-infobox__content-wrap  uagb-infobox-icon-above-title uagb-infobox-image-valign-top\"><div class=\"uagb-ifb-content\"><div class=\"uagb-ifb-title-wrap\"><h2 class=\"uagb-ifb-title\">Miksi valita juuri diode-laser?<\/h2><\/div><p class=\"uagb-ifb-desc\">Toisin kuin IPL (intense pulsed light) tai vanhemmat laserit, diode-laser toimii <strong>yhdell\u00e4 tarkalla aallonpituudella (yleens\u00e4 808 nm)<\/strong>, joka kohdistuu ihon syvempiin kerroksiin. Se mahdollistaa:<br><strong>Tarkemman karvanpoiston<\/strong><br><strong>V\u00e4hemm\u00e4n ihoreaktioita tai \u00e4rsytyst\u00e4<\/strong><br><strong>Lyhyemm\u00e4n hoitoajan<\/strong><br><strong>Sopivuuden useille ihotyypeille<\/strong> (my\u00f6s vaaleammalle tai hieman tummemmalle iholle)<\/p><\/div><\/div>\n\n\n\n<div class=\"wp-block-uagb-info-box uagb-block-6f18b7a4 uagb-infobox__content-wrap  uagb-infobox-icon-above-title uagb-infobox-image-valign-top\"><div class=\"uagb-ifb-content\"><div class=\"uagb-ifb-title-wrap\"><h2 class=\"uagb-ifb-title\">N\u00e4in hoito etenee<\/h2><\/div><p class=\"uagb-ifb-desc\"><strong>Diode-laser hoito aloitetaan aina konsultaatiolla<\/strong>, jossa kartoitetaan ihotyyppi, karvan v\u00e4ri ja kasvusyklit. Hoidon kulku:<br>Ihon puhdistus ja tarvittaessa karvan ajelu<br>Henkil\u00f6kohtaisesti s\u00e4\u00e4dettyjen asetusten valinta<br>Laserpulssien tarkka ja tasainen annostelu<br>Viimeistely rauhoittavalla ja kosteuttavalla geelill\u00e4<br>Hoidon j\u00e4lkeiset ohjeet ja jatkohoitosuunnitelma<br>Hoidon aikana tunnet <strong>l\u00e4mp\u00f6\u00e4 ja pient\u00e4 nipistely\u00e4<\/strong>, mutta diode-laserin j\u00e4\u00e4hdytt\u00e4v\u00e4 p\u00e4\u00e4 v\u00e4hent\u00e4\u00e4 ep\u00e4mukavuutta merkitt\u00e4v\u00e4sti.<\/p><\/div><\/div>\n\n\n\n<div class=\"wp-block-uagb-info-box uagb-block-ffaf723f uagb-infobox__content-wrap  uagb-infobox-icon-above-title uagb-infobox-image-valign-top\"><div class=\"uagb-ifb-content\"><div class=\"uagb-ifb-title-wrap\"><h2 class=\"uagb-ifb-title\">Mit\u00e4 alueita voidaan hoitaa?<\/h2><\/div><p class=\"uagb-ifb-desc\">Diode-laser sopii l\u00e4hes kaikille kehon alueille:<br>Yl\u00e4huuli, leuka, posket<br>Kainalot<br>Bikini \/ brassialue<br>S\u00e4\u00e4ret, reidet<br>Selk\u00e4, rinta, vatsa<br>K\u00e4sivarret<\/p><\/div><\/div>\n\n\n\n<div class=\"wp-block-uagb-info-box uagb-block-e4414226 uagb-infobox__content-wrap  uagb-infobox-icon-above-title uagb-infobox-image-valign-top\"><div class=\"uagb-ifb-content\"><div class=\"uagb-ifb-title-wrap\"><h2 class=\"uagb-ifb-title\">Hoidon j\u00e4lkeen<\/h2><\/div><p class=\"uagb-ifb-desc\"><strong>Iho voi olla hieman l\u00e4mmin tai punertava<\/strong>, mutta useimmiten t\u00e4m\u00e4 laskee muutamassa tunnissa. On t\u00e4rke\u00e4\u00e4:<br><strong>V\u00e4ltt\u00e4\u00e4 aurinkoa<\/strong> hoidon j\u00e4lkeen (SPF 50+ suositeltu)<br>Ei k\u00e4ytt\u00e4\u00e4 kuorivia aineita ensimm\u00e4iseen 48 tuntiin<br>V\u00e4ltt\u00e4\u00e4 saunaa, uintia ja hikoilua 24\u201348 tunnin ajan<br>\u00c4l\u00e4 nypp\u00e4\u00e4 tai vahaudu hoitojakson aikana \u2013 vain ajelu sallittu<\/p><\/div><\/div>\n\n\n\n<div class=\"wp-block-uagb-info-box uagb-block-e2934bd1 uagb-infobox__content-wrap  uagb-infobox-icon-above-title uagb-infobox-image-valign-top\"><div class=\"uagb-ifb-content\"><div class=\"uagb-ifb-title-wrap\"><h2 class=\"uagb-ifb-title\">Hoitov\u00e4lit ja tulokset<\/h2><\/div><p class=\"uagb-ifb-desc\">Karvat kasvavat eri vaiheissa (anageeni, katageeni, telogeeni), joten diode-laser on tehokkain <strong>aktiivisessa kasvuvaiheessa oleville karvoille<\/strong>. T\u00e4m\u00e4n takia hoito tehd\u00e4\u00e4n sarjana:<br><strong>Hoitosuositus:<\/strong> 6\u20138 kertaa<br><strong>Hoitov\u00e4li:<\/strong> 4\u20138 viikkoa alueesta riippuen<br><strong>Ensimm\u00e4iset tulokset n\u00e4kyv\u00e4t jo 1\u20132 hoidon j\u00e4lkeen<\/strong><br>T\u00e4ydelliseen karvattomuuteen vaaditaan s\u00e4\u00e4nn\u00f6llisyys<\/p><\/div><\/div>\n<\/div><\/div>\n\n\n\n<div class=\"wp-block-uagb-container uagb-block-9caa1a47 alignfull uagb-is-root-container\"><div class=\"uagb-container-inner-blocks-wrap\">\n<div class=\"wp-block-uagb-advanced-heading uagb-block-1ed0e64e\"><div class=\"uagb-heading-text\">Anna meid\u00e4n auttaa<\/div><\/div>\n\n\n\n<div class=\"wp-block-uagb-advanced-heading uagb-block-3a57683f\"><h2 class=\"uagb-heading-text\">Ota meihin yhteytt\u00e4<\/h2><\/div>\n\n\n\n<div class=\"wp-block-uagb-buttons uagb-buttons__outer-wrap uagb-btn__default-btn uagb-btn-tablet__default-btn uagb-btn-mobile__default-btn uagb-block-9979be0d\"><div class=\"uagb-buttons__wrap uagb-buttons-layout-wrap\">\n<div class=\"wp-block-uagb-buttons-child uagb-buttons__outer-wrap uagb-block-84fd34e5 wp-block-button\"><div class=\"uagb-button__wrapper\"><a class=\"uagb-buttons-repeater wp-block-button__link\" aria-label=\"\" href=\"https:\/\/timma.fi\/yritys\/kauneuskeskus-vitaroma\" rel=\"follow noopener\" target=\"_self\" role=\"button\"><div class=\"uagb-button__link\">Varaa Aika<\/div><\/a><\/div><\/div>\n<\/div><\/div>\n\n\n\n<div class=\"wp-block-uagb-buttons uagb-buttons__outer-wrap uagb-btn__default-btn uagb-btn-tablet__default-btn uagb-btn-mobile__default-btn uagb-block-f7add131\"><div class=\"uagb-buttons__wrap uagb-buttons-layout-wrap\">\n<div class=\"wp-block-uagb-buttons-child uagb-buttons__outer-wrap uagb-block-0c11dd62 wp-block-button\"><div class=\"uagb-button__wrapper\"><a class=\"uagb-buttons-repeater wp-block-button__link\" aria-label=\"\" href=\"https:\/\/vitaroma.fi\/nn\/ota-yhteytta\/\" rel=\"follow noopener\" target=\"_self\" role=\"button\"><div class=\"uagb-button__link\">Ota yhteytt\u00e4<\/div><\/a><\/div><\/div>\n<\/div><\/div>\n\n\n\n<div class=\"wp-block-uagb-buttons uagb-buttons__outer-wrap uagb-btn__default-btn uagb-btn-tablet__default-btn uagb-btn-mobile__default-btn uagb-block-69da2b3b\"><div class=\"uagb-buttons__wrap uagb-buttons-layout-wrap\">\n<div class=\"wp-block-uagb-buttons-child uagb-buttons__outer-wrap uagb-block-1018754e wp-block-button\"><div class=\"uagb-button__wrapper\"><a class=\"uagb-buttons-repeater wp-block-button__link\" aria-label=\"\" href=\"https:\/\/vitaroma.fi\/nn\/tietoa-meista\/\" rel=\"follow noopener\" target=\"_self\" role=\"button\"><div class=\"uagb-button__link\">Tietoa meist\u00e4<\/div><\/a><\/div><\/div>\n<\/div><\/div>\n\n\n\n<div class=\"wp-block-uagb-advanced-heading uagb-block-838a0a13\"><div class=\"uagb-separator\"><\/div><h3 class=\"uagb-heading-text\">Ilmaista neuvontaa? 050 365 2103<\/h3><\/div>\n\n\n\n<!-- Font Awesome CDN -->\n<link rel=\"stylesheet\" href=\"https:\/\/cdnjs.cloudflare.com\/ajax\/libs\/font-awesome\/6.4.0\/css\/all.min.css\">\n\n<div class=\"social-links\">\n  <a href=\"https:\/\/www.instagram.com\/kauneuskeskusvitaroma_clinic\/\" target=\"_blank\" rel=\"noopener\" class=\"instagram\">\n    <i class=\"fab fa-instagram\"><\/i> Kauneuskeskus Vitaroma\n  <\/a>\n  <a href=\"https:\/\/www.facebook.com\/61567042467466\/about\/\" target=\"_blank\" rel=\"noopener\" class=\"facebook\">\n    <i class=\"fab fa-facebook\"><\/i> Kauneuskeskus Vitaroma\n  <\/a>\n<\/div>\n\n<style>\n  .social-links {\n    display: flex;\n    justify-content: center;\n    gap: 20px;\n    margin-top: 10px;\n  }\n\n  .social-links a {\n    display: flex;\n    align-items: center;\n    gap: 10px;\n    padding: 12px 20px;\n    font-size: 18px;\n    font-weight: 600;\n    text-decoration: none;\n    color: #fff;\n    background: rgba(0, 0, 0, 0.35);\n    border: 2px solid rgba(255, 255, 255, 0.5);\n    border-radius: 8px;\n    transition: all 0.3s ease;\n    box-shadow: 0 3px 8px rgba(0, 0, 0, 0.2);\n    backdrop-filter: blur(5px);\n  }\n\n  .social-links a i {\n    font-size: 22px;\n  }\n\n  \/* Hover efektleri *\/\n  .social-links a.instagram:hover {\n    background: #E1306C;\n    color: #fff;\n    border-color: #E1306C;\n  }\n\n  .social-links a.facebook:hover {\n    background: #1877F2;\n    color: #fff;\n    border-color: #1877F2;\n  }\n<\/style>\n\n<\/div><\/div>","protected":false},"excerpt":{"rendered":"<p>Diode-laser hoito<\/p>","protected":false},"author":1,"featured_media":0,"parent":0,"menu_order":0,"comment_status":"closed","ping_status":"closed","template":"","meta":{"_surecart_dashboard_logo_width":"180px","_surecart_dashboard_show_logo":true,"_surecart_dashboard_navigation_orders":true,"_surecart_dashboard_navigation_invoices":true,"_surecart_dashboard_navigation_subscriptions":true,"_surecart_dashboard_navigation_downloads":true,"_surecart_dashboard_navigation_billing":true,"_surecart_dashboard_navigation_account":true,"_uag_custom_page_level_css":"","site-sidebar-layout":"default","site-content-layout":"","ast-site-content-layout":"default","site-content-style":"default","site-sidebar-style":"default","ast-global-header-display":"","ast-banner-title-visibility":"","ast-main-header-display":"","ast-hfb-above-header-display":"","ast-hfb-below-header-display":"","ast-hfb-mobile-header-display":"","site-post-title":"disabled","ast-breadcrumbs-content":"","ast-featured-img":"","footer-sml-layout":"","theme-transparent-header-meta":"","adv-header-id-meta":"","stick-header-meta":"","header-above-stick-meta":"","header-main-stick-meta":"","header-below-stick-meta":"","astra-migrate-meta-layouts":"set","ast-page-background-enabled":"default","ast-page-background-meta":{"desktop":{"background-color":"var(--ast-global-color-4)","background-image":"","background-repeat":"repeat","background-position":"center center","background-size":"auto","background-attachment":"scroll","background-type":"","background-media":"","overlay-type":"","overlay-color":"","overlay-opacity":"","overlay-gradient":""},"tablet":{"background-color":"","background-image":"","background-repeat":"repeat","background-position":"center center","background-size":"auto","background-attachment":"scroll","background-type":"","background-media":"","overlay-type":"","overlay-color":"","overlay-opacity":"","overlay-gradient":""},"mobile":{"background-color":"","background-image":"","background-repeat":"repeat","background-position":"center center","background-size":"auto","background-attachment":"scroll","background-type":"","background-media":"","overlay-type":"","overlay-color":"","overlay-opacity":"","overlay-gradient":""}},"ast-content-background-meta":{"desktop":{"background-color":"var(--ast-global-color-5)","background-image":"","background-repeat":"repeat","background-position":"center center","background-size":"auto","background-attachment":"scroll","background-type":"","background-media":"","overlay-type":"","overlay-color":"","overlay-opacity":"","overlay-gradient":""},"tablet":{"background-color":"var(--ast-global-color-5)","background-image":"","background-repeat":"repeat","background-position":"center center","background-size":"auto","background-attachment":"scroll","background-type":"","background-media":"","overlay-type":"","overlay-color":"","overlay-opacity":"","overlay-gradient":""},"mobile":{"background-color":"var(--ast-global-color-5)","background-image":"","background-repeat":"repeat","background-position":"center center","background-size":"auto","background-attachment":"scroll","background-type":"","background-media":"","overlay-type":"","overlay-color":"","overlay-opacity":"","overlay-gradient":""}},"footnotes":""},"class_list":["post-1949","page","type-page","status-publish","hentry"],"uagb_featured_image_src":{"full":false,"thumbnail":false,"medium":false,"medium_large":false,"large":false,"1536x1536":false,"2048x2048":false,"trp-custom-language-flag":false,"woocommerce_thumbnail":false,"woocommerce_single":false,"woocommerce_gallery_thumbnail":false},"uagb_author_info":{"display_name":"emilkemal4@gmail.com","author_link":"https:\/\/vitaroma.fi\/nn\/author\/emilkemal4gmail-com\/"},"uagb_comment_info":0,"uagb_excerpt":"Diode-laser hoito","_links":{"self":[{"href":"https:\/\/vitaroma.fi\/nn\/wp-json\/wp\/v2\/pages\/1949","targetHints":{"allow":["GET"]}}],"collection":[{"href":"https:\/\/vitaroma.fi\/nn\/wp-json\/wp\/v2\/pages"}],"about":[{"href":"https:\/\/vitaroma.fi\/nn\/wp-json\/wp\/v2\/types\/page"}],"author":[{"embeddable":true,"href":"https:\/\/vitaroma.fi\/nn\/wp-json\/wp\/v2\/users\/1"}],"replies":[{"embeddable":true,"href":"https:\/\/vitaroma.fi\/nn\/wp-json\/wp\/v2\/comments?post=1949"}],"version-history":[{"count":8,"href":"https:\/\/vitaroma.fi\/nn\/wp-json\/wp\/v2\/pages\/1949\/revisions"}],"predecessor-version":[{"id":2203,"href":"https:\/\/vitaroma.fi\/nn\/wp-json\/wp\/v2\/pages\/1949\/revisions\/2203"}],"wp:attachment":[{"href":"https:\/\/vitaroma.fi\/nn\/wp-json\/wp\/v2\/media?parent=1949"}],"curies":[{"name":"wp","href":"https:\/\/api.w.org\/{rel}","templated":true}]}}