{"id":1924,"date":"2025-04-25T15:40:31","date_gmt":"2025-04-25T15:40:31","guid":{"rendered":"https:\/\/vitaroma.fi\/?page_id=1924"},"modified":"2025-08-29T10:30:07","modified_gmt":"2025-08-29T08:30:07","slug":"syvapuhdistus","status":"publish","type":"page","link":"https:\/\/vitaroma.fi\/nn\/syvapuhdistus\/","title":{"rendered":"Syv\u00e4puhdistus"},"content":{"rendered":"<div class=\"wp-block-uagb-container uagb-block-5451af51 alignfull uagb-is-root-container\"><div class=\"uagb-container-inner-blocks-wrap\">\n<div class=\"wp-block-uagb-advanced-heading uagb-block-f45ed1f8\"><h1 class=\"uagb-heading-text\">Syv\u00e4puhdistus<\/h1><\/div>\n<\/div><\/div>\n\n\n\n<div class=\"wp-block-uagb-container uagb-block-wlmazrwo alignfull uagb-is-root-container\"><div class=\"uagb-container-inner-blocks-wrap\">\n<div class=\"wp-block-uagb-container uagb-block-0btjzulc alignfull uagb-is-root-container\"><div class=\"uagb-container-inner-blocks-wrap\">\n<div class=\"wp-block-uagb-image alignleft uagb-block-6xnwaqpe wp-block-uagb-image--layout-default wp-block-uagb-image--effect-static wp-block-uagb-image--align-left\"><figure class=\"wp-block-uagb-image__figure\"><img decoding=\"async\" srcset=\"https:\/\/vitaroma.fi\/wp-content\/uploads\/2025\/04\/Adsiz2-2-1024x576.png ,https:\/\/vitaroma.fi\/wp-content\/uploads\/2025\/04\/Adsiz2-2.png 780w, https:\/\/vitaroma.fi\/wp-content\/uploads\/2025\/04\/Adsiz2-2.png 360w\" sizes=\"auto, (max-width: 480px) 150px\" src=\"https:\/\/vitaroma.fi\/wp-content\/uploads\/2025\/04\/Adsiz2-2-1024x576.png\" alt=\"Syv\u00e4puhdistus\" class=\"uag-image-2077\" width=\"564\" height=\"400\" title=\"Syv\u00e4puhdistus\" loading=\"lazy\" role=\"img\"\/><\/figure><\/div>\n\n\n\n<div class=\"wp-block-uagb-container uagb-block-xrkfcv1q\">\n<div class=\"wp-block-uagb-info-box uagb-block-amettuy1 uagb-infobox__content-wrap  uagb-infobox-icon-above-title uagb-infobox-image-valign-top\"><div class=\"uagb-ifb-content\"><div class=\"uagb-ifb-title-wrap\"><h3 class=\"uagb-ifb-title\">Tehokas ja syv\u00e4 kasvojen puhdistus ep\u00e4puhtaalle iholle<\/h3><\/div><p class=\"uagb-ifb-desc\"><strong>Syv\u00e4puhdistus<\/strong> on ihanteellinen hoito erityisesti sinulle, joka k\u00e4rsit <strong>ep\u00e4puhtauksista, tukkeutuneista huokosista tai akneen taipuvaisesta ihosta<\/strong>. T\u00e4m\u00e4 kasvohoito on suunniteltu poistamaan tehokkaasti ylim\u00e4\u00e4r\u00e4inen tali, kuolleet ihosolut ja ihohuokosia tukkivat ep\u00e4puhtaudet, jolloin iho saa hengitt\u00e4\u00e4 vapaasti ja n\u00e4ytt\u00e4\u00e4 kirkkaammalta.<\/p><\/div><\/div>\n<\/div>\n<\/div><\/div>\n<\/div><\/div>\n\n\n\n<div class=\"wp-block-uagb-container uagb-block-onenjlwh alignfull uagb-is-root-container\"><div class=\"uagb-container-inner-blocks-wrap\">\n<div class=\"wp-block-uagb-info-box uagb-block-kdw4sbfe uagb-infobox__content-wrap  uagb-infobox-icon-above-title uagb-infobox-image-valign-top\"><div class=\"uagb-ifb-content\"><div class=\"uagb-ifb-title-wrap\"><h2 class=\"uagb-ifb-title\"><strong>Mit\u00e4 hy\u00f6ty\u00e4 saat?<br><\/strong><\/h2><\/div><p class=\"uagb-ifb-desc\"><strong>Huokosn\u00e4\u00f6n pieneneminen<\/strong> ja tasaisempi pinta<br><strong>V\u00e4hemm\u00e4n kiiltely\u00e4<\/strong> ja talin kertymist\u00e4<br><strong>Kirkkaampi s\u00e4vy<\/strong> ja eloisampi ilme<br><strong>V\u00e4hemm\u00e4n mustap\u00e4it\u00e4 ja komedoja<\/strong> \u2013 my\u00f6s tulevien muodostumisen ehk\u00e4isy<br>Kotihoitotuotteet <strong>imeytyv\u00e4t paremmin<\/strong> puhdistetulle iholle<br><br><\/p><\/div><\/div>\n\n\n\n<div class=\"wp-block-uagb-info-box uagb-block-a43f7f11 uagb-infobox__content-wrap  uagb-infobox-icon-above-title uagb-infobox-image-valign-top\"><div class=\"uagb-ifb-content\"><div class=\"uagb-ifb-title-wrap\"><h2 class=\"uagb-ifb-title\">Kenelle syv\u00e4puhdistus sopii?<br><\/h2><\/div><p class=\"uagb-ifb-desc\"><strong>Sekaiho &amp; rasvoittuva iho<\/strong><br><strong>Akneen taipuvainen<\/strong> tai helposti tukkeutuva iho<br><strong>Aikuisakne<\/strong> ja \u201charmaa\u201d, samea yleisilme<br>Runsas <strong>meikin k\u00e4ytt\u00f6<\/strong> tai altistuminen <strong>ep\u00e4puhtauksille<\/strong><br><strong>Arvioimme ensin:<\/strong> aktiivinen <strong>ihotulehdus\/infektio<\/strong>, avohaavat, <strong>tuore auringonpolttama<\/strong>, isotretinoiini viime kuukausina, vaikea rosacea pahenemisvaiheessa. N\u00e4iss\u00e4 teemme yksil\u00f6llisen suunnitelman tai siirr\u00e4mme hoitoa.<\/p><\/div><\/div>\n\n\n\n<div class=\"wp-block-uagb-info-box uagb-block-6f18b7a4 uagb-infobox__content-wrap  uagb-infobox-icon-above-title uagb-infobox-image-valign-top\"><div class=\"uagb-ifb-content\"><div class=\"uagb-ifb-title-wrap\"><h2 class=\"uagb-ifb-title\">Hoidon tarkoitus<br><\/h2><\/div><p class=\"uagb-ifb-desc\">Syv\u00e4puhdistuksen p\u00e4\u00e4tavoitteita ovat <strong>huokosten avaaminen<\/strong>, <strong>talinerityksen tasapainottaminen<\/strong> sek\u00e4 <strong>tulehdusalttiuden v\u00e4hent\u00e4minen<\/strong>. Hoito ei vain poista n\u00e4kyvi\u00e4 ep\u00e4puhtauksia \u2013 se auttaa my\u00f6s <strong>ehk\u00e4isem\u00e4\u00e4n uusien synty\u00e4<\/strong> ja <strong>rauhoittaa<\/strong> \u00e4rtynytt\u00e4 ihoa.<\/p><\/div><\/div>\n\n\n\n<div class=\"wp-block-uagb-info-box uagb-block-ffaf723f uagb-infobox__content-wrap  uagb-infobox-icon-above-title uagb-infobox-image-valign-top\"><div class=\"uagb-ifb-content\"><div class=\"uagb-ifb-title-wrap\"><h2 class=\"uagb-ifb-title\">Hoitok\u00e4ynti \u2013 vaihe vaiheelta (45\u201375 min)<br><\/h2><\/div><p class=\"uagb-ifb-desc\"><strong>Ihoanalyysi &amp; suunnitelma<\/strong><br>Kartoitamme ihotyypin, herkkyydet ja tukosalueet. Valitsemme <strong>kuorintatyypin<\/strong> ja poistotekniikat.<br><strong>Alkupuhdistus<\/strong><br>Hell\u00e4 <strong>kaksoispuhdistus<\/strong> (meikki\/aurinkosuoja \u2192 vesipohjainen puhdistus). Tarvittaessa k\u00e4yt\u00e4mme <strong>antibakteerista geeli\u00e4<\/strong>.<br><strong>Kuorinta \u2013 huokosten avaus<\/strong><br>Iholle sopiva <strong>entsyymi- tai BHA-kuorinta<\/strong> pehment\u00e4\u00e4 talitulppia ja irrottaa kuollutta solukkoa.<br><strong>H\u00f6yrytys\/pehmennys<\/strong><br>Lyhyt <strong>h\u00f6yrytys<\/strong> tai l\u00e4mmin kompressi pehment\u00e4\u00e4 ihoa ja helpottaa mekaanista puhdistusta. Herk\u00e4lle iholle valitsemme <strong>h\u00f6yrytt\u00f6m\u00e4n<\/strong> pehmennyksen.<br><strong>Mekaaninen puhdistus<\/strong><br><strong>Mustap\u00e4\u00e4t, miliumit ja komedot<\/strong> poistetaan hygieenisesti k\u00e4sin\/ty\u00f6kalulla \u2013 vain silt\u00e4 osin kuin iho sen sallii.<br><strong>Rauhoitus<\/strong><br><strong>Kosteuttava tai talia tasapainottava naamio<\/strong> (esim. savi + rauhoittavat uutteet). Tarvittaessa paikallinen <strong>tulehdusta hillitsev\u00e4<\/strong> tehohoito.<br><strong>Viimeistely &amp; suoja<\/strong><br><strong>Seerumi + kevyt kosteusvoide<\/strong>, p\u00e4iv\u00e4saikaan <strong>SPF<\/strong>. Saat <strong>kotihoito-ohjeet<\/strong> ja yksil\u00f6llisen suosituksen toistov\u00e4list\u00e4.<\/p><\/div><\/div>\n\n\n\n<div class=\"wp-block-uagb-image uagb-block-dc80057c wp-block-uagb-image--layout-default wp-block-uagb-image--effect-static wp-block-uagb-image--align-none\"><figure class=\"wp-block-uagb-image__figure\"><img decoding=\"async\" srcset=\"https:\/\/vitaroma.fi\/wp-content\/uploads\/2025\/08\/deep-1024x514-1.jpg ,https:\/\/vitaroma.fi\/wp-content\/uploads\/2025\/08\/deep-1024x514-1.jpg 780w, https:\/\/vitaroma.fi\/wp-content\/uploads\/2025\/08\/deep-1024x514-1.jpg 360w\" sizes=\"auto, (max-width: 480px) 150px\" src=\"https:\/\/vitaroma.fi\/wp-content\/uploads\/2025\/08\/deep-1024x514-1.jpg\" alt=\"\" class=\"uag-image-2738\" width=\"1024\" height=\"514\" title=\"deep-1024x514\" loading=\"lazy\" role=\"img\"\/><\/figure><\/div>\n\n\n\n<div class=\"wp-block-uagb-info-box uagb-block-e4414226 uagb-infobox__content-wrap  uagb-infobox-icon-above-title uagb-infobox-image-valign-top\"><div class=\"uagb-ifb-content\"><div class=\"uagb-ifb-title-wrap\"><h2 class=\"uagb-ifb-title\">Tulokset ja aikajana<br><\/h2><\/div><p class=\"uagb-ifb-desc\"><strong>Heti:<\/strong> puhtaampi tunne, <strong>kevyempi<\/strong> ja <strong>raikkaampi<\/strong> iho; kiiltely v\u00e4henee.<br><strong>1\u20133 vrk:<\/strong> mahdollinen <strong>liev\u00e4 punoitus<\/strong> ja yksitt\u00e4iset \u201cpintaan nousevat\u201d ep\u00e4puhtaudet ovat normaaleja (iho puhdistuu sis\u00e4lt\u00e4p\u00e4in).<br><strong>1\u20132 vk:<\/strong> huokosten ulkon\u00e4k\u00f6 usein <strong>siistimpi<\/strong>, s\u00e4vy tasaisempi \u2013 parhaat tulokset syntyv\u00e4t <strong>s\u00e4\u00e4nn\u00f6llisell\u00e4 sarjalla<\/strong>.<\/p><\/div><\/div>\n\n\n\n<div class=\"wp-block-uagb-info-box uagb-block-e2934bd1 uagb-infobox__content-wrap  uagb-infobox-icon-above-title uagb-infobox-image-valign-top\"><div class=\"uagb-ifb-content\"><div class=\"uagb-ifb-title-wrap\"><h2 class=\"uagb-ifb-title\">Kuinka usein hoito kannattaa tehd\u00e4?<br><\/h2><\/div><p class=\"uagb-ifb-desc\">Suositus: <strong>4\u20136 viikon<\/strong> v\u00e4lein.<br>Alussa (paljon tukoksia): <strong>2\u20134 viikon<\/strong> v\u00e4lein muutama k\u00e4ynti voi olla hy\u00f6dyksi.<br>Yll\u00e4pito: kausittain tai <strong>ihon tarpeen<\/strong> mukaan.<\/p><\/div><\/div>\n\n\n\n<div class=\"wp-block-uagb-info-box uagb-block-bb6d2ade uagb-infobox__content-wrap  uagb-infobox-icon-above-title uagb-infobox-image-valign-top\"><div class=\"uagb-ifb-content\"><div class=\"uagb-ifb-title-wrap\"><h2 class=\"uagb-ifb-title\">Valmistautuminen<br><\/h2><\/div><p class=\"uagb-ifb-desc\">Saavu <strong>puhdasta ihoa<\/strong> suosien (ei raskasta meikki\u00e4).<br><strong>Tauota retinoidit\/AHA\/BHA<\/strong> 2\u20133 p\u00e4iv\u00e4\u00e4 ennen, ellei toisin ohjeisteta.<br>V\u00e4lt\u00e4 <strong>solariumia\/voimakasta aurinkoa<\/strong> 48 h ennen.<br>Kerro <strong>l\u00e4\u00e4kityksist\u00e4<\/strong> ja aiemmista reaktioista (my\u00f6s herkk\u00e4 couperosa).<br><br><\/p><\/div><\/div>\n\n\n\n<div class=\"wp-block-uagb-info-box uagb-block-c15e3406 uagb-infobox__content-wrap  uagb-infobox-icon-above-title uagb-infobox-image-valign-top\"><div class=\"uagb-ifb-content\"><div class=\"uagb-ifb-title-wrap\"><h2 class=\"uagb-ifb-title\">J\u00e4lkihoito (ensimm\u00e4iset 24\u201372 h)<br><\/h2><\/div><p class=\"uagb-ifb-desc\"><strong>Ei meikki\u00e4 &amp; hikoilua<\/strong> 24 h; v\u00e4lt\u00e4 saunaa\/kuumia suihkuja 24\u201348 h.<br><strong>Hell\u00e4 puhdistus<\/strong> ja <strong>kosteuttava voide<\/strong> aamuin illoin.<br><strong>Ei happoja\/retinolia\/kuorivia rakeita<\/strong> muutamaan p\u00e4iv\u00e4\u00e4n.<br><strong>SPF 30\u201350<\/strong> p\u00e4ivitt\u00e4in \u2013 erityisen t\u00e4rke\u00e4\u00e4, jos hoito tehtiin p\u00e4iv\u00e4ll\u00e4.<br><strong>\u00c4l\u00e4 puristele<\/strong> \u2013 anna mahdollisten pienten tukosten rauhoittua itsest\u00e4\u00e4n.<br><br><br><\/p><\/div><\/div>\n\n\n\n<div class=\"wp-block-uagb-info-box uagb-block-86ac119c uagb-infobox__content-wrap  uagb-infobox-icon-above-title uagb-infobox-image-valign-top\"><div class=\"uagb-ifb-content\"><div class=\"uagb-ifb-title-wrap\"><h2 class=\"uagb-ifb-title\">Usein kysytty\u00e4 (UKK)<br><\/h2><\/div><p class=\"uagb-ifb-desc\"><strong>Sattuuko mekaaninen puhdistus?<\/strong><br>Tuntemus on lyhytaikaista <strong>paineen\/pistelyn<\/strong> tyyppist\u00e4. Tarvittaessa kevenn\u00e4mme otetta tai j\u00e4t\u00e4mme osan alueista seuraavaan kertaan.<br><strong>Tuleeko joka kerta h\u00f6yrytys?<\/strong><br>Ei v\u00e4ltt\u00e4m\u00e4tt\u00e4. Herk\u00e4lle\/reaktiiviselle iholle k\u00e4yt\u00e4mme <strong>h\u00f6yrytt\u00f6mi\u00e4<\/strong> pehmennyskeinoja.<br><strong>Voinko yhdist\u00e4\u00e4 LED-hoitoon?<\/strong><br>Kyll\u00e4. <strong>Dermalux-LED<\/strong> (sininen\/punainen) rauhoittaa ja tukee palautumista \u2013 erinomainen lis\u00e4 erityisesti tulehtuneelle iholle.<br><strong>Ent\u00e4 jos iho \u201cpuhkeaa\u201d hoidon j\u00e4lkeen?<\/strong><br>Lyhyt <strong>puhdistusreaktio<\/strong> on mahdollinen, kun syv\u00e4t tukokset l\u00e4htev\u00e4t liikkeelle. Se on ohimenev\u00e4\u00e4 ja osa puhdistusprosessia.<br><br><\/p><\/div><\/div>\n\n\n\n<div class=\"wp-block-uagb-image uagb-block-e66243ee wp-block-uagb-image--layout-default wp-block-uagb-image--effect-static wp-block-uagb-image--align-none\"><figure class=\"wp-block-uagb-image__figure\"><img decoding=\"async\" srcset=\"https:\/\/vitaroma.fi\/wp-content\/uploads\/2025\/08\/Hydration-Boost-Deep-Cleansing-Facial-768x1024.jpg ,https:\/\/vitaroma.fi\/wp-content\/uploads\/2025\/08\/Hydration-Boost-Deep-Cleansing-Facial.jpg 780w, https:\/\/vitaroma.fi\/wp-content\/uploads\/2025\/08\/Hydration-Boost-Deep-Cleansing-Facial.jpg 360w\" sizes=\"auto, (max-width: 480px) 150px\" src=\"https:\/\/vitaroma.fi\/wp-content\/uploads\/2025\/08\/Hydration-Boost-Deep-Cleansing-Facial-768x1024.jpg\" alt=\"\" class=\"uag-image-2739\" width=\"1125\" height=\"1500\" title=\"Hydration-Boost-Deep-Cleansing-Facial\" loading=\"lazy\" role=\"img\"\/><\/figure><\/div>\n\n\n\n<div class=\"wp-block-uagb-info-box uagb-block-c21a5c8f uagb-infobox__content-wrap  uagb-infobox-icon-above-title uagb-infobox-image-valign-top\"><div class=\"uagb-ifb-content\"><div class=\"uagb-ifb-title-wrap\"><h2 class=\"uagb-ifb-title\">Miksi valita Vitaroma syv\u00e4puhdistukseen?<br><\/h2><\/div><p class=\"uagb-ifb-desc\"><strong>Yksil\u00f6llinen protokolla<\/strong>: analyysi, oikea kuorinta ja tarkka puhdistus<br><strong>Hell\u00e4 ja hygieeninen<\/strong> ty\u00f6skentely \u2013 vain sen verran kuin iho sallii<br><strong>Selke\u00e4 j\u00e4lkihoito<\/strong> ja realistinen toistov\u00e4li \u2013 tulokset, jotka kest\u00e4v\u00e4t<br><strong>Varaa aika syv\u00e4puhdistukseen \u2192<\/strong><\/p><\/div><\/div>\n<\/div><\/div>\n\n\n\n<div class=\"wp-block-uagb-container uagb-block-9caa1a47 alignfull uagb-is-root-container\"><div class=\"uagb-container-inner-blocks-wrap\">\n<div class=\"wp-block-uagb-advanced-heading uagb-block-1ed0e64e\"><div class=\"uagb-heading-text\">Anna meid\u00e4n auttaa<\/div><\/div>\n\n\n\n<div class=\"wp-block-uagb-advanced-heading uagb-block-3a57683f\"><h2 class=\"uagb-heading-text\">Ota meihin yhteytt\u00e4<\/h2><\/div>\n\n\n\n<div class=\"wp-block-uagb-buttons uagb-buttons__outer-wrap uagb-btn__default-btn uagb-btn-tablet__default-btn uagb-btn-mobile__default-btn uagb-block-9979be0d\"><div class=\"uagb-buttons__wrap uagb-buttons-layout-wrap\">\n<div class=\"wp-block-uagb-buttons-child uagb-buttons__outer-wrap uagb-block-84fd34e5 wp-block-button\"><div class=\"uagb-button__wrapper\"><a class=\"uagb-buttons-repeater wp-block-button__link\" aria-label=\"\" href=\"https:\/\/timma.fi\/yritys\/kauneuskeskus-vitaroma\" rel=\"follow noopener\" target=\"_self\" role=\"button\"><div class=\"uagb-button__link\">Varaa Aika<\/div><\/a><\/div><\/div>\n<\/div><\/div>\n\n\n\n<div class=\"wp-block-uagb-buttons uagb-buttons__outer-wrap uagb-btn__default-btn uagb-btn-tablet__default-btn uagb-btn-mobile__default-btn uagb-block-f7add131\"><div class=\"uagb-buttons__wrap uagb-buttons-layout-wrap\">\n<div class=\"wp-block-uagb-buttons-child uagb-buttons__outer-wrap uagb-block-0c11dd62 wp-block-button\"><div class=\"uagb-button__wrapper\"><a class=\"uagb-buttons-repeater wp-block-button__link\" aria-label=\"\" href=\"https:\/\/vitaroma.fi\/nn\/ota-yhteytta\/\" rel=\"follow noopener\" target=\"_self\" role=\"button\"><div class=\"uagb-button__link\">Ota yhteytt\u00e4<\/div><\/a><\/div><\/div>\n<\/div><\/div>\n\n\n\n<div class=\"wp-block-uagb-buttons uagb-buttons__outer-wrap uagb-btn__default-btn uagb-btn-tablet__default-btn uagb-btn-mobile__default-btn uagb-block-69da2b3b\"><div class=\"uagb-buttons__wrap uagb-buttons-layout-wrap\">\n<div class=\"wp-block-uagb-buttons-child uagb-buttons__outer-wrap uagb-block-1018754e wp-block-button\"><div class=\"uagb-button__wrapper\"><a class=\"uagb-buttons-repeater wp-block-button__link\" aria-label=\"\" href=\"https:\/\/vitaroma.fi\/nn\/tietoa-meista\/\" rel=\"follow noopener\" target=\"_self\" role=\"button\"><div class=\"uagb-button__link\">Tietoa meist\u00e4<\/div><\/a><\/div><\/div>\n<\/div><\/div>\n\n\n\n<div class=\"wp-block-uagb-advanced-heading uagb-block-838a0a13\"><div class=\"uagb-separator\"><\/div><h3 class=\"uagb-heading-text\">Ilmaista neuvontaa? 050 365 2103<\/h3><\/div>\n\n\n\n<!-- Font Awesome CDN -->\n<link rel=\"stylesheet\" href=\"https:\/\/cdnjs.cloudflare.com\/ajax\/libs\/font-awesome\/6.4.0\/css\/all.min.css\">\n\n<div class=\"social-links\">\n  <a href=\"https:\/\/www.instagram.com\/kauneuskeskusvitaroma_clinic\/\" target=\"_blank\" rel=\"noopener\" class=\"instagram\">\n    <i class=\"fab fa-instagram\"><\/i> Kauneuskeskus Vitaroma\n  <\/a>\n  <a href=\"https:\/\/www.facebook.com\/61567042467466\/about\/\" target=\"_blank\" rel=\"noopener\" class=\"facebook\">\n    <i class=\"fab fa-facebook\"><\/i> Kauneuskeskus Vitaroma\n  <\/a>\n<\/div>\n\n<style>\n  .social-links {\n    display: flex;\n    justify-content: center;\n    gap: 20px;\n    margin-top: 10px;\n  }\n\n  .social-links a {\n    display: flex;\n    align-items: center;\n    gap: 10px;\n    padding: 12px 20px;\n    font-size: 18px;\n    font-weight: 600;\n    text-decoration: none;\n    color: #fff;\n    background: rgba(0, 0, 0, 0.35);\n    border: 2px solid rgba(255, 255, 255, 0.5);\n    border-radius: 8px;\n    transition: all 0.3s ease;\n    box-shadow: 0 3px 8px rgba(0, 0, 0, 0.2);\n    backdrop-filter: blur(5px);\n  }\n\n  .social-links a i {\n    font-size: 22px;\n  }\n\n  \/* Hover efektleri *\/\n  .social-links a.instagram:hover {\n    background: #E1306C;\n    color: #fff;\n    border-color: #E1306C;\n  }\n\n  .social-links a.facebook:hover {\n    background: #1877F2;\n    color: #fff;\n    border-color: #1877F2;\n  }\n<\/style>\n\n<\/div><\/div>","protected":false},"excerpt":{"rendered":"<p>Syv\u00e4puhdistus<\/p>","protected":false},"author":1,"featured_media":0,"parent":0,"menu_order":0,"comment_status":"closed","ping_status":"closed","template":"","meta":{"_surecart_dashboard_logo_width":"180px","_surecart_dashboard_show_logo":true,"_surecart_dashboard_navigation_orders":true,"_surecart_dashboard_navigation_invoices":true,"_surecart_dashboard_navigation_subscriptions":true,"_surecart_dashboard_navigation_downloads":true,"_surecart_dashboard_navigation_billing":true,"_surecart_dashboard_navigation_account":true,"_uag_custom_page_level_css":"","site-sidebar-layout":"default","site-content-layout":"","ast-site-content-layout":"default","site-content-style":"default","site-sidebar-style":"default","ast-global-header-display":"","ast-banner-title-visibility":"","ast-main-header-display":"","ast-hfb-above-header-display":"","ast-hfb-below-header-display":"","ast-hfb-mobile-header-display":"","site-post-title":"disabled","ast-breadcrumbs-content":"","ast-featured-img":"","footer-sml-layout":"","ast-disable-related-posts":"","theme-transparent-header-meta":"","adv-header-id-meta":"","stick-header-meta":"","header-above-stick-meta":"","header-main-stick-meta":"","header-below-stick-meta":"","astra-migrate-meta-layouts":"set","ast-page-background-enabled":"default","ast-page-background-meta":{"desktop":{"background-color":"var(--ast-global-color-4)","background-image":"","background-repeat":"repeat","background-position":"center center","background-size":"auto","background-attachment":"scroll","background-type":"","background-media":"","overlay-type":"","overlay-color":"","overlay-opacity":"","overlay-gradient":""},"tablet":{"background-color":"","background-image":"","background-repeat":"repeat","background-position":"center center","background-size":"auto","background-attachment":"scroll","background-type":"","background-media":"","overlay-type":"","overlay-color":"","overlay-opacity":"","overlay-gradient":""},"mobile":{"background-color":"","background-image":"","background-repeat":"repeat","background-position":"center center","background-size":"auto","background-attachment":"scroll","background-type":"","background-media":"","overlay-type":"","overlay-color":"","overlay-opacity":"","overlay-gradient":""}},"ast-content-background-meta":{"desktop":{"background-color":"var(--ast-global-color-5)","background-image":"","background-repeat":"repeat","background-position":"center center","background-size":"auto","background-attachment":"scroll","background-type":"","background-media":"","overlay-type":"","overlay-color":"","overlay-opacity":"","overlay-gradient":""},"tablet":{"background-color":"var(--ast-global-color-5)","background-image":"","background-repeat":"repeat","background-position":"center center","background-size":"auto","background-attachment":"scroll","background-type":"","background-media":"","overlay-type":"","overlay-color":"","overlay-opacity":"","overlay-gradient":""},"mobile":{"background-color":"var(--ast-global-color-5)","background-image":"","background-repeat":"repeat","background-position":"center center","background-size":"auto","background-attachment":"scroll","background-type":"","background-media":"","overlay-type":"","overlay-color":"","overlay-opacity":"","overlay-gradient":""}},"footnotes":""},"class_list":["post-1924","page","type-page","status-publish","hentry"],"uagb_featured_image_src":{"full":false,"thumbnail":false,"medium":false,"medium_large":false,"large":false,"1536x1536":false,"2048x2048":false,"trp-custom-language-flag":false,"woocommerce_thumbnail":false,"woocommerce_single":false,"woocommerce_gallery_thumbnail":false},"uagb_author_info":{"display_name":"emilkemal4@gmail.com","author_link":"https:\/\/vitaroma.fi\/nn\/author\/emilkemal4gmail-com\/"},"uagb_comment_info":0,"uagb_excerpt":"Syv\u00e4puhdistus","_links":{"self":[{"href":"https:\/\/vitaroma.fi\/nn\/wp-json\/wp\/v2\/pages\/1924","targetHints":{"allow":["GET"]}}],"collection":[{"href":"https:\/\/vitaroma.fi\/nn\/wp-json\/wp\/v2\/pages"}],"about":[{"href":"https:\/\/vitaroma.fi\/nn\/wp-json\/wp\/v2\/types\/page"}],"author":[{"embeddable":true,"href":"https:\/\/vitaroma.fi\/nn\/wp-json\/wp\/v2\/users\/1"}],"replies":[{"embeddable":true,"href":"https:\/\/vitaroma.fi\/nn\/wp-json\/wp\/v2\/comments?post=1924"}],"version-history":[{"count":11,"href":"https:\/\/vitaroma.fi\/nn\/wp-json\/wp\/v2\/pages\/1924\/revisions"}],"predecessor-version":[{"id":2740,"href":"https:\/\/vitaroma.fi\/nn\/wp-json\/wp\/v2\/pages\/1924\/revisions\/2740"}],"wp:attachment":[{"href":"https:\/\/vitaroma.fi\/nn\/wp-json\/wp\/v2\/media?parent=1924"}],"curies":[{"name":"wp","href":"https:\/\/api.w.org\/{rel}","templated":true}]}}