{"id":2341,"date":"2025-04-26T01:40:27","date_gmt":"2025-04-26T01:40:27","guid":{"rendered":"https:\/\/vitaroma.fi\/?post_type=product&#038;p=2341"},"modified":"2025-11-24T01:25:18","modified_gmt":"2025-11-23T23:25:18","slug":"fusion-niacinamide-5-0","status":"publish","type":"product","link":"https:\/\/vitaroma.fi\/en\/produkt\/fusion-niacinamide-5-0\/","title":{"rendered":"Fusion Niacinamide 5.0"},"content":{"rendered":"<p class=\"\" data-start=\"467\" data-end=\"715\"><strong data-start=\"467\" data-end=\"683\">Fusion Niacinamide 5.0 is a highly concentrated serum that utilizes the extensively researched skincare properties of niacinamide (vitamin B3) to provide versatile support for skin health and appearance.<\/strong><br data-start=\"683\" data-end=\"686\" \/>Its effective composition helps:<\/p>\n<ul data-start=\"717\" data-end=\"1027\">\n<li class=\"\" data-start=\"717\" data-end=\"793\">\n<p class=\"\" data-start=\"719\" data-end=\"793\"><strong data-start=\"719\" data-end=\"756\">To reduce redness and itching<\/strong> especially in case of dry skin<\/p>\n<\/li>\n<li class=\"\" data-start=\"794\" data-end=\"860\">\n<p class=\"\" data-start=\"796\" data-end=\"860\"><strong data-start=\"796\" data-end=\"858\">Prevent pigmentation and the formation of blemishes<\/strong><\/p>\n<\/li>\n<li class=\"\" data-start=\"861\" data-end=\"939\">\n<p class=\"\" data-start=\"863\" data-end=\"939\"><strong data-start=\"863\" data-end=\"897\">To improve the skin&#039;s protective layer<\/strong>, making the skin stronger and more durable<\/p>\n<\/li>\n<li class=\"\" data-start=\"940\" data-end=\"1027\">\n<p class=\"\" data-start=\"942\" data-end=\"1027\"><strong data-start=\"942\" data-end=\"979\">To balance the skin microbiome<\/strong>, which promotes healthier and calmer skin<\/p>\n<\/li>\n<\/ul>\n<p class=\"\" data-start=\"1029\" data-end=\"1080\"><strong data-start=\"1029\" data-end=\"1078\">Clinically proven benefits of niacinamide:<\/strong><\/p>\n<ul data-start=\"1081\" data-end=\"1277\">\n<li class=\"\" data-start=\"1081\" data-end=\"1123\">\n<p class=\"\" data-start=\"1083\" data-end=\"1123\">Brightens the skin and evens out skin tone<\/p>\n<\/li>\n<li class=\"\" data-start=\"1124\" data-end=\"1159\">\n<p class=\"\" data-start=\"1126\" data-end=\"1159\">Reduces acne and blemishes<\/p>\n<\/li>\n<li class=\"\" data-start=\"1160\" data-end=\"1228\">\n<p class=\"\" data-start=\"1162\" data-end=\"1228\">Improves skin elasticity and strengthens the skin&#039;s own defenses<\/p>\n<\/li>\n<li class=\"\" data-start=\"1229\" data-end=\"1277\">\n<p class=\"\" data-start=\"1231\" data-end=\"1277\">Makes skin look smoother and fresher<\/p>\n<\/li>\n<\/ul>\n<p class=\"\" data-start=\"1279\" data-end=\"1295\"><strong data-start=\"1279\" data-end=\"1293\">Composition:<\/strong><\/p>\n<ul data-start=\"1296\" data-end=\"1416\">\n<li class=\"\" data-start=\"1296\" data-end=\"1343\">\n<p class=\"\" data-start=\"1298\" data-end=\"1343\">Very light and quickly absorbed serum<\/p>\n<\/li>\n<li class=\"\" data-start=\"1344\" data-end=\"1416\">\n<p class=\"\" data-start=\"1346\" data-end=\"1416\">Suitable for all skin types, including sensitive and problem-prone skin<\/p>\n<\/li>\n<\/ul>\n<p class=\"\" data-start=\"1418\" data-end=\"1448\"><strong data-start=\"1418\" data-end=\"1446\">In regular use:<\/strong><\/p>\n<ul data-start=\"1449\" data-end=\"1605\">\n<li class=\"\" data-start=\"1449\" data-end=\"1509\">\n<p class=\"\" data-start=\"1451\" data-end=\"1509\">Skin looks brighter, smoother and healthier<\/p>\n<\/li>\n<li class=\"\" data-start=\"1510\" data-end=\"1543\">\n<p class=\"\" data-start=\"1512\" data-end=\"1543\">Redness and irritation are reduced<\/p>\n<\/li>\n<li class=\"\" data-start=\"1544\" data-end=\"1605\">\n<p class=\"\" data-start=\"1546\" data-end=\"1605\">The skin&#039;s protective layer is strengthened against external factors.<\/p>\n<\/li>\n<\/ul>","protected":false},"excerpt":{"rendered":"<p class=\"\" data-start=\"1661\" data-end=\"1819\"><strong data-start=\"1661\" data-end=\"1819\">A powerful serum containing 5% niacinamide that brightens skin, reduces redness, and strengthens the skin&#039;s protective layer for a healthier appearance.<\/strong><\/p>","protected":false},"featured_media":2342,"comment_status":"open","ping_status":"closed","template":"","meta":{"_surecart_dashboard_logo_width":"180px","_surecart_dashboard_show_logo":true,"_surecart_dashboard_navigation_orders":true,"_surecart_dashboard_navigation_invoices":true,"_surecart_dashboard_navigation_subscriptions":true,"_surecart_dashboard_navigation_downloads":true,"_surecart_dashboard_navigation_billing":true,"_surecart_dashboard_navigation_account":true,"_uag_custom_page_level_css":"","site-sidebar-layout":"default","site-content-layout":"","ast-site-content-layout":"default","site-content-style":"default","site-sidebar-style":"default","ast-global-header-display":"","ast-banner-title-visibility":"","ast-main-header-display":"","ast-hfb-above-header-display":"","ast-hfb-below-header-display":"","ast-hfb-mobile-header-display":"","site-post-title":"","ast-breadcrumbs-content":"","ast-featured-img":"","footer-sml-layout":"","ast-disable-related-posts":"","theme-transparent-header-meta":"default","adv-header-id-meta":"","stick-header-meta":"default","header-above-stick-meta":"","header-main-stick-meta":"","header-below-stick-meta":"","astra-migrate-meta-layouts":"set","ast-page-background-enabled":"default","ast-page-background-meta":{"desktop":{"background-color":"var(--ast-global-color-4)","background-image":"","background-repeat":"repeat","background-position":"center center","background-size":"auto","background-attachment":"scroll","background-type":"","background-media":"","overlay-type":"","overlay-color":"","overlay-opacity":"","overlay-gradient":""},"tablet":{"background-color":"","background-image":"","background-repeat":"repeat","background-position":"center center","background-size":"auto","background-attachment":"scroll","background-type":"","background-media":"","overlay-type":"","overlay-color":"","overlay-opacity":"","overlay-gradient":""},"mobile":{"background-color":"","background-image":"","background-repeat":"repeat","background-position":"center center","background-size":"auto","background-attachment":"scroll","background-type":"","background-media":"","overlay-type":"","overlay-color":"","overlay-opacity":"","overlay-gradient":""}},"ast-content-background-meta":{"desktop":{"background-color":"var(--ast-global-color-5)","background-image":"","background-repeat":"repeat","background-position":"center center","background-size":"auto","background-attachment":"scroll","background-type":"","background-media":"","overlay-type":"","overlay-color":"","overlay-opacity":"","overlay-gradient":""},"tablet":{"background-color":"var(--ast-global-color-5)","background-image":"","background-repeat":"repeat","background-position":"center center","background-size":"auto","background-attachment":"scroll","background-type":"","background-media":"","overlay-type":"","overlay-color":"","overlay-opacity":"","overlay-gradient":""},"mobile":{"background-color":"var(--ast-global-color-5)","background-image":"","background-repeat":"repeat","background-position":"center center","background-size":"auto","background-attachment":"scroll","background-type":"","background-media":"","overlay-type":"","overlay-color":"","overlay-opacity":"","overlay-gradient":""}}},"product_brand":[],"product_cat":[490],"product_tag":[494,492,495,496,314,181,204,491,493,482],"class_list":{"0":"post-2341","1":"product","2":"type-product","3":"status-publish","4":"has-post-thumbnail","6":"product_cat-kasvojen-hoito-seerumit-ja-ihon-kirkastajat","7":"product_tag-aknen-vahentaminen","8":"product_tag-b3-vitamiini-seerumi","9":"product_tag-fusion-niacinamide-5-0","10":"product_tag-herkalle-iholle-sopiva-seerumi","11":"product_tag-ihon-kirkastaminen","12":"product_tag-ihon-mikrobiomin-tasapainotus","13":"product_tag-ihon-suojakerroksen-vahvistaminen","14":"product_tag-niasiiniamidiseerumi","15":"product_tag-pigmentaation-ehkaisy","16":"product_tag-punoituksen-vahentaminen","17":"desktop-align-left","18":"tablet-align-left","19":"mobile-align-left","21":"first","22":"instock","23":"shipping-taxable","24":"purchasable","25":"product-type-simple"},"uagb_featured_image_src":{"full":["https:\/\/vitaroma.fi\/wp-content\/uploads\/2025\/04\/f0c2b5_6c95a375a480498093da59b6d4032a7fmv2.png",1080,1080,false],"thumbnail":["https:\/\/vitaroma.fi\/wp-content\/uploads\/2025\/04\/f0c2b5_6c95a375a480498093da59b6d4032a7fmv2-150x150.png",150,150,true],"medium":["https:\/\/vitaroma.fi\/wp-content\/uploads\/2025\/04\/f0c2b5_6c95a375a480498093da59b6d4032a7fmv2-300x300.png",300,300,true],"medium_large":["https:\/\/vitaroma.fi\/wp-content\/uploads\/2025\/04\/f0c2b5_6c95a375a480498093da59b6d4032a7fmv2-768x768.png",768,768,true],"large":["https:\/\/vitaroma.fi\/wp-content\/uploads\/2025\/04\/f0c2b5_6c95a375a480498093da59b6d4032a7fmv2-1024x1024.png",1024,1024,true],"1536x1536":["https:\/\/vitaroma.fi\/wp-content\/uploads\/2025\/04\/f0c2b5_6c95a375a480498093da59b6d4032a7fmv2.png",1080,1080,false],"2048x2048":["https:\/\/vitaroma.fi\/wp-content\/uploads\/2025\/04\/f0c2b5_6c95a375a480498093da59b6d4032a7fmv2.png",1080,1080,false],"trp-custom-language-flag":["https:\/\/vitaroma.fi\/wp-content\/uploads\/2025\/04\/f0c2b5_6c95a375a480498093da59b6d4032a7fmv2-12x12.png",12,12,true],"woocommerce_thumbnail":["https:\/\/vitaroma.fi\/wp-content\/uploads\/2025\/04\/f0c2b5_6c95a375a480498093da59b6d4032a7fmv2-300x300.png",300,300,true],"woocommerce_single":["https:\/\/vitaroma.fi\/wp-content\/uploads\/2025\/04\/f0c2b5_6c95a375a480498093da59b6d4032a7fmv2-600x600.png",600,600,true],"woocommerce_gallery_thumbnail":["https:\/\/vitaroma.fi\/wp-content\/uploads\/2025\/04\/f0c2b5_6c95a375a480498093da59b6d4032a7fmv2-100x100.png",100,100,true]},"uagb_author_info":{"display_name":"emilkemal4@gmail.com","author_link":"https:\/\/vitaroma.fi\/en\/author\/"},"uagb_comment_info":0,"uagb_excerpt":"Tehokas 5% niasiiniamidia sis\u00e4lt\u00e4v\u00e4 seerumi, joka kirkastaa ihoa, v\u00e4hent\u00e4\u00e4 punoitusta ja vahvistaa ihon suojakerrosta terveemm\u00e4n ulkon\u00e4\u00f6n saavuttamiseksi.","_links":{"self":[{"href":"https:\/\/vitaroma.fi\/en\/wp-json\/wp\/v2\/product\/2341","targetHints":{"allow":["GET"]}}],"collection":[{"href":"https:\/\/vitaroma.fi\/en\/wp-json\/wp\/v2\/product"}],"about":[{"href":"https:\/\/vitaroma.fi\/en\/wp-json\/wp\/v2\/types\/product"}],"replies":[{"embeddable":true,"href":"https:\/\/vitaroma.fi\/en\/wp-json\/wp\/v2\/comments?post=2341"}],"wp:featuredmedia":[{"embeddable":true,"href":"https:\/\/vitaroma.fi\/en\/wp-json\/wp\/v2\/media\/2342"}],"wp:attachment":[{"href":"https:\/\/vitaroma.fi\/en\/wp-json\/wp\/v2\/media?parent=2341"}],"wp:term":[{"taxonomy":"product_brand","embeddable":true,"href":"https:\/\/vitaroma.fi\/en\/wp-json\/wp\/v2\/product_brand?post=2341"},{"taxonomy":"product_cat","embeddable":true,"href":"https:\/\/vitaroma.fi\/en\/wp-json\/wp\/v2\/product_cat?post=2341"},{"taxonomy":"product_tag","embeddable":true,"href":"https:\/\/vitaroma.fi\/en\/wp-json\/wp\/v2\/product_tag?post=2341"}],"curies":[{"name":"wp","href":"https:\/\/api.w.org\/{rel}","templated":true}]}}