{"id":2320,"date":"2025-04-26T01:09:09","date_gmt":"2025-04-26T01:09:09","guid":{"rendered":"https:\/\/vitaroma.fi\/?post_type=product&#038;p=2320"},"modified":"2026-02-18T12:18:35","modified_gmt":"2026-02-18T10:18:35","slug":"environ-4","status":"publish","type":"product","link":"https:\/\/vitaroma.fi\/en\/produkt\/environ-4\/","title":{"rendered":"Around 4"},"content":{"rendered":"<p>Saatavilla vain ihokonsultaation j\u00e4lkeen henkil\u00f6kohtaisella koodilla. Ota yhteytt\u00e4 ennen ostoa.<\/p>\n<p class=\"\" data-start=\"534\" data-end=\"815\"><strong data-start=\"534\" data-end=\"760\">Environ Vita-Antioxidant AVST Moisturiser 4 on Skin EssentiA Vitamin STEP-UP SYSTEM\u2122 -j\u00e4rjestelm\u00e4n nelj\u00e4s vaihe, tarjoten korkeamman pitoisuuden A-vitamiinia yhdistettyn\u00e4 antioksidantteihin, kasviuutteisiin ja peptideihin.<\/strong><br data-start=\"760\" data-end=\"763\" \/>This advanced moisturizing cream is formulated to:<\/p>\n<ul data-start=\"817\" data-end=\"972\">\n<li class=\"\" data-start=\"817\" data-end=\"868\">\n<p class=\"\" data-start=\"819\" data-end=\"868\">Tukemaan <strong data-start=\"828\" data-end=\"866\">ihon uudistumista ja vahvistamista<\/strong><\/p>\n<\/li>\n<li class=\"\" data-start=\"869\" data-end=\"920\">\n<p class=\"\" data-start=\"871\" data-end=\"920\">Parantamaan <strong data-start=\"883\" data-end=\"918\">ihon tekstuuria ja kimmoisuutta<\/strong><\/p>\n<\/li>\n<li class=\"\" data-start=\"921\" data-end=\"972\">\n<p class=\"\" data-start=\"923\" data-end=\"972\">Antamaan iholle <strong data-start=\"939\" data-end=\"972\">nuorekasta, s\u00e4teilev\u00e4\u00e4 hehkua<\/strong><\/p>\n<\/li>\n<\/ul>\n<p class=\"\" data-start=\"974\" data-end=\"1008\"><strong data-start=\"974\" data-end=\"1008\">Main active ingredients:<\/strong><\/p>\n<ul data-start=\"1009\" data-end=\"1221\">\n<li class=\"\" data-start=\"1009\" data-end=\"1068\">\n<p class=\"\" data-start=\"1011\" data-end=\"1068\"><strong data-start=\"1011\" data-end=\"1027\">Vitamin A:<\/strong> Edist\u00e4\u00e4 ihon uudistumista ja terveytt\u00e4<\/p>\n<\/li>\n<li class=\"\" data-start=\"1069\" data-end=\"1140\">\n<p class=\"\" data-start=\"1071\" data-end=\"1140\"><strong data-start=\"1071\" data-end=\"1105\">C-vitamiini ja antioksidantit:<\/strong> Suojaavat vapailta radikaaleilta<\/p>\n<\/li>\n<li class=\"\" data-start=\"1141\" data-end=\"1221\">\n<p class=\"\" data-start=\"1143\" data-end=\"1221\"><strong data-start=\"1143\" data-end=\"1180\">Kasviper\u00e4iset aineet ja peptidit:<\/strong> Parantavat ihon kiinteytt\u00e4 ja rakennetta<\/p>\n<\/li>\n<\/ul>\n<p class=\"\" data-start=\"1223\" data-end=\"1261\"><strong data-start=\"1223\" data-end=\"1261\">S\u00e4\u00e4nn\u00f6llisess\u00e4 k\u00e4yt\u00f6ss\u00e4 Environ 4:<\/strong><\/p>\n<ul data-start=\"1262\" data-end=\"1427\">\n<li class=\"\" data-start=\"1262\" data-end=\"1307\">\n<p class=\"\" data-start=\"1264\" data-end=\"1307\">Makes the skin <strong data-start=\"1277\" data-end=\"1305\">sile\u00e4mm\u00e4n ja tasaisemman<\/strong><\/p>\n<\/li>\n<li class=\"\" data-start=\"1308\" data-end=\"1373\">\n<p class=\"\" data-start=\"1310\" data-end=\"1373\">Reduce <strong data-start=\"1319\" data-end=\"1344\">signs of aging<\/strong> kuten ryppyj\u00e4 ja juonteita<\/p>\n<\/li>\n<li class=\"\" data-start=\"1374\" data-end=\"1427\">\n<p class=\"\" data-start=\"1376\" data-end=\"1427\">Supports <strong data-start=\"1382\" data-end=\"1417\">terveen n\u00e4k\u00f6isen, hehkuvan ihon<\/strong> yll\u00e4pitoa<\/p>\n<\/li>\n<\/ul>\n<p class=\"\" data-start=\"1429\" data-end=\"1450\"><strong data-start=\"1429\" data-end=\"1448\">Recommended use:<\/strong><\/p>\n<ul data-start=\"1451\" data-end=\"1611\">\n<li class=\"\" data-start=\"1451\" data-end=\"1528\">\n<p class=\"\" data-start=\"1453\" data-end=\"1528\">Suositellaan k\u00e4ytett\u00e4v\u00e4ksi ennen siirtymist\u00e4 AVST Moisturiser 5 -tasolle.<\/p>\n<\/li>\n<li class=\"\" data-start=\"1529\" data-end=\"1611\">\n<p class=\"\" data-start=\"1531\" data-end=\"1611\">Use at least <strong data-start=\"1547\" data-end=\"1562\">6 kuukautta<\/strong> or <strong data-start=\"1567\" data-end=\"1591\">kahden pullon verran<\/strong> ennen tason nostoa.<\/p>\n<\/li>\n<\/ul>","protected":false},"excerpt":{"rendered":"<p class=\"\" data-start=\"1667\" data-end=\"1793\"><strong data-start=\"1667\" data-end=\"1793\">Korkeamman A-vitamiinipitoisuuden kosteuttaja, joka parantaa ihon rakennetta, kimmoisuutta ja palauttaa nuorekkaan hehkun.<\/strong><\/p>","protected":false},"featured_media":2321,"comment_status":"open","ping_status":"closed","template":"","meta":{"_surecart_dashboard_logo_width":"180px","_surecart_dashboard_show_logo":true,"_surecart_dashboard_navigation_orders":true,"_surecart_dashboard_navigation_invoices":true,"_surecart_dashboard_navigation_subscriptions":true,"_surecart_dashboard_navigation_downloads":true,"_surecart_dashboard_navigation_billing":true,"_surecart_dashboard_navigation_account":true,"_uag_custom_page_level_css":"","site-sidebar-layout":"default","site-content-layout":"","ast-site-content-layout":"default","site-content-style":"default","site-sidebar-style":"default","ast-global-header-display":"","ast-banner-title-visibility":"","ast-main-header-display":"","ast-hfb-above-header-display":"","ast-hfb-below-header-display":"","ast-hfb-mobile-header-display":"","site-post-title":"","ast-breadcrumbs-content":"","ast-featured-img":"","footer-sml-layout":"","theme-transparent-header-meta":"default","adv-header-id-meta":"","stick-header-meta":"default","header-above-stick-meta":"","header-main-stick-meta":"","header-below-stick-meta":"","astra-migrate-meta-layouts":"set","ast-page-background-enabled":"default","ast-page-background-meta":{"desktop":{"background-color":"var(--ast-global-color-4)","background-image":"","background-repeat":"repeat","background-position":"center center","background-size":"auto","background-attachment":"scroll","background-type":"","background-media":"","overlay-type":"","overlay-color":"","overlay-opacity":"","overlay-gradient":""},"tablet":{"background-color":"","background-image":"","background-repeat":"repeat","background-position":"center center","background-size":"auto","background-attachment":"scroll","background-type":"","background-media":"","overlay-type":"","overlay-color":"","overlay-opacity":"","overlay-gradient":""},"mobile":{"background-color":"","background-image":"","background-repeat":"repeat","background-position":"center center","background-size":"auto","background-attachment":"scroll","background-type":"","background-media":"","overlay-type":"","overlay-color":"","overlay-opacity":"","overlay-gradient":""}},"ast-content-background-meta":{"desktop":{"background-color":"var(--ast-global-color-5)","background-image":"","background-repeat":"repeat","background-position":"center center","background-size":"auto","background-attachment":"scroll","background-type":"","background-media":"","overlay-type":"","overlay-color":"","overlay-opacity":"","overlay-gradient":""},"tablet":{"background-color":"var(--ast-global-color-5)","background-image":"","background-repeat":"repeat","background-position":"center center","background-size":"auto","background-attachment":"scroll","background-type":"","background-media":"","overlay-type":"","overlay-color":"","overlay-opacity":"","overlay-gradient":""},"mobile":{"background-color":"var(--ast-global-color-5)","background-image":"","background-repeat":"repeat","background-position":"center center","background-size":"auto","background-attachment":"scroll","background-type":"","background-media":"","overlay-type":"","overlay-color":"","overlay-opacity":"","overlay-gradient":""}}},"product_brand":[],"product_cat":[396],"product_tag":[397,407,406,413,325,408,410,409,411,412],"class_list":{"0":"post-2320","1":"product","2":"type-product","3":"status-publish","4":"has-post-thumbnail","6":"product_cat-kasvojen-hoito-vitamiinihoidot-ja-anti-age-kosteuttajat","7":"product_tag-a-vitamiinivoide","8":"product_tag-antioksidanttikosteuttaja","9":"product_tag-c-vitamiini-kosteuttaja","10":"product_tag-environ-avst-moisturiser-4","11":"product_tag-ihon-kiinteyttaminen-ja-kirkastaminen","12":"product_tag-kasviuutteita-sisaltava-voide","13":"product_tag-nuorekas-ja-hehkuva-iho","14":"product_tag-peptidi-ihonhoito","15":"product_tag-ryppyja-vahentava-voide","16":"product_tag-skin-essentia-step-up-system","17":"desktop-align-left","18":"tablet-align-left","19":"mobile-align-left","21":"first","22":"outofstock","23":"shipping-taxable","24":"purchasable","25":"product-type-simple"},"uagb_featured_image_src":{"full":["https:\/\/vitaroma.fi\/wp-content\/uploads\/2025\/04\/f0c2b5_37a73b7c233748c4ad37bf8ff6ff0142mv2.png",1080,1080,false],"thumbnail":["https:\/\/vitaroma.fi\/wp-content\/uploads\/2025\/04\/f0c2b5_37a73b7c233748c4ad37bf8ff6ff0142mv2-150x150.png",150,150,true],"medium":["https:\/\/vitaroma.fi\/wp-content\/uploads\/2025\/04\/f0c2b5_37a73b7c233748c4ad37bf8ff6ff0142mv2-300x300.png",300,300,true],"medium_large":["https:\/\/vitaroma.fi\/wp-content\/uploads\/2025\/04\/f0c2b5_37a73b7c233748c4ad37bf8ff6ff0142mv2-768x768.png",768,768,true],"large":["https:\/\/vitaroma.fi\/wp-content\/uploads\/2025\/04\/f0c2b5_37a73b7c233748c4ad37bf8ff6ff0142mv2-1024x1024.png",1024,1024,true],"1536x1536":["https:\/\/vitaroma.fi\/wp-content\/uploads\/2025\/04\/f0c2b5_37a73b7c233748c4ad37bf8ff6ff0142mv2.png",1080,1080,false],"2048x2048":["https:\/\/vitaroma.fi\/wp-content\/uploads\/2025\/04\/f0c2b5_37a73b7c233748c4ad37bf8ff6ff0142mv2.png",1080,1080,false],"trp-custom-language-flag":["https:\/\/vitaroma.fi\/wp-content\/uploads\/2025\/04\/f0c2b5_37a73b7c233748c4ad37bf8ff6ff0142mv2-12x12.png",12,12,true],"woocommerce_thumbnail":["https:\/\/vitaroma.fi\/wp-content\/uploads\/2025\/04\/f0c2b5_37a73b7c233748c4ad37bf8ff6ff0142mv2-300x300.png",300,300,true],"woocommerce_single":["https:\/\/vitaroma.fi\/wp-content\/uploads\/2025\/04\/f0c2b5_37a73b7c233748c4ad37bf8ff6ff0142mv2-600x600.png",600,600,true],"woocommerce_gallery_thumbnail":["https:\/\/vitaroma.fi\/wp-content\/uploads\/2025\/04\/f0c2b5_37a73b7c233748c4ad37bf8ff6ff0142mv2-100x100.png",100,100,true]},"uagb_author_info":{"display_name":"emilkemal4@gmail.com","author_link":"https:\/\/vitaroma.fi\/en\/author\/"},"uagb_comment_info":0,"uagb_excerpt":"Korkeamman A-vitamiinipitoisuuden kosteuttaja, joka parantaa ihon rakennetta, kimmoisuutta ja palauttaa nuorekkaan hehkun.","_links":{"self":[{"href":"https:\/\/vitaroma.fi\/en\/wp-json\/wp\/v2\/product\/2320","targetHints":{"allow":["GET"]}}],"collection":[{"href":"https:\/\/vitaroma.fi\/en\/wp-json\/wp\/v2\/product"}],"about":[{"href":"https:\/\/vitaroma.fi\/en\/wp-json\/wp\/v2\/types\/product"}],"replies":[{"embeddable":true,"href":"https:\/\/vitaroma.fi\/en\/wp-json\/wp\/v2\/comments?post=2320"}],"wp:featuredmedia":[{"embeddable":true,"href":"https:\/\/vitaroma.fi\/en\/wp-json\/wp\/v2\/media\/2321"}],"wp:attachment":[{"href":"https:\/\/vitaroma.fi\/en\/wp-json\/wp\/v2\/media?parent=2320"}],"wp:term":[{"taxonomy":"product_brand","embeddable":true,"href":"https:\/\/vitaroma.fi\/en\/wp-json\/wp\/v2\/product_brand?post=2320"},{"taxonomy":"product_cat","embeddable":true,"href":"https:\/\/vitaroma.fi\/en\/wp-json\/wp\/v2\/product_cat?post=2320"},{"taxonomy":"product_tag","embeddable":true,"href":"https:\/\/vitaroma.fi\/en\/wp-json\/wp\/v2\/product_tag?post=2320"}],"curies":[{"name":"wp","href":"https:\/\/api.w.org\/{rel}","templated":true}]}}