{"id":2318,"date":"2025-04-26T01:05:43","date_gmt":"2025-04-26T01:05:43","guid":{"rendered":"https:\/\/vitaroma.fi\/?post_type=product&#038;p=2318"},"modified":"2026-02-18T12:20:34","modified_gmt":"2026-02-18T10:20:34","slug":"environ-5","status":"publish","type":"product","link":"https:\/\/vitaroma.fi\/en\/produkt\/environ-5\/","title":{"rendered":"About 5"},"content":{"rendered":"<p>Saatavilla vain ihokonsultaation j\u00e4lkeen henkil\u00f6kohtaisella koodilla. Ota yhteytt\u00e4 ennen ostoa.<\/p>\n<p class=\"\" data-start=\"483\" data-end=\"749\"><strong data-start=\"483\" data-end=\"706\">Environ 5 (tunnetaan my\u00f6s nimell\u00e4 AVST Moisturiser 5) on Environin edistyneimm\u00e4n vitamiinipohjaisen ihonhoitoj\u00e4rjestelm\u00e4n huipentuuma \u2013 \u00e4\u00e4rimm\u00e4inen kosteuttava voide, jota kutsutaan tehokkuutensa vuoksi my\u00f6s seerumiksi.<\/strong><br data-start=\"706\" data-end=\"709\" \/>T\u00e4m\u00e4 kevyt mutta tehokas voide sis\u00e4lt\u00e4\u00e4:<\/p>\n<ul data-start=\"751\" data-end=\"1032\">\n<li class=\"\" data-start=\"751\" data-end=\"862\">\n<p class=\"\" data-start=\"753\" data-end=\"862\"><strong data-start=\"753\" data-end=\"801\">Maksimaaliset pitoisuudet A- ja C-vitamiinia<\/strong> \u2013 Edist\u00e4\u00e4 ihon luonnollista uusiutumista ja kirkastaa ihoa<\/p>\n<\/li>\n<li class=\"\" data-start=\"863\" data-end=\"965\">\n<p class=\"\" data-start=\"865\" data-end=\"965\"><strong data-start=\"865\" data-end=\"895\">Rich in antioxidants<\/strong> \u2013 Suojaa ihoa ymp\u00e4rist\u00f6n haittatekij\u00f6ilt\u00e4 ja vapailta radikaaleilta<\/p>\n<\/li>\n<li class=\"\" data-start=\"966\" data-end=\"1032\">\n<p class=\"\" data-start=\"968\" data-end=\"1032\"><strong data-start=\"968\" data-end=\"989\">Peptidiyhdistelm\u00e4<\/strong> \u2013 Parantaa ihon kiinteytt\u00e4 ja elastisuutta<\/p>\n<\/li>\n<\/ul>\n<p class=\"\" data-start=\"1034\" data-end=\"1061\"><strong data-start=\"1034\" data-end=\"1061\">Main effects:<\/strong><\/p>\n<ul data-start=\"1062\" data-end=\"1297\">\n<li class=\"\" data-start=\"1062\" data-end=\"1114\">\n<p class=\"\" data-start=\"1064\" data-end=\"1114\">Elvytt\u00e4\u00e4 ihoa ja palauttaa <strong data-start=\"1091\" data-end=\"1112\">nuorekkaan hehkun<\/strong><\/p>\n<\/li>\n<li class=\"\" data-start=\"1115\" data-end=\"1159\">\n<p class=\"\" data-start=\"1117\" data-end=\"1159\">Parantaa ihon rakennetta ja kimmoisuutta<\/p>\n<\/li>\n<li class=\"\" data-start=\"1160\" data-end=\"1241\">\n<p class=\"\" data-start=\"1162\" data-end=\"1241\">Tasapainottaa ihon kosteustasoa ja suojaa ihoa ennenaikaiselta ik\u00e4\u00e4ntymiselt\u00e4<\/p>\n<\/li>\n<li class=\"\" data-start=\"1242\" data-end=\"1297\">\n<p class=\"\" data-start=\"1244\" data-end=\"1297\">Tukee ihon omaa puolustuskyky\u00e4 ja uusiutumisprosessia<\/p>\n<\/li>\n<\/ul>\n<p class=\"\" data-start=\"1299\" data-end=\"1320\"><strong data-start=\"1299\" data-end=\"1318\">Recommended use:<\/strong><\/p>\n<ul data-start=\"1321\" data-end=\"1524\">\n<li class=\"\" data-start=\"1321\" data-end=\"1419\">\n<p class=\"\" data-start=\"1323\" data-end=\"1419\">T\u00e4m\u00e4 tuote on <strong data-start=\"1337\" data-end=\"1353\">viides vaihe<\/strong> Environin progressiivisessa, porrastetussa AVST-j\u00e4rjestelm\u00e4ss\u00e4.<\/p>\n<\/li>\n<li class=\"\" data-start=\"1420\" data-end=\"1524\">\n<p class=\"\" data-start=\"1422\" data-end=\"1524\"><strong data-start=\"1422\" data-end=\"1453\">K\u00e4yt\u00e4 v\u00e4hint\u00e4\u00e4n 6 kuukautta<\/strong> or <strong data-start=\"1458\" data-end=\"1482\">kahden pullon verran<\/strong> ennen siirtymist\u00e4 seuraavaan hoitotasoon.<\/p>\n<\/li>\n<\/ul>","protected":false},"excerpt":{"rendered":"<p class=\"\" data-start=\"1580\" data-end=\"1731\"><strong data-start=\"1580\" data-end=\"1731\">Maksimipitoisuuksia A- ja C-vitamiinia sis\u00e4lt\u00e4v\u00e4 kosteuttava voide\/seerumi, joka elvytt\u00e4\u00e4 ihoa, parantaa rakennetta ja palauttaa nuorekkaan hehkun.<\/strong><\/p>","protected":false},"featured_media":2319,"comment_status":"open","ping_status":"closed","template":"","meta":{"_surecart_dashboard_logo_width":"180px","_surecart_dashboard_show_logo":true,"_surecart_dashboard_navigation_orders":true,"_surecart_dashboard_navigation_invoices":true,"_surecart_dashboard_navigation_subscriptions":true,"_surecart_dashboard_navigation_downloads":true,"_surecart_dashboard_navigation_billing":true,"_surecart_dashboard_navigation_account":true,"_uag_custom_page_level_css":"","site-sidebar-layout":"default","site-content-layout":"","ast-site-content-layout":"default","site-content-style":"default","site-sidebar-style":"default","ast-global-header-display":"","ast-banner-title-visibility":"","ast-main-header-display":"","ast-hfb-above-header-display":"","ast-hfb-below-header-display":"","ast-hfb-mobile-header-display":"","site-post-title":"","ast-breadcrumbs-content":"","ast-featured-img":"","footer-sml-layout":"","theme-transparent-header-meta":"default","adv-header-id-meta":"","stick-header-meta":"default","header-above-stick-meta":"","header-main-stick-meta":"","header-below-stick-meta":"","astra-migrate-meta-layouts":"set","ast-page-background-enabled":"default","ast-page-background-meta":{"desktop":{"background-color":"var(--ast-global-color-4)","background-image":"","background-repeat":"repeat","background-position":"center center","background-size":"auto","background-attachment":"scroll","background-type":"","background-media":"","overlay-type":"","overlay-color":"","overlay-opacity":"","overlay-gradient":""},"tablet":{"background-color":"","background-image":"","background-repeat":"repeat","background-position":"center center","background-size":"auto","background-attachment":"scroll","background-type":"","background-media":"","overlay-type":"","overlay-color":"","overlay-opacity":"","overlay-gradient":""},"mobile":{"background-color":"","background-image":"","background-repeat":"repeat","background-position":"center center","background-size":"auto","background-attachment":"scroll","background-type":"","background-media":"","overlay-type":"","overlay-color":"","overlay-opacity":"","overlay-gradient":""}},"ast-content-background-meta":{"desktop":{"background-color":"var(--ast-global-color-5)","background-image":"","background-repeat":"repeat","background-position":"center center","background-size":"auto","background-attachment":"scroll","background-type":"","background-media":"","overlay-type":"","overlay-color":"","overlay-opacity":"","overlay-gradient":""},"tablet":{"background-color":"var(--ast-global-color-5)","background-image":"","background-repeat":"repeat","background-position":"center center","background-size":"auto","background-attachment":"scroll","background-type":"","background-media":"","overlay-type":"","overlay-color":"","overlay-opacity":"","overlay-gradient":""},"mobile":{"background-color":"var(--ast-global-color-5)","background-image":"","background-repeat":"repeat","background-position":"center center","background-size":"auto","background-attachment":"scroll","background-type":"","background-media":"","overlay-type":"","overlay-color":"","overlay-opacity":"","overlay-gradient":""}}},"product_brand":[],"product_cat":[396],"product_tag":[397,399,398,400,402,403,401,404,300,405],"class_list":{"0":"post-2318","1":"product","2":"type-product","3":"status-publish","4":"has-post-thumbnail","6":"product_cat-kasvojen-hoito-vitamiinihoidot-ja-anti-age-kosteuttajat","7":"product_tag-a-vitamiinivoide","8":"product_tag-anti-age-kosteuttaja","9":"product_tag-c-vitamiiniseerumi","10":"product_tag-edistyksellinen-vitamiinihoito","11":"product_tag-environ-avst-5","12":"product_tag-environ-moisturiser-5","13":"product_tag-ihon-kiinteyttaminen","14":"product_tag-korkean-tason-ihonhoito","15":"product_tag-nuorekkaampi-iho","16":"product_tag-vapaita-radikaaleja-vastaan-suojaava-voide","17":"desktop-align-left","18":"tablet-align-left","19":"mobile-align-left","21":"first","22":"outofstock","23":"shipping-taxable","24":"purchasable","25":"product-type-simple"},"uagb_featured_image_src":{"full":["https:\/\/vitaroma.fi\/wp-content\/uploads\/2025\/04\/f0c2b5_ba93ad4b92a24755b6204e4b1687d3a8mv2.png",1080,1080,false],"thumbnail":["https:\/\/vitaroma.fi\/wp-content\/uploads\/2025\/04\/f0c2b5_ba93ad4b92a24755b6204e4b1687d3a8mv2-150x150.png",150,150,true],"medium":["https:\/\/vitaroma.fi\/wp-content\/uploads\/2025\/04\/f0c2b5_ba93ad4b92a24755b6204e4b1687d3a8mv2-300x300.png",300,300,true],"medium_large":["https:\/\/vitaroma.fi\/wp-content\/uploads\/2025\/04\/f0c2b5_ba93ad4b92a24755b6204e4b1687d3a8mv2-768x768.png",768,768,true],"large":["https:\/\/vitaroma.fi\/wp-content\/uploads\/2025\/04\/f0c2b5_ba93ad4b92a24755b6204e4b1687d3a8mv2-1024x1024.png",1024,1024,true],"1536x1536":["https:\/\/vitaroma.fi\/wp-content\/uploads\/2025\/04\/f0c2b5_ba93ad4b92a24755b6204e4b1687d3a8mv2.png",1080,1080,false],"2048x2048":["https:\/\/vitaroma.fi\/wp-content\/uploads\/2025\/04\/f0c2b5_ba93ad4b92a24755b6204e4b1687d3a8mv2.png",1080,1080,false],"trp-custom-language-flag":["https:\/\/vitaroma.fi\/wp-content\/uploads\/2025\/04\/f0c2b5_ba93ad4b92a24755b6204e4b1687d3a8mv2-12x12.png",12,12,true],"woocommerce_thumbnail":["https:\/\/vitaroma.fi\/wp-content\/uploads\/2025\/04\/f0c2b5_ba93ad4b92a24755b6204e4b1687d3a8mv2-300x300.png",300,300,true],"woocommerce_single":["https:\/\/vitaroma.fi\/wp-content\/uploads\/2025\/04\/f0c2b5_ba93ad4b92a24755b6204e4b1687d3a8mv2-600x600.png",600,600,true],"woocommerce_gallery_thumbnail":["https:\/\/vitaroma.fi\/wp-content\/uploads\/2025\/04\/f0c2b5_ba93ad4b92a24755b6204e4b1687d3a8mv2-100x100.png",100,100,true]},"uagb_author_info":{"display_name":"emilkemal4@gmail.com","author_link":"https:\/\/vitaroma.fi\/en\/author\/"},"uagb_comment_info":0,"uagb_excerpt":"Maksimipitoisuuksia A- ja C-vitamiinia sis\u00e4lt\u00e4v\u00e4 kosteuttava voide\/seerumi, joka elvytt\u00e4\u00e4 ihoa, parantaa rakennetta ja palauttaa nuorekkaan hehkun.","_links":{"self":[{"href":"https:\/\/vitaroma.fi\/en\/wp-json\/wp\/v2\/product\/2318","targetHints":{"allow":["GET"]}}],"collection":[{"href":"https:\/\/vitaroma.fi\/en\/wp-json\/wp\/v2\/product"}],"about":[{"href":"https:\/\/vitaroma.fi\/en\/wp-json\/wp\/v2\/types\/product"}],"replies":[{"embeddable":true,"href":"https:\/\/vitaroma.fi\/en\/wp-json\/wp\/v2\/comments?post=2318"}],"wp:featuredmedia":[{"embeddable":true,"href":"https:\/\/vitaroma.fi\/en\/wp-json\/wp\/v2\/media\/2319"}],"wp:attachment":[{"href":"https:\/\/vitaroma.fi\/en\/wp-json\/wp\/v2\/media?parent=2318"}],"wp:term":[{"taxonomy":"product_brand","embeddable":true,"href":"https:\/\/vitaroma.fi\/en\/wp-json\/wp\/v2\/product_brand?post=2318"},{"taxonomy":"product_cat","embeddable":true,"href":"https:\/\/vitaroma.fi\/en\/wp-json\/wp\/v2\/product_cat?post=2318"},{"taxonomy":"product_tag","embeddable":true,"href":"https:\/\/vitaroma.fi\/en\/wp-json\/wp\/v2\/product_tag?post=2318"}],"curies":[{"name":"wp","href":"https:\/\/api.w.org\/{rel}","templated":true}]}}