{"id":2314,"date":"2025-04-26T01:00:26","date_gmt":"2025-04-26T01:00:26","guid":{"rendered":"https:\/\/vitaroma.fi\/?post_type=product&#038;p=2314"},"modified":"2025-04-26T01:00:26","modified_gmt":"2025-04-26T01:00:26","slug":"environ-moisture-hydrating-oil-capsules","status":"publish","type":"product","link":"https:\/\/vitaroma.fi\/en\/produkt\/environ-moisture-hydrating-oil-capsules\/","title":{"rendered":"Environ Moisture Hydrating Oil Capsules"},"content":{"rendered":"<p class=\"\" data-start=\"501\" data-end=\"742\"><strong data-start=\"501\" data-end=\"684\">Environ Moisture Hydrating Oil Capsules are powerful vita-antioxidant moisturizing capsules that provide intense vitamin-rich hydration directly to the skin.<\/strong><br data-start=\"684\" data-end=\"687\" \/>These luxurious oil capsules are specially designed to:<\/p>\n<ul data-start=\"744\" data-end=\"926\">\n<li class=\"\" data-start=\"744\" data-end=\"790\">\n<p class=\"\" data-start=\"746\" data-end=\"790\"><strong data-start=\"746\" data-end=\"788\">To protect the skin from free radicals<\/strong><\/p>\n<\/li>\n<li class=\"\" data-start=\"791\" data-end=\"849\">\n<p class=\"\" data-start=\"793\" data-end=\"849\"><strong data-start=\"793\" data-end=\"847\">To improve skin moisture balance and elasticity<\/strong><\/p>\n<\/li>\n<li class=\"\" data-start=\"850\" data-end=\"926\">\n<p class=\"\" data-start=\"852\" data-end=\"926\"><strong data-start=\"852\" data-end=\"926\">To refresh and revitalize the appearance of tired and stressed skin<\/strong><\/p>\n<\/li>\n<\/ul>\n<p class=\"\" data-start=\"928\" data-end=\"956\"><strong data-start=\"928\" data-end=\"956\">Main features:<\/strong><\/p>\n<ul data-start=\"957\" data-end=\"1312\">\n<li class=\"\" data-start=\"957\" data-end=\"1069\">\n<p class=\"\" data-start=\"959\" data-end=\"1069\">The capsules contain a lot of <strong data-start=\"989\" data-end=\"1022\">antioxidant vitamins<\/strong>, which support the skin&#039;s natural defenses<\/p>\n<\/li>\n<li class=\"\" data-start=\"1070\" data-end=\"1130\">\n<p class=\"\" data-start=\"1072\" data-end=\"1130\">Offered <strong data-start=\"1082\" data-end=\"1113\">high-concentration hydration<\/strong> directly on the skin<\/p>\n<\/li>\n<li class=\"\" data-start=\"1131\" data-end=\"1201\">\n<p class=\"\" data-start=\"1133\" data-end=\"1201\">Makes the skin <strong data-start=\"1148\" data-end=\"1199\">smoother, softer and more youthful-looking skin<\/strong><\/p>\n<\/li>\n<li class=\"\" data-start=\"1202\" data-end=\"1312\">\n<p class=\"\" data-start=\"1204\" data-end=\"1312\">Excellent <strong data-start=\"1216\" data-end=\"1236\">as a night care product<\/strong> or for curative use when the skin needs extra hydration and vitality<\/p>\n<\/li>\n<\/ul>\n<p class=\"\" data-start=\"1314\" data-end=\"1400\"><strong data-start=\"1314\" data-end=\"1323\">Note:<\/strong> The product is intended <strong data-start=\"1345\" data-end=\"1372\">For external use only<\/strong> \u2013 <strong data-start=\"1375\" data-end=\"1400\">Do not swallow the capsules.<\/strong><\/p>","protected":false},"excerpt":{"rendered":"<p class=\"\" data-start=\"1456\" data-end=\"1623\"><strong data-start=\"1456\" data-end=\"1623\">Vitamin-rich moisturizing oil capsules that protect the skin from free radicals and visibly refresh the skin, making it softer and more vibrant.<\/strong><\/p>","protected":false},"featured_media":2315,"comment_status":"open","ping_status":"closed","template":"","meta":{"_surecart_dashboard_logo_width":"180px","_surecart_dashboard_show_logo":true,"_surecart_dashboard_navigation_orders":true,"_surecart_dashboard_navigation_invoices":true,"_surecart_dashboard_navigation_subscriptions":true,"_surecart_dashboard_navigation_downloads":true,"_surecart_dashboard_navigation_billing":true,"_surecart_dashboard_navigation_account":true,"_uag_custom_page_level_css":"","site-sidebar-layout":"default","site-content-layout":"","ast-site-content-layout":"default","site-content-style":"default","site-sidebar-style":"default","ast-global-header-display":"","ast-banner-title-visibility":"","ast-main-header-display":"","ast-hfb-above-header-display":"","ast-hfb-below-header-display":"","ast-hfb-mobile-header-display":"","site-post-title":"","ast-breadcrumbs-content":"","ast-featured-img":"","footer-sml-layout":"","theme-transparent-header-meta":"default","adv-header-id-meta":"","stick-header-meta":"default","header-above-stick-meta":"","header-main-stick-meta":"","header-below-stick-meta":"","astra-migrate-meta-layouts":"set","ast-page-background-enabled":"default","ast-page-background-meta":{"desktop":{"background-color":"var(--ast-global-color-4)","background-image":"","background-repeat":"repeat","background-position":"center center","background-size":"auto","background-attachment":"scroll","background-type":"","background-media":"","overlay-type":"","overlay-color":"","overlay-opacity":"","overlay-gradient":""},"tablet":{"background-color":"","background-image":"","background-repeat":"repeat","background-position":"center center","background-size":"auto","background-attachment":"scroll","background-type":"","background-media":"","overlay-type":"","overlay-color":"","overlay-opacity":"","overlay-gradient":""},"mobile":{"background-color":"","background-image":"","background-repeat":"repeat","background-position":"center center","background-size":"auto","background-attachment":"scroll","background-type":"","background-media":"","overlay-type":"","overlay-color":"","overlay-opacity":"","overlay-gradient":""}},"ast-content-background-meta":{"desktop":{"background-color":"var(--ast-global-color-5)","background-image":"","background-repeat":"repeat","background-position":"center center","background-size":"auto","background-attachment":"scroll","background-type":"","background-media":"","overlay-type":"","overlay-color":"","overlay-opacity":"","overlay-gradient":""},"tablet":{"background-color":"var(--ast-global-color-5)","background-image":"","background-repeat":"repeat","background-position":"center center","background-size":"auto","background-attachment":"scroll","background-type":"","background-media":"","overlay-type":"","overlay-color":"","overlay-opacity":"","overlay-gradient":""},"mobile":{"background-color":"var(--ast-global-color-5)","background-image":"","background-repeat":"repeat","background-position":"center center","background-size":"auto","background-attachment":"scroll","background-type":"","background-media":"","overlay-type":"","overlay-color":"","overlay-opacity":"","overlay-gradient":""}}},"product_brand":[],"product_cat":[376],"product_tag":[384,382,379,386,381,377,383,380,378,385],"class_list":{"0":"post-2314","1":"product","2":"type-product","3":"status-publish","4":"has-post-thumbnail","6":"product_cat-kasvojen-hoito-erikoishoidot-ja-oljyt","7":"product_tag-elinvoimaa-lisaava-kasvohoito","8":"product_tag-environ-moisture-capsules","9":"product_tag-ihon-kosteutuksen-tehostus","10":"product_tag-intensiivinen-kosteutus","11":"product_tag-kirkastava-kasvohoito","12":"product_tag-kosteuttavat-oljykapselit","13":"product_tag-oljykapselit-ihonhoitoon","14":"product_tag-vapailta-radikaaleilta-suojaava-hoito","15":"product_tag-vita-antioksidanttikapselit","16":"product_tag-yohoitotuote","17":"desktop-align-left","18":"tablet-align-left","19":"mobile-align-left","21":"first","22":"instock","23":"shipping-taxable","24":"purchasable","25":"product-type-simple"},"uagb_featured_image_src":{"full":["https:\/\/vitaroma.fi\/wp-content\/uploads\/2025\/04\/f0c2b5_a0673e5f27604c8391db4f82b25bbd88mv2.png",1080,1080,false],"thumbnail":["https:\/\/vitaroma.fi\/wp-content\/uploads\/2025\/04\/f0c2b5_a0673e5f27604c8391db4f82b25bbd88mv2-150x150.png",150,150,true],"medium":["https:\/\/vitaroma.fi\/wp-content\/uploads\/2025\/04\/f0c2b5_a0673e5f27604c8391db4f82b25bbd88mv2-300x300.png",300,300,true],"medium_large":["https:\/\/vitaroma.fi\/wp-content\/uploads\/2025\/04\/f0c2b5_a0673e5f27604c8391db4f82b25bbd88mv2-768x768.png",768,768,true],"large":["https:\/\/vitaroma.fi\/wp-content\/uploads\/2025\/04\/f0c2b5_a0673e5f27604c8391db4f82b25bbd88mv2-1024x1024.png",1024,1024,true],"1536x1536":["https:\/\/vitaroma.fi\/wp-content\/uploads\/2025\/04\/f0c2b5_a0673e5f27604c8391db4f82b25bbd88mv2.png",1080,1080,false],"2048x2048":["https:\/\/vitaroma.fi\/wp-content\/uploads\/2025\/04\/f0c2b5_a0673e5f27604c8391db4f82b25bbd88mv2.png",1080,1080,false],"trp-custom-language-flag":["https:\/\/vitaroma.fi\/wp-content\/uploads\/2025\/04\/f0c2b5_a0673e5f27604c8391db4f82b25bbd88mv2-12x12.png",12,12,true],"woocommerce_thumbnail":["https:\/\/vitaroma.fi\/wp-content\/uploads\/2025\/04\/f0c2b5_a0673e5f27604c8391db4f82b25bbd88mv2-300x300.png",300,300,true],"woocommerce_single":["https:\/\/vitaroma.fi\/wp-content\/uploads\/2025\/04\/f0c2b5_a0673e5f27604c8391db4f82b25bbd88mv2-600x600.png",600,600,true],"woocommerce_gallery_thumbnail":["https:\/\/vitaroma.fi\/wp-content\/uploads\/2025\/04\/f0c2b5_a0673e5f27604c8391db4f82b25bbd88mv2-100x100.png",100,100,true]},"uagb_author_info":{"display_name":"emilkemal4@gmail.com","author_link":"https:\/\/vitaroma.fi\/en\/author\/"},"uagb_comment_info":0,"uagb_excerpt":"Vitamiinirikkaat kosteuttavat \u00f6ljykapselit, jotka suojaavat ihoa vapailta radikaaleilta ja virkist\u00e4v\u00e4t ihoa n\u00e4kyv\u00e4sti, tehden siit\u00e4 pehme\u00e4mm\u00e4n ja elinvoimaisemman.","_links":{"self":[{"href":"https:\/\/vitaroma.fi\/en\/wp-json\/wp\/v2\/product\/2314","targetHints":{"allow":["GET"]}}],"collection":[{"href":"https:\/\/vitaroma.fi\/en\/wp-json\/wp\/v2\/product"}],"about":[{"href":"https:\/\/vitaroma.fi\/en\/wp-json\/wp\/v2\/types\/product"}],"replies":[{"embeddable":true,"href":"https:\/\/vitaroma.fi\/en\/wp-json\/wp\/v2\/comments?post=2314"}],"wp:featuredmedia":[{"embeddable":true,"href":"https:\/\/vitaroma.fi\/en\/wp-json\/wp\/v2\/media\/2315"}],"wp:attachment":[{"href":"https:\/\/vitaroma.fi\/en\/wp-json\/wp\/v2\/media?parent=2314"}],"wp:term":[{"taxonomy":"product_brand","embeddable":true,"href":"https:\/\/vitaroma.fi\/en\/wp-json\/wp\/v2\/product_brand?post=2314"},{"taxonomy":"product_cat","embeddable":true,"href":"https:\/\/vitaroma.fi\/en\/wp-json\/wp\/v2\/product_cat?post=2314"},{"taxonomy":"product_tag","embeddable":true,"href":"https:\/\/vitaroma.fi\/en\/wp-json\/wp\/v2\/product_tag?post=2314"}],"curies":[{"name":"wp","href":"https:\/\/api.w.org\/{rel}","templated":true}]}}