{"id":2284,"date":"2025-04-26T00:19:42","date_gmt":"2025-04-26T00:19:42","guid":{"rendered":"https:\/\/vitaroma.fi\/?post_type=product&#038;p=2284"},"modified":"2025-12-01T13:35:22","modified_gmt":"2025-12-01T11:35:22","slug":"environ-radiance-mela-even-cream","status":"publish","type":"product","link":"https:\/\/vitaroma.fi\/en\/produkt\/environ-radiance-mela-even-cream\/","title":{"rendered":"Environ Radiance+ Mela-Even Cream"},"content":{"rendered":"<p class=\"\" data-start=\"506\" data-end=\"768\"><strong data-start=\"506\" data-end=\"714\">Environ Focus Care Radiance+ Intense C-Boost Mela-Even Cream is an advanced skin brightening cream that helps improve uneven skin tone and reduce the appearance of sun damage.<\/strong><br data-start=\"714\" data-end=\"717\" \/>Its expertly designed composition includes:<\/p>\n<ul data-start=\"770\" data-end=\"969\">\n<li class=\"\" data-start=\"770\" data-end=\"885\">\n<p class=\"\" data-start=\"772\" data-end=\"885\"><strong data-start=\"772\" data-end=\"808\">Vitamin C (ascorbic acid):<\/strong> A powerful antioxidant that brightens skin and supports collagen formation<\/p>\n<\/li>\n<li class=\"\" data-start=\"886\" data-end=\"969\">\n<p class=\"\" data-start=\"888\" data-end=\"969\"><strong data-start=\"888\" data-end=\"905\">Vitamin E:<\/strong> Protects the skin from free radicals and promotes skin renewal<\/p>\n<\/li>\n<\/ul>\n<p class=\"\" data-start=\"971\" data-end=\"998\"><strong data-start=\"971\" data-end=\"998\">Main effects:<\/strong><\/p>\n<ul data-start=\"999\" data-end=\"1302\">\n<li class=\"\" data-start=\"999\" data-end=\"1047\">\n<p class=\"\" data-start=\"1001\" data-end=\"1047\">Protects the skin <strong data-start=\"1013\" data-end=\"1045\">from environmental stressors<\/strong><\/p>\n<\/li>\n<li class=\"\" data-start=\"1048\" data-end=\"1133\">\n<p class=\"\" data-start=\"1050\" data-end=\"1133\">Help <strong data-start=\"1057\" data-end=\"1092\">to prevent the conversion of tyrosine<\/strong>, which can prevent hyperpigmentation<\/p>\n<\/li>\n<li class=\"\" data-start=\"1134\" data-end=\"1187\">\n<p class=\"\" data-start=\"1136\" data-end=\"1187\">Improve <strong data-start=\"1145\" data-end=\"1185\">even skin tone and brightness<\/strong><\/p>\n<\/li>\n<li class=\"\" data-start=\"1188\" data-end=\"1248\">\n<p class=\"\" data-start=\"1190\" data-end=\"1248\">Reduce <strong data-start=\"1199\" data-end=\"1235\">sun damage<\/strong> visibility<\/p>\n<\/li>\n<li class=\"\" data-start=\"1249\" data-end=\"1302\">\n<p class=\"\" data-start=\"1251\" data-end=\"1302\">Gives to the skin <strong data-start=\"1264\" data-end=\"1302\">a healthier and more radiant appearance<\/strong><\/p>\n<\/li>\n<\/ul>\n<p class=\"\" data-start=\"1304\" data-end=\"1341\"><strong data-start=\"1304\" data-end=\"1327\">Regular use<\/strong> makes the skin:<\/p>\n<ul data-start=\"1343\" data-end=\"1416\">\n<li class=\"\" data-start=\"1343\" data-end=\"1367\">\n<p class=\"\" data-start=\"1345\" data-end=\"1367\">A more even tone<\/p>\n<\/li>\n<li class=\"\" data-start=\"1368\" data-end=\"1383\">\n<p class=\"\" data-start=\"1370\" data-end=\"1383\">Brighter<\/p>\n<\/li>\n<li class=\"\" data-start=\"1384\" data-end=\"1416\">\n<p class=\"\" data-start=\"1386\" data-end=\"1416\">Softer and more vibrant<\/p>\n<\/li>\n<\/ul>","protected":false},"excerpt":{"rendered":"<p class=\"\" data-start=\"1472\" data-end=\"1626\"><strong data-start=\"1472\" data-end=\"1626\">An effective cream with vitamins C and E that improves uneven skin tone, reduces sun damage and protects the skin from environmental aggressors.<\/strong><\/p>","protected":false},"featured_media":2285,"comment_status":"open","ping_status":"closed","template":"","meta":{"_surecart_dashboard_logo_width":"180px","_surecart_dashboard_show_logo":true,"_surecart_dashboard_navigation_orders":true,"_surecart_dashboard_navigation_invoices":true,"_surecart_dashboard_navigation_subscriptions":true,"_surecart_dashboard_navigation_downloads":true,"_surecart_dashboard_navigation_billing":true,"_surecart_dashboard_navigation_account":true,"_uag_custom_page_level_css":"","site-sidebar-layout":"default","site-content-layout":"","ast-site-content-layout":"default","site-content-style":"default","site-sidebar-style":"default","ast-global-header-display":"","ast-banner-title-visibility":"","ast-main-header-display":"","ast-hfb-above-header-display":"","ast-hfb-below-header-display":"","ast-hfb-mobile-header-display":"","site-post-title":"","ast-breadcrumbs-content":"","ast-featured-img":"","footer-sml-layout":"","ast-disable-related-posts":"","theme-transparent-header-meta":"default","adv-header-id-meta":"","stick-header-meta":"default","header-above-stick-meta":"","header-main-stick-meta":"","header-below-stick-meta":"","astra-migrate-meta-layouts":"set","ast-page-background-enabled":"default","ast-page-background-meta":{"desktop":{"background-color":"var(--ast-global-color-4)","background-image":"","background-repeat":"repeat","background-position":"center center","background-size":"auto","background-attachment":"scroll","background-type":"","background-media":"","overlay-type":"","overlay-color":"","overlay-opacity":"","overlay-gradient":""},"tablet":{"background-color":"","background-image":"","background-repeat":"repeat","background-position":"center center","background-size":"auto","background-attachment":"scroll","background-type":"","background-media":"","overlay-type":"","overlay-color":"","overlay-opacity":"","overlay-gradient":""},"mobile":{"background-color":"","background-image":"","background-repeat":"repeat","background-position":"center center","background-size":"auto","background-attachment":"scroll","background-type":"","background-media":"","overlay-type":"","overlay-color":"","overlay-opacity":"","overlay-gradient":""}},"ast-content-background-meta":{"desktop":{"background-color":"var(--ast-global-color-5)","background-image":"","background-repeat":"repeat","background-position":"center center","background-size":"auto","background-attachment":"scroll","background-type":"","background-media":"","overlay-type":"","overlay-color":"","overlay-opacity":"","overlay-gradient":""},"tablet":{"background-color":"var(--ast-global-color-5)","background-image":"","background-repeat":"repeat","background-position":"center center","background-size":"auto","background-attachment":"scroll","background-type":"","background-media":"","overlay-type":"","overlay-color":"","overlay-opacity":"","overlay-gradient":""},"mobile":{"background-color":"var(--ast-global-color-5)","background-image":"","background-repeat":"repeat","background-position":"center center","background-size":"auto","background-attachment":"scroll","background-type":"","background-media":"","overlay-type":"","overlay-color":"","overlay-opacity":"","overlay-gradient":""}}},"product_brand":[],"product_cat":[304],"product_tag":[309,306,307,313,308,314,305,311,312,310],"class_list":{"0":"post-2284","1":"product","2":"type-product","3":"status-publish","4":"has-post-thumbnail","6":"product_cat-kasvojen-hoito-kirkastavat-voiteet","7":"product_tag-auringon-vaurioiden-korjaus","8":"product_tag-c-vitamiini-voide","9":"product_tag-e-vitamiini-voide","10":"product_tag-environ-mela-even-cream","11":"product_tag-hyperpigmentaation-ehkaisy","12":"product_tag-ihon-kirkastaminen","13":"product_tag-ihon-savyn-tasoittaja","14":"product_tag-kirkastava-kasvovoide","15":"product_tag-radiance-sarja","16":"product_tag-ympariston-stressitekijoilta-suojaava-voide","17":"desktop-align-left","18":"tablet-align-left","19":"mobile-align-left","21":"first","22":"instock","23":"shipping-taxable","24":"purchasable","25":"product-type-simple"},"uagb_featured_image_src":{"full":["https:\/\/vitaroma.fi\/wp-content\/uploads\/2025\/04\/f0c2b5_f1ac1501d97e4d4cb108172d3e8fadf5mv2.png",1080,1080,false],"thumbnail":["https:\/\/vitaroma.fi\/wp-content\/uploads\/2025\/04\/f0c2b5_f1ac1501d97e4d4cb108172d3e8fadf5mv2-150x150.png",150,150,true],"medium":["https:\/\/vitaroma.fi\/wp-content\/uploads\/2025\/04\/f0c2b5_f1ac1501d97e4d4cb108172d3e8fadf5mv2-300x300.png",300,300,true],"medium_large":["https:\/\/vitaroma.fi\/wp-content\/uploads\/2025\/04\/f0c2b5_f1ac1501d97e4d4cb108172d3e8fadf5mv2-768x768.png",768,768,true],"large":["https:\/\/vitaroma.fi\/wp-content\/uploads\/2025\/04\/f0c2b5_f1ac1501d97e4d4cb108172d3e8fadf5mv2-1024x1024.png",1024,1024,true],"1536x1536":["https:\/\/vitaroma.fi\/wp-content\/uploads\/2025\/04\/f0c2b5_f1ac1501d97e4d4cb108172d3e8fadf5mv2.png",1080,1080,false],"2048x2048":["https:\/\/vitaroma.fi\/wp-content\/uploads\/2025\/04\/f0c2b5_f1ac1501d97e4d4cb108172d3e8fadf5mv2.png",1080,1080,false],"trp-custom-language-flag":["https:\/\/vitaroma.fi\/wp-content\/uploads\/2025\/04\/f0c2b5_f1ac1501d97e4d4cb108172d3e8fadf5mv2-12x12.png",12,12,true],"woocommerce_thumbnail":["https:\/\/vitaroma.fi\/wp-content\/uploads\/2025\/04\/f0c2b5_f1ac1501d97e4d4cb108172d3e8fadf5mv2-300x300.png",300,300,true],"woocommerce_single":["https:\/\/vitaroma.fi\/wp-content\/uploads\/2025\/04\/f0c2b5_f1ac1501d97e4d4cb108172d3e8fadf5mv2-600x600.png",600,600,true],"woocommerce_gallery_thumbnail":["https:\/\/vitaroma.fi\/wp-content\/uploads\/2025\/04\/f0c2b5_f1ac1501d97e4d4cb108172d3e8fadf5mv2-100x100.png",100,100,true]},"uagb_author_info":{"display_name":"emilkemal4@gmail.com","author_link":"https:\/\/vitaroma.fi\/en\/author\/"},"uagb_comment_info":0,"uagb_excerpt":"Tehokas C- ja E-vitamiinipitoinen voide, joka parantaa ep\u00e4tasaista ihon s\u00e4vy\u00e4, v\u00e4hent\u00e4\u00e4 auringon vaurioita ja suojaa ihoa ymp\u00e4rist\u00f6n haittatekij\u00f6ilt\u00e4.","_links":{"self":[{"href":"https:\/\/vitaroma.fi\/en\/wp-json\/wp\/v2\/product\/2284","targetHints":{"allow":["GET"]}}],"collection":[{"href":"https:\/\/vitaroma.fi\/en\/wp-json\/wp\/v2\/product"}],"about":[{"href":"https:\/\/vitaroma.fi\/en\/wp-json\/wp\/v2\/types\/product"}],"replies":[{"embeddable":true,"href":"https:\/\/vitaroma.fi\/en\/wp-json\/wp\/v2\/comments?post=2284"}],"wp:featuredmedia":[{"embeddable":true,"href":"https:\/\/vitaroma.fi\/en\/wp-json\/wp\/v2\/media\/2285"}],"wp:attachment":[{"href":"https:\/\/vitaroma.fi\/en\/wp-json\/wp\/v2\/media?parent=2284"}],"wp:term":[{"taxonomy":"product_brand","embeddable":true,"href":"https:\/\/vitaroma.fi\/en\/wp-json\/wp\/v2\/product_brand?post=2284"},{"taxonomy":"product_cat","embeddable":true,"href":"https:\/\/vitaroma.fi\/en\/wp-json\/wp\/v2\/product_cat?post=2284"},{"taxonomy":"product_tag","embeddable":true,"href":"https:\/\/vitaroma.fi\/en\/wp-json\/wp\/v2\/product_tag?post=2284"}],"curies":[{"name":"wp","href":"https:\/\/api.w.org\/{rel}","templated":true}]}}