{"id":2278,"date":"2025-04-26T00:12:04","date_gmt":"2025-04-26T00:12:04","guid":{"rendered":"https:\/\/vitaroma.fi\/?post_type=product&#038;p=2278"},"modified":"2026-02-18T12:32:14","modified_gmt":"2026-02-18T10:32:14","slug":"environ-night-serum","status":"publish","type":"product","link":"https:\/\/vitaroma.fi\/en\/produkt\/environmental-night-serum\/","title":{"rendered":"Environ Night Serum"},"content":{"rendered":"<p class=\"\" data-start=\"478\" data-end=\"781\"><strong data-start=\"478\" data-end=\"635\">Environ Malachite-NP Complex Serience Night Serum is an advanced night serum developed to improve the appearance of tired and stressed skin.<\/strong><br data-start=\"635\" data-end=\"638\" \/>This groundbreaking innovation combines <strong data-start=\"675\" data-end=\"710\">the latest findings in neuroscience<\/strong> and <strong data-start=\"714\" data-end=\"742\">cosmetic research<\/strong> about the connection between stress and skin health.<\/p>\n<p class=\"\" data-start=\"783\" data-end=\"819\"><strong data-start=\"783\" data-end=\"819\">The main effects of the serum:<\/strong><\/p>\n<ul data-start=\"820\" data-end=\"1108\">\n<li class=\"\" data-start=\"820\" data-end=\"862\">\n<p class=\"\" data-start=\"822\" data-end=\"862\">Improve <strong data-start=\"831\" data-end=\"860\">skin brightness and glow<\/strong><\/p>\n<\/li>\n<li class=\"\" data-start=\"863\" data-end=\"937\">\n<p class=\"\" data-start=\"865\" data-end=\"937\">Help <strong data-start=\"872\" data-end=\"924\">to smooth the look and eliminate vertical lines<\/strong> visibility<\/p>\n<\/li>\n<li class=\"\" data-start=\"938\" data-end=\"990\">\n<p class=\"\" data-start=\"940\" data-end=\"990\">More <strong data-start=\"946\" data-end=\"988\">skin elasticity, tone and firmness<\/strong><\/p>\n<\/li>\n<li class=\"\" data-start=\"991\" data-end=\"1058\">\n<p class=\"\" data-start=\"993\" data-end=\"1058\">Targets <strong data-start=\"1003\" data-end=\"1030\">oxidative stress<\/strong> to harmful effects<\/p>\n<\/li>\n<li class=\"\" data-start=\"1059\" data-end=\"1108\">\n<p class=\"\" data-start=\"1061\" data-end=\"1108\">Protects, restores and relaxes the skin during the night<\/p>\n<\/li>\n<\/ul>\n<p class=\"\" data-start=\"1110\" data-end=\"1259\"><strong data-start=\"1110\" data-end=\"1134\">Malachite-NP Complex<\/strong> is known for its ability to neutralize free radicals and protect the skin from external stressors.<br data-start=\"1229\" data-end=\"1232\" \/>Continuous use leaves the skin:<\/p>\n<ul data-start=\"1261\" data-end=\"1426\">\n<li class=\"\" data-start=\"1261\" data-end=\"1306\">\n<p class=\"\" data-start=\"1263\" data-end=\"1306\"><strong data-start=\"1263\" data-end=\"1304\">For a more relaxed and youthful appearance<\/strong><\/p>\n<\/li>\n<li class=\"\" data-start=\"1307\" data-end=\"1342\">\n<p class=\"\" data-start=\"1309\" data-end=\"1342\"><strong data-start=\"1309\" data-end=\"1340\">For a brighter and more even complexion<\/strong><\/p>\n<\/li>\n<li class=\"\" data-start=\"1343\" data-end=\"1426\">\n<p class=\"\" data-start=\"1345\" data-end=\"1426\"><strong data-start=\"1345\" data-end=\"1386\">Stronger and more protective<\/strong> against environmental stress<\/p>\n<\/li>\n<\/ul>\n<p class=\"\" data-start=\"1428\" data-end=\"1533\"><strong data-start=\"1428\" data-end=\"1451\">Environ Night Serum<\/strong> works perfectly as part of your evening routine and prepares your skin for renewal during the night.<\/p>","protected":false},"excerpt":{"rendered":"<p class=\"\" data-start=\"1589\" data-end=\"1726\"><strong data-start=\"1589\" data-end=\"1726\">A powerful night serum that restores skin&#039;s radiance, reduces signs of stress, and improves skin elasticity and firmness overnight.<\/strong><\/p>","protected":false},"featured_media":2279,"comment_status":"open","ping_status":"closed","template":"","meta":{"_surecart_dashboard_logo_width":"180px","_surecart_dashboard_show_logo":true,"_surecart_dashboard_navigation_orders":true,"_surecart_dashboard_navigation_invoices":true,"_surecart_dashboard_navigation_subscriptions":true,"_surecart_dashboard_navigation_downloads":true,"_surecart_dashboard_navigation_billing":true,"_surecart_dashboard_navigation_account":true,"_uag_custom_page_level_css":"","site-sidebar-layout":"default","site-content-layout":"","ast-site-content-layout":"default","site-content-style":"default","site-sidebar-style":"default","ast-global-header-display":"","ast-banner-title-visibility":"","ast-main-header-display":"","ast-hfb-above-header-display":"","ast-hfb-below-header-display":"","ast-hfb-mobile-header-display":"","site-post-title":"","ast-breadcrumbs-content":"","ast-featured-img":"","footer-sml-layout":"","theme-transparent-header-meta":"default","adv-header-id-meta":"","stick-header-meta":"default","header-above-stick-meta":"","header-main-stick-meta":"","header-below-stick-meta":"","astra-migrate-meta-layouts":"set","ast-page-background-enabled":"default","ast-page-background-meta":{"desktop":{"background-color":"var(--ast-global-color-4)","background-image":"","background-repeat":"repeat","background-position":"center center","background-size":"auto","background-attachment":"scroll","background-type":"","background-media":"","overlay-type":"","overlay-color":"","overlay-opacity":"","overlay-gradient":""},"tablet":{"background-color":"","background-image":"","background-repeat":"repeat","background-position":"center center","background-size":"auto","background-attachment":"scroll","background-type":"","background-media":"","overlay-type":"","overlay-color":"","overlay-opacity":"","overlay-gradient":""},"mobile":{"background-color":"","background-image":"","background-repeat":"repeat","background-position":"center center","background-size":"auto","background-attachment":"scroll","background-type":"","background-media":"","overlay-type":"","overlay-color":"","overlay-opacity":"","overlay-gradient":""}},"ast-content-background-meta":{"desktop":{"background-color":"var(--ast-global-color-5)","background-image":"","background-repeat":"repeat","background-position":"center center","background-size":"auto","background-attachment":"scroll","background-type":"","background-media":"","overlay-type":"","overlay-color":"","overlay-opacity":"","overlay-gradient":""},"tablet":{"background-color":"var(--ast-global-color-5)","background-image":"","background-repeat":"repeat","background-position":"center center","background-size":"auto","background-attachment":"scroll","background-type":"","background-media":"","overlay-type":"","overlay-color":"","overlay-opacity":"","overlay-gradient":""},"mobile":{"background-color":"var(--ast-global-color-5)","background-image":"","background-repeat":"repeat","background-position":"center center","background-size":"auto","background-attachment":"scroll","background-type":"","background-media":"","overlay-type":"","overlay-color":"","overlay-opacity":"","overlay-gradient":""}}},"product_brand":[120],"product_cat":[271],"product_tag":[279,280,277,278,274,276,281,275,273,272],"class_list":{"0":"post-2278","1":"product","2":"type-product","3":"status-publish","4":"has-post-thumbnail","6":"product_brand-ekseption","7":"product_cat-kasvojen-hoito-seerumit-ja-yohoidot","8":"product_tag-environ-night-serum","9":"product_tag-heleyttava-yoseerumi","10":"product_tag-ihon-suojaaminen-stressilta","11":"product_tag-ilmeen-pehmentaminen","12":"product_tag-kirkastava-seerumi","13":"product_tag-malakiitti-seerumi","14":"product_tag-neurotieteeseen-perustuva-ihonhoito","15":"product_tag-oksidatiivista-stressia-vastaan","16":"product_tag-stressin-vaikutuksia-vahentava-seerumi","17":"product_tag-yoseerumi","18":"desktop-align-left","19":"tablet-align-left","20":"mobile-align-left","22":"first","23":"instock","24":"shipping-taxable","25":"purchasable","26":"product-type-simple"},"uagb_featured_image_src":{"full":["https:\/\/vitaroma.fi\/wp-content\/uploads\/2025\/04\/f0c2b5_4c2ac2b4fe384d0abac05048f886cd5amv2.png",1080,1080,false],"thumbnail":["https:\/\/vitaroma.fi\/wp-content\/uploads\/2025\/04\/f0c2b5_4c2ac2b4fe384d0abac05048f886cd5amv2-150x150.png",150,150,true],"medium":["https:\/\/vitaroma.fi\/wp-content\/uploads\/2025\/04\/f0c2b5_4c2ac2b4fe384d0abac05048f886cd5amv2-300x300.png",300,300,true],"medium_large":["https:\/\/vitaroma.fi\/wp-content\/uploads\/2025\/04\/f0c2b5_4c2ac2b4fe384d0abac05048f886cd5amv2-768x768.png",768,768,true],"large":["https:\/\/vitaroma.fi\/wp-content\/uploads\/2025\/04\/f0c2b5_4c2ac2b4fe384d0abac05048f886cd5amv2-1024x1024.png",1024,1024,true],"1536x1536":["https:\/\/vitaroma.fi\/wp-content\/uploads\/2025\/04\/f0c2b5_4c2ac2b4fe384d0abac05048f886cd5amv2.png",1080,1080,false],"2048x2048":["https:\/\/vitaroma.fi\/wp-content\/uploads\/2025\/04\/f0c2b5_4c2ac2b4fe384d0abac05048f886cd5amv2.png",1080,1080,false],"trp-custom-language-flag":["https:\/\/vitaroma.fi\/wp-content\/uploads\/2025\/04\/f0c2b5_4c2ac2b4fe384d0abac05048f886cd5amv2-12x12.png",12,12,true],"woocommerce_thumbnail":["https:\/\/vitaroma.fi\/wp-content\/uploads\/2025\/04\/f0c2b5_4c2ac2b4fe384d0abac05048f886cd5amv2-300x300.png",300,300,true],"woocommerce_single":["https:\/\/vitaroma.fi\/wp-content\/uploads\/2025\/04\/f0c2b5_4c2ac2b4fe384d0abac05048f886cd5amv2-600x600.png",600,600,true],"woocommerce_gallery_thumbnail":["https:\/\/vitaroma.fi\/wp-content\/uploads\/2025\/04\/f0c2b5_4c2ac2b4fe384d0abac05048f886cd5amv2-100x100.png",100,100,true]},"uagb_author_info":{"display_name":"emilkemal4@gmail.com","author_link":"https:\/\/vitaroma.fi\/en\/author\/"},"uagb_comment_info":0,"uagb_excerpt":"Tehokas y\u00f6seerumi, joka palauttaa ihon kirkkautta, v\u00e4hent\u00e4\u00e4 stressin merkkej\u00e4 ja parantaa ihon joustavuutta ja kiinteytt\u00e4 y\u00f6n aikana.","_links":{"self":[{"href":"https:\/\/vitaroma.fi\/en\/wp-json\/wp\/v2\/product\/2278","targetHints":{"allow":["GET"]}}],"collection":[{"href":"https:\/\/vitaroma.fi\/en\/wp-json\/wp\/v2\/product"}],"about":[{"href":"https:\/\/vitaroma.fi\/en\/wp-json\/wp\/v2\/types\/product"}],"replies":[{"embeddable":true,"href":"https:\/\/vitaroma.fi\/en\/wp-json\/wp\/v2\/comments?post=2278"}],"wp:featuredmedia":[{"embeddable":true,"href":"https:\/\/vitaroma.fi\/en\/wp-json\/wp\/v2\/media\/2279"}],"wp:attachment":[{"href":"https:\/\/vitaroma.fi\/en\/wp-json\/wp\/v2\/media?parent=2278"}],"wp:term":[{"taxonomy":"product_brand","embeddable":true,"href":"https:\/\/vitaroma.fi\/en\/wp-json\/wp\/v2\/product_brand?post=2278"},{"taxonomy":"product_cat","embeddable":true,"href":"https:\/\/vitaroma.fi\/en\/wp-json\/wp\/v2\/product_cat?post=2278"},{"taxonomy":"product_tag","embeddable":true,"href":"https:\/\/vitaroma.fi\/en\/wp-json\/wp\/v2\/product_tag?post=2278"}],"curies":[{"name":"wp","href":"https:\/\/api.w.org\/{rel}","templated":true}]}}