{"id":2270,"date":"2025-04-25T23:53:50","date_gmt":"2025-04-25T23:53:50","guid":{"rendered":"https:\/\/vitaroma.fi\/?post_type=product&#038;p=2270"},"modified":"2025-04-25T23:53:50","modified_gmt":"2025-04-25T23:53:50","slug":"fusion-deep-cleanser","status":"publish","type":"product","link":"https:\/\/vitaroma.fi\/en\/produkt\/fusion-deep-cleanser\/","title":{"rendered":"Fusion Deep Cleanser"},"content":{"rendered":"<p class=\"\" data-start=\"480\" data-end=\"791\"><strong data-start=\"480\" data-end=\"629\">Fusion Deep Cleanser is a melt-in micro-emulsion specially developed to effectively remove makeup and impurities from all skin types.<\/strong><br data-start=\"629\" data-end=\"632\" \/>Its <strong data-start=\"636\" data-end=\"674\">nourishing and moisturizing formula<\/strong> makes the product ideal for both <strong data-start=\"711\" data-end=\"755\">for treatments performed in nursing homes<\/strong> that <strong data-start=\"761\" data-end=\"790\">for daily home care<\/strong>.<\/p>\n<p class=\"\" data-start=\"793\" data-end=\"821\"><strong data-start=\"793\" data-end=\"821\">Main features:<\/strong><\/p>\n<ul data-start=\"822\" data-end=\"1121\">\n<li class=\"\" data-start=\"822\" data-end=\"875\">\n<p class=\"\" data-start=\"824\" data-end=\"875\">In hand <strong data-start=\"838\" data-end=\"873\">on the face, eyes and lips<\/strong><\/p>\n<\/li>\n<li class=\"\" data-start=\"876\" data-end=\"979\">\n<p class=\"\" data-start=\"878\" data-end=\"979\"><strong data-start=\"878\" data-end=\"921\">Low molecular weight hyaluronic acid<\/strong> deeply moisturizes the skin and reduces the appearance of wrinkles<\/p>\n<\/li>\n<li class=\"\" data-start=\"980\" data-end=\"1042\">\n<p class=\"\" data-start=\"982\" data-end=\"1042\">Light, <strong data-start=\"989\" data-end=\"1019\">cooling and melting sensation<\/strong> when applied to the skin<\/p>\n<\/li>\n<li class=\"\" data-start=\"1043\" data-end=\"1121\">\n<p class=\"\" data-start=\"1045\" data-end=\"1121\">Leaves on the skin <strong data-start=\"1059\" data-end=\"1086\">a fine protective film<\/strong>, which is neither greasy nor sticky<\/p>\n<\/li>\n<\/ul>\n<p class=\"\" data-start=\"1123\" data-end=\"1270\"><strong data-start=\"1123\" data-end=\"1141\">Hyaluronic acid<\/strong>, the most moisturizing biopolymer known, works in living tissues <strong data-start=\"1206\" data-end=\"1269\">as a connective tissue organizer and effective water retention agent<\/strong>.<\/p>\n<p class=\"\" data-start=\"1272\" data-end=\"1507\"><strong data-start=\"1272\" data-end=\"1305\">Sodium hyaluronate used<\/strong> obtained <strong data-start=\"1314\" data-end=\"1374\">with a biotechnologically safe and clean process<\/strong>, which is <strong data-start=\"1384\" data-end=\"1397\">GMO-free<\/strong>.<br data-start=\"1398\" data-end=\"1401\" \/><strong data-start=\"1401\" data-end=\"1455\">XS hyaluronic acid ultra low molecular weight<\/strong> allows deeper absorption into the skin, improving:<\/p>\n<ul data-start=\"1509\" data-end=\"1599\">\n<li class=\"\" data-start=\"1509\" data-end=\"1546\">\n<p class=\"\" data-start=\"1511\" data-end=\"1546\">Viscoelastic properties of the skin<\/p>\n<\/li>\n<li class=\"\" data-start=\"1547\" data-end=\"1599\">\n<p class=\"\" data-start=\"1549\" data-end=\"1599\">Significant reduction in the appearance of deep wrinkles<\/p>\n<\/li>\n<\/ul>\n<p class=\"\" data-start=\"1601\" data-end=\"1707\">Fusion Deep Cleanser offers <strong data-start=\"1630\" data-end=\"1680\">for a fresh, moisturized and soft finish<\/strong> with each use.<\/p>","protected":false},"excerpt":{"rendered":"<p class=\"\" data-start=\"1763\" data-end=\"1929\"><strong data-start=\"1763\" data-end=\"1929\">A melting and cooling micro-emulsion that effectively removes makeup and impurities, while deeply moisturizing the skin with low molecular weight hyaluronic acid.<\/strong><\/p>","protected":false},"featured_media":2271,"comment_status":"open","ping_status":"closed","template":"","meta":{"_surecart_dashboard_logo_width":"180px","_surecart_dashboard_show_logo":true,"_surecart_dashboard_navigation_orders":true,"_surecart_dashboard_navigation_invoices":true,"_surecart_dashboard_navigation_subscriptions":true,"_surecart_dashboard_navigation_downloads":true,"_surecart_dashboard_navigation_billing":true,"_surecart_dashboard_navigation_account":true,"_uag_custom_page_level_css":"","site-sidebar-layout":"default","site-content-layout":"","ast-site-content-layout":"default","site-content-style":"default","site-sidebar-style":"default","ast-global-header-display":"","ast-banner-title-visibility":"","ast-main-header-display":"","ast-hfb-above-header-display":"","ast-hfb-below-header-display":"","ast-hfb-mobile-header-display":"","site-post-title":"","ast-breadcrumbs-content":"","ast-featured-img":"","footer-sml-layout":"","ast-disable-related-posts":"","theme-transparent-header-meta":"default","adv-header-id-meta":"","stick-header-meta":"default","header-above-stick-meta":"","header-main-stick-meta":"","header-below-stick-meta":"","astra-migrate-meta-layouts":"set","ast-page-background-enabled":"default","ast-page-background-meta":{"desktop":{"background-color":"var(--ast-global-color-4)","background-image":"","background-repeat":"repeat","background-position":"center center","background-size":"auto","background-attachment":"scroll","background-type":"","background-media":"","overlay-type":"","overlay-color":"","overlay-opacity":"","overlay-gradient":""},"tablet":{"background-color":"","background-image":"","background-repeat":"repeat","background-position":"center center","background-size":"auto","background-attachment":"scroll","background-type":"","background-media":"","overlay-type":"","overlay-color":"","overlay-opacity":"","overlay-gradient":""},"mobile":{"background-color":"","background-image":"","background-repeat":"repeat","background-position":"center center","background-size":"auto","background-attachment":"scroll","background-type":"","background-media":"","overlay-type":"","overlay-color":"","overlay-opacity":"","overlay-gradient":""}},"ast-content-background-meta":{"desktop":{"background-color":"var(--ast-global-color-5)","background-image":"","background-repeat":"repeat","background-position":"center center","background-size":"auto","background-attachment":"scroll","background-type":"","background-media":"","overlay-type":"","overlay-color":"","overlay-opacity":"","overlay-gradient":""},"tablet":{"background-color":"var(--ast-global-color-5)","background-image":"","background-repeat":"repeat","background-position":"center center","background-size":"auto","background-attachment":"scroll","background-type":"","background-media":"","overlay-type":"","overlay-color":"","overlay-opacity":"","overlay-gradient":""},"mobile":{"background-color":"var(--ast-global-color-5)","background-image":"","background-repeat":"repeat","background-position":"center center","background-size":"auto","background-attachment":"scroll","background-type":"","background-media":"","overlay-type":"","overlay-color":"","overlay-opacity":"","overlay-gradient":""}}},"product_brand":[120],"product_cat":[252],"product_tag":[262,259,255,256,253,254,261,257,258,260],"class_list":{"0":"post-2270","1":"product","2":"type-product","3":"status-publish","4":"has-post-thumbnail","6":"product_brand-ekseption","7":"product_cat-kasvojen-hoito-puhdistusaineet","8":"product_tag-fusion-deep-cleanser","9":"product_tag-gmo-vapaa-hyaluronihappo","10":"product_tag-hyaluronihappo-puhdistusaine","11":"product_tag-kosteuttava-kasvojen-puhdistus","12":"product_tag-meikinpoistoaine","13":"product_tag-mikro-emulsio-puhdistaja","14":"product_tag-ryppyja-vahentava-puhdistusaine","15":"product_tag-sulava-puhdistaja","16":"product_tag-viilentava-kasvojen-puhdistus","17":"product_tag-xs-hyaluronihappo","18":"desktop-align-left","19":"tablet-align-left","20":"mobile-align-left","22":"first","23":"instock","24":"shipping-taxable","25":"purchasable","26":"product-type-simple"},"uagb_featured_image_src":{"full":["https:\/\/vitaroma.fi\/wp-content\/uploads\/2025\/04\/f0c2b5_88e692fac59a455ba7114871eaf5b73fmv2.png",1080,1080,false],"thumbnail":["https:\/\/vitaroma.fi\/wp-content\/uploads\/2025\/04\/f0c2b5_88e692fac59a455ba7114871eaf5b73fmv2-150x150.png",150,150,true],"medium":["https:\/\/vitaroma.fi\/wp-content\/uploads\/2025\/04\/f0c2b5_88e692fac59a455ba7114871eaf5b73fmv2-300x300.png",300,300,true],"medium_large":["https:\/\/vitaroma.fi\/wp-content\/uploads\/2025\/04\/f0c2b5_88e692fac59a455ba7114871eaf5b73fmv2-768x768.png",768,768,true],"large":["https:\/\/vitaroma.fi\/wp-content\/uploads\/2025\/04\/f0c2b5_88e692fac59a455ba7114871eaf5b73fmv2-1024x1024.png",1024,1024,true],"1536x1536":["https:\/\/vitaroma.fi\/wp-content\/uploads\/2025\/04\/f0c2b5_88e692fac59a455ba7114871eaf5b73fmv2.png",1080,1080,false],"2048x2048":["https:\/\/vitaroma.fi\/wp-content\/uploads\/2025\/04\/f0c2b5_88e692fac59a455ba7114871eaf5b73fmv2.png",1080,1080,false],"trp-custom-language-flag":["https:\/\/vitaroma.fi\/wp-content\/uploads\/2025\/04\/f0c2b5_88e692fac59a455ba7114871eaf5b73fmv2-12x12.png",12,12,true],"woocommerce_thumbnail":["https:\/\/vitaroma.fi\/wp-content\/uploads\/2025\/04\/f0c2b5_88e692fac59a455ba7114871eaf5b73fmv2-300x300.png",300,300,true],"woocommerce_single":["https:\/\/vitaroma.fi\/wp-content\/uploads\/2025\/04\/f0c2b5_88e692fac59a455ba7114871eaf5b73fmv2-600x600.png",600,600,true],"woocommerce_gallery_thumbnail":["https:\/\/vitaroma.fi\/wp-content\/uploads\/2025\/04\/f0c2b5_88e692fac59a455ba7114871eaf5b73fmv2-100x100.png",100,100,true]},"uagb_author_info":{"display_name":"emilkemal4@gmail.com","author_link":"https:\/\/vitaroma.fi\/en\/author\/"},"uagb_comment_info":0,"uagb_excerpt":"Sulava ja viilent\u00e4v\u00e4 mikro-emulsio, joka poistaa meikin ja ep\u00e4puhtaudet tehokkaasti, samalla kosteuttaen ihoa syv\u00e4lt\u00e4 matalamolekyylipainoisella hyaluronihapolla.","_links":{"self":[{"href":"https:\/\/vitaroma.fi\/en\/wp-json\/wp\/v2\/product\/2270","targetHints":{"allow":["GET"]}}],"collection":[{"href":"https:\/\/vitaroma.fi\/en\/wp-json\/wp\/v2\/product"}],"about":[{"href":"https:\/\/vitaroma.fi\/en\/wp-json\/wp\/v2\/types\/product"}],"replies":[{"embeddable":true,"href":"https:\/\/vitaroma.fi\/en\/wp-json\/wp\/v2\/comments?post=2270"}],"wp:featuredmedia":[{"embeddable":true,"href":"https:\/\/vitaroma.fi\/en\/wp-json\/wp\/v2\/media\/2271"}],"wp:attachment":[{"href":"https:\/\/vitaroma.fi\/en\/wp-json\/wp\/v2\/media?parent=2270"}],"wp:term":[{"taxonomy":"product_brand","embeddable":true,"href":"https:\/\/vitaroma.fi\/en\/wp-json\/wp\/v2\/product_brand?post=2270"},{"taxonomy":"product_cat","embeddable":true,"href":"https:\/\/vitaroma.fi\/en\/wp-json\/wp\/v2\/product_cat?post=2270"},{"taxonomy":"product_tag","embeddable":true,"href":"https:\/\/vitaroma.fi\/en\/wp-json\/wp\/v2\/product_tag?post=2270"}],"curies":[{"name":"wp","href":"https:\/\/api.w.org\/{rel}","templated":true}]}}