{"id":2253,"date":"2025-04-25T23:26:40","date_gmt":"2025-04-25T23:26:40","guid":{"rendered":"https:\/\/vitaroma.fi\/?post_type=product&#038;p=2253"},"modified":"2026-02-18T12:30:37","modified_gmt":"2026-02-18T10:30:37","slug":"environ-anti-pollution-masque","status":"publish","type":"product","link":"https:\/\/vitaroma.fi\/en\/produkt\/environmental-anti-pollution-mask\/","title":{"rendered":"Environ Anti-Pollution Mask"},"content":{"rendered":"<p class=\"\" data-start=\"498\" data-end=\"780\"><strong data-start=\"498\" data-end=\"638\">Environ Anti-Pollution Masque is an effective purifying and protective mask enriched with carefully selected active ingredients.<\/strong><br data-start=\"638\" data-end=\"641\" \/>Its aim is to protect the skin and <strong data-start=\"678\" data-end=\"726\">from internal and external stressors<\/strong>, which can compromise skin health and balance.<\/p>\n<p class=\"\" data-start=\"782\" data-end=\"823\"><strong data-start=\"782\" data-end=\"822\">Fragrance-free and gentle formula<\/strong>:<\/p>\n<ul data-start=\"825\" data-end=\"967\">\n<li class=\"\" data-start=\"825\" data-end=\"859\">\n<p class=\"\" data-start=\"827\" data-end=\"859\">Cleanses the skin of impurities<\/p>\n<\/li>\n<li class=\"\" data-start=\"860\" data-end=\"909\">\n<p class=\"\" data-start=\"862\" data-end=\"909\">Soothes irritated and stressed skin<\/p>\n<\/li>\n<li class=\"\" data-start=\"910\" data-end=\"967\">\n<p class=\"\" data-start=\"912\" data-end=\"967\">Moisturizes and strengthens the skin&#039;s natural protective layer<\/p>\n<\/li>\n<\/ul>\n<p class=\"\" data-start=\"969\" data-end=\"1125\"><strong data-start=\"969\" data-end=\"994\">Anti-Pollution Mask<\/strong> especially suitable for those who are exposed <strong data-start=\"1038\" data-end=\"1082\">for air pollution, blue light, stress<\/strong> or other factors that stress the skin.<\/p>\n<p class=\"\" data-start=\"1127\" data-end=\"1162\">With regular use, your skin will feel:<\/p>\n<ul data-start=\"1164\" data-end=\"1231\">\n<li class=\"\" data-start=\"1164\" data-end=\"1181\">\n<p class=\"\" data-start=\"1166\" data-end=\"1181\"><strong data-start=\"1166\" data-end=\"1179\">Clean<\/strong><\/p>\n<\/li>\n<li class=\"\" data-start=\"1182\" data-end=\"1205\">\n<p class=\"\" data-start=\"1184\" data-end=\"1205\"><strong data-start=\"1184\" data-end=\"1203\">Calmed down<\/strong><\/p>\n<\/li>\n<li class=\"\" data-start=\"1206\" data-end=\"1231\">\n<p class=\"\" data-start=\"1208\" data-end=\"1231\"><strong data-start=\"1208\" data-end=\"1229\">Deeply moisturized<\/strong><\/p>\n<\/li>\n<\/ul>\n<p class=\"\" data-start=\"1233\" data-end=\"1271\">and regains its natural glow.<\/p>","protected":false},"excerpt":{"rendered":"<p class=\"\" data-start=\"1327\" data-end=\"1465\"><strong data-start=\"1327\" data-end=\"1465\">A purifying and protective mask that fights internal and external stressors. Soothes, moisturizes and strengthens the skin.<\/strong><\/p>","protected":false},"featured_media":2254,"comment_status":"open","ping_status":"closed","template":"","meta":{"_surecart_dashboard_logo_width":"180px","_surecart_dashboard_show_logo":true,"_surecart_dashboard_navigation_orders":true,"_surecart_dashboard_navigation_invoices":true,"_surecart_dashboard_navigation_subscriptions":true,"_surecart_dashboard_navigation_downloads":true,"_surecart_dashboard_navigation_billing":true,"_surecart_dashboard_navigation_account":true,"_uag_custom_page_level_css":"","site-sidebar-layout":"default","site-content-layout":"","ast-site-content-layout":"default","site-content-style":"default","site-sidebar-style":"default","ast-global-header-display":"","ast-banner-title-visibility":"","ast-main-header-display":"","ast-hfb-above-header-display":"","ast-hfb-below-header-display":"","ast-hfb-mobile-header-display":"","site-post-title":"","ast-breadcrumbs-content":"","ast-featured-img":"","footer-sml-layout":"","ast-disable-related-posts":"","theme-transparent-header-meta":"default","adv-header-id-meta":"","stick-header-meta":"default","header-above-stick-meta":"","header-main-stick-meta":"","header-below-stick-meta":"","astra-migrate-meta-layouts":"set","ast-page-background-enabled":"default","ast-page-background-meta":{"desktop":{"background-color":"var(--ast-global-color-4)","background-image":"","background-repeat":"repeat","background-position":"center center","background-size":"auto","background-attachment":"scroll","background-type":"","background-media":"","overlay-type":"","overlay-color":"","overlay-opacity":"","overlay-gradient":""},"tablet":{"background-color":"","background-image":"","background-repeat":"repeat","background-position":"center center","background-size":"auto","background-attachment":"scroll","background-type":"","background-media":"","overlay-type":"","overlay-color":"","overlay-opacity":"","overlay-gradient":""},"mobile":{"background-color":"","background-image":"","background-repeat":"repeat","background-position":"center center","background-size":"auto","background-attachment":"scroll","background-type":"","background-media":"","overlay-type":"","overlay-color":"","overlay-opacity":"","overlay-gradient":""}},"ast-content-background-meta":{"desktop":{"background-color":"var(--ast-global-color-5)","background-image":"","background-repeat":"repeat","background-position":"center center","background-size":"auto","background-attachment":"scroll","background-type":"","background-media":"","overlay-type":"","overlay-color":"","overlay-opacity":"","overlay-gradient":""},"tablet":{"background-color":"var(--ast-global-color-5)","background-image":"","background-repeat":"repeat","background-position":"center center","background-size":"auto","background-attachment":"scroll","background-type":"","background-media":"","overlay-type":"","overlay-color":"","overlay-opacity":"","overlay-gradient":""},"mobile":{"background-color":"var(--ast-global-color-5)","background-image":"","background-repeat":"repeat","background-position":"center center","background-size":"auto","background-attachment":"scroll","background-type":"","background-media":"","overlay-type":"","overlay-color":"","overlay-opacity":"","overlay-gradient":""}}},"product_brand":[120],"product_cat":[165],"product_tag":[168,175,173,169,172,166,171,170,174,167],"class_list":{"0":"post-2253","1":"product","2":"type-product","3":"status-publish","4":"has-post-thumbnail","6":"product_brand-ekseption","7":"product_cat-kasvojen-hoito-naamiot","8":"product_tag-anti-pollution-ihonhoito","9":"product_tag-antioksidanttinaamio","10":"product_tag-environ-kasvonaamio","11":"product_tag-ilmansaasteilta-suojaava-naamio","12":"product_tag-kosteuttava-naamio","13":"product_tag-puhdistava-naamio","14":"product_tag-rauhoittava-kasvojen-naamio","15":"product_tag-sinivalosuojan-kasvonaamio","16":"product_tag-stressia-vastaan-taisteleva-ihonhoito","17":"product_tag-suojaava-kasvonaamio","18":"desktop-align-left","19":"tablet-align-left","20":"mobile-align-left","22":"first","23":"instock","24":"shipping-taxable","25":"purchasable","26":"product-type-simple"},"uagb_featured_image_src":{"full":["https:\/\/vitaroma.fi\/wp-content\/uploads\/2025\/04\/f0c2b5_e07cb511a9a1450e9c07400f94bcf76emv2.png",1080,1080,false],"thumbnail":["https:\/\/vitaroma.fi\/wp-content\/uploads\/2025\/04\/f0c2b5_e07cb511a9a1450e9c07400f94bcf76emv2-150x150.png",150,150,true],"medium":["https:\/\/vitaroma.fi\/wp-content\/uploads\/2025\/04\/f0c2b5_e07cb511a9a1450e9c07400f94bcf76emv2-300x300.png",300,300,true],"medium_large":["https:\/\/vitaroma.fi\/wp-content\/uploads\/2025\/04\/f0c2b5_e07cb511a9a1450e9c07400f94bcf76emv2-768x768.png",768,768,true],"large":["https:\/\/vitaroma.fi\/wp-content\/uploads\/2025\/04\/f0c2b5_e07cb511a9a1450e9c07400f94bcf76emv2-1024x1024.png",1024,1024,true],"1536x1536":["https:\/\/vitaroma.fi\/wp-content\/uploads\/2025\/04\/f0c2b5_e07cb511a9a1450e9c07400f94bcf76emv2.png",1080,1080,false],"2048x2048":["https:\/\/vitaroma.fi\/wp-content\/uploads\/2025\/04\/f0c2b5_e07cb511a9a1450e9c07400f94bcf76emv2.png",1080,1080,false],"trp-custom-language-flag":["https:\/\/vitaroma.fi\/wp-content\/uploads\/2025\/04\/f0c2b5_e07cb511a9a1450e9c07400f94bcf76emv2-12x12.png",12,12,true],"woocommerce_thumbnail":["https:\/\/vitaroma.fi\/wp-content\/uploads\/2025\/04\/f0c2b5_e07cb511a9a1450e9c07400f94bcf76emv2-300x300.png",300,300,true],"woocommerce_single":["https:\/\/vitaroma.fi\/wp-content\/uploads\/2025\/04\/f0c2b5_e07cb511a9a1450e9c07400f94bcf76emv2-600x600.png",600,600,true],"woocommerce_gallery_thumbnail":["https:\/\/vitaroma.fi\/wp-content\/uploads\/2025\/04\/f0c2b5_e07cb511a9a1450e9c07400f94bcf76emv2-100x100.png",100,100,true]},"uagb_author_info":{"display_name":"emilkemal4@gmail.com","author_link":"https:\/\/vitaroma.fi\/en\/author\/"},"uagb_comment_info":0,"uagb_excerpt":"Puhdistava ja suojaava naamio, joka taistelee sis\u00e4isi\u00e4 ja ulkoisia stressitekij\u00f6it\u00e4 vastaan. Rauhoittaa, kosteuttaa ja vahvistaa ihoa.","_links":{"self":[{"href":"https:\/\/vitaroma.fi\/en\/wp-json\/wp\/v2\/product\/2253","targetHints":{"allow":["GET"]}}],"collection":[{"href":"https:\/\/vitaroma.fi\/en\/wp-json\/wp\/v2\/product"}],"about":[{"href":"https:\/\/vitaroma.fi\/en\/wp-json\/wp\/v2\/types\/product"}],"replies":[{"embeddable":true,"href":"https:\/\/vitaroma.fi\/en\/wp-json\/wp\/v2\/comments?post=2253"}],"wp:featuredmedia":[{"embeddable":true,"href":"https:\/\/vitaroma.fi\/en\/wp-json\/wp\/v2\/media\/2254"}],"wp:attachment":[{"href":"https:\/\/vitaroma.fi\/en\/wp-json\/wp\/v2\/media?parent=2253"}],"wp:term":[{"taxonomy":"product_brand","embeddable":true,"href":"https:\/\/vitaroma.fi\/en\/wp-json\/wp\/v2\/product_brand?post=2253"},{"taxonomy":"product_cat","embeddable":true,"href":"https:\/\/vitaroma.fi\/en\/wp-json\/wp\/v2\/product_cat?post=2253"},{"taxonomy":"product_tag","embeddable":true,"href":"https:\/\/vitaroma.fi\/en\/wp-json\/wp\/v2\/product_tag?post=2253"}],"curies":[{"name":"wp","href":"https:\/\/api.w.org\/{rel}","templated":true}]}}