{"id":16,"date":"2025-04-24T15:21:43","date_gmt":"2025-04-24T15:21:43","guid":{"rendered":"https:\/\/vitaroma.fi\/about-us\/"},"modified":"2025-08-24T15:31:14","modified_gmt":"2025-08-24T13:31:14","slug":"tietoa-meista","status":"publish","type":"page","link":"https:\/\/vitaroma.fi\/en\/information-about-us\/","title":{"rendered":"About us"},"content":{"rendered":"<div class=\"wp-block-uagb-container uagb-block-4c3875af alignfull uagb-is-root-container\"><div class=\"uagb-container-inner-blocks-wrap\">\n<div class=\"wp-block-uagb-advanced-heading uagb-block-36237826\"><h1 class=\"uagb-heading-text\">About us<\/h1><\/div>\n<\/div><\/div>\n\n\n\n<div class=\"wp-block-uagb-container uagb-block-5cf03063 alignfull uagb-is-root-container\"><div class=\"uagb-container-inner-blocks-wrap\">\n<div class=\"wp-block-uagb-image alignleft uagb-block-6d75d68d wp-block-uagb-image--layout-default wp-block-uagb-image--effect-static wp-block-uagb-image--align-left\"><figure class=\"wp-block-uagb-image__figure\"><img decoding=\"async\" srcset=\"https:\/\/vitaroma.fi\/wp-content\/uploads\/2025\/04\/2023-08-04-64cd1a0a21b92-1024x1024.jpg ,https:\/\/vitaroma.fi\/wp-content\/uploads\/2025\/04\/2023-08-04-64cd1a0a21b92.jpg 780w, https:\/\/vitaroma.fi\/wp-content\/uploads\/2025\/04\/2023-08-04-64cd1a0a21b92.jpg 360w\" sizes=\"auto, (max-width: 480px) 150px\" src=\"https:\/\/vitaroma.fi\/wp-content\/uploads\/2025\/04\/2023-08-04-64cd1a0a21b92-1024x1024.jpg\" alt=\"\" class=\"uag-image-2136\" width=\"575\" height=\"480\" title=\"Spa Series: Young Beautiful Woman Having Various Facial Treatments.\" loading=\"lazy\" role=\"img\"\/><\/figure><\/div>\n\n\n\n<div class=\"wp-block-uagb-container uagb-block-05150e62\">\n<div class=\"wp-block-uagb-advanced-heading uagb-block-a2b3848d\"><h2 class=\"uagb-heading-text\">Beauty Center Vitaroma \u2013 Your beauty in the best hands<\/h2><p class=\"uagb-desc-text\">Hi, I&#039;m P\u0131nar. I&#039;m a trained cosmetologist approved by SKY (Finnish Cosmetology Association) and I have an official healthcare license. I work at the Beauty Center Vitaroma Clinik, where I provide safe and effective skin care services using modern methods.<br>My areas of expertise include medical facials, chemical peels, LED light therapy, RF microneedling, BBL (BroadBand Light) treatments, and anti-aging protocols. I always create personalized treatment programs based on skin type and needs.<br>All the equipment we use is approved in Finland and has international certifications such as FDA and CE. We also have comprehensive liability insurance, which guarantees the safety of our treatments.<br>We only use top quality professional products, such as:<br>BioRePeel, Environ, iS Clinical, Ekseption, OxygenCeuticals.<br>My goal is to provide you with healthy, clear, and well-being skin in a safe and comfortable treatment environment.<\/p><\/div>\n<\/div>\n<\/div><\/div>\n\n\n\n<div class=\"wp-block-uagb-container uagb-block-qd2taihi alignfull uagb-is-root-container\"><div class=\"uagb-container-inner-blocks-wrap\">\n<div class=\"wp-block-uagb-info-box uagb-block-iz8lz3nx uagb-infobox__content-wrap  uagb-infobox-icon-above-title uagb-infobox-image-valign-top\"><div class=\"uagb-ifb-content\"><div class=\"uagb-ifb-title-wrap\"><h2 class=\"uagb-ifb-title\">Our wide range of services<\/h2><\/div><p class=\"uagb-ifb-desc\">We specialize in comprehensive facial and body treatments, relaxing and body-care massage services, and modern medical aesthetics. Our services include:<br><strong>Facial treatments<\/strong> \u2013 such as classic facials, deep cleansing, anti-aging treatments and Hydrafacial<br><strong>Body treatments<\/strong> \u2013 for cellulite and firming<br><strong>Massage<\/strong> \u2013 classic massage, neck and shoulder massage and hot stone massage<br><strong>Aesthetic treatments<\/strong> \u2013 PRP (blood plasma therapy), botulinum treatments (Botox) and fractional cold plasma<br><strong>Laser treatments<\/strong> \u2013 diode laser hair removal and BBL light treatments<br><strong>Eyelashes and eyebrows<\/strong> \u2013 permanent curls, laminations and permanent dyes<br>We use only safe, clinically tested techniques and high-quality skincare products that support the skin&#039;s natural renewal and vitality.<\/p><\/div><\/div>\n\n\n\n<div class=\"wp-block-uagb-info-box uagb-block-8ca01fe0 uagb-infobox__content-wrap  uagb-infobox-icon-above-title uagb-infobox-image-valign-top\"><div class=\"uagb-ifb-content\"><div class=\"uagb-ifb-title-wrap\"><h2 class=\"uagb-ifb-title\">Why choose Beauty Center Vitaroma?<\/h2><\/div><p class=\"uagb-ifb-desc\"><strong>Individuality and customer orientation<\/strong> are the cornerstones of our operations. We believe that every skin has its own story and needs \u2013 that is why each treatment is planned and implemented specifically according to your wishes and the condition of your skin.<br><strong>Security and trust<\/strong> are important to us. All of our aesthetic treatments, such as PRP and botulinum, are performed according to strict medical standards and always in expert hands.<br><strong>Modernity and continuous development<\/strong> guarantee that our range of services always reflects the latest trends and most effective methods in the industry.<br><strong>Peaceful and elegant environment<\/strong> offers the perfect oasis in the midst of busy everyday life, where you can focus only on yourself and your well-being.<\/p><\/div><\/div>\n\n\n\n<div class=\"wp-block-uagb-info-box uagb-block-8d8e42ae uagb-infobox__content-wrap  uagb-infobox-icon-above-title uagb-infobox-image-valign-top\"><div class=\"uagb-ifb-content\"><div class=\"uagb-ifb-title-wrap\"><h2 class=\"uagb-ifb-title\">\ud83c\udfaf Our mission<\/h2><\/div><p class=\"uagb-ifb-desc\">Our mission is to help people <strong>to feel good in their own body<\/strong>, to restore skin health and support overall well-being \u2013 naturally and professionally.<br>We offer concrete, effective and gentle solutions for those who are looking for more than just superficial beauty.<br><em>\u201cBeauty is not a luxury \u2013 it is an extension of well-being.\u201d<\/em><\/p><\/div><\/div>\n\n\n\n<div class=\"wp-block-uagb-info-box uagb-block-7471a508 uagb-infobox__content-wrap  uagb-infobox-icon-above-title uagb-infobox-image-valign-top\"><div class=\"uagb-ifb-content\"><div class=\"uagb-ifb-title-wrap\"><h2 class=\"uagb-ifb-title\">\ud83d\udc41\ufe0f Our vision<\/h2><\/div><p class=\"uagb-ifb-desc\">We want to be <strong>The most trusted name in Vantaa and the Helsinki Metropolitan Area<\/strong>, when it comes to modern, effective and empathetic beauty care. The most important things for us are <strong>customer trust, long-term satisfaction and truly visible results<\/strong>.<\/p><\/div><\/div>\n\n\n\n<div class=\"wp-block-uagb-container uagb-block-ndowxzi7\">\n<div class=\"wp-block-uagb-container uagb-block-46e4d6c1\">\n<div class=\"wp-block-uagb-container uagb-block-b00f05cc\">\n<div class=\"wp-block-uagb-advanced-heading uagb-block-8d0e4a57\"><h3 class=\"uagb-heading-text\">\ud83d\udcbc What makes us different?<\/h3><\/div>\n<\/div>\n\n\n\n<div class=\"wp-block-uagb-container uagb-block-8b34c8e2\">\n<div class=\"wp-block-uagb-advanced-heading uagb-block-8ffab671\"><p class=\"uagb-heading-text\"><strong>Individual approach<\/strong> \u2013 Every skin is unique, and so is our treatment.<br><strong>Medical precision<\/strong> \u2013 We only use researched treatment techniques and certified substances.<br><strong>Quality products<\/strong> \u2013 All our treatments are based on high-quality, skin-friendly products.<br><strong>Modern technology<\/strong> \u2013 PRP treatments, diode laser, cold plasma and much more.<br><strong>Peaceful atmosphere<\/strong> \u2013 Our nursing home offers a moment of respite in the midst of a busy life.<br><strong>Flexibility<\/strong> \u2013 Evening and weekend hours available as needed.<\/p><\/div>\n<\/div>\n<\/div>\n\n\n\n<div class=\"wp-block-uagb-container uagb-block-8bdc29d9\">\n<div class=\"wp-block-uagb-container uagb-block-cc29f326\">\n<div class=\"wp-block-uagb-advanced-heading uagb-block-dbb9b403\"><h3 class=\"uagb-heading-text\">\ud83e\udd1d Who do we exist for?<\/h3><\/div>\n<\/div>\n\n\n\n<div class=\"wp-block-uagb-container uagb-block-f71f450c\">\n<div class=\"wp-block-uagb-advanced-heading uagb-block-007158e9\"><p class=\"uagb-heading-text\">For customers who want to take long-term care of their skin<br>For those who experience skin problems, fatigue or stress<br>For mothers, entrepreneurs, seniors \u2013 everyone who deserves a moment of their own<br>For people looking for a natural alternative to aesthetic treatments<br>For men who value clear results and expert service<\/p><\/div>\n<\/div>\n<\/div>\n<\/div>\n\n\n\n<div class=\"wp-block-uagb-info-box uagb-block-658b7db4 uagb-infobox__content-wrap  uagb-infobox-icon-above-title uagb-infobox-image-valign-top\"><div class=\"uagb-ifb-content\"><div class=\"uagb-ifb-title-wrap\"><h2 class=\"uagb-ifb-title\">Our values<\/h2><\/div><p class=\"uagb-ifb-desc\"><strong>Customer satisfaction:<\/strong> Every customer is important to us, and we always do our best to exceed your expectations.<br><strong>Authenticity and honesty:<\/strong> We operate openly, transparently and with respect for the customer.<br><strong>Naturalness:<\/strong> We strive to emphasize natural beauty \u2013 not exaggerate it.<br><strong>Sustainable development:<\/strong> We choose products and services that support the well-being of both the skin and the environment.<br><strong>Continuous learning:<\/strong> We are constantly developing our expertise so that we can provide the best possible care.<\/p><\/div><\/div>\n<\/div><\/div>\n\n\n\n<figure class=\"wp-block-gallery has-nested-images columns-default is-cropped wp-block-gallery-1 is-layout-flex wp-block-gallery-is-layout-flex\">\n<figure class=\"wp-block-image size-large\"><img loading=\"lazy\" decoding=\"async\" width=\"819\" height=\"1024\" data-id=\"2614\" src=\"https:\/\/vitaroma.fi\/wp-content\/uploads\/2025\/08\/jhj-819x1024.jpg\" alt=\"\" class=\"wp-image-2614\" srcset=\"https:\/\/vitaroma.fi\/wp-content\/uploads\/2025\/08\/jhj-819x1024.jpg 819w, https:\/\/vitaroma.fi\/wp-content\/uploads\/2025\/08\/jhj-240x300.jpg 240w, https:\/\/vitaroma.fi\/wp-content\/uploads\/2025\/08\/jhj-768x960.jpg 768w, https:\/\/vitaroma.fi\/wp-content\/uploads\/2025\/08\/jhj-10x12.jpg 10w, https:\/\/vitaroma.fi\/wp-content\/uploads\/2025\/08\/jhj-600x750.jpg 600w, https:\/\/vitaroma.fi\/wp-content\/uploads\/2025\/08\/jhj.jpg 1080w\" sizes=\"auto, (max-width: 819px) 100vw, 819px\" \/><\/figure>\n\n\n\n<figure class=\"wp-block-image size-large\"><img loading=\"lazy\" decoding=\"async\" width=\"657\" height=\"1024\" data-id=\"2517\" src=\"https:\/\/vitaroma.fi\/wp-content\/uploads\/2025\/05\/WhatsApp-Image-2025-05-06-at-22.33.51-1-657x1024.jpeg\" alt=\"\" class=\"wp-image-2517\" srcset=\"https:\/\/vitaroma.fi\/wp-content\/uploads\/2025\/05\/WhatsApp-Image-2025-05-06-at-22.33.51-1-657x1024.jpeg 657w, https:\/\/vitaroma.fi\/wp-content\/uploads\/2025\/05\/WhatsApp-Image-2025-05-06-at-22.33.51-1-192x300.jpeg 192w, https:\/\/vitaroma.fi\/wp-content\/uploads\/2025\/05\/WhatsApp-Image-2025-05-06-at-22.33.51-1-8x12.jpeg 8w, https:\/\/vitaroma.fi\/wp-content\/uploads\/2025\/05\/WhatsApp-Image-2025-05-06-at-22.33.51-1-600x936.jpeg 600w, https:\/\/vitaroma.fi\/wp-content\/uploads\/2025\/05\/WhatsApp-Image-2025-05-06-at-22.33.51-1.jpeg 751w\" sizes=\"auto, (max-width: 657px) 100vw, 657px\" \/><\/figure>\n\n\n\n<figure class=\"wp-block-image size-large\"><img loading=\"lazy\" decoding=\"async\" width=\"768\" height=\"1024\" data-id=\"2521\" src=\"https:\/\/vitaroma.fi\/wp-content\/uploads\/2025\/05\/WhatsApp-Image-2025-05-06-at-22.33.51-768x1024.jpeg\" alt=\"\" class=\"wp-image-2521\" srcset=\"https:\/\/vitaroma.fi\/wp-content\/uploads\/2025\/05\/WhatsApp-Image-2025-05-06-at-22.33.51-768x1024.jpeg 768w, https:\/\/vitaroma.fi\/wp-content\/uploads\/2025\/05\/WhatsApp-Image-2025-05-06-at-22.33.51-225x300.jpeg 225w, https:\/\/vitaroma.fi\/wp-content\/uploads\/2025\/05\/WhatsApp-Image-2025-05-06-at-22.33.51-1152x1536.jpeg 1152w, https:\/\/vitaroma.fi\/wp-content\/uploads\/2025\/05\/WhatsApp-Image-2025-05-06-at-22.33.51-9x12.jpeg 9w, https:\/\/vitaroma.fi\/wp-content\/uploads\/2025\/05\/WhatsApp-Image-2025-05-06-at-22.33.51-600x800.jpeg 600w, https:\/\/vitaroma.fi\/wp-content\/uploads\/2025\/05\/WhatsApp-Image-2025-05-06-at-22.33.51.jpeg 1200w\" sizes=\"auto, (max-width: 768px) 100vw, 768px\" \/><\/figure>\n\n\n\n<figure class=\"wp-block-image size-large\"><img loading=\"lazy\" decoding=\"async\" width=\"768\" height=\"1024\" data-id=\"2519\" src=\"https:\/\/vitaroma.fi\/wp-content\/uploads\/2025\/05\/WhatsApp-Image-2025-05-06-at-22.33.50-3-768x1024.jpeg\" alt=\"\" class=\"wp-image-2519\" srcset=\"https:\/\/vitaroma.fi\/wp-content\/uploads\/2025\/05\/WhatsApp-Image-2025-05-06-at-22.33.50-3-768x1024.jpeg 768w, https:\/\/vitaroma.fi\/wp-content\/uploads\/2025\/05\/WhatsApp-Image-2025-05-06-at-22.33.50-3-225x300.jpeg 225w, https:\/\/vitaroma.fi\/wp-content\/uploads\/2025\/05\/WhatsApp-Image-2025-05-06-at-22.33.50-3-1152x1536.jpeg 1152w, https:\/\/vitaroma.fi\/wp-content\/uploads\/2025\/05\/WhatsApp-Image-2025-05-06-at-22.33.50-3-9x12.jpeg 9w, https:\/\/vitaroma.fi\/wp-content\/uploads\/2025\/05\/WhatsApp-Image-2025-05-06-at-22.33.50-3-600x800.jpeg 600w, https:\/\/vitaroma.fi\/wp-content\/uploads\/2025\/05\/WhatsApp-Image-2025-05-06-at-22.33.50-3.jpeg 1200w\" sizes=\"auto, (max-width: 768px) 100vw, 768px\" \/><\/figure>\n\n\n\n<figure class=\"wp-block-image size-large\"><img loading=\"lazy\" decoding=\"async\" width=\"711\" height=\"1024\" data-id=\"2518\" src=\"https:\/\/vitaroma.fi\/wp-content\/uploads\/2025\/05\/WhatsApp-Image-2025-05-06-at-22.33.50-2-711x1024.jpeg\" alt=\"\" class=\"wp-image-2518\" srcset=\"https:\/\/vitaroma.fi\/wp-content\/uploads\/2025\/05\/WhatsApp-Image-2025-05-06-at-22.33.50-2-711x1024.jpeg 711w, https:\/\/vitaroma.fi\/wp-content\/uploads\/2025\/05\/WhatsApp-Image-2025-05-06-at-22.33.50-2-208x300.jpeg 208w, https:\/\/vitaroma.fi\/wp-content\/uploads\/2025\/05\/WhatsApp-Image-2025-05-06-at-22.33.50-2-768x1106.jpeg 768w, https:\/\/vitaroma.fi\/wp-content\/uploads\/2025\/05\/WhatsApp-Image-2025-05-06-at-22.33.50-2-1067x1536.jpeg 1067w, https:\/\/vitaroma.fi\/wp-content\/uploads\/2025\/05\/WhatsApp-Image-2025-05-06-at-22.33.50-2-8x12.jpeg 8w, https:\/\/vitaroma.fi\/wp-content\/uploads\/2025\/05\/WhatsApp-Image-2025-05-06-at-22.33.50-2-600x864.jpeg 600w, https:\/\/vitaroma.fi\/wp-content\/uploads\/2025\/05\/WhatsApp-Image-2025-05-06-at-22.33.50-2.jpeg 1111w\" sizes=\"auto, (max-width: 711px) 100vw, 711px\" \/><\/figure>\n\n\n\n<figure class=\"wp-block-image size-large\"><img loading=\"lazy\" decoding=\"async\" width=\"819\" height=\"1024\" data-id=\"2615\" src=\"https:\/\/vitaroma.fi\/wp-content\/uploads\/2025\/08\/vta2-819x1024.jpg\" alt=\"\" class=\"wp-image-2615\" srcset=\"https:\/\/vitaroma.fi\/wp-content\/uploads\/2025\/08\/vta2-819x1024.jpg 819w, https:\/\/vitaroma.fi\/wp-content\/uploads\/2025\/08\/vta2-240x300.jpg 240w, https:\/\/vitaroma.fi\/wp-content\/uploads\/2025\/08\/vta2-768x960.jpg 768w, https:\/\/vitaroma.fi\/wp-content\/uploads\/2025\/08\/vta2-10x12.jpg 10w, https:\/\/vitaroma.fi\/wp-content\/uploads\/2025\/08\/vta2-600x750.jpg 600w, https:\/\/vitaroma.fi\/wp-content\/uploads\/2025\/08\/vta2.jpg 1080w\" sizes=\"auto, (max-width: 819px) 100vw, 819px\" \/><\/figure>\n\n\n\n<figure class=\"wp-block-image size-large\"><img loading=\"lazy\" decoding=\"async\" width=\"819\" height=\"1024\" data-id=\"2616\" src=\"https:\/\/vitaroma.fi\/wp-content\/uploads\/2025\/08\/vita3-819x1024.jpg\" alt=\"\" class=\"wp-image-2616\" srcset=\"https:\/\/vitaroma.fi\/wp-content\/uploads\/2025\/08\/vita3-819x1024.jpg 819w, https:\/\/vitaroma.fi\/wp-content\/uploads\/2025\/08\/vita3-240x300.jpg 240w, https:\/\/vitaroma.fi\/wp-content\/uploads\/2025\/08\/vita3-768x960.jpg 768w, https:\/\/vitaroma.fi\/wp-content\/uploads\/2025\/08\/vita3-10x12.jpg 10w, https:\/\/vitaroma.fi\/wp-content\/uploads\/2025\/08\/vita3-600x750.jpg 600w, https:\/\/vitaroma.fi\/wp-content\/uploads\/2025\/08\/vita3.jpg 1080w\" sizes=\"auto, (max-width: 819px) 100vw, 819px\" \/><\/figure>\n\n\n\n<figure class=\"wp-block-image size-large\"><img loading=\"lazy\" decoding=\"async\" width=\"819\" height=\"1024\" data-id=\"2620\" src=\"https:\/\/vitaroma.fi\/wp-content\/uploads\/2025\/08\/vita4-819x1024.jpg\" alt=\"\" class=\"wp-image-2620\" srcset=\"https:\/\/vitaroma.fi\/wp-content\/uploads\/2025\/08\/vita4-819x1024.jpg 819w, https:\/\/vitaroma.fi\/wp-content\/uploads\/2025\/08\/vita4-240x300.jpg 240w, https:\/\/vitaroma.fi\/wp-content\/uploads\/2025\/08\/vita4-768x960.jpg 768w, https:\/\/vitaroma.fi\/wp-content\/uploads\/2025\/08\/vita4-10x12.jpg 10w, https:\/\/vitaroma.fi\/wp-content\/uploads\/2025\/08\/vita4-600x750.jpg 600w, https:\/\/vitaroma.fi\/wp-content\/uploads\/2025\/08\/vita4.jpg 1080w\" sizes=\"auto, (max-width: 819px) 100vw, 819px\" \/><\/figure>\n\n\n\n<figure class=\"wp-block-image size-large\"><img loading=\"lazy\" decoding=\"async\" width=\"819\" height=\"1024\" data-id=\"2621\" src=\"https:\/\/vitaroma.fi\/wp-content\/uploads\/2025\/08\/vita6-819x1024.jpg\" alt=\"\" class=\"wp-image-2621\" srcset=\"https:\/\/vitaroma.fi\/wp-content\/uploads\/2025\/08\/vita6-819x1024.jpg 819w, https:\/\/vitaroma.fi\/wp-content\/uploads\/2025\/08\/vita6-240x300.jpg 240w, https:\/\/vitaroma.fi\/wp-content\/uploads\/2025\/08\/vita6-768x960.jpg 768w, https:\/\/vitaroma.fi\/wp-content\/uploads\/2025\/08\/vita6-10x12.jpg 10w, https:\/\/vitaroma.fi\/wp-content\/uploads\/2025\/08\/vita6-600x750.jpg 600w, https:\/\/vitaroma.fi\/wp-content\/uploads\/2025\/08\/vita6.jpg 1080w\" sizes=\"auto, (max-width: 819px) 100vw, 819px\" \/><\/figure>\n<\/figure>\n\n\n\n<div class=\"wp-block-uagb-container uagb-block-9caa1a47 alignfull uagb-is-root-container\"><div class=\"uagb-container-inner-blocks-wrap\">\n<div class=\"wp-block-uagb-advanced-heading uagb-block-1ed0e64e\"><div class=\"uagb-heading-text\">Let us help.<\/div><\/div>\n\n\n\n<div class=\"wp-block-uagb-advanced-heading uagb-block-3a57683f\"><h2 class=\"uagb-heading-text\">Contact us<\/h2><\/div>\n\n\n\n<div class=\"wp-block-uagb-buttons uagb-buttons__outer-wrap uagb-btn__default-btn uagb-btn-tablet__default-btn uagb-btn-mobile__default-btn uagb-block-9979be0d\"><div class=\"uagb-buttons__wrap uagb-buttons-layout-wrap\">\n<div class=\"wp-block-uagb-buttons-child uagb-buttons__outer-wrap uagb-block-84fd34e5 wp-block-button\"><div class=\"uagb-button__wrapper\"><a class=\"uagb-buttons-repeater wp-block-button__link\" aria-label=\"\" href=\"https:\/\/timma.fi\/yritys\/kauneuskeskus-vitaroma\" rel=\"follow noopener\" target=\"_self\" role=\"button\"><div class=\"uagb-button__link\">Book an Appointment<\/div><\/a><\/div><\/div>\n<\/div><\/div>\n\n\n\n<div class=\"wp-block-uagb-buttons uagb-buttons__outer-wrap uagb-btn__default-btn uagb-btn-tablet__default-btn uagb-btn-mobile__default-btn uagb-block-f7add131\"><div class=\"uagb-buttons__wrap uagb-buttons-layout-wrap\">\n<div class=\"wp-block-uagb-buttons-child uagb-buttons__outer-wrap uagb-block-0c11dd62 wp-block-button\"><div class=\"uagb-button__wrapper\"><a class=\"uagb-buttons-repeater wp-block-button__link\" aria-label=\"\" href=\"https:\/\/vitaroma.fi\/en\/get-in-touch\/\" rel=\"follow noopener\" target=\"_self\" role=\"button\"><div class=\"uagb-button__link\">Contact us<\/div><\/a><\/div><\/div>\n<\/div><\/div>\n\n\n\n<div class=\"wp-block-uagb-buttons uagb-buttons__outer-wrap uagb-btn__default-btn uagb-btn-tablet__default-btn uagb-btn-mobile__default-btn uagb-block-69da2b3b\"><div class=\"uagb-buttons__wrap uagb-buttons-layout-wrap\">\n<div class=\"wp-block-uagb-buttons-child uagb-buttons__outer-wrap uagb-block-1018754e wp-block-button\"><div class=\"uagb-button__wrapper\"><a class=\"uagb-buttons-repeater wp-block-button__link\" aria-label=\"\" href=\"https:\/\/vitaroma.fi\/en\/information-about-us\/\" rel=\"follow noopener\" target=\"_self\" role=\"button\"><div class=\"uagb-button__link\">About us<\/div><\/a><\/div><\/div>\n<\/div><\/div>\n\n\n\n<div class=\"wp-block-uagb-advanced-heading uagb-block-838a0a13\"><div class=\"uagb-separator\"><\/div><h3 class=\"uagb-heading-text\">Free advice? 050 365 2103<\/h3><\/div>\n\n\n\n<!-- Font Awesome CDN -->\n<link rel=\"stylesheet\" href=\"https:\/\/cdnjs.cloudflare.com\/ajax\/libs\/font-awesome\/6.4.0\/css\/all.min.css\">\n\n<div class=\"social-links\">\n  <a href=\"https:\/\/www.instagram.com\/kauneuskeskusvitaroma_clinic\/\" target=\"_blank\" rel=\"noopener\" class=\"instagram\">\n    <i class=\"fab fa-instagram\"><\/i> Beauty center Vitaroma\n  <\/a>\n  <a href=\"https:\/\/www.facebook.com\/61567042467466\/about\/\" target=\"_blank\" rel=\"noopener\" class=\"facebook\">\n    <i class=\"fab fa-facebook\"><\/i> Beauty center Vitaroma\n  <\/a>\n<\/div>\n\n<style>\n  .social-links {\n    display: flex;\n    justify-content: center;\n    gap: 20px;\n    margin-top: 10px;\n  }\n\n  .social-links a {\n    display: flex;\n    align-items: center;\n    gap: 10px;\n    padding: 12px 20px;\n    font-size: 18px;\n    font-weight: 600;\n    text-decoration: none;\n    color: #fff;\n    background: rgba(0, 0, 0, 0.35);\n    border: 2px solid rgba(255, 255, 255, 0.5);\n    border-radius: 8px;\n    transition: all 0.3s ease;\n    box-shadow: 0 3px 8px rgba(0, 0, 0, 0.2);\n    backdrop-filter: blur(5px);\n  }\n\n  .social-links a i {\n    font-size: 22px;\n  }\n\n  \/* Hover efektleri *\/\n  .social-links a.instagram:hover {\n    background: #E1306C;\n    color: #fff;\n    border-color: #E1306C;\n  }\n\n  .social-links a.facebook:hover {\n    background: #1877F2;\n    color: #fff;\n    border-color: #1877F2;\n  }\n<\/style>\n\n<\/div><\/div>","protected":false},"excerpt":{"rendered":"<p>Tietoa meist\u00e4 Kauneuskeskus Vitaroma \u2013 Kauneutesi parhaissa k\u00e4siss\u00e4 Hei, olen P\u0131nar. Olen SKY:n (Suomen Kosmetologien Yhdistys) hyv\u00e4ksym\u00e4 koulutettu kosmetologi ja minulla on virallinen terveydenhuollon lupa. Ty\u00f6skentelen Kauneuskeskus Vitaroma Clinikill\u00e4, jossa [&hellip;]<\/p>","protected":false},"author":1,"featured_media":0,"parent":0,"menu_order":0,"comment_status":"closed","ping_status":"closed","template":"","meta":{"_surecart_dashboard_logo_width":"180px","_surecart_dashboard_show_logo":true,"_surecart_dashboard_navigation_orders":true,"_surecart_dashboard_navigation_invoices":true,"_surecart_dashboard_navigation_subscriptions":true,"_surecart_dashboard_navigation_downloads":true,"_surecart_dashboard_navigation_billing":true,"_surecart_dashboard_navigation_account":true,"_uag_custom_page_level_css":"","site-sidebar-layout":"no-sidebar","site-content-layout":"plain-container","ast-site-content-layout":"full-width-container","site-content-style":"unboxed","site-sidebar-style":"unboxed","ast-global-header-display":"","ast-banner-title-visibility":"","ast-main-header-display":"","ast-hfb-above-header-display":"","ast-hfb-below-header-display":"","ast-hfb-mobile-header-display":"","site-post-title":"disabled","ast-breadcrumbs-content":"","ast-featured-img":"","footer-sml-layout":"","theme-transparent-header-meta":"","adv-header-id-meta":"","stick-header-meta":"","header-above-stick-meta":"","header-main-stick-meta":"","header-below-stick-meta":"","astra-migrate-meta-layouts":"set","ast-page-background-enabled":"default","ast-page-background-meta":{"desktop":{"background-color":"var(--ast-global-color-4)","background-image":"","background-repeat":"repeat","background-position":"center center","background-size":"auto","background-attachment":"scroll","background-type":"","background-media":"","overlay-type":"","overlay-color":"","overlay-opacity":"","overlay-gradient":""},"tablet":{"background-color":"","background-image":"","background-repeat":"repeat","background-position":"center center","background-size":"auto","background-attachment":"scroll","background-type":"","background-media":"","overlay-type":"","overlay-color":"","overlay-opacity":"","overlay-gradient":""},"mobile":{"background-color":"","background-image":"","background-repeat":"repeat","background-position":"center center","background-size":"auto","background-attachment":"scroll","background-type":"","background-media":"","overlay-type":"","overlay-color":"","overlay-opacity":"","overlay-gradient":""}},"ast-content-background-meta":{"desktop":{"background-color":"var(--ast-global-color-5)","background-image":"","background-repeat":"repeat","background-position":"center center","background-size":"auto","background-attachment":"scroll","background-type":"","background-media":"","overlay-type":"","overlay-color":"","overlay-opacity":"","overlay-gradient":""},"tablet":{"background-color":"var(--ast-global-color-5)","background-image":"","background-repeat":"repeat","background-position":"center center","background-size":"auto","background-attachment":"scroll","background-type":"","background-media":"","overlay-type":"","overlay-color":"","overlay-opacity":"","overlay-gradient":""},"mobile":{"background-color":"var(--ast-global-color-5)","background-image":"","background-repeat":"repeat","background-position":"center center","background-size":"auto","background-attachment":"scroll","background-type":"","background-media":"","overlay-type":"","overlay-color":"","overlay-opacity":"","overlay-gradient":""}},"footnotes":""},"class_list":["post-16","page","type-page","status-publish","hentry"],"uagb_featured_image_src":{"full":false,"thumbnail":false,"medium":false,"medium_large":false,"large":false,"1536x1536":false,"2048x2048":false,"trp-custom-language-flag":false,"woocommerce_thumbnail":false,"woocommerce_single":false,"woocommerce_gallery_thumbnail":false},"uagb_author_info":{"display_name":"emilkemal4@gmail.com","author_link":"https:\/\/vitaroma.fi\/en\/author\/emilkemal4gmail-com\/"},"uagb_comment_info":0,"uagb_excerpt":"Tietoa meist\u00e4 Kauneuskeskus Vitaroma \u2013 Kauneutesi parhaissa k\u00e4siss\u00e4 Hei, olen P\u0131nar. Olen SKY:n (Suomen Kosmetologien Yhdistys) hyv\u00e4ksym\u00e4 koulutettu kosmetologi ja minulla on virallinen terveydenhuollon lupa. Ty\u00f6skentelen Kauneuskeskus Vitaroma Clinikill\u00e4, jossa [&hellip;]","_links":{"self":[{"href":"https:\/\/vitaroma.fi\/en\/wp-json\/wp\/v2\/pages\/16","targetHints":{"allow":["GET"]}}],"collection":[{"href":"https:\/\/vitaroma.fi\/en\/wp-json\/wp\/v2\/pages"}],"about":[{"href":"https:\/\/vitaroma.fi\/en\/wp-json\/wp\/v2\/types\/page"}],"author":[{"embeddable":true,"href":"https:\/\/vitaroma.fi\/en\/wp-json\/wp\/v2\/users\/1"}],"replies":[{"embeddable":true,"href":"https:\/\/vitaroma.fi\/en\/wp-json\/wp\/v2\/comments?post=16"}],"version-history":[{"count":33,"href":"https:\/\/vitaroma.fi\/en\/wp-json\/wp\/v2\/pages\/16\/revisions"}],"predecessor-version":[{"id":2622,"href":"https:\/\/vitaroma.fi\/en\/wp-json\/wp\/v2\/pages\/16\/revisions\/2622"}],"wp:attachment":[{"href":"https:\/\/vitaroma.fi\/en\/wp-json\/wp\/v2\/media?parent=16"}],"curies":[{"name":"wp","href":"https:\/\/api.w.org\/{rel}","templated":true}]}}