{"id":2334,"date":"2025-04-26T01:30:31","date_gmt":"2025-04-26T01:30:31","guid":{"rendered":"https:\/\/vitaroma.fi\/?post_type=product&#038;p=2334"},"modified":"2025-10-12T21:27:37","modified_gmt":"2025-10-12T19:27:37","slug":"no75-kollageeni-gold","status":"publish","type":"product","link":"https:\/\/vitaroma.fi\/de\/produkt\/nr-75-kollagen-gold\/","title":{"rendered":"NO75 Collagen Gold"},"content":{"rendered":"<p class=\"\" data-start=\"480\" data-end=\"766\"><strong data-start=\"480\" data-end=\"675\">NO75 Collagen Gold ist ein hochwertiges finnisches Nahrungserg\u00e4nzungsmittel, das zur Unterst\u00fctzung der Gesundheit von Haaren, N\u00e4geln und Haut sowie zur F\u00f6rderung der Geweberegeneration auf nat\u00fcrliche Weise entwickelt wurde.<\/strong><br data-start=\"675\" data-end=\"678\" \/>Mit zunehmendem Alter nimmt die k\u00f6rpereigene Kollagenproduktion ab, was sich direkt auswirkt auf:<\/p>\n<ul data-start=\"768\" data-end=\"906\">\n<li class=\"\" data-start=\"768\" data-end=\"820\">\n<p class=\"\" data-start=\"770\" data-end=\"820\"><strong data-start=\"770\" data-end=\"818\">Zur Verlangsamung des Haarwachstums und zur Reduzierung von Haarausfall<\/strong><\/p>\n<\/li>\n<li class=\"\" data-start=\"821\" data-end=\"869\">\n<p class=\"\" data-start=\"823\" data-end=\"869\"><strong data-start=\"823\" data-end=\"867\">F\u00fcr br\u00fcchige und geschw\u00e4chte N\u00e4gel<\/strong><\/p>\n<\/li>\n<li class=\"\" data-start=\"870\" data-end=\"906\">\n<p class=\"\" data-start=\"872\" data-end=\"906\"><strong data-start=\"872\" data-end=\"906\">Verminderte Hautelastizit\u00e4t<\/strong><\/p>\n<\/li>\n<\/ul>\n<p class=\"\" data-start=\"908\" data-end=\"967\"><strong data-start=\"908\" data-end=\"965\">NO75 Collagen Gold enth\u00e4lt eine synergistische Kombination aus:<\/strong><\/p>\n<ul data-start=\"968\" data-end=\"1467\">\n<li class=\"\" data-start=\"968\" data-end=\"1044\">\n<p class=\"\" data-start=\"970\" data-end=\"1044\"><strong data-start=\"970\" data-end=\"1000\">Hydrolysiertes Kollagen:<\/strong> Unterst\u00fctzt die Struktur von Haut, Haaren und N\u00e4geln.<\/p>\n<\/li>\n<li class=\"\" data-start=\"1045\" data-end=\"1143\">\n<p class=\"\" data-start=\"1047\" data-end=\"1143\"><strong data-start=\"1047\" data-end=\"1069\">Eisen und Zink:<\/strong> Essentiell f\u00fcr gesunde Zellteilung und Geweberegeneration<\/p>\n<\/li>\n<li class=\"\" data-start=\"1144\" data-end=\"1227\">\n<p class=\"\" data-start=\"1146\" data-end=\"1227\"><strong data-start=\"1146\" data-end=\"1176\">L-Cystein und Biotin:<\/strong> F\u00f6rdert die St\u00e4rke und das Wachstum von Haaren und N\u00e4geln.<\/p>\n<\/li>\n<li class=\"\" data-start=\"1228\" data-end=\"1318\">\n<p class=\"\" data-start=\"1230\" data-end=\"1318\"><strong data-start=\"1230\" data-end=\"1267\">Pantothens\u00e4ure (Vitamin B5):<\/strong> Unterst\u00fctzt den Energiestoffwechsel und die Hautgesundheit<\/p>\n<\/li>\n<li class=\"\" data-start=\"1319\" data-end=\"1384\">\n<p class=\"\" data-start=\"1321\" data-end=\"1384\"><strong data-start=\"1321\" data-end=\"1338\">Vitamin C:<\/strong> F\u00f6rdert die normale Kollagenbildung<\/p>\n<\/li>\n<li class=\"\" data-start=\"1385\" data-end=\"1467\">\n<p class=\"\" data-start=\"1387\" data-end=\"1467\"><strong data-start=\"1387\" data-end=\"1409\">Ackerschachtelhalm-Extrakt:<\/strong> Eine nat\u00fcrliche Siliziumquelle, die Haar und N\u00e4gel st\u00e4rkt<\/p>\n<\/li>\n<\/ul>\n<p class=\"\" data-start=\"1469\" data-end=\"1496\"><strong data-start=\"1469\" data-end=\"1496\">Haupteffekte:<\/strong><\/p>\n<ul data-start=\"1497\" data-end=\"1672\">\n<li class=\"\" data-start=\"1497\" data-end=\"1536\">\n<p class=\"\" data-start=\"1499\" data-end=\"1536\"><strong data-start=\"1499\" data-end=\"1534\">Kr\u00e4ftigeres, gl\u00e4nzenderes Haar<\/strong><\/p>\n<\/li>\n<li class=\"\" data-start=\"1537\" data-end=\"1577\">\n<p class=\"\" data-start=\"1539\" data-end=\"1577\"><strong data-start=\"1539\" data-end=\"1575\">St\u00e4rkere und ges\u00fcndere N\u00e4gel<\/strong><\/p>\n<\/li>\n<li class=\"\" data-start=\"1578\" data-end=\"1623\">\n<p class=\"\" data-start=\"1580\" data-end=\"1623\"><strong data-start=\"1580\" data-end=\"1621\">Verbesserte Hautelastizit\u00e4t und -struktur<\/strong><\/p>\n<\/li>\n<li class=\"\" data-start=\"1624\" data-end=\"1672\">\n<p class=\"\" data-start=\"1626\" data-end=\"1672\"><strong data-start=\"1626\" data-end=\"1672\">Unterst\u00fctzung der Gewebe- und Zellregeneration<\/strong><\/p>\n<\/li>\n<\/ul>\n<p class=\"\" data-start=\"1674\" data-end=\"1708\"><strong data-start=\"1674\" data-end=\"1706\">100% nat\u00fcrliche Inhaltsstoffe:<\/strong><\/p>\n<ul data-start=\"1709\" data-end=\"1808\">\n<li class=\"\" data-start=\"1709\" data-end=\"1775\">\n<p class=\"\" data-start=\"1711\" data-end=\"1775\">Keine k\u00fcnstlichen Zusatzstoffe, F\u00fcllstoffe oder Konservierungsmittel<\/p>\n<\/li>\n<li class=\"\" data-start=\"1776\" data-end=\"1808\">\n<p class=\"\" data-start=\"1778\" data-end=\"1808\">Hergestellt in Finnland<\/p>\n<\/li>\n<\/ul>","protected":false},"excerpt":{"rendered":"<p class=\"\" data-start=\"1864\" data-end=\"2010\"><strong data-start=\"1864\" data-end=\"2010\">Ein nat\u00fcrliches Kollagen- und N\u00e4hrstoffpr\u00e4parat zur Unterst\u00fctzung der Haar-, Nagel- und Hautgesundheit \u2013 st\u00e4rkt die Struktur und f\u00f6rdert die Geweberegeneration.<\/strong><\/p>","protected":false},"featured_media":2335,"comment_status":"open","ping_status":"closed","template":"","meta":{"_surecart_dashboard_logo_width":"180px","_surecart_dashboard_show_logo":true,"_surecart_dashboard_navigation_orders":true,"_surecart_dashboard_navigation_invoices":true,"_surecart_dashboard_navigation_subscriptions":true,"_surecart_dashboard_navigation_downloads":true,"_surecart_dashboard_navigation_billing":true,"_surecart_dashboard_navigation_account":true,"_uag_custom_page_level_css":"","site-sidebar-layout":"default","site-content-layout":"","ast-site-content-layout":"default","site-content-style":"default","site-sidebar-style":"default","ast-global-header-display":"","ast-banner-title-visibility":"","ast-main-header-display":"","ast-hfb-above-header-display":"","ast-hfb-below-header-display":"","ast-hfb-mobile-header-display":"","site-post-title":"","ast-breadcrumbs-content":"","ast-featured-img":"","footer-sml-layout":"","theme-transparent-header-meta":"default","adv-header-id-meta":"","stick-header-meta":"default","header-above-stick-meta":"","header-main-stick-meta":"","header-below-stick-meta":"","astra-migrate-meta-layouts":"set","ast-page-background-enabled":"default","ast-page-background-meta":{"desktop":{"background-color":"var(--ast-global-color-4)","background-image":"","background-repeat":"repeat","background-position":"center center","background-size":"auto","background-attachment":"scroll","background-type":"","background-media":"","overlay-type":"","overlay-color":"","overlay-opacity":"","overlay-gradient":""},"tablet":{"background-color":"","background-image":"","background-repeat":"repeat","background-position":"center center","background-size":"auto","background-attachment":"scroll","background-type":"","background-media":"","overlay-type":"","overlay-color":"","overlay-opacity":"","overlay-gradient":""},"mobile":{"background-color":"","background-image":"","background-repeat":"repeat","background-position":"center center","background-size":"auto","background-attachment":"scroll","background-type":"","background-media":"","overlay-type":"","overlay-color":"","overlay-opacity":"","overlay-gradient":""}},"ast-content-background-meta":{"desktop":{"background-color":"var(--ast-global-color-5)","background-image":"","background-repeat":"repeat","background-position":"center center","background-size":"auto","background-attachment":"scroll","background-type":"","background-media":"","overlay-type":"","overlay-color":"","overlay-opacity":"","overlay-gradient":""},"tablet":{"background-color":"var(--ast-global-color-5)","background-image":"","background-repeat":"repeat","background-position":"center center","background-size":"auto","background-attachment":"scroll","background-type":"","background-media":"","overlay-type":"","overlay-color":"","overlay-opacity":"","overlay-gradient":""},"mobile":{"background-color":"var(--ast-global-color-5)","background-image":"","background-repeat":"repeat","background-position":"center center","background-size":"auto","background-attachment":"scroll","background-type":"","background-media":"","overlay-type":"","overlay-color":"","overlay-opacity":"","overlay-gradient":""}}},"product_brand":[],"product_cat":[462],"product_tag":[465,463,452,439,464,468,469,466,467,460],"class_list":{"0":"post-2334","1":"product","2":"type-product","3":"status-publish","4":"has-post-thumbnail","6":"product_cat-kynnet-ja-iho","7":"product_tag-biotiini-hiuksille","8":"product_tag-hiusten-vahvistaminen","9":"product_tag-hydrolysoitu-kollageeni","10":"product_tag-kollageenilisa","11":"product_tag-kynsien-vahvistaminen","12":"product_tag-luonnollinen-lisaravinne","13":"product_tag-no75-kollageeni-gold","14":"product_tag-rauta-ja-sinkki","15":"product_tag-solujen-uusiutumisen-tuki","16":"product_tag-suomalainen-kollageenituote","17":"desktop-align-left","18":"tablet-align-left","19":"mobile-align-left","21":"first","22":"instock","23":"shipping-taxable","24":"purchasable","25":"product-type-simple"},"uagb_featured_image_src":{"full":["https:\/\/vitaroma.fi\/wp-content\/uploads\/2025\/04\/f0c2b5_6547ed7868fa43ce90d8c0aeffbe3e54mv2.png",1080,1080,false],"thumbnail":["https:\/\/vitaroma.fi\/wp-content\/uploads\/2025\/04\/f0c2b5_6547ed7868fa43ce90d8c0aeffbe3e54mv2-150x150.png",150,150,true],"medium":["https:\/\/vitaroma.fi\/wp-content\/uploads\/2025\/04\/f0c2b5_6547ed7868fa43ce90d8c0aeffbe3e54mv2-300x300.png",300,300,true],"medium_large":["https:\/\/vitaroma.fi\/wp-content\/uploads\/2025\/04\/f0c2b5_6547ed7868fa43ce90d8c0aeffbe3e54mv2-768x768.png",768,768,true],"large":["https:\/\/vitaroma.fi\/wp-content\/uploads\/2025\/04\/f0c2b5_6547ed7868fa43ce90d8c0aeffbe3e54mv2-1024x1024.png",1024,1024,true],"1536x1536":["https:\/\/vitaroma.fi\/wp-content\/uploads\/2025\/04\/f0c2b5_6547ed7868fa43ce90d8c0aeffbe3e54mv2.png",1080,1080,false],"2048x2048":["https:\/\/vitaroma.fi\/wp-content\/uploads\/2025\/04\/f0c2b5_6547ed7868fa43ce90d8c0aeffbe3e54mv2.png",1080,1080,false],"trp-custom-language-flag":["https:\/\/vitaroma.fi\/wp-content\/uploads\/2025\/04\/f0c2b5_6547ed7868fa43ce90d8c0aeffbe3e54mv2-12x12.png",12,12,true],"woocommerce_thumbnail":["https:\/\/vitaroma.fi\/wp-content\/uploads\/2025\/04\/f0c2b5_6547ed7868fa43ce90d8c0aeffbe3e54mv2-300x300.png",300,300,true],"woocommerce_single":["https:\/\/vitaroma.fi\/wp-content\/uploads\/2025\/04\/f0c2b5_6547ed7868fa43ce90d8c0aeffbe3e54mv2-600x600.png",600,600,true],"woocommerce_gallery_thumbnail":["https:\/\/vitaroma.fi\/wp-content\/uploads\/2025\/04\/f0c2b5_6547ed7868fa43ce90d8c0aeffbe3e54mv2-100x100.png",100,100,true]},"uagb_author_info":{"display_name":"emilkemal4@gmail.com","author_link":"https:\/\/vitaroma.fi\/de\/author\/"},"uagb_comment_info":0,"uagb_excerpt":"Luonnollinen kollageeni- ja ravinnelis\u00e4 hiusten, kynsien ja ihon terveyden tukemiseen \u2013 vahvistaa rakennetta ja edist\u00e4\u00e4 kudosten uusiutumista.","_links":{"self":[{"href":"https:\/\/vitaroma.fi\/de\/wp-json\/wp\/v2\/product\/2334","targetHints":{"allow":["GET"]}}],"collection":[{"href":"https:\/\/vitaroma.fi\/de\/wp-json\/wp\/v2\/product"}],"about":[{"href":"https:\/\/vitaroma.fi\/de\/wp-json\/wp\/v2\/types\/product"}],"replies":[{"embeddable":true,"href":"https:\/\/vitaroma.fi\/de\/wp-json\/wp\/v2\/comments?post=2334"}],"wp:featuredmedia":[{"embeddable":true,"href":"https:\/\/vitaroma.fi\/de\/wp-json\/wp\/v2\/media\/2335"}],"wp:attachment":[{"href":"https:\/\/vitaroma.fi\/de\/wp-json\/wp\/v2\/media?parent=2334"}],"wp:term":[{"taxonomy":"product_brand","embeddable":true,"href":"https:\/\/vitaroma.fi\/de\/wp-json\/wp\/v2\/product_brand?post=2334"},{"taxonomy":"product_cat","embeddable":true,"href":"https:\/\/vitaroma.fi\/de\/wp-json\/wp\/v2\/product_cat?post=2334"},{"taxonomy":"product_tag","embeddable":true,"href":"https:\/\/vitaroma.fi\/de\/wp-json\/wp\/v2\/product_tag?post=2334"}],"curies":[{"name":"wp","href":"https:\/\/api.w.org\/{rel}","templated":true}]}}