{"id":2251,"date":"2025-04-25T23:22:00","date_gmt":"2025-04-25T23:22:00","guid":{"rendered":"https:\/\/vitaroma.fi\/?post_type=product&#038;p=2251"},"modified":"2026-02-18T12:27:26","modified_gmt":"2026-02-18T10:27:26","slug":"environ-body-oil","status":"publish","type":"product","link":"https:\/\/vitaroma.fi\/de\/produkt\/umweltfreundliches-korperol\/","title":{"rendered":"Environ K\u00f6rper\u00f6l"},"content":{"rendered":"<p class=\"\" data-start=\"460\" data-end=\"658\"><strong data-start=\"460\" data-end=\"658\">Environ Body EssentiA A, C, E Body Oil ist ein wirksames und pflegendes K\u00f6rper\u00f6l, das speziell zur Behandlung sonnenbedingter Hautsch\u00e4den und zur Befeuchtung von Gesicht und K\u00f6rper entwickelt wurde.<\/strong><\/p>\n<p class=\"\" data-start=\"660\" data-end=\"744\"><strong data-start=\"660\" data-end=\"736\">Dieses luxuri\u00f6se \u00d6l enth\u00e4lt hohe Konzentrationen der Vitamine A, C und E<\/strong>, welche:<\/p>\n<ul data-start=\"746\" data-end=\"906\">\n<li class=\"\" data-start=\"746\" data-end=\"775\">\n<p class=\"\" data-start=\"748\" data-end=\"775\">Unterst\u00fctzt die Hauterneuerung<\/p>\n<\/li>\n<li class=\"\" data-start=\"776\" data-end=\"808\">\n<p class=\"\" data-start=\"778\" data-end=\"808\">Verbessert die Hautelastizit\u00e4t<\/p>\n<\/li>\n<li class=\"\" data-start=\"809\" data-end=\"873\">\n<p class=\"\" data-start=\"811\" data-end=\"873\">Sch\u00fctzt die Haut vor Sch\u00e4den durch freie Radikale<\/p>\n<\/li>\n<li class=\"\" data-start=\"874\" data-end=\"906\">\n<p class=\"\" data-start=\"876\" data-end=\"906\">St\u00e4rkt die Schutzschicht der Haut<\/p>\n<\/li>\n<\/ul>\n<p class=\"\" data-start=\"908\" data-end=\"1030\"><strong data-start=\"908\" data-end=\"928\">Environ K\u00f6rper\u00f6l<\/strong> wird besonders bei sonnengesch\u00e4digter Haut und trockener, feuchtigkeitsarmer Haut empfohlen.<\/p>\n<p class=\"\" data-start=\"1032\" data-end=\"1219\">F\u00fcr optimale Ergebnisse <strong data-start=\"1065\" data-end=\"1135\">Das Produkt kann in Kombination mit Environ Derma-Lac Lotion verwendet werden.<\/strong>, wodurch eine noch effektivere Feuchtigkeitsversorgung und eine Verbesserung der Hautstruktur erreicht wird.<\/p>\n<p class=\"\" data-start=\"1221\" data-end=\"1338\">Das \u00d6l zieht schnell in die Haut ein und hinterl\u00e4sst <strong data-start=\"1261\" data-end=\"1299\">weich, flexibel und strahlend<\/strong> ohne ein schweres oder fettiges Gef\u00fchl.<\/p>","protected":false},"excerpt":{"rendered":"<p class=\"\" data-start=\"1394\" data-end=\"1558\"><strong data-start=\"1394\" data-end=\"1558\">Vitaminreiches K\u00f6rper\u00f6l, das die Haut effektiv mit Feuchtigkeit versorgt und repariert. Ideal f\u00fcr sonnengesch\u00e4digte und trockene Haut. Kann auch im Gesicht verwendet werden.<\/strong><\/p>","protected":false},"featured_media":2252,"comment_status":"open","ping_status":"closed","template":"","meta":{"_surecart_dashboard_logo_width":"180px","_surecart_dashboard_show_logo":true,"_surecart_dashboard_navigation_orders":true,"_surecart_dashboard_navigation_invoices":true,"_surecart_dashboard_navigation_subscriptions":true,"_surecart_dashboard_navigation_downloads":true,"_surecart_dashboard_navigation_billing":true,"_surecart_dashboard_navigation_account":true,"_uag_custom_page_level_css":"","site-sidebar-layout":"default","site-content-layout":"","ast-site-content-layout":"default","site-content-style":"default","site-sidebar-style":"default","ast-global-header-display":"","ast-banner-title-visibility":"","ast-main-header-display":"","ast-hfb-above-header-display":"","ast-hfb-below-header-display":"","ast-hfb-mobile-header-display":"","site-post-title":"","ast-breadcrumbs-content":"","ast-featured-img":"","footer-sml-layout":"","ast-disable-related-posts":"","theme-transparent-header-meta":"default","adv-header-id-meta":"","stick-header-meta":"default","header-above-stick-meta":"","header-main-stick-meta":"","header-below-stick-meta":"","astra-migrate-meta-layouts":"set","ast-page-background-enabled":"default","ast-page-background-meta":{"desktop":{"background-color":"var(--ast-global-color-4)","background-image":"","background-repeat":"repeat","background-position":"center center","background-size":"auto","background-attachment":"scroll","background-type":"","background-media":"","overlay-type":"","overlay-color":"","overlay-opacity":"","overlay-gradient":""},"tablet":{"background-color":"","background-image":"","background-repeat":"repeat","background-position":"center center","background-size":"auto","background-attachment":"scroll","background-type":"","background-media":"","overlay-type":"","overlay-color":"","overlay-opacity":"","overlay-gradient":""},"mobile":{"background-color":"","background-image":"","background-repeat":"repeat","background-position":"center center","background-size":"auto","background-attachment":"scroll","background-type":"","background-media":"","overlay-type":"","overlay-color":"","overlay-opacity":"","overlay-gradient":""}},"ast-content-background-meta":{"desktop":{"background-color":"var(--ast-global-color-5)","background-image":"","background-repeat":"repeat","background-position":"center center","background-size":"auto","background-attachment":"scroll","background-type":"","background-media":"","overlay-type":"","overlay-color":"","overlay-opacity":"","overlay-gradient":""},"tablet":{"background-color":"var(--ast-global-color-5)","background-image":"","background-repeat":"repeat","background-position":"center center","background-size":"auto","background-attachment":"scroll","background-type":"","background-media":"","overlay-type":"","overlay-color":"","overlay-opacity":"","overlay-gradient":""},"mobile":{"background-color":"var(--ast-global-color-5)","background-image":"","background-repeat":"repeat","background-position":"center center","background-size":"auto","background-attachment":"scroll","background-type":"","background-media":"","overlay-type":"","overlay-color":"","overlay-opacity":"","overlay-gradient":""}}},"product_brand":[120],"product_cat":[154],"product_tag":[157,164,160,159,162,158,156,163,161,155],"class_list":{"0":"post-2251","1":"product","2":"type-product","3":"status-publish","4":"has-post-thumbnail","6":"product_brand-ekseption","7":"product_cat-vartalon-hoito-oljyt-ja-kosteutus","8":"product_tag-a-vitamiini-oljy","9":"product_tag-antioksidanttinen-ihooljy","10":"product_tag-auringon-vaurioittama-iho","11":"product_tag-c-vitamiini-oljy","12":"product_tag-derma-lac-lotion-yhteiskaytto","13":"product_tag-e-vitamiini-ihonhoito","14":"product_tag-environ-vartalooljy","15":"product_tag-ihon-elastisuuden-parantaminen","16":"product_tag-kosteuttava-vartalooljy","17":"product_tag-vartalooljy","18":"desktop-align-left","19":"tablet-align-left","20":"mobile-align-left","22":"first","23":"instock","24":"shipping-taxable","25":"purchasable","26":"product-type-simple"},"uagb_featured_image_src":{"full":["https:\/\/vitaroma.fi\/wp-content\/uploads\/2025\/04\/f0c2b5_41939b2c7f3c4715a53fac98b671fa2fmv2.png",1080,1080,false],"thumbnail":["https:\/\/vitaroma.fi\/wp-content\/uploads\/2025\/04\/f0c2b5_41939b2c7f3c4715a53fac98b671fa2fmv2-150x150.png",150,150,true],"medium":["https:\/\/vitaroma.fi\/wp-content\/uploads\/2025\/04\/f0c2b5_41939b2c7f3c4715a53fac98b671fa2fmv2-300x300.png",300,300,true],"medium_large":["https:\/\/vitaroma.fi\/wp-content\/uploads\/2025\/04\/f0c2b5_41939b2c7f3c4715a53fac98b671fa2fmv2-768x768.png",768,768,true],"large":["https:\/\/vitaroma.fi\/wp-content\/uploads\/2025\/04\/f0c2b5_41939b2c7f3c4715a53fac98b671fa2fmv2-1024x1024.png",1024,1024,true],"1536x1536":["https:\/\/vitaroma.fi\/wp-content\/uploads\/2025\/04\/f0c2b5_41939b2c7f3c4715a53fac98b671fa2fmv2.png",1080,1080,false],"2048x2048":["https:\/\/vitaroma.fi\/wp-content\/uploads\/2025\/04\/f0c2b5_41939b2c7f3c4715a53fac98b671fa2fmv2.png",1080,1080,false],"trp-custom-language-flag":["https:\/\/vitaroma.fi\/wp-content\/uploads\/2025\/04\/f0c2b5_41939b2c7f3c4715a53fac98b671fa2fmv2-12x12.png",12,12,true],"woocommerce_thumbnail":["https:\/\/vitaroma.fi\/wp-content\/uploads\/2025\/04\/f0c2b5_41939b2c7f3c4715a53fac98b671fa2fmv2-300x300.png",300,300,true],"woocommerce_single":["https:\/\/vitaroma.fi\/wp-content\/uploads\/2025\/04\/f0c2b5_41939b2c7f3c4715a53fac98b671fa2fmv2-600x600.png",600,600,true],"woocommerce_gallery_thumbnail":["https:\/\/vitaroma.fi\/wp-content\/uploads\/2025\/04\/f0c2b5_41939b2c7f3c4715a53fac98b671fa2fmv2-100x100.png",100,100,true]},"uagb_author_info":{"display_name":"emilkemal4@gmail.com","author_link":"https:\/\/vitaroma.fi\/de\/author\/"},"uagb_comment_info":3,"uagb_excerpt":"Vitamiinirikas vartalo\u00f6ljy, joka kosteuttaa ja korjaa ihoa tehokkaasti. Ihanteellinen auringon vaurioittamalle ja kuivalle iholle. K\u00e4ytett\u00e4viss\u00e4 my\u00f6s kasvoille.","_links":{"self":[{"href":"https:\/\/vitaroma.fi\/de\/wp-json\/wp\/v2\/product\/2251","targetHints":{"allow":["GET"]}}],"collection":[{"href":"https:\/\/vitaroma.fi\/de\/wp-json\/wp\/v2\/product"}],"about":[{"href":"https:\/\/vitaroma.fi\/de\/wp-json\/wp\/v2\/types\/product"}],"replies":[{"embeddable":true,"href":"https:\/\/vitaroma.fi\/de\/wp-json\/wp\/v2\/comments?post=2251"}],"wp:featuredmedia":[{"embeddable":true,"href":"https:\/\/vitaroma.fi\/de\/wp-json\/wp\/v2\/media\/2252"}],"wp:attachment":[{"href":"https:\/\/vitaroma.fi\/de\/wp-json\/wp\/v2\/media?parent=2251"}],"wp:term":[{"taxonomy":"product_brand","embeddable":true,"href":"https:\/\/vitaroma.fi\/de\/wp-json\/wp\/v2\/product_brand?post=2251"},{"taxonomy":"product_cat","embeddable":true,"href":"https:\/\/vitaroma.fi\/de\/wp-json\/wp\/v2\/product_cat?post=2251"},{"taxonomy":"product_tag","embeddable":true,"href":"https:\/\/vitaroma.fi\/de\/wp-json\/wp\/v2\/product_tag?post=2251"}],"curies":[{"name":"wp","href":"https:\/\/api.w.org\/{rel}","templated":true}]}}