{"id":2224,"date":"2025-04-25T22:41:59","date_gmt":"2025-04-25T22:41:59","guid":{"rendered":"https:\/\/vitaroma.fi\/?post_type=product&#038;p=2224"},"modified":"2025-04-25T22:41:59","modified_gmt":"2025-04-25T22:41:59","slug":"ekseption-micellar-water-cleanse-peel","status":"publish","type":"product","link":"https:\/\/vitaroma.fi\/de\/produkt\/ekseption-mizellenwasser-reinigung-peel\/","title":{"rendered":"Exeption Mizellenwasser Reinigung &amp; Peeling"},"content":{"rendered":"<p class=\"\" data-start=\"529\" data-end=\"737\"><strong data-start=\"529\" data-end=\"607\">Ein neues Konzept zur Reinigung und Make-up-Entfernung mit Polyhydroxys\u00e4uren.<\/strong><br data-start=\"607\" data-end=\"610\" \/><strong data-start=\"610\" data-end=\"670\">Mizellenwasser ist ein erfrischendes und sanftes Reinigungsmittel.<\/strong>, das speziell entworfen wurde <strong data-start=\"704\" data-end=\"736\">f\u00fcr fettige und Mischhaut<\/strong>.<\/p>\n<p class=\"\" data-start=\"739\" data-end=\"986\"><strong data-start=\"739\" data-end=\"826\">Dieses Mizellenwasser der neuen Generation kombiniert effektive Reinigung und Mikro-Peeling.<\/strong>, w\u00e4hrend der R\u00fcckkehr <strong data-start=\"847\" data-end=\"891\">das nat\u00fcrliche saure pH-Gleichgewicht der Haut<\/strong>.<br data-start=\"892\" data-end=\"895\" \/>Es ist sanft und geeignet <strong data-start=\"924\" data-end=\"970\">zur Reinigung von Gesicht, Augen und Lippen<\/strong> ohne zu brennen.<\/p>\n<p class=\"\" data-start=\"988\" data-end=\"1172\"><strong data-start=\"988\" data-end=\"1058\">Mildes, aus Zucker gewonnenes, nichtionisches Tensid<\/strong> Gew\u00e4hrleistet ein sauberes Sp\u00fclen ohne Verstopfungen durch R\u00fcckst\u00e4nde.<br data-start=\"1113\" data-end=\"1116\" \/>Gleichzeitig sch\u00fctzt es die Haut und tr\u00e4gt zum Umweltschutz bei.<\/p>\n<p class=\"\" data-start=\"1174\" data-end=\"1484\"><strong data-start=\"1174\" data-end=\"1217\">Traditionelle Reinigungs- und Seifen<\/strong>, die einen hohen alkalischen pH-Wert aufweisen, k\u00f6nnen st\u00f6ren mit <strong data-start=\"1265\" data-end=\"1286\">Enzymaktivit\u00e4t<\/strong> Und <strong data-start=\"1290\" data-end=\"1310\">Hautmikrobiom<\/strong>, was zu Verunreinigungen und \u00dcberempfindlichkeit f\u00fchrt.<br data-start=\"1351\" data-end=\"1354\" \/><strong data-start=\"1354\" data-end=\"1397\">Ausnahme: Mizellenwasser Reinigung &amp; Peeling<\/strong> Hilft bei t\u00e4glicher Anwendung, das nat\u00fcrliche Gleichgewicht und die Gesundheit der Haut zu erhalten.<\/p>","protected":false},"excerpt":{"rendered":"<p class=\"\" data-start=\"1540\" data-end=\"1705\"><strong data-start=\"1540\" data-end=\"1705\">Ein Mizellenwasser der neuen Generation, das reinigt, sanft peelt und den nat\u00fcrlichen pH-Wert der Haut unterst\u00fctzt. Geeignet f\u00fcr fettige und Mischhaut, ohne zu brennen oder R\u00fcckst\u00e4nde zu hinterlassen.<\/strong><\/p>","protected":false},"featured_media":2225,"comment_status":"open","ping_status":"closed","template":"","meta":{"_surecart_dashboard_logo_width":"180px","_surecart_dashboard_show_logo":true,"_surecart_dashboard_navigation_orders":true,"_surecart_dashboard_navigation_invoices":true,"_surecart_dashboard_navigation_subscriptions":true,"_surecart_dashboard_navigation_downloads":true,"_surecart_dashboard_navigation_billing":true,"_surecart_dashboard_navigation_account":true,"_uag_custom_page_level_css":"","site-sidebar-layout":"default","site-content-layout":"","ast-site-content-layout":"default","site-content-style":"default","site-sidebar-style":"default","ast-global-header-display":"","ast-banner-title-visibility":"","ast-main-header-display":"","ast-hfb-above-header-display":"","ast-hfb-below-header-display":"","ast-hfb-mobile-header-display":"","site-post-title":"","ast-breadcrumbs-content":"","ast-featured-img":"","footer-sml-layout":"","theme-transparent-header-meta":"default","adv-header-id-meta":"","stick-header-meta":"default","header-above-stick-meta":"","header-main-stick-meta":"","header-below-stick-meta":"","astra-migrate-meta-layouts":"set","ast-page-background-enabled":"default","ast-page-background-meta":{"desktop":{"background-color":"var(--ast-global-color-4)","background-image":"","background-repeat":"repeat","background-position":"center center","background-size":"auto","background-attachment":"scroll","background-type":"","background-media":"","overlay-type":"","overlay-color":"","overlay-opacity":"","overlay-gradient":""},"tablet":{"background-color":"","background-image":"","background-repeat":"repeat","background-position":"center center","background-size":"auto","background-attachment":"scroll","background-type":"","background-media":"","overlay-type":"","overlay-color":"","overlay-opacity":"","overlay-gradient":""},"mobile":{"background-color":"","background-image":"","background-repeat":"repeat","background-position":"center center","background-size":"auto","background-attachment":"scroll","background-type":"","background-media":"","overlay-type":"","overlay-color":"","overlay-opacity":"","overlay-gradient":""}},"ast-content-background-meta":{"desktop":{"background-color":"var(--ast-global-color-5)","background-image":"","background-repeat":"repeat","background-position":"center center","background-size":"auto","background-attachment":"scroll","background-type":"","background-media":"","overlay-type":"","overlay-color":"","overlay-opacity":"","overlay-gradient":""},"tablet":{"background-color":"var(--ast-global-color-5)","background-image":"","background-repeat":"repeat","background-position":"center center","background-size":"auto","background-attachment":"scroll","background-type":"","background-media":"","overlay-type":"","overlay-color":"","overlay-opacity":"","overlay-gradient":""},"mobile":{"background-color":"var(--ast-global-color-5)","background-image":"","background-repeat":"repeat","background-position":"center center","background-size":"auto","background-attachment":"scroll","background-type":"","background-media":"","overlay-type":"","overlay-color":"","overlay-opacity":"","overlay-gradient":""}}},"product_brand":[120],"product_cat":[100],"product_tag":[140,138,116,135,132,134,133,136,137,139],"class_list":{"0":"post-2224","1":"product","2":"type-product","3":"status-publish","4":"has-post-thumbnail","6":"product_brand-ekseption","7":"product_cat-kasvojen-puhdistus","8":"product_tag-ekseption-micellar-cleanse","9":"product_tag-hellavarainen-meikinpoisto","10":"product_tag-ihon-ph-tasapainottaja","11":"product_tag-kasvojen-puhdistusvesi","12":"product_tag-micellivesi","13":"product_tag-pha-micellar-water","14":"product_tag-polyhydroksihappo-micellar","15":"product_tag-rasvoittuvan-ihon-puhdistusaine","16":"product_tag-sekaihon-puhdistus","17":"product_tag-sokerista-johdettu-puhdistusaine","18":"desktop-align-left","19":"tablet-align-left","20":"mobile-align-left","22":"first","23":"instock","24":"shipping-taxable","25":"purchasable","26":"product-type-simple"},"uagb_featured_image_src":{"full":["https:\/\/vitaroma.fi\/wp-content\/uploads\/2025\/04\/f0c2b5_0db4c3045c0e49b791c3893ebf8ffdefmv2.png",1080,1080,false],"thumbnail":["https:\/\/vitaroma.fi\/wp-content\/uploads\/2025\/04\/f0c2b5_0db4c3045c0e49b791c3893ebf8ffdefmv2-150x150.png",150,150,true],"medium":["https:\/\/vitaroma.fi\/wp-content\/uploads\/2025\/04\/f0c2b5_0db4c3045c0e49b791c3893ebf8ffdefmv2-300x300.png",300,300,true],"medium_large":["https:\/\/vitaroma.fi\/wp-content\/uploads\/2025\/04\/f0c2b5_0db4c3045c0e49b791c3893ebf8ffdefmv2-768x768.png",768,768,true],"large":["https:\/\/vitaroma.fi\/wp-content\/uploads\/2025\/04\/f0c2b5_0db4c3045c0e49b791c3893ebf8ffdefmv2-1024x1024.png",1024,1024,true],"1536x1536":["https:\/\/vitaroma.fi\/wp-content\/uploads\/2025\/04\/f0c2b5_0db4c3045c0e49b791c3893ebf8ffdefmv2.png",1080,1080,false],"2048x2048":["https:\/\/vitaroma.fi\/wp-content\/uploads\/2025\/04\/f0c2b5_0db4c3045c0e49b791c3893ebf8ffdefmv2.png",1080,1080,false],"trp-custom-language-flag":["https:\/\/vitaroma.fi\/wp-content\/uploads\/2025\/04\/f0c2b5_0db4c3045c0e49b791c3893ebf8ffdefmv2-12x12.png",12,12,true],"woocommerce_thumbnail":["https:\/\/vitaroma.fi\/wp-content\/uploads\/2025\/04\/f0c2b5_0db4c3045c0e49b791c3893ebf8ffdefmv2-300x300.png",300,300,true],"woocommerce_single":["https:\/\/vitaroma.fi\/wp-content\/uploads\/2025\/04\/f0c2b5_0db4c3045c0e49b791c3893ebf8ffdefmv2-600x600.png",600,600,true],"woocommerce_gallery_thumbnail":["https:\/\/vitaroma.fi\/wp-content\/uploads\/2025\/04\/f0c2b5_0db4c3045c0e49b791c3893ebf8ffdefmv2-100x100.png",100,100,true]},"uagb_author_info":{"display_name":"emilkemal4@gmail.com","author_link":"https:\/\/vitaroma.fi\/de\/author\/"},"uagb_comment_info":0,"uagb_excerpt":"Uuden sukupolven micellivesi, joka puhdistaa, mikrokuorii ja tukee ihon luonnollista pH-tasapainoa. Sopii rasvoittuvalle ja sekaiholle ilman kirvely\u00e4 tai j\u00e4\u00e4mi\u00e4.","_links":{"self":[{"href":"https:\/\/vitaroma.fi\/de\/wp-json\/wp\/v2\/product\/2224","targetHints":{"allow":["GET"]}}],"collection":[{"href":"https:\/\/vitaroma.fi\/de\/wp-json\/wp\/v2\/product"}],"about":[{"href":"https:\/\/vitaroma.fi\/de\/wp-json\/wp\/v2\/types\/product"}],"replies":[{"embeddable":true,"href":"https:\/\/vitaroma.fi\/de\/wp-json\/wp\/v2\/comments?post=2224"}],"wp:featuredmedia":[{"embeddable":true,"href":"https:\/\/vitaroma.fi\/de\/wp-json\/wp\/v2\/media\/2225"}],"wp:attachment":[{"href":"https:\/\/vitaroma.fi\/de\/wp-json\/wp\/v2\/media?parent=2224"}],"wp:term":[{"taxonomy":"product_brand","embeddable":true,"href":"https:\/\/vitaroma.fi\/de\/wp-json\/wp\/v2\/product_brand?post=2224"},{"taxonomy":"product_cat","embeddable":true,"href":"https:\/\/vitaroma.fi\/de\/wp-json\/wp\/v2\/product_cat?post=2224"},{"taxonomy":"product_tag","embeddable":true,"href":"https:\/\/vitaroma.fi\/de\/wp-json\/wp\/v2\/product_tag?post=2224"}],"curies":[{"name":"wp","href":"https:\/\/api.w.org\/{rel}","templated":true}]}}