{"id":2577,"date":"2025-07-22T11:01:50","date_gmt":"2025-07-22T09:01:50","guid":{"rendered":"https:\/\/vitaroma.fi\/?page_id=2577"},"modified":"2025-08-28T14:11:34","modified_gmt":"2025-08-28T12:11:34","slug":"eksosomihoidot","status":"publish","type":"page","link":"https:\/\/vitaroma.fi\/de\/eksosomihoidot\/","title":{"rendered":"Exosomentherapien"},"content":{"rendered":"<div class=\"wp-block-uagb-container uagb-block-5451af51 alignfull uagb-is-root-container\"><div class=\"uagb-container-inner-blocks-wrap\">\n<div class=\"wp-block-uagb-advanced-heading uagb-block-f45ed1f8\"><h1 class=\"uagb-heading-text\">Exosomentherapien<\/h1><\/div>\n<\/div><\/div>\n\n\n\n<div class=\"wp-block-uagb-container uagb-block-wlmazrwo alignfull uagb-is-root-container\"><div class=\"uagb-container-inner-blocks-wrap\">\n<div class=\"wp-block-uagb-container uagb-block-0btjzulc alignfull uagb-is-root-container\"><div class=\"uagb-container-inner-blocks-wrap\">\n<div class=\"wp-block-uagb-image alignleft uagb-block-6xnwaqpe wp-block-uagb-image--layout-default wp-block-uagb-image--effect-static wp-block-uagb-image--align-left\"><figure class=\"wp-block-uagb-image__figure\"><img decoding=\"async\" srcset=\"https:\/\/vitaroma.fi\/wp-content\/uploads\/2025\/07\/RF-Microneedling-Exosome-Therapy-for-Skin-Rejuvenation-Hair-Loss-Treatment-London-6-1024x683.webp ,https:\/\/vitaroma.fi\/wp-content\/uploads\/2025\/07\/RF-Microneedling-Exosome-Therapy-for-Skin-Rejuvenation-Hair-Loss-Treatment-London-6.webp 780w, https:\/\/vitaroma.fi\/wp-content\/uploads\/2025\/07\/RF-Microneedling-Exosome-Therapy-for-Skin-Rejuvenation-Hair-Loss-Treatment-London-6.webp 360w\" sizes=\"auto, (max-width: 480px) 150px\" src=\"https:\/\/vitaroma.fi\/wp-content\/uploads\/2025\/07\/RF-Microneedling-Exosome-Therapy-for-Skin-Rejuvenation-Hair-Loss-Treatment-London-6-1024x683.webp\" alt=\"\" class=\"uag-image-2588\" width=\"564\" height=\"400\" title=\"RF-Microneedling-Exosomentherapie-zur-Hautverj\u00fcngung-Haarausfallbehandlung-London-6\" loading=\"lazy\" role=\"img\"\/><\/figure><\/div>\n\n\n\n<div class=\"wp-block-uagb-container uagb-block-xrkfcv1q\">\n<div class=\"wp-block-uagb-info-box uagb-block-amettuy1 uagb-infobox__content-wrap  uagb-infobox-icon-above-title uagb-infobox-image-valign-top\"><div class=\"uagb-ifb-content\"><div class=\"uagb-ifb-title-wrap\"><h3 class=\"uagb-ifb-title\"><strong><strong>Exosomenbehandlungen \u2013 Zellerneuerung und optimale Hautrevitalisierung<\/strong><\/strong><\/h3><\/div><p class=\"uagb-ifb-desc\">Die Exosomentherapie ist eine hochtechnologische, medizinisch basierte Hautpflegemethode. Sie nutzt Exosomen \u2013 kleine, aber leistungsstarke Zellbotenstoffe, die Wachstumsfaktoren, Peptide und Proteine enthalten \u2013 zur Unterst\u00fctzung der Zell-zu-Zell-Kommunikation. Sie aktivieren die hauteigenen Reparaturprozesse und erneuern die Haut tiefenwirksam \u2013 ohne Operation oder lange Erholungszeiten.<br>Die Behandlung eignet sich f\u00fcr die meisten Hauttypen und bietet L\u00f6sungen f\u00fcr Anzeichen der Hautalterung, Pigmentver\u00e4nderungen, Akne, Narben sowie fahle und leblose Haut. Exosomen tragen dazu bei, dass die Haut wie junge, gesunde Haut funktioniert.<\/p><\/div><\/div>\n<\/div>\n<\/div><\/div>\n<\/div><\/div>\n\n\n\n<div class=\"wp-block-uagb-container uagb-block-onenjlwh alignfull uagb-is-root-container\"><div class=\"uagb-container-inner-blocks-wrap\">\n<div class=\"wp-block-uagb-info-box uagb-block-kdw4sbfe uagb-infobox__content-wrap  uagb-infobox-icon-above-title uagb-infobox-image-valign-top\"><div class=\"uagb-ifb-content\"><div class=\"uagb-ifb-title-wrap\"><h2 class=\"uagb-ifb-title\"><strong><strong>Behandlungsdauer und Erhaltung<\/strong><\/strong><\/h2><\/div><p class=\"uagb-ifb-desc\">F\u00fcr optimale Ergebnisse empfiehlt sich eine Serie von 3\u20135 Behandlungen im Abstand von jeweils ca. 2\u20134 Wochen. Anschlie\u00dfend k\u00f6nnen die Behandlungsergebnisse durch individuelle Behandlungen, abgestimmt auf die Bed\u00fcrfnisse der Haut, erhalten werden, beispielsweise 2\u20133 Mal pro Jahr.<br><br><strong>Auswirkungen der Exosomentherapie:<\/strong><br>Aktiviert die Zellerneuerung und Hautreparatur<br>F\u00f6rdert die Kollagen- und Elastinproduktion<br>Gleicht Hautton und Hautstruktur aus.<br>Reduziert Falten und feine Linien<br>Lindert Entz\u00fcndungen und R\u00f6tungen<br>Beschleunigt die Heilung von Narben und anderen Verletzungen<br><br><strong>Die Macht basiert auf Wissenschaft:<\/strong><br>Exosomen fungieren als \u201dintelligente Botenstoffe\u201d, die regenerative Signale an die Hautzellen \u00fcbermitteln. Sie stimulieren Fibroblasten und f\u00f6rdern den hauteigenen Heilungsprozess, was sich bereits nach wenigen Behandlungen in einer glatteren, strafferen und strahlenderen Haut zeigt.<\/p><\/div><\/div>\n\n\n\n<div class=\"wp-block-uagb-info-box uagb-block-6e57ece0 uagb-infobox__content-wrap  uagb-infobox-icon-above-title uagb-infobox-image-valign-top\"><div class=\"uagb-ifb-content\"><div class=\"uagb-ifb-title-wrap\"><h2 class=\"uagb-ifb-title\"><strong><strong>F\u00fcr wen ist die Exosomentherapie geeignet?<br><\/strong><\/strong><\/h2><\/div><p class=\"uagb-ifb-desc\"><strong>Anzeichen des Alterns<\/strong>: feine Linien, Elastizit\u00e4tsverlust, Mattheit<br><strong>Pigmentver\u00e4nderungen und ungleichm\u00e4\u00dfiger Hautton<\/strong><br><strong>Zu Akne neigende oder leicht reizbare Haut<\/strong>, Linderung von R\u00f6tungen<br><strong>Narben<\/strong>insbesondere Narben nach Akne (Aufhellung von Farbe und Textur)<br><strong>Vergr\u00f6\u00dferte Poren<\/strong> und unebene Oberfl\u00e4chenstruktur<br><strong>Leblose, m\u00fcde Haut<\/strong>, Wer braucht Strahlkraft und Erholung?<br><strong>Lasst uns zuerst auswerten<\/strong>: aktive Hautentz\u00fcndung\/-infektion, k\u00fcrzlich erfolgte Br\u00e4unung, intensive Retinoid- oder S\u00e4urebehandlungen, Schwangerschaft\/Stillzeit (fallbezogene Beurteilung).<\/p><\/div><\/div>\n\n\n\n<div class=\"wp-block-uagb-info-box uagb-block-29b83eb8 uagb-infobox__content-wrap  uagb-infobox-icon-above-title uagb-infobox-image-valign-top\"><div class=\"uagb-ifb-content\"><div class=\"uagb-ifb-title-wrap\"><h2 class=\"uagb-ifb-title\"><strong><strong>Wie die Behandlung funktioniert \u2013 Schritt f\u00fcr Schritt (klinisches Protokoll)<br><\/strong><\/strong><\/h2><\/div><p class=\"uagb-ifb-desc\"><strong>Beratung &amp; Hautanalyse<\/strong><br>Ziele, Hauttyp und m\u00f6gliche Kontraindikationen werden besprochen. Wir bereiten vor <strong>individueller Plan<\/strong> (Kombinationen, Serien, h\u00e4usliche Pflege).<br><strong>Vorbereitung<\/strong><br><strong>Doppelte Reinigung<\/strong> und falls erforderlich <strong>sehr leichtes Sch\u00e4len<\/strong> (Enzyme\/sanfte AHA) verbessern die Aufnahme der Wirkstoffe.<br><strong>Aktivierung der Hautpermeabilit\u00e4t (optional)<\/strong><br>Um die Ergebnisse zu verbessern, kann je nach Bedarf und Empfindlichkeit der Haut eines der folgenden Produkte verwendet werden:<br><strong>Hydrafacial \/ Aqua-Reinigung<\/strong> (Tiefenreinigung + Infusion),<br><strong>Mikroneedling (Dermapen 4)<\/strong> in geringen Tiefen \u2013 Mikrokan\u00e4le <strong>f\u00f6rdern die Exosomen-Serumabsorption<\/strong>,<br><strong>LED-Licht<\/strong> (rot\/NIR) zur Unterst\u00fctzung von Beruhigungs- und Korrektursignalen.<br><strong>Exosomen-Serum-Infusion<\/strong><br>Verbreitung <strong>EV\/Exosomen-basiertes Serum<\/strong> auf den Behandlungsbereich auftragen und gem\u00e4\u00df Protokoll massieren\/einbringen (ohne Nadel oder mit oberfl\u00e4chlichem Mikroneedling, falls ausgew\u00e4hlt).<br><strong>Verschluss und Schutz<\/strong><br><strong>Feuchtigkeitsspendende\/beruhigende Maske<\/strong> Sperren aktiv. Tageszeit hinzugef\u00fcgt. <strong>Lichtschutzfaktor<\/strong>. Du wirst erhalten <strong>individuelle Pflegeanweisungen f\u00fcr zu Hause<\/strong>.<br><strong>Dauer<\/strong>: normalerweise <strong>45\u201375 Minuten<\/strong> Je nach Kombination. Kehren Sie sofort zum Alltag zur\u00fcck.<\/p><\/div><\/div>\n\n\n\n<div class=\"wp-block-uagb-image uagb-block-2f209433 wp-block-uagb-image--layout-default wp-block-uagb-image--effect-static wp-block-uagb-image--align-none\"><figure class=\"wp-block-uagb-image__figure\"><img decoding=\"async\" srcset=\"https:\/\/vitaroma.fi\/wp-content\/uploads\/2025\/08\/24-188_25.png ,https:\/\/vitaroma.fi\/wp-content\/uploads\/2025\/08\/24-188_25.png 780w, https:\/\/vitaroma.fi\/wp-content\/uploads\/2025\/08\/24-188_25.png 360w\" sizes=\"auto, (max-width: 480px) 150px\" src=\"https:\/\/vitaroma.fi\/wp-content\/uploads\/2025\/08\/24-188_25.png\" alt=\"\" class=\"uag-image-2694\" width=\"700\" height=\"480\" title=\"24-188_25\" loading=\"lazy\" role=\"img\"\/><\/figure><\/div>\n\n\n\n<div class=\"wp-block-uagb-info-box uagb-block-8c787193 uagb-infobox__content-wrap  uagb-infobox-icon-above-title uagb-infobox-image-valign-top\"><div class=\"uagb-ifb-content\"><div class=\"uagb-ifb-title-wrap\"><h2 class=\"uagb-ifb-title\"><strong><strong>Was in der Haut passiert \u2013 Wirkungsmechanismen (in K\u00fcrze)<br><\/strong><\/strong><\/h2><\/div><p class=\"uagb-ifb-desc\"><strong>Barrierenverst\u00e4rkung:<\/strong> Lipid- und Peptidsignale unterst\u00fctzen die Schutzschicht \u2192 weniger Straffung\/Sensibilisierung<br><strong>Entz\u00fcndungskontrolle:<\/strong> R\u00f6tung und Reizbarkeit lassen mit der Zeit nach.<br><strong>Wiederaufbau:<\/strong> Unterst\u00fctzung der Fibroblastenfunktion \u2192 <strong>Kollagen\/Elastin<\/strong> nat\u00fcrliche Synthese<br><strong>Qualit\u00e4tsverbesserung:<\/strong> gleichm\u00e4\u00dfigerer Teint, weichere Oberfl\u00e4che, \u201cgesunder Glanz\u201d<br><br><\/p><\/div><\/div>\n\n\n\n<div class=\"wp-block-uagb-info-box uagb-block-628c03eb uagb-infobox__content-wrap  uagb-infobox-icon-above-title uagb-infobox-image-valign-top\"><div class=\"uagb-ifb-content\"><div class=\"uagb-ifb-title-wrap\"><h2 class=\"uagb-ifb-title\"><strong><strong>Ergebnisse und Zeitplan<br><\/strong><\/strong><\/h2><\/div><p class=\"uagb-ifb-desc\"><strong>Sofort:<\/strong> Besseres Feuchtigkeitsgef\u00fchl, beruhigte und strahlende Haut<br><strong>2\u20136 Wochen:<\/strong> gleichm\u00e4\u00dfiger Ton, weichere Oberfl\u00e4chenstruktur, helleres Erscheinungsbild<br><strong>6\u201312+ Wochen:<\/strong> Feine Verbesserung der Elastizit\u00e4t und Linienf\u00fchrung, Milderung von Narben\/Unebenheiten (individuell)<br><\/p><\/div><\/div>\n\n\n\n<div class=\"wp-block-uagb-info-box uagb-block-c2d3ff70 uagb-infobox__content-wrap  uagb-infobox-icon-above-title uagb-infobox-image-valign-top\"><div class=\"uagb-ifb-content\"><div class=\"uagb-ifb-title-wrap\"><h2 class=\"uagb-ifb-title\"><strong><strong>Behandlungsdauer und Erhaltung<br><\/strong><\/strong><\/h2><\/div><p class=\"uagb-ifb-desc\">F\u00fcr optimale Ergebnisse wird Folgendes empfohlen: <strong>3\u20135 Behandlungen<\/strong> <strong>Alle 2\u20134 Wochen<\/strong>. Wartung <strong>2-3 Mal pro Jahr<\/strong> oder entsprechend den saisonalen Ver\u00e4nderungen der Haut. Die Kombination (zum richtigen Zeitpunkt) verbessert die Reaktionen:<br><strong>Dermapen 4<\/strong>Mikrokan\u00e4le verbessern die exosomale Absorption<br><strong>Hydrafacial<\/strong>Die Haut muss vor der Infusion gereinigt und aufnahmef\u00e4hig sein.<br><strong>LED-Licht<\/strong>Beruhigt und unterst\u00fctzt die Geweberegeneration<br><strong>BBL-Laser\/Kaltplasma<\/strong>selektiv, immer nach einem individuellen Plan<br><br><\/p><\/div><\/div>\n\n\n\n<div class=\"wp-block-uagb-info-box uagb-block-4f59d7fa uagb-infobox__content-wrap  uagb-infobox-icon-above-title uagb-infobox-image-valign-top\"><div class=\"uagb-ifb-content\"><div class=\"uagb-ifb-title-wrap\"><h2 class=\"uagb-ifb-title\"><strong><strong>Vor der Behandlung \u2013 Vorbereitung<br><\/strong><\/strong><\/h2><\/div><p class=\"uagb-ifb-desc\">Pause <strong>Retinoide, AHA\/BHA-Peelings<\/strong> <strong>3\u20135 Tage<\/strong> vor<br>NEIN <strong>Selbstbr\u00e4uner\/Solarium<\/strong> 1\u20132 Wochen<br>Ankommen <strong>saubere Haut<\/strong> Bevorzugung; Rasur am Vorabend<br>Bericht <strong>Medikamente, Allergien und fr\u00fchere Reaktionen<\/strong><br><\/p><\/div><\/div>\n\n\n\n<div class=\"wp-block-uagb-image uagb-block-da7092ce wp-block-uagb-image--layout-default wp-block-uagb-image--effect-static wp-block-uagb-image--align-none\"><figure class=\"wp-block-uagb-image__figure\"><img decoding=\"async\" srcset=\"https:\/\/vitaroma.fi\/wp-content\/uploads\/2025\/08\/670e592d244fae7c3bdeb15c_Kep34-1024x773.jpg ,https:\/\/vitaroma.fi\/wp-content\/uploads\/2025\/08\/670e592d244fae7c3bdeb15c_Kep34.jpg 780w, https:\/\/vitaroma.fi\/wp-content\/uploads\/2025\/08\/670e592d244fae7c3bdeb15c_Kep34.jpg 360w\" sizes=\"auto, (max-width: 480px) 150px\" src=\"https:\/\/vitaroma.fi\/wp-content\/uploads\/2025\/08\/670e592d244fae7c3bdeb15c_Kep34-1024x773.jpg\" alt=\"\" class=\"uag-image-2693\" width=\"1920\" height=\"1450\" title=\"670e592d244fae7c3bdeb15c_K\u00e9p34\" loading=\"lazy\" role=\"img\"\/><\/figure><\/div>\n\n\n\n<div class=\"wp-block-uagb-info-box uagb-block-fcde575d uagb-infobox__content-wrap  uagb-infobox-icon-above-title uagb-infobox-image-valign-top\"><div class=\"uagb-ifb-content\"><div class=\"uagb-ifb-title-wrap\"><h2 class=\"uagb-ifb-title\"><strong><strong>Nach der Behandlung \u2013 Nachsorge<br><\/strong><\/strong><\/h2><\/div><p class=\"uagb-ifb-desc\"><strong>Lichtschutzfaktor 30\u201350<\/strong> t\u00e4glich; direkte Sonneneinstrahlung vermeiden <strong>1\u20132 Wochen<\/strong><br><strong>Keine starken Peelings\/Retinoide<\/strong> 3\u20135 Tage<br>Sanfte Reinigung + <strong>feuchtigkeitsspendend, hautbarriere-unterst\u00fctzend<\/strong> Heimpflege (Hyalurons\u00e4ure, Panthenol, Ceramide)<br>Leichte R\u00f6tungen sind f\u00fcr 0\u201324 Stunden m\u00f6glich; Make-up erst auftragen, wenn sich die Haut angenehm anf\u00fchlt.<\/p><\/div><\/div>\n\n\n\n<div class=\"wp-block-uagb-info-box uagb-block-dd49f3e7 uagb-infobox__content-wrap  uagb-infobox-icon-above-title uagb-infobox-image-valign-top\"><div class=\"uagb-ifb-content\"><div class=\"uagb-ifb-title-wrap\"><h2 class=\"uagb-ifb-title\"><strong><strong>H\u00e4ufig gestellte Fragen (FAQ)<br><\/strong><\/strong><\/h2><\/div><p class=\"uagb-ifb-desc\"><strong>Ist die Exosomen-Therapie sicher?<\/strong><br>F\u00fcr kosmetische Zwecke entwickelt, <strong>zellfreie EV\/Exosomen-Formulierungen<\/strong> Sie sind steril und qualit\u00e4tsgepr\u00fcft. Wir bewerten sie stets. <strong>individuelle Kontraindikationen<\/strong>.<br><strong>Ist die Behandlung nadelfrei?<\/strong><br>Ja \u2013 Exosomen k\u00f6nnen sein <strong>Infusion ohne Nadel<\/strong>. Falls gew\u00fcnscht <strong>Mikroneedling<\/strong> k\u00f6nnen in geringen Tiefen kombiniert werden, um die Absorption zu verbessern.<br><strong>Wann werde ich die Ergebnisse sehen?<\/strong><br>Oft <strong>nach der ersten Behandlung<\/strong> Glanz und Gl\u00e4ttung sind sichtbar; weitere strukturelle Ver\u00e4nderungen entwickeln sich <strong>innerhalb weniger Wochen<\/strong> in serieller Behandlung.<br><strong>Kann die Behandlung mit anderen Leistungen kombiniert werden?<\/strong><br>Ja, wir planen. <strong>ein sicherer Zeitplan<\/strong> (z. B. Dermapen 4, Hydrafacial, LED, BBL, Kaltplasma).<br><strong>Ist es f\u00fcr empfindliche Haut geeignet?<\/strong><br>Oft ja, weil wir planen <strong>Barriere-unterst\u00fctzendes Protokoll<\/strong>. Nach Abklingen der Hautausschl\u00e4ge\/Behandlungen mit dem Medizinprodukt wird der Zeitpunkt vereinbart.<\/p><\/div><\/div>\n\n\n\n<div class=\"wp-block-uagb-info-box uagb-block-98135f7a uagb-infobox__content-wrap  uagb-infobox-icon-above-title uagb-infobox-image-valign-top\"><div class=\"uagb-ifb-content\"><div class=\"uagb-ifb-title-wrap\"><h2 class=\"uagb-ifb-title\"><strong><strong>Warum Vitaroma w\u00e4hlen?<br><\/strong><\/strong><\/h2><\/div><p class=\"uagb-ifb-desc\"><strong>Kundenspezifische Protokolle<\/strong>Hautanalyse, die richtigen Kombinationen und realistische Ziele<br><strong>Nicht-invasiver Weg<\/strong> in Richtung <strong>Ausgeglichener, dynamischer und widerstandsf\u00e4higer<\/strong> Haut<br><strong>Klare Pflegeanweisungen f\u00fcr zu Hause<\/strong> und \u00dcberwachung \u2013 um die Ergebnisse zu sichern<br><strong>Vereinbaren Sie einen Termin f\u00fcr eine Exosomen-Therapie \u2192<\/strong><br><br><\/p><\/div><\/div>\n<\/div><\/div>\n\n\n\n<div class=\"wp-block-uagb-container uagb-block-9caa1a47 alignfull uagb-is-root-container\"><div class=\"uagb-container-inner-blocks-wrap\">\n<div class=\"wp-block-uagb-advanced-heading uagb-block-1ed0e64e\"><div class=\"uagb-heading-text\">Lassen Sie sich von uns helfen.<\/div><\/div>\n\n\n\n<div class=\"wp-block-uagb-advanced-heading uagb-block-3a57683f\"><h2 class=\"uagb-heading-text\">Kontaktieren Sie uns<\/h2><\/div>\n\n\n\n<div class=\"wp-block-uagb-buttons uagb-buttons__outer-wrap uagb-btn__default-btn uagb-btn-tablet__default-btn uagb-btn-mobile__default-btn uagb-block-9979be0d\"><div class=\"uagb-buttons__wrap uagb-buttons-layout-wrap\">\n<div class=\"wp-block-uagb-buttons-child uagb-buttons__outer-wrap uagb-block-84fd34e5 wp-block-button\"><div class=\"uagb-button__wrapper\"><a class=\"uagb-buttons-repeater wp-block-button__link\" aria-label=\"\" href=\"https:\/\/timma.fi\/yritys\/kauneuskeskus-vitaroma\" rel=\"follow noopener\" target=\"_self\" role=\"button\"><div class=\"uagb-button__link\">Vereinbaren Sie einen Termin<\/div><\/a><\/div><\/div>\n<\/div><\/div>\n\n\n\n<div class=\"wp-block-uagb-buttons uagb-buttons__outer-wrap uagb-btn__default-btn uagb-btn-tablet__default-btn uagb-btn-mobile__default-btn uagb-block-f7add131\"><div class=\"uagb-buttons__wrap uagb-buttons-layout-wrap\">\n<div class=\"wp-block-uagb-buttons-child uagb-buttons__outer-wrap uagb-block-0c11dd62 wp-block-button\"><div class=\"uagb-button__wrapper\"><a class=\"uagb-buttons-repeater wp-block-button__link\" aria-label=\"\" href=\"https:\/\/vitaroma.fi\/de\/kontaktieren-sie-uns\/\" rel=\"follow noopener\" target=\"_self\" role=\"button\"><div class=\"uagb-button__link\">Kontaktieren Sie uns<\/div><\/a><\/div><\/div>\n<\/div><\/div>\n\n\n\n<div class=\"wp-block-uagb-buttons uagb-buttons__outer-wrap uagb-btn__default-btn uagb-btn-tablet__default-btn uagb-btn-mobile__default-btn uagb-block-69da2b3b\"><div class=\"uagb-buttons__wrap uagb-buttons-layout-wrap\">\n<div class=\"wp-block-uagb-buttons-child uagb-buttons__outer-wrap uagb-block-1018754e wp-block-button\"><div class=\"uagb-button__wrapper\"><a class=\"uagb-buttons-repeater wp-block-button__link\" aria-label=\"\" href=\"https:\/\/vitaroma.fi\/de\/informationen-uber-uns\/\" rel=\"follow noopener\" target=\"_self\" role=\"button\"><div class=\"uagb-button__link\">\u00dcber uns<\/div><\/a><\/div><\/div>\n<\/div><\/div>\n\n\n\n<div class=\"wp-block-uagb-advanced-heading uagb-block-838a0a13\"><div class=\"uagb-separator\"><\/div><h3 class=\"uagb-heading-text\">Kostenlose Beratung? 050 365 2103<\/h3><\/div>\n\n\n\n<!-- Font Awesome CDN -->\n<link rel=\"stylesheet\" href=\"https:\/\/cdnjs.cloudflare.com\/ajax\/libs\/font-awesome\/6.4.0\/css\/all.min.css\">\n\n<div class=\"social-links\">\n  <a href=\"https:\/\/www.instagram.com\/kauneuskeskusvitaroma_clinic\/\" target=\"_blank\" rel=\"noopener\" class=\"instagram\">\n    <i class=\"fab fa-instagram\"><\/i> Sch\u00f6nheitszentrum Vitaroma\n  <\/a>\n  <a href=\"https:\/\/www.facebook.com\/61567042467466\/about\/\" target=\"_blank\" rel=\"noopener\" class=\"facebook\">\n    <i class=\"fab fa-facebook\"><\/i> Sch\u00f6nheitszentrum Vitaroma\n  <\/a>\n<\/div>\n\n<style>\n  .social-links {\n    display: flex;\n    justify-content: center;\n    gap: 20px;\n    margin-top: 10px;\n  }\n\n  .social-links a {\n    display: flex;\n    align-items: center;\n    gap: 10px;\n    padding: 12px 20px;\n    font-size: 18px;\n    font-weight: 600;\n    text-decoration: none;\n    color: #fff;\n    background: rgba(0, 0, 0, 0.35);\n    border: 2px solid rgba(255, 255, 255, 0.5);\n    border-radius: 8px;\n    transition: all 0.3s ease;\n    box-shadow: 0 3px 8px rgba(0, 0, 0, 0.2);\n    backdrop-filter: blur(5px);\n  }\n\n  .social-links a i {\n    font-size: 22px;\n  }\n\n  \/* Hover efektleri *\/\n  .social-links a.instagram:hover {\n    background: #E1306C;\n    color: #fff;\n    border-color: #E1306C;\n  }\n\n  .social-links a.facebook:hover {\n    background: #1877F2;\n    color: #fff;\n    border-color: #1877F2;\n  }\n<\/style>\n\n<\/div><\/div>","protected":false},"excerpt":{"rendered":"<p>Exosomentherapien<\/p>","protected":false},"author":2,"featured_media":0,"parent":0,"menu_order":0,"comment_status":"closed","ping_status":"closed","template":"","meta":{"_surecart_dashboard_logo_width":"180px","_surecart_dashboard_show_logo":true,"_surecart_dashboard_navigation_orders":true,"_surecart_dashboard_navigation_invoices":true,"_surecart_dashboard_navigation_subscriptions":true,"_surecart_dashboard_navigation_downloads":true,"_surecart_dashboard_navigation_billing":true,"_surecart_dashboard_navigation_account":true,"_uag_custom_page_level_css":"","site-sidebar-layout":"default","site-content-layout":"","ast-site-content-layout":"default","site-content-style":"default","site-sidebar-style":"default","ast-global-header-display":"","ast-banner-title-visibility":"","ast-main-header-display":"","ast-hfb-above-header-display":"","ast-hfb-below-header-display":"","ast-hfb-mobile-header-display":"","site-post-title":"disabled","ast-breadcrumbs-content":"","ast-featured-img":"","footer-sml-layout":"","ast-disable-related-posts":"","theme-transparent-header-meta":"","adv-header-id-meta":"","stick-header-meta":"","header-above-stick-meta":"","header-main-stick-meta":"","header-below-stick-meta":"","astra-migrate-meta-layouts":"set","ast-page-background-enabled":"default","ast-page-background-meta":{"desktop":{"background-color":"var(--ast-global-color-4)","background-image":"","background-repeat":"repeat","background-position":"center center","background-size":"auto","background-attachment":"scroll","background-type":"","background-media":"","overlay-type":"","overlay-color":"","overlay-opacity":"","overlay-gradient":""},"tablet":{"background-color":"","background-image":"","background-repeat":"repeat","background-position":"center center","background-size":"auto","background-attachment":"scroll","background-type":"","background-media":"","overlay-type":"","overlay-color":"","overlay-opacity":"","overlay-gradient":""},"mobile":{"background-color":"","background-image":"","background-repeat":"repeat","background-position":"center center","background-size":"auto","background-attachment":"scroll","background-type":"","background-media":"","overlay-type":"","overlay-color":"","overlay-opacity":"","overlay-gradient":""}},"ast-content-background-meta":{"desktop":{"background-color":"var(--ast-global-color-5)","background-image":"","background-repeat":"repeat","background-position":"center center","background-size":"auto","background-attachment":"scroll","background-type":"","background-media":"","overlay-type":"","overlay-color":"","overlay-opacity":"","overlay-gradient":""},"tablet":{"background-color":"var(--ast-global-color-5)","background-image":"","background-repeat":"repeat","background-position":"center center","background-size":"auto","background-attachment":"scroll","background-type":"","background-media":"","overlay-type":"","overlay-color":"","overlay-opacity":"","overlay-gradient":""},"mobile":{"background-color":"var(--ast-global-color-5)","background-image":"","background-repeat":"repeat","background-position":"center center","background-size":"auto","background-attachment":"scroll","background-type":"","background-media":"","overlay-type":"","overlay-color":"","overlay-opacity":"","overlay-gradient":""}},"footnotes":""},"class_list":["post-2577","page","type-page","status-publish","hentry"],"uagb_featured_image_src":{"full":false,"thumbnail":false,"medium":false,"medium_large":false,"large":false,"1536x1536":false,"2048x2048":false,"trp-custom-language-flag":false,"woocommerce_thumbnail":false,"woocommerce_single":false,"woocommerce_gallery_thumbnail":false},"uagb_author_info":{"display_name":"vitaroma.fi","author_link":"https:\/\/vitaroma.fi\/de\/author\/vitaroma-fi\/"},"uagb_comment_info":0,"uagb_excerpt":"Eksosomihoidot","_links":{"self":[{"href":"https:\/\/vitaroma.fi\/de\/wp-json\/wp\/v2\/pages\/2577","targetHints":{"allow":["GET"]}}],"collection":[{"href":"https:\/\/vitaroma.fi\/de\/wp-json\/wp\/v2\/pages"}],"about":[{"href":"https:\/\/vitaroma.fi\/de\/wp-json\/wp\/v2\/types\/page"}],"author":[{"embeddable":true,"href":"https:\/\/vitaroma.fi\/de\/wp-json\/wp\/v2\/users\/2"}],"replies":[{"embeddable":true,"href":"https:\/\/vitaroma.fi\/de\/wp-json\/wp\/v2\/comments?post=2577"}],"version-history":[{"count":6,"href":"https:\/\/vitaroma.fi\/de\/wp-json\/wp\/v2\/pages\/2577\/revisions"}],"predecessor-version":[{"id":2695,"href":"https:\/\/vitaroma.fi\/de\/wp-json\/wp\/v2\/pages\/2577\/revisions\/2695"}],"wp:attachment":[{"href":"https:\/\/vitaroma.fi\/de\/wp-json\/wp\/v2\/media?parent=2577"}],"curies":[{"name":"wp","href":"https:\/\/api.w.org\/{rel}","templated":true}]}}