{"id":2463,"date":"2025-05-04T22:42:55","date_gmt":"2025-05-04T20:42:55","guid":{"rendered":"https:\/\/vitaroma.fi\/?page_id=2463"},"modified":"2025-08-28T12:53:23","modified_gmt":"2025-08-28T10:53:23","slug":"dermapen4","status":"publish","type":"page","link":"https:\/\/vitaroma.fi\/de\/dermapen4\/","title":{"rendered":"Dermapen4"},"content":{"rendered":"<div class=\"wp-block-uagb-container uagb-block-5451af51 alignfull uagb-is-root-container\"><div class=\"uagb-container-inner-blocks-wrap\">\n<div class=\"wp-block-uagb-advanced-heading uagb-block-f45ed1f8\"><h1 class=\"uagb-heading-text\">Dermapen4<\/h1><\/div>\n<\/div><\/div>\n\n\n\n<div class=\"wp-block-uagb-container uagb-block-wlmazrwo alignfull uagb-is-root-container\"><div class=\"uagb-container-inner-blocks-wrap\">\n<div class=\"wp-block-uagb-container uagb-block-0btjzulc alignfull uagb-is-root-container\"><div class=\"uagb-container-inner-blocks-wrap\">\n<div class=\"wp-block-uagb-image alignleft uagb-block-6xnwaqpe wp-block-uagb-image--layout-default wp-block-uagb-image--effect-static wp-block-uagb-image--align-left\"><figure class=\"wp-block-uagb-image__figure\"><img decoding=\"async\" srcset=\"https:\/\/vitaroma.fi\/wp-content\/uploads\/2025\/05\/WhatsApp-Image-2025-05-03-at-00.49.32_c8d91f86-768x1024.jpg ,https:\/\/vitaroma.fi\/wp-content\/uploads\/2025\/05\/WhatsApp-Image-2025-05-03-at-00.49.32_c8d91f86.jpg 780w, https:\/\/vitaroma.fi\/wp-content\/uploads\/2025\/05\/WhatsApp-Image-2025-05-03-at-00.49.32_c8d91f86.jpg 360w\" sizes=\"auto, (max-width: 480px) 150px\" src=\"https:\/\/vitaroma.fi\/wp-content\/uploads\/2025\/05\/WhatsApp-Image-2025-05-03-at-00.49.32_c8d91f86-768x1024.jpg\" alt=\"\" class=\"uag-image-2425\" width=\"564\" height=\"400\" title=\"WhatsApp-Bild 2025-05-03 um 00.49.32_c8d91f86\" loading=\"lazy\" role=\"img\"\/><\/figure><\/div>\n\n\n\n<div class=\"wp-block-uagb-container uagb-block-xrkfcv1q\">\n<div class=\"wp-block-uagb-info-box uagb-block-amettuy1 uagb-infobox__content-wrap  uagb-infobox-icon-above-title uagb-infobox-image-valign-top\"><div class=\"uagb-ifb-content\"><div class=\"uagb-ifb-title-wrap\"><h3 class=\"uagb-ifb-title\">Dermapen 4 Microneedling: Eine fortschrittliche Hautpflegemethode<\/h3><\/div><p class=\"uagb-ifb-desc\"><strong>Dermapen 4<\/strong> ist modern <strong>Mikroneedling-Ger\u00e4t<\/strong>, wo ist <strong>16-Nadel<\/strong> Einwegkartusche. Die schnelle Oszillation des Ger\u00e4ts erzeugt bis zu <strong>1920 Mikrokan\u00e4le pro Sekunde<\/strong>, Dadurch entstehen kontrollierte, gleichm\u00e4\u00dfige Mikroverletzungen in der Haut. Diese Mikrokan\u00e4le <strong>aktiviert den hauteigenen Reparaturmechanismus<\/strong>, belebend <strong>Kollagen und Elastin<\/strong> Produktion und Verbesserung der Aufnahme von Pflegeprodukten.<br>Die Nadeltiefe wird angepasst <strong>Mit einer Genauigkeit von 0,1 mm<\/strong> (typischerweise ~0,2\u20132,5 mm, abh\u00e4ngig vom Bereich), sodass die Behandlung individuell angepasst werden kann. <strong>individuell<\/strong> auch f\u00fcr sensible Bereiche, wie zum Beispiel <strong>um die Augen<\/strong> Und <strong>um die Lippen<\/strong>.<\/p><\/div><\/div>\n<\/div>\n<\/div><\/div>\n<\/div><\/div>\n\n\n\n<div class=\"wp-block-uagb-container uagb-block-onenjlwh alignfull uagb-is-root-container\"><div class=\"uagb-container-inner-blocks-wrap\">\n<div class=\"wp-block-uagb-info-box uagb-block-kdw4sbfe uagb-infobox__content-wrap  uagb-infobox-icon-above-title uagb-infobox-image-valign-top\"><div class=\"uagb-ifb-content\"><div class=\"uagb-ifb-title-wrap\"><h2 class=\"uagb-ifb-title\">F\u00fcr wen ist die Behandlung geeignet \u2013 und in welchen Situationen ist sie besonders hilfreich?<br><\/h2><\/div><p class=\"uagb-ifb-desc\"><strong>Verbesserung von Hautstruktur und -ton:<\/strong> unebene Oberfl\u00e4che, Tr\u00fcbung, Rauheit.<br><strong>Zeichen der Hautalterung:<\/strong> feine Linien, oberfl\u00e4chliche F\u00e4ltchen, verminderte Elastizit\u00e4t.<br><strong>Narben:<\/strong> Akne und Operationsnarben, einschlie\u00dflich atrophischer (Gr\u00fcbchen-)Narben.<br><strong>Pigmentver\u00e4nderungen und ungleichm\u00e4\u00dfiger Hautton<\/strong> (in Kombination mit geeigneten Seren\/Peelings).<br><strong>Vergr\u00f6\u00dferte Poren<\/strong> und die Oberfl\u00e4chenstruktur \u00f6liger Haut zu verfeinern.<br><strong>Erschlaffte Haut:<\/strong> Unterst\u00fctzung von Festigkeit und F\u00fclle.<br><strong>Notiz.<\/strong> Mikroneedling ver\u00e4ndert die Anatomie des Gesichts nicht wie Filler, aber <strong>st\u00e4rkt die Haut von innen<\/strong> Der Wiederaufbauprozess wird eingeleitet.<\/p><\/div><\/div>\n\n\n\n<div class=\"wp-block-uagb-info-box uagb-block-6f18b7a4 uagb-infobox__content-wrap  uagb-infobox-icon-above-title uagb-infobox-image-valign-top\"><div class=\"uagb-ifb-content\"><div class=\"uagb-ifb-title-wrap\"><h2 class=\"uagb-ifb-title\">Kontraindikationen (werden immer w\u00e4hrend der Konsultation beurteilt)<br><\/h2><\/div><p class=\"uagb-ifb-desc\">Aktiv <strong>Dermatitis<\/strong> \/ Infektion im Behandlungsbereich, akuter Akneschub.<br><strong>Schwangerschaft\/Stillzeit<\/strong> (fallbezogene Zeile; oft zu erwarten).<br><strong>Isotretinoin<\/strong> oder eine intensive Retinoidbehandlung in den letzten Monaten (Behandlungsplan wird noch vereinbart).<br><strong>Neigung zu Keloiden<\/strong>, Blutgerinnungsst\u00f6rungen, Antikoagulanzien (Beurteilung durch einen Arzt).<br>Sonnenverbrannte Haut, frische Br\u00e4une, <strong>leicht pigmentierbar<\/strong> Haut (sorgf\u00e4ltig planen).<br><strong>Allergien<\/strong> f\u00fcr die verwendeten Inhaltsstoffe (gegebenenfalls werden Tests durchgef\u00fchrt).<\/p><\/div><\/div>\n\n\n\n<div class=\"wp-block-uagb-info-box uagb-block-ffaf723f uagb-infobox__content-wrap  uagb-infobox-icon-above-title uagb-infobox-image-valign-top\"><div class=\"uagb-ifb-content\"><div class=\"uagb-ifb-title-wrap\"><h2 class=\"uagb-ifb-title\">Der Behandlungsprozess \u2013 Schritt f\u00fcr Schritt<br><\/h2><\/div><p class=\"uagb-ifb-desc\"><strong>Beratung &amp; Hautanalyse<\/strong><br>Ziele, medizinische Vorgeschichte und h\u00e4usliche Pflege werden besprochen. Ein individueller Behandlungsplan wird erstellt (Behandlungsbereiche, Nadeltiefen, Seren).<br><strong>Vorbereitung<\/strong><br>Die Haut wird sorgf\u00e4ltig gereinigt und desinfiziert. Bei Bedarf verwenden <strong>An\u00e4sthesiecreme<\/strong> (insbesondere f\u00fcr sensible Bereiche).<br><strong>Mikroneedling<\/strong><br>Das Dermapen 4 Handst\u00fcck wird mit sanften Strichen gef\u00fchrt. <strong>Nadeltiefe<\/strong> Die Intensit\u00e4t wird an die jeweilige K\u00f6rperregion angepasst (z. B. flacher auf der Stirn, tiefer auf den Wangen). Gleichzeitig wird eine geeignete Behandlung auf die Haut aufgetragen. <strong>Serum<\/strong> (z. B. Hyalurons\u00e4ure, Peptide, aufhellende Antioxidantien).<br><strong>Nachsorge und Schutz<\/strong><br>Zum Abschluss der Behandlung auftragen <strong>Beruhigungsmittel<\/strong> Serum\/Maske und <strong>Schutzcreme<\/strong>. Der Tag wird hinzugef\u00fcgt <strong>Lichtschutzfaktor<\/strong>.<br><strong>Dauer:<\/strong> normalerweise <strong>45\u201360 Minuten<\/strong> Je nach Behandlungsbereich k\u00f6nnen Sie sofort wieder Ihren Alltag aufnehmen.<\/p><\/div><\/div>\n\n\n\n<div class=\"wp-block-uagb-image uagb-block-55ce75af wp-block-uagb-image--layout-default wp-block-uagb-image--effect-static wp-block-uagb-image--align-none\"><figure class=\"wp-block-uagb-image__figure\"><img decoding=\"async\" srcset=\"https:\/\/vitaroma.fi\/wp-content\/uploads\/2025\/08\/microneedling1.webp ,https:\/\/vitaroma.fi\/wp-content\/uploads\/2025\/08\/microneedling1.webp 780w, https:\/\/vitaroma.fi\/wp-content\/uploads\/2025\/08\/microneedling1.webp 360w\" sizes=\"auto, (max-width: 480px) 150px\" src=\"https:\/\/vitaroma.fi\/wp-content\/uploads\/2025\/08\/microneedling1.webp\" alt=\"\" class=\"uag-image-2689\" width=\"960\" height=\"720\" title=\"Mikroneedling1\" loading=\"lazy\" role=\"img\"\/><\/figure><\/div>\n\n\n\n<div class=\"wp-block-uagb-info-box uagb-block-53940afa uagb-infobox__content-wrap  uagb-infobox-icon-above-title uagb-infobox-image-valign-top\"><div class=\"uagb-ifb-content\"><div class=\"uagb-ifb-title-wrap\"><h2 class=\"uagb-ifb-title\">Vorteile \u2013 was passiert mit der Haut?<br><\/h2><\/div><p class=\"uagb-ifb-desc\"><strong>Kollagen- und Elastinproduktion<\/strong> beginnt \u2192 Haut <strong>verfestigt sich<\/strong> Und <strong>Flexibilit\u00e4t<\/strong> wird besser.<br><strong>Die Textur ist gegl\u00e4ttet:<\/strong> Kleine Unebenheiten und Rauheiten werden gemildert.<br><strong>Linien<\/strong> und Oberfl\u00e4chenfalten <strong>erweichen<\/strong>.<br><strong>Narben<\/strong> Abnahme im Laufe der Zeit (oft bei wiederholter Behandlung).<br><strong>Der Ton wird heller.<\/strong>, das Pigment wird gleichm\u00e4\u00dfig verteilt (in Kombination mit den richtigen Wirkstoffen).<br><strong>Poren<\/strong> erscheinen <strong>Reiniger<\/strong> und die Haut wird <strong>ein gesundes Strahlen<\/strong>.<\/p><\/div><\/div>\n\n\n\n<div class=\"wp-block-uagb-info-box uagb-block-0e51614f uagb-infobox__content-wrap  uagb-infobox-icon-above-title uagb-infobox-image-valign-top\"><div class=\"uagb-ifb-content\"><div class=\"uagb-ifb-title-wrap\"><h2 class=\"uagb-ifb-title\">Nadeltiefen und Schneiderei (Beispiele)<br><\/h2><\/div><p class=\"uagb-ifb-desc\"><strong>0,2\u20130,5 mm:<\/strong> Augenpartie, Oberlippe; d\u00fcnne\/empfindliche Haut, Oberfl\u00e4chenbefeuchtung.<br><strong>0,5\u20131,0 mm:<\/strong> Insgesamt verbesserte Hautstruktur, leichte Gl\u00e4ttung von F\u00e4ltchen.<br><strong>1,0\u20131,5 mm:<\/strong> Verh\u00e4rtungen, vergr\u00f6\u00dferte Poren, Pigmentflecken.<br><strong>1,5\u20132,5 mm:<\/strong> Narbenbehandlung (Wangen, Aknenarben) \u2013 wird immer durchgef\u00fchrt <strong>nach Ermessen eines Fachmanns<\/strong>.<\/p><\/div><\/div>\n\n\n\n<div class=\"wp-block-uagb-info-box uagb-block-2f203eed uagb-infobox__content-wrap  uagb-infobox-icon-above-title uagb-infobox-image-valign-top\"><div class=\"uagb-ifb-content\"><div class=\"uagb-ifb-title-wrap\"><h2 class=\"uagb-ifb-title\">Vor der Behandlung \u2013 So bereiten Sie Ihre Haut vor<br><\/h2><\/div><p class=\"uagb-ifb-desc\"><strong>Retinoide, AHA\/BHA-Peelings<\/strong> f\u00fcr eine Pause <strong>3\u20135 Tage<\/strong> vor.<br>NEIN <strong>Selbstbr\u00e4uner\/Solarium<\/strong> F\u00fcr 1\u20132 Wochen: Sonnenbrand vermeiden.<br>Rasieren <strong>am Abend zuvor<\/strong> (nicht am selben Tag).<br>Ankommen <strong>saubere Haut<\/strong> Bitte geben Sie an, welche Medikamente eingenommen werden und ob es Unvertr\u00e4glichkeiten gibt.<br><br><\/p><\/div><\/div>\n\n\n\n<div class=\"wp-block-uagb-info-box uagb-block-ea6a40f2 uagb-infobox__content-wrap  uagb-infobox-icon-above-title uagb-infobox-image-valign-top\"><div class=\"uagb-ifb-content\"><div class=\"uagb-ifb-title-wrap\"><h2 class=\"uagb-ifb-title\">Nach der Behandlung \u2013 Nachsorge und Genesung<br><\/h2><\/div><p class=\"uagb-ifb-desc\"><strong>R\u00f6tung und W\u00e4rme<\/strong> 1\u20132 Tage sind normal; leichte Spannungsgef\u00fchle\/Trockenheit sind m\u00f6glich.<br><strong>Lichtschutzfaktor 30\u201350<\/strong> T\u00e4glich mindestens eine Woche lang anwenden; direkte Sonneneinstrahlung vermeiden.<br><strong>Keine mechanische Exfoliation, keine Retinoide<\/strong> 3\u20135 Tage; Sauna\/hei\u00dfe Duschen f\u00fcr 24\u201348 Stunden vermeiden.<br>Verwenden <strong>schonende Reinigung<\/strong> Und <strong>Feuchtigkeitsspendend<\/strong> Produkte (Hyalurons\u00e4ure, Panthenol, Ceramide).<br>Make-up ist erlaubt, wenn sich die Haut angenehm anf\u00fchlt (oft am n\u00e4chsten Tag).<br><br><br><\/p><\/div><\/div>\n\n\n\n<div class=\"wp-block-uagb-image uagb-block-d9e2f3e8 wp-block-uagb-image--layout-default wp-block-uagb-image--effect-static wp-block-uagb-image--align-none\"><figure class=\"wp-block-uagb-image__figure\"><img decoding=\"async\" srcset=\"https:\/\/vitaroma.fi\/wp-content\/uploads\/2025\/08\/dermapen-1024x750.jpg ,https:\/\/vitaroma.fi\/wp-content\/uploads\/2025\/08\/dermapen.jpg 780w, https:\/\/vitaroma.fi\/wp-content\/uploads\/2025\/08\/dermapen.jpg 360w\" sizes=\"auto, (max-width: 480px) 150px\" src=\"https:\/\/vitaroma.fi\/wp-content\/uploads\/2025\/08\/dermapen-1024x750.jpg\" alt=\"\" class=\"uag-image-2690\" width=\"1440\" height=\"1055\" title=\"Dermapen\" loading=\"lazy\" role=\"img\"\/><\/figure><\/div>\n\n\n\n<div class=\"wp-block-uagb-info-box uagb-block-47d32054 uagb-infobox__content-wrap  uagb-infobox-icon-above-title uagb-infobox-image-valign-top\"><div class=\"uagb-ifb-content\"><div class=\"uagb-ifb-title-wrap\"><h2 class=\"uagb-ifb-title\">Ergebnisse und Zeitplan<br><\/h2><\/div><p class=\"uagb-ifb-desc\"><strong>Sofort:<\/strong> Die R\u00f6tung l\u00e4sst nach, die Haut f\u00fchlt sich an <strong>vollmundig<\/strong> Und <strong>vor Feuchtigkeit<\/strong>.<br><strong>1\u20134 Wochen:<\/strong> Die Textur wird gegl\u00e4ttet, der Glanz verst\u00e4rkt.<br><strong>4\u201312 Wochen:<\/strong> Neues Kollagen wird kondensiert \u2192 <strong>Linien werden weicher<\/strong>, <strong>Narben werden kleiner<\/strong> Und <strong>Solidit\u00e4t<\/strong> wird besser.<br><strong>Serienempfehlung:<\/strong> je nach Zielsetzung in der Regel <strong>3\u20136 Behandlungen<\/strong>, <strong>Alle 4\u20136 Wochen<\/strong>. Danach <strong>Wartung<\/strong> 2\u20134 Mal pro Jahr.<br><\/p><\/div><\/div>\n\n\n\n<div class=\"wp-block-uagb-info-box uagb-block-dec0fb34 uagb-infobox__content-wrap  uagb-infobox-icon-above-title uagb-infobox-image-valign-top\"><div class=\"uagb-ifb-content\"><div class=\"uagb-ifb-title-wrap\"><h2 class=\"uagb-ifb-title\">Kombinationen und Verbesserungen<br><br><\/h2><\/div><p class=\"uagb-ifb-desc\"><strong>MESO-GLIDE Seren:<\/strong> Ausgew\u00e4hlt nach den Bed\u00fcrfnissen der Haut (Feuchtigkeitspflege, Aufhellung, Anti-Aging, Ausgleich).<br><strong>\u00dcBER PRO Peel<\/strong> (professionelles Peeling): Kann bei richtiger Anwendung zum richtigen Zeitpunkt kombiniert werden. <strong>Pigmentierung, Narbenbildung und Textur<\/strong> zur Verbesserung der Behandlung.<br><strong>LED-Lichttherapie:<\/strong> Lindert R\u00f6tungen und unterst\u00fctzt die Geweberegeneration.<br><strong>Kalt-\/Weichplasma, BBL-Laser, HydraFacial:<\/strong> k\u00f6nnen gem\u00e4\u00df einem separaten Plan kombiniert werden (Zeitpunkt ist wichtig).<br><br><\/p><\/div><\/div>\n\n\n\n<div class=\"wp-block-uagb-info-box uagb-block-0c764491 uagb-infobox__content-wrap  uagb-infobox-icon-above-title uagb-infobox-image-valign-top\"><div class=\"uagb-ifb-content\"><div class=\"uagb-ifb-title-wrap\"><h2 class=\"uagb-ifb-title\">H\u00e4ufig gestellte Fragen (FAQ)<br><br><\/h2><\/div><p class=\"uagb-ifb-desc\"><strong>Ist die Behandlung schmerzhaft?<\/strong><br>Wissen ist <strong>leichtes Kribbeln<\/strong> und W\u00e4rme; kann auf empfindlichen Bereichen angewendet werden <strong>An\u00e4sthesie<\/strong>.<br><strong>Wie schnell werde ich Ergebnisse sehen?<\/strong><br>Die ersten Ver\u00e4nderungen sind sichtbar <strong>1\u20132 Wochen<\/strong> w\u00e4hrenddessen verst\u00e4rkt sich der Kollageneffekt. <strong>4\u201312 pro Woche<\/strong>. Die Serie erzielt l\u00e4nger anhaltende Ergebnisse.<br><strong>Kann ich die Behandlung vor wichtigen Feierlichkeiten in Anspruch nehmen?<\/strong><br>Ja, aber planen Sie im Voraus. <strong>mindestens 3\u20135 Tage<\/strong> Vorsorglich auf m\u00f6gliche R\u00f6tungen achten.<br><strong>Ist es f\u00fcr empfindliche Haut geeignet?<\/strong><br>Oft ja \u2013 <strong>Nadeltiefe und Seren<\/strong> Es ist zu erwarten, dass akute Hautausschl\u00e4ge abklingen.<br><strong>Werden Spuren oder Narben zur\u00fcckbleiben?<\/strong><br>Bei korrekter Durchf\u00fchrung nein. Mikroneedling ist <strong>kontrolliert und oberfl\u00e4chlich<\/strong>; Die Einhaltung der Anweisungen zur h\u00e4uslichen Pflege ist wichtig.<br><\/p><\/div><\/div>\n\n\n\n<div class=\"wp-block-uagb-info-box uagb-block-137b3245 uagb-infobox__content-wrap  uagb-infobox-icon-above-title uagb-infobox-image-valign-top\"><div class=\"uagb-ifb-content\"><div class=\"uagb-ifb-title-wrap\"><h2 class=\"uagb-ifb-title\">Warum sollte man sich f\u00fcr den Vitaroma Dermapen 4 zum Microneedling entscheiden?<br><br><\/h2><\/div><p class=\"uagb-ifb-desc\"><strong>Ausgebildete Fachkr\u00e4fte<\/strong> Und <strong>Einwegartikel, steril<\/strong> Nadelk\u00f6pfe.<br><strong>0,1 mm Genauigkeit<\/strong> einstellbare Tiefe \u2192 <strong>sichere Anpassung<\/strong> nach Region.<br><strong>Ausf\u00fchrliches Protokoll:<\/strong> Beratung, Behandlung, Nachsorge und gegebenenfalls Kombinationen.<br><strong>Realistische Ziele<\/strong> und gegebenenfalls eine visuelle Nachkontrolle (vorher und nachher).<br><strong>Vereinbaren Sie einen Termin f\u00fcr Dermapen 4 Microneedling \u2192<\/strong><\/p><\/div><\/div>\n<\/div><\/div>\n\n\n\n<div class=\"wp-block-uagb-container uagb-block-9caa1a47 alignfull uagb-is-root-container\"><div class=\"uagb-container-inner-blocks-wrap\">\n<div class=\"wp-block-uagb-advanced-heading uagb-block-1ed0e64e\"><div class=\"uagb-heading-text\">Lassen Sie sich von uns helfen.<\/div><\/div>\n\n\n\n<div class=\"wp-block-uagb-advanced-heading uagb-block-3a57683f\"><h2 class=\"uagb-heading-text\">Kontaktieren Sie uns<\/h2><\/div>\n\n\n\n<div class=\"wp-block-uagb-buttons uagb-buttons__outer-wrap uagb-btn__default-btn uagb-btn-tablet__default-btn uagb-btn-mobile__default-btn uagb-block-9979be0d\"><div class=\"uagb-buttons__wrap uagb-buttons-layout-wrap\">\n<div class=\"wp-block-uagb-buttons-child uagb-buttons__outer-wrap uagb-block-84fd34e5 wp-block-button\"><div class=\"uagb-button__wrapper\"><a class=\"uagb-buttons-repeater wp-block-button__link\" aria-label=\"\" href=\"https:\/\/timma.fi\/yritys\/kauneuskeskus-vitaroma\" rel=\"follow noopener\" target=\"_self\" role=\"button\"><div class=\"uagb-button__link\">Vereinbaren Sie einen Termin<\/div><\/a><\/div><\/div>\n<\/div><\/div>\n\n\n\n<div class=\"wp-block-uagb-buttons uagb-buttons__outer-wrap uagb-btn__default-btn uagb-btn-tablet__default-btn uagb-btn-mobile__default-btn uagb-block-f7add131\"><div class=\"uagb-buttons__wrap uagb-buttons-layout-wrap\">\n<div class=\"wp-block-uagb-buttons-child uagb-buttons__outer-wrap uagb-block-0c11dd62 wp-block-button\"><div class=\"uagb-button__wrapper\"><a class=\"uagb-buttons-repeater wp-block-button__link\" aria-label=\"\" href=\"https:\/\/vitaroma.fi\/de\/kontaktieren-sie-uns\/\" rel=\"follow noopener\" target=\"_self\" role=\"button\"><div class=\"uagb-button__link\">Kontaktieren Sie uns<\/div><\/a><\/div><\/div>\n<\/div><\/div>\n\n\n\n<div class=\"wp-block-uagb-buttons uagb-buttons__outer-wrap uagb-btn__default-btn uagb-btn-tablet__default-btn uagb-btn-mobile__default-btn uagb-block-69da2b3b\"><div class=\"uagb-buttons__wrap uagb-buttons-layout-wrap\">\n<div class=\"wp-block-uagb-buttons-child uagb-buttons__outer-wrap uagb-block-1018754e wp-block-button\"><div class=\"uagb-button__wrapper\"><a class=\"uagb-buttons-repeater wp-block-button__link\" aria-label=\"\" href=\"https:\/\/vitaroma.fi\/de\/informationen-uber-uns\/\" rel=\"follow noopener\" target=\"_self\" role=\"button\"><div class=\"uagb-button__link\">\u00dcber uns<\/div><\/a><\/div><\/div>\n<\/div><\/div>\n\n\n\n<div class=\"wp-block-uagb-advanced-heading uagb-block-838a0a13\"><div class=\"uagb-separator\"><\/div><h3 class=\"uagb-heading-text\">Kostenlose Beratung? 050 365 2103<\/h3><\/div>\n\n\n\n<!-- Font Awesome CDN -->\n<link rel=\"stylesheet\" href=\"https:\/\/cdnjs.cloudflare.com\/ajax\/libs\/font-awesome\/6.4.0\/css\/all.min.css\">\n\n<div class=\"social-links\">\n  <a href=\"https:\/\/www.instagram.com\/kauneuskeskusvitaroma_clinic\/\" target=\"_blank\" rel=\"noopener\" class=\"instagram\">\n    <i class=\"fab fa-instagram\"><\/i> Sch\u00f6nheitszentrum Vitaroma\n  <\/a>\n  <a href=\"https:\/\/www.facebook.com\/61567042467466\/about\/\" target=\"_blank\" rel=\"noopener\" class=\"facebook\">\n    <i class=\"fab fa-facebook\"><\/i> Sch\u00f6nheitszentrum Vitaroma\n  <\/a>\n<\/div>\n\n<style>\n  .social-links {\n    display: flex;\n    justify-content: center;\n    gap: 20px;\n    margin-top: 10px;\n  }\n\n  .social-links a {\n    display: flex;\n    align-items: center;\n    gap: 10px;\n    padding: 12px 20px;\n    font-size: 18px;\n    font-weight: 600;\n    text-decoration: none;\n    color: #fff;\n    background: rgba(0, 0, 0, 0.35);\n    border: 2px solid rgba(255, 255, 255, 0.5);\n    border-radius: 8px;\n    transition: all 0.3s ease;\n    box-shadow: 0 3px 8px rgba(0, 0, 0, 0.2);\n    backdrop-filter: blur(5px);\n  }\n\n  .social-links a i {\n    font-size: 22px;\n  }\n\n  \/* Hover efektleri *\/\n  .social-links a.instagram:hover {\n    background: #E1306C;\n    color: #fff;\n    border-color: #E1306C;\n  }\n\n  .social-links a.facebook:hover {\n    background: #1877F2;\n    color: #fff;\n    border-color: #1877F2;\n  }\n<\/style>\n\n<\/div><\/div>","protected":false},"excerpt":{"rendered":"<p>Dermapen4<\/p>","protected":false},"author":1,"featured_media":0,"parent":0,"menu_order":0,"comment_status":"closed","ping_status":"closed","template":"","meta":{"_surecart_dashboard_logo_width":"180px","_surecart_dashboard_show_logo":true,"_surecart_dashboard_navigation_orders":true,"_surecart_dashboard_navigation_invoices":true,"_surecart_dashboard_navigation_subscriptions":true,"_surecart_dashboard_navigation_downloads":true,"_surecart_dashboard_navigation_billing":true,"_surecart_dashboard_navigation_account":true,"_uag_custom_page_level_css":"","site-sidebar-layout":"default","site-content-layout":"","ast-site-content-layout":"default","site-content-style":"default","site-sidebar-style":"default","ast-global-header-display":"","ast-banner-title-visibility":"","ast-main-header-display":"","ast-hfb-above-header-display":"","ast-hfb-below-header-display":"","ast-hfb-mobile-header-display":"","site-post-title":"disabled","ast-breadcrumbs-content":"","ast-featured-img":"","footer-sml-layout":"","ast-disable-related-posts":"","theme-transparent-header-meta":"","adv-header-id-meta":"","stick-header-meta":"","header-above-stick-meta":"","header-main-stick-meta":"","header-below-stick-meta":"","astra-migrate-meta-layouts":"set","ast-page-background-enabled":"default","ast-page-background-meta":{"desktop":{"background-color":"var(--ast-global-color-4)","background-image":"","background-repeat":"repeat","background-position":"center center","background-size":"auto","background-attachment":"scroll","background-type":"","background-media":"","overlay-type":"","overlay-color":"","overlay-opacity":"","overlay-gradient":""},"tablet":{"background-color":"","background-image":"","background-repeat":"repeat","background-position":"center center","background-size":"auto","background-attachment":"scroll","background-type":"","background-media":"","overlay-type":"","overlay-color":"","overlay-opacity":"","overlay-gradient":""},"mobile":{"background-color":"","background-image":"","background-repeat":"repeat","background-position":"center center","background-size":"auto","background-attachment":"scroll","background-type":"","background-media":"","overlay-type":"","overlay-color":"","overlay-opacity":"","overlay-gradient":""}},"ast-content-background-meta":{"desktop":{"background-color":"var(--ast-global-color-5)","background-image":"","background-repeat":"repeat","background-position":"center center","background-size":"auto","background-attachment":"scroll","background-type":"","background-media":"","overlay-type":"","overlay-color":"","overlay-opacity":"","overlay-gradient":""},"tablet":{"background-color":"var(--ast-global-color-5)","background-image":"","background-repeat":"repeat","background-position":"center center","background-size":"auto","background-attachment":"scroll","background-type":"","background-media":"","overlay-type":"","overlay-color":"","overlay-opacity":"","overlay-gradient":""},"mobile":{"background-color":"var(--ast-global-color-5)","background-image":"","background-repeat":"repeat","background-position":"center center","background-size":"auto","background-attachment":"scroll","background-type":"","background-media":"","overlay-type":"","overlay-color":"","overlay-opacity":"","overlay-gradient":""}},"footnotes":""},"class_list":["post-2463","page","type-page","status-publish","hentry"],"uagb_featured_image_src":{"full":false,"thumbnail":false,"medium":false,"medium_large":false,"large":false,"1536x1536":false,"2048x2048":false,"trp-custom-language-flag":false,"woocommerce_thumbnail":false,"woocommerce_single":false,"woocommerce_gallery_thumbnail":false},"uagb_author_info":{"display_name":"emilkemal4@gmail.com","author_link":"https:\/\/vitaroma.fi\/de\/author\/emilkemal4gmail-com\/"},"uagb_comment_info":0,"uagb_excerpt":"Dermapen4","_links":{"self":[{"href":"https:\/\/vitaroma.fi\/de\/wp-json\/wp\/v2\/pages\/2463","targetHints":{"allow":["GET"]}}],"collection":[{"href":"https:\/\/vitaroma.fi\/de\/wp-json\/wp\/v2\/pages"}],"about":[{"href":"https:\/\/vitaroma.fi\/de\/wp-json\/wp\/v2\/types\/page"}],"author":[{"embeddable":true,"href":"https:\/\/vitaroma.fi\/de\/wp-json\/wp\/v2\/users\/1"}],"replies":[{"embeddable":true,"href":"https:\/\/vitaroma.fi\/de\/wp-json\/wp\/v2\/comments?post=2463"}],"version-history":[{"count":10,"href":"https:\/\/vitaroma.fi\/de\/wp-json\/wp\/v2\/pages\/2463\/revisions"}],"predecessor-version":[{"id":2691,"href":"https:\/\/vitaroma.fi\/de\/wp-json\/wp\/v2\/pages\/2463\/revisions\/2691"}],"wp:attachment":[{"href":"https:\/\/vitaroma.fi\/de\/wp-json\/wp\/v2\/media?parent=2463"}],"curies":[{"name":"wp","href":"https:\/\/api.w.org\/{rel}","templated":true}]}}