{"id":2457,"date":"2025-05-04T22:26:33","date_gmt":"2025-05-04T20:26:33","guid":{"rendered":"https:\/\/vitaroma.fi\/?page_id=2457"},"modified":"2025-08-28T17:32:30","modified_gmt":"2025-08-28T15:32:30","slug":"dermalux","status":"publish","type":"page","link":"https:\/\/vitaroma.fi\/de\/dermalux\/","title":{"rendered":"DERMALUX"},"content":{"rendered":"<div class=\"wp-block-uagb-container uagb-block-5451af51 alignfull uagb-is-root-container\"><div class=\"uagb-container-inner-blocks-wrap\">\n<div class=\"wp-block-uagb-advanced-heading uagb-block-f45ed1f8\"><h1 class=\"uagb-heading-text\">DERMALUX<\/h1><\/div>\n<\/div><\/div>\n\n\n\n<div class=\"wp-block-uagb-container uagb-block-wlmazrwo alignfull uagb-is-root-container\"><div class=\"uagb-container-inner-blocks-wrap\">\n<div class=\"wp-block-uagb-container uagb-block-0btjzulc alignfull uagb-is-root-container\"><div class=\"uagb-container-inner-blocks-wrap\">\n<div class=\"wp-block-uagb-image alignleft uagb-block-6xnwaqpe wp-block-uagb-image--layout-default wp-block-uagb-image--effect-static wp-block-uagb-image--align-left\"><figure class=\"wp-block-uagb-image__figure\"><img decoding=\"async\" srcset=\"https:\/\/vitaroma.fi\/wp-content\/uploads\/2025\/04\/Adsiz7-1024x576.png ,https:\/\/vitaroma.fi\/wp-content\/uploads\/2025\/04\/Adsiz7.png 780w, https:\/\/vitaroma.fi\/wp-content\/uploads\/2025\/04\/Adsiz7.png 360w\" sizes=\"auto, (max-width: 480px) 150px\" src=\"https:\/\/vitaroma.fi\/wp-content\/uploads\/2025\/04\/Adsiz7-1024x576.png\" alt=\"BBL-Lichttherapie\" class=\"uag-image-2099\" width=\"564\" height=\"400\" title=\"BBL-Lichttherapie\" loading=\"lazy\" role=\"img\"\/><\/figure><\/div>\n\n\n\n<div class=\"wp-block-uagb-container uagb-block-xrkfcv1q\">\n<div class=\"wp-block-uagb-info-box uagb-block-amettuy1 uagb-infobox__content-wrap  uagb-infobox-icon-above-title uagb-infobox-image-valign-top\"><div class=\"uagb-ifb-content\"><div class=\"uagb-ifb-title-wrap\"><h3 class=\"uagb-ifb-title\"><strong>Dermalux LED-Lichttherapie \u2013 Hautregenerierende und hauttherapeutische Lichtenergie<\/strong><\/h3><\/div><p class=\"uagb-ifb-desc\">Die Dermalux LED-Lichttherapie ist eine sichere, schmerzlose und nicht-invasive Behandlung, die klinisch getestete Lichtenergie nutzt, um die nat\u00fcrliche Erneuerung und Reparatur der Haut zu unterst\u00fctzen \u2013 ohne Ausfallzeit.<br>Die Behandlung eignet sich f\u00fcr nahezu alle Hauttypen und hilft bei vielen Hautproblemen. Sie beruhigt gereizte Haut, bringt ihre Funktionen wieder ins Gleichgewicht und verleiht ihr bereits ab der ersten Anwendung ihren nat\u00fcrlichen Glanz zur\u00fcck.<\/p><\/div><\/div>\n<\/div>\n<\/div><\/div>\n<\/div><\/div>\n\n\n\n<div class=\"wp-block-uagb-container uagb-block-onenjlwh alignfull uagb-is-root-container\"><div class=\"uagb-container-inner-blocks-wrap\">\n<div class=\"wp-block-uagb-info-box uagb-block-kdw4sbfe uagb-infobox__content-wrap  uagb-infobox-icon-above-title uagb-infobox-image-valign-top\"><div class=\"uagb-ifb-content\"><div class=\"uagb-ifb-title-wrap\"><h2 class=\"uagb-ifb-title\"><strong>Wie funktioniert Dermalux?<br><\/strong><\/h2><\/div><p class=\"uagb-ifb-desc\">LED-Licht wird auf der Haut aktiviert <strong>Photobiomodulation<\/strong>Lichtenergie wird von den Zielmolek\u00fclen absorbiert und <strong>moduliert den Zellstoffwechsel, die Zellkommunikation und Entz\u00fcndungsreaktionen<\/strong>.<br><strong>Blau 415 nm<\/strong> zielt auf die Porphyrine von Aknebakterien (Cutibacterium acnes) ab \u2192 wird produziert <strong>reaktive Sauerstoffspezies<\/strong>, welche die Lebensf\u00e4higkeit der Bakterien schw\u00e4chen und zur Linderung der Entz\u00fcndung beitragen. <br><strong>Rot 633 nm<\/strong> f\u00f6rdern <strong>Fibroblasten<\/strong> Funktion und Kollagenbildung, wodurch die Hautstruktur und -gl\u00e4tte verbessert werden. <br><strong>Nahes Infrarot 830 nm<\/strong> dringt tiefer in das Gewebe ein und st\u00fctzt <strong>Reduzierung von Entz\u00fcndungen und Geweberegeneration<\/strong>.<br>Dermalux-Behandlungen sind <strong>nicht-thermisch<\/strong> (erhitzt das Gewebe nicht wie Laser\/IPL) und <strong>F\u00fcr alle Hauttypen geeignet<\/strong> das ganze Jahr \u00fcber. <a href=\"https:\/\/dermaluxled.com\/led-phototherapy-common-questions\/?utm_source=chatgpt.com\" target=\"_blank\" rel=\"noreferrer noopener\"><\/a><\/p><\/div><\/div>\n\n\n\n<div class=\"wp-block-uagb-info-box uagb-block-6f18b7a4 uagb-infobox__content-wrap  uagb-infobox-icon-above-title uagb-infobox-image-valign-top\"><div class=\"uagb-ifb-content\"><div class=\"uagb-ifb-title-wrap\"><h2 class=\"uagb-ifb-title\"><strong>Wobei hilft Dermalux?<br><\/strong><\/h2><\/div><p class=\"uagb-ifb-desc\"><strong>Akne<\/strong> und entz\u00fcndliche Verunreinigungen (blau + rot)<br><strong>R\u00f6tungen, Couperose und gereizte Haut<\/strong> (rot + NIR)<br><strong>Altersbedingte Ver\u00e4nderungen der Haut:<\/strong> feine Linien, Mattheit, Elastizit\u00e4tsverlust (rot + NIR)<br><strong>Gleicht Hautton und Hautstruktur aus.<\/strong>, \u201cgesunder Glanz\u201d<br><strong>Wohltuende Unterst\u00fctzung bei Wunden und gereizter Haut<\/strong> (NIR)<br>Hinweis: Wirkung und Behandlungspaket werden stets individuell angepasst. <strong>Hautanalyse<\/strong> (Die Wirksamkeit von LED-Kombinationen bei der Hautverj\u00fcngung wurde in kontrollierten Studien im Bereich von 633\/830 nm nachgewiesen.) <a href=\"https:\/\/www.sciencedirect.com\/science\/article\/pii\/S1011134407000632?utm_source=chatgpt.com\" target=\"_blank\" rel=\"noreferrer noopener\"><\/a><\/p><\/div><\/div>\n\n\n\n<div class=\"wp-block-uagb-info-box uagb-block-ffaf723f uagb-infobox__content-wrap  uagb-infobox-icon-above-title uagb-infobox-image-valign-top\"><div class=\"uagb-ifb-content\"><div class=\"uagb-ifb-title-wrap\"><h2 class=\"uagb-ifb-title\"><strong>Wellenl\u00e4ngen des Lichts und ihre Auswirkungen<br><\/strong><\/h2><\/div><p class=\"uagb-ifb-desc\"><strong>Blau (415 nm):<\/strong> Akne-Bakterien-Porphyrine \u2192 <strong>antimikrobiell<\/strong> Wirkung: lindert Entz\u00fcndungen. <br><strong>Rot (633 nm):<\/strong> <strong>Kollagensynthese<\/strong> St\u00fctzend, aufhellend, oberfl\u00e4chengl\u00e4ttend. <br><strong>Nahes Infrarot (830 nm):<\/strong> <strong>entz\u00fcndungshemmend<\/strong>, f\u00f6rdern <strong>Geweberegeneration<\/strong> und ein tieferes Gef\u00fchl von Komfort. <a href=\"https:\/\/pmc.ncbi.nlm.nih.gov\/articles\/PMC11049838\/?utm_source=chatgpt.com\" target=\"_blank\" rel=\"noreferrer noopener\"><\/a><\/p><\/div><\/div>\n\n\n\n<div class=\"wp-block-uagb-image uagb-block-50f394aa wp-block-uagb-image--layout-default wp-block-uagb-image--effect-static wp-block-uagb-image--align-none\"><figure class=\"wp-block-uagb-image__figure\"><img decoding=\"async\" srcset=\"https:\/\/vitaroma.fi\/wp-content\/uploads\/2025\/08\/Flex-MD-Treatment-Lifestyle-1024x1024.jpg ,https:\/\/vitaroma.fi\/wp-content\/uploads\/2025\/08\/Flex-MD-Treatment-Lifestyle.jpg 780w, https:\/\/vitaroma.fi\/wp-content\/uploads\/2025\/08\/Flex-MD-Treatment-Lifestyle.jpg 360w\" sizes=\"auto, (max-width: 480px) 150px\" src=\"https:\/\/vitaroma.fi\/wp-content\/uploads\/2025\/08\/Flex-MD-Treatment-Lifestyle-1024x1024.jpg\" alt=\"\" class=\"uag-image-2708\" width=\"1080\" height=\"1080\" title=\"Flex-MD-Behandlungs-Lifestyle\" loading=\"lazy\" role=\"img\"\/><\/figure><\/div>\n\n\n\n<div class=\"wp-block-uagb-info-box uagb-block-f7ac1f10 uagb-infobox__content-wrap  uagb-infobox-icon-above-title uagb-infobox-image-valign-top\"><div class=\"uagb-ifb-content\"><div class=\"uagb-ifb-title-wrap\"><h2 class=\"uagb-ifb-title\"><strong>Behandlungstermin &amp; Protokoll<br><\/strong><\/h2><\/div><p class=\"uagb-ifb-desc\"><strong>Hautanalyse und Behandlungsplan<\/strong> \u2013 Wellenl\u00e4ngen und Programm ausw\u00e4hlen (einzeln oder Kombination).<br><strong>Vorbereitung<\/strong> \u2013 Die Haut wird gereinigt; eine Schutzbrille wird aufgesetzt.<br><strong>LED-Beleuchtung<\/strong> \u2013 das Ger\u00e4t befindet sich in optimalem Abstand; <strong>1\u201320 Minuten<\/strong> abh\u00e4ngig vom Programm.<br><strong>Beenden<\/strong> \u2013 beruhigende und feuchtigkeitsspendende Produkte, tags\u00fcber <strong>Lichtschutzfaktor<\/strong>.<br>Die Behandlungszeit ist \u00fcblicherweise in den technischen Spezifikationen f\u00fcr Dermalux-Systeme angegeben. <strong>1\u201320 Minuten<\/strong>, und die Ger\u00e4te nutzen einfach nur <strong>415\/633\/830 nm<\/strong> Wellenl\u00e4ngen. <a href=\"https:\/\/dermaluxled.com\/tri-wave-md-led\/?utm_source=chatgpt.com\" target=\"_blank\" rel=\"noreferrer noopener\"><\/a><a href=\"https:\/\/pmc.ncbi.nlm.nih.gov\/articles\/PMC11049838\/?utm_source=chatgpt.com\" target=\"_blank\" rel=\"noreferrer noopener\"><\/a><\/p><\/div><\/div>\n\n\n\n<div class=\"wp-block-uagb-info-box uagb-block-bef938f6 uagb-infobox__content-wrap  uagb-infobox-icon-above-title uagb-infobox-image-valign-top\"><div class=\"uagb-ifb-content\"><div class=\"uagb-ifb-title-wrap\"><h2 class=\"uagb-ifb-title\"><strong>Behandlungsdauer und Erhaltung<br><\/strong><\/h2><\/div><p class=\"uagb-ifb-desc\">Sie erzielen den besten Effekt. <strong>10\u201312 in der anf\u00e4nglichen Behandlungsperiode<\/strong> (z. B. 2\u20133 Mal pro Woche), woraufhin <strong>Wartung<\/strong> nach Bedarf (z. B. alle 2\u20134 Wochen oder saisonal). Dermalux ver\u00f6ffentlicht au\u00dferdem <strong>Ergebnisgalerien<\/strong> mit typischen Kombinationen (Blau\/Rot\/NIR). <a href=\"https:\/\/dermaluxled.com\/led-treatment-results\/?utm_source=chatgpt.com\" target=\"_blank\" rel=\"noreferrer noopener\"><\/a><a href=\"https:\/\/dermaluxled.com\/tri-wave-md-led\/?utm_source=chatgpt.com\" target=\"_blank\" rel=\"noreferrer noopener\"><\/a><a href=\"https:\/\/pmc.ncbi.nlm.nih.gov\/articles\/PMC11049838\/?utm_source=chatgpt.com\" target=\"_blank\" rel=\"noreferrer noopener\"><\/a><\/p><\/div><\/div>\n\n\n\n<div class=\"wp-block-uagb-info-box uagb-block-0e64e8e7 uagb-infobox__content-wrap  uagb-infobox-icon-above-title uagb-infobox-image-valign-top\"><div class=\"uagb-ifb-content\"><div class=\"uagb-ifb-title-wrap\"><h2 class=\"uagb-ifb-title\"><strong>Kombinationen (Verst\u00e4rkung zum richtigen Zeitpunkt)<br><\/strong><\/h2><\/div><p class=\"uagb-ifb-desc\"><strong>Hydrafacial \/ leichtes Peeling:<\/strong> Reinigt und verbessert die Lichtaufnahme<br><strong>Dermapen 4 (geringe Eindringtiefen):<\/strong> LED unterst\u00fctzt die Gewebereaktion unmittelbar\/nach der Behandlung<br><strong>BBL-Laser\/Kaltplasma:<\/strong> LED-Licht beruhigt und unterst\u00fctzt die Genesung<br>Die Reihenfolge und der Zeitpunkt der Kombinationen werden bestimmt <strong>Professional<\/strong> mit.<a href=\"https:\/\/dermaluxled.com\/led-treatment-results\/?utm_source=chatgpt.com\" target=\"_blank\" rel=\"noreferrer noopener\"><\/a><a href=\"https:\/\/dermaluxled.com\/tri-wave-md-led\/?utm_source=chatgpt.com\" target=\"_blank\" rel=\"noreferrer noopener\"><\/a><a href=\"https:\/\/pmc.ncbi.nlm.nih.gov\/articles\/PMC11049838\/?utm_source=chatgpt.com\" target=\"_blank\" rel=\"noreferrer noopener\"><\/a><\/p><\/div><\/div>\n\n\n\n<div class=\"wp-block-uagb-info-box uagb-block-042db52d uagb-infobox__content-wrap  uagb-infobox-icon-above-title uagb-infobox-image-valign-top\"><div class=\"uagb-ifb-content\"><div class=\"uagb-ifb-title-wrap\"><h2 class=\"uagb-ifb-title\"><strong>Vor der Behandlung<br><\/strong><\/h2><\/div><p class=\"uagb-ifb-desc\">NEIN <strong>frische Br\u00e4une\/Selbstbr\u00e4uner<\/strong> am Tag der Behandlung<br>Pause <strong>starke AHA\/BHA-Peelings<\/strong> mit sehr reaktiver Haut <strong>1\u20133 Tage<\/strong><br>Ankommen <strong>saubere Haut<\/strong> Bitte erz\u00e4hlen Sie mir von Ihren Medikamenten und Unvertr\u00e4glichkeiten.<br>Nach der Behandlung<br><strong>Lichtschutzfaktor 30\u201350<\/strong> t\u00e4glich; direkte Sonneneinstrahlung vermeiden <strong>1\u20132 Wochen<\/strong> w\u00e4hrend der aktiven Periode<br>Sanfte Reinigung + <strong>Feuchtigkeitsspendend<\/strong> K\u00f6rperpflege zu Hause; Make-up, wenn sich die Haut angenehm anf\u00fchlt<br>LED ist \u00fcblicherweise <strong>Nullrisiko<\/strong> im Hinblick auf die R\u00fcckkehr zum Alltag (keine Erholungszeit)<br>Kontraindikationen (bitte mit einem Arzt besprechen)<br>Photosensibilit\u00e4tssyndrome, bestimmte <strong>photosensibilisierende Medikamente<\/strong>, aktiv <strong>Dermatitis<\/strong> oder <strong>Infektion<\/strong> Im Behandlungsbereich ist bei Verdacht auf maligne Hautver\u00e4nderungen Vorsicht geboten; Schwangerschaft\/Stillzeit sollten individuell betrachtet werden.<a href=\"https:\/\/dermaluxled.com\/led-treatment-results\/?utm_source=chatgpt.com\" target=\"_blank\" rel=\"noreferrer noopener\"><\/a><a href=\"https:\/\/dermaluxled.com\/tri-wave-md-led\/?utm_source=chatgpt.com\" target=\"_blank\" rel=\"noreferrer noopener\"><\/a><a href=\"https:\/\/pmc.ncbi.nlm.nih.gov\/articles\/PMC11049838\/?utm_source=chatgpt.com\" target=\"_blank\" rel=\"noreferrer noopener\"><\/a><\/p><\/div><\/div>\n\n\n\n<div class=\"wp-block-uagb-image uagb-block-80f6c2b6 wp-block-uagb-image--layout-default wp-block-uagb-image--effect-static wp-block-uagb-image--align-none\"><figure class=\"wp-block-uagb-image__figure\"><img decoding=\"async\" srcset=\"https:\/\/vitaroma.fi\/wp-content\/uploads\/2025\/08\/led-1.png ,https:\/\/vitaroma.fi\/wp-content\/uploads\/2025\/08\/led-1.png 780w, https:\/\/vitaroma.fi\/wp-content\/uploads\/2025\/08\/led-1.png 360w\" sizes=\"auto, (max-width: 480px) 150px\" src=\"https:\/\/vitaroma.fi\/wp-content\/uploads\/2025\/08\/led-1.png\" alt=\"\" class=\"uag-image-2709\" width=\"500\" height=\"500\" title=\"LED-1\" loading=\"lazy\" role=\"img\"\/><\/figure><\/div>\n\n\n\n<div class=\"wp-block-uagb-info-box uagb-block-f59c5ec6 uagb-infobox__content-wrap  uagb-infobox-icon-above-title uagb-infobox-image-valign-top\"><div class=\"uagb-ifb-content\"><div class=\"uagb-ifb-title-wrap\"><h2 class=\"uagb-ifb-title\"><strong>H\u00e4ufig gestellte Fragen (FAQ)<br><\/strong><\/h2><\/div><p class=\"uagb-ifb-desc\"><strong>Ist die LED-Behandlung schmerzhaft?<\/strong><br>Nein \u2013 die Behandlung ist <strong>schmerzlos und entspannend<\/strong> (f\u00fchlt sich angenehm warm an).<br><strong>Wann werde ich die Ergebnisse sehen?<\/strong><br>Viele Erfahrungen <strong>beruhigend und strahlend<\/strong> sofort; weitere strukturelle Ver\u00e4nderungen entwickeln sich <strong>Wochen<\/strong> w\u00e4hrend der Serie.<br><strong>Kann ich die Behandlung im Sommer durchf\u00fchren lassen?<\/strong><br>Ja, LED-Licht sch\u00e4digt die Haut nicht. <strong>Lichtschutzfaktor<\/strong> Es wird jedoch stets empfohlen.<br><strong>Ist es f\u00fcr meine Haut geeignet?<\/strong><br>Grunds\u00e4tzlich ja \u2013 das Beleuchtungsprogramm wird individuell angepasst <strong>Hauttyp und Ziele<\/strong> von.<a href=\"https:\/\/dermaluxled.com\/led-treatment-results\/?utm_source=chatgpt.com\" target=\"_blank\" rel=\"noreferrer noopener\"><\/a><a href=\"https:\/\/dermaluxled.com\/tri-wave-md-led\/?utm_source=chatgpt.com\" target=\"_blank\" rel=\"noreferrer noopener\"><\/a><a href=\"https:\/\/pmc.ncbi.nlm.nih.gov\/articles\/PMC11049838\/?utm_source=chatgpt.com\" target=\"_blank\" rel=\"noreferrer noopener\"><\/a><\/p><\/div><\/div>\n\n\n\n<div class=\"wp-block-uagb-info-box uagb-block-9ffe1ec3 uagb-infobox__content-wrap  uagb-infobox-icon-above-title uagb-infobox-image-valign-top\"><div class=\"uagb-ifb-content\"><div class=\"uagb-ifb-title-wrap\"><h2 class=\"uagb-ifb-title\"><strong>Warum Vitaroma w\u00e4hlen?<br><\/strong><\/h2><\/div><p class=\"uagb-ifb-desc\"><strong>Dermalux Tri-Wave<\/strong> -Technologie: <strong>415\/633\/830 nm<\/strong> klinisch getestete Wellenl\u00e4ngen<br><strong>Individuelle Protokolle<\/strong>: genaue Hautanalyse und Kombinationsplanung<br><strong>Null Wiederherstellungszeit<\/strong> und klar <strong>Anleitung zur h\u00e4uslichen Pflege<\/strong> zur Aufrechterhaltung der Ergebnisse<br><strong>Vereinbaren Sie einen Termin f\u00fcr Dermalux LED-Lichttherapie \u2192<\/strong><br><br><a href=\"https:\/\/dermaluxled.com\/led-treatment-results\/?utm_source=chatgpt.com\" target=\"_blank\" rel=\"noreferrer noopener\"><\/a><a href=\"https:\/\/dermaluxled.com\/tri-wave-md-led\/?utm_source=chatgpt.com\" target=\"_blank\" rel=\"noreferrer noopener\"><\/a><a href=\"https:\/\/pmc.ncbi.nlm.nih.gov\/articles\/PMC11049838\/?utm_source=chatgpt.com\" target=\"_blank\" rel=\"noreferrer noopener\"><\/a><\/p><\/div><\/div>\n<\/div><\/div>\n\n\n\n<div class=\"wp-block-uagb-container uagb-block-9caa1a47 alignfull uagb-is-root-container\"><div class=\"uagb-container-inner-blocks-wrap\">\n<div class=\"wp-block-uagb-advanced-heading uagb-block-1ed0e64e\"><div class=\"uagb-heading-text\">Lassen Sie sich von uns helfen.<\/div><\/div>\n\n\n\n<div class=\"wp-block-uagb-advanced-heading uagb-block-3a57683f\"><h2 class=\"uagb-heading-text\">Kontaktieren Sie uns<\/h2><\/div>\n\n\n\n<div class=\"wp-block-uagb-buttons uagb-buttons__outer-wrap uagb-btn__default-btn uagb-btn-tablet__default-btn uagb-btn-mobile__default-btn uagb-block-9979be0d\"><div class=\"uagb-buttons__wrap uagb-buttons-layout-wrap\">\n<div class=\"wp-block-uagb-buttons-child uagb-buttons__outer-wrap uagb-block-84fd34e5 wp-block-button\"><div class=\"uagb-button__wrapper\"><a class=\"uagb-buttons-repeater wp-block-button__link\" aria-label=\"\" href=\"https:\/\/timma.fi\/yritys\/kauneuskeskus-vitaroma\" rel=\"follow noopener\" target=\"_self\" role=\"button\"><div class=\"uagb-button__link\">Vereinbaren Sie einen Termin<\/div><\/a><\/div><\/div>\n<\/div><\/div>\n\n\n\n<div class=\"wp-block-uagb-buttons uagb-buttons__outer-wrap uagb-btn__default-btn uagb-btn-tablet__default-btn uagb-btn-mobile__default-btn uagb-block-f7add131\"><div class=\"uagb-buttons__wrap uagb-buttons-layout-wrap\">\n<div class=\"wp-block-uagb-buttons-child uagb-buttons__outer-wrap uagb-block-0c11dd62 wp-block-button\"><div class=\"uagb-button__wrapper\"><a class=\"uagb-buttons-repeater wp-block-button__link\" aria-label=\"\" href=\"https:\/\/vitaroma.fi\/de\/kontaktieren-sie-uns\/\" rel=\"follow noopener\" target=\"_self\" role=\"button\"><div class=\"uagb-button__link\">Kontaktieren Sie uns<\/div><\/a><\/div><\/div>\n<\/div><\/div>\n\n\n\n<div class=\"wp-block-uagb-buttons uagb-buttons__outer-wrap uagb-btn__default-btn uagb-btn-tablet__default-btn uagb-btn-mobile__default-btn uagb-block-69da2b3b\"><div class=\"uagb-buttons__wrap uagb-buttons-layout-wrap\">\n<div class=\"wp-block-uagb-buttons-child uagb-buttons__outer-wrap uagb-block-1018754e wp-block-button\"><div class=\"uagb-button__wrapper\"><a class=\"uagb-buttons-repeater wp-block-button__link\" aria-label=\"\" href=\"https:\/\/vitaroma.fi\/de\/informationen-uber-uns\/\" rel=\"follow noopener\" target=\"_self\" role=\"button\"><div class=\"uagb-button__link\">\u00dcber uns<\/div><\/a><\/div><\/div>\n<\/div><\/div>\n\n\n\n<div class=\"wp-block-uagb-advanced-heading uagb-block-838a0a13\"><div class=\"uagb-separator\"><\/div><h3 class=\"uagb-heading-text\">Kostenlose Beratung? 050 365 2103<\/h3><\/div>\n\n\n\n<!-- Font Awesome CDN -->\n<link rel=\"stylesheet\" href=\"https:\/\/cdnjs.cloudflare.com\/ajax\/libs\/font-awesome\/6.4.0\/css\/all.min.css\">\n\n<div class=\"social-links\">\n  <a href=\"https:\/\/www.instagram.com\/kauneuskeskusvitaroma_clinic\/\" target=\"_blank\" rel=\"noopener\" class=\"instagram\">\n    <i class=\"fab fa-instagram\"><\/i> Sch\u00f6nheitszentrum Vitaroma\n  <\/a>\n  <a href=\"https:\/\/www.facebook.com\/61567042467466\/about\/\" target=\"_blank\" rel=\"noopener\" class=\"facebook\">\n    <i class=\"fab fa-facebook\"><\/i> Sch\u00f6nheitszentrum Vitaroma\n  <\/a>\n<\/div>\n\n<style>\n  .social-links {\n    display: flex;\n    justify-content: center;\n    gap: 20px;\n    margin-top: 10px;\n  }\n\n  .social-links a {\n    display: flex;\n    align-items: center;\n    gap: 10px;\n    padding: 12px 20px;\n    font-size: 18px;\n    font-weight: 600;\n    text-decoration: none;\n    color: #fff;\n    background: rgba(0, 0, 0, 0.35);\n    border: 2px solid rgba(255, 255, 255, 0.5);\n    border-radius: 8px;\n    transition: all 0.3s ease;\n    box-shadow: 0 3px 8px rgba(0, 0, 0, 0.2);\n    backdrop-filter: blur(5px);\n  }\n\n  .social-links a i {\n    font-size: 22px;\n  }\n\n  \/* Hover efektleri *\/\n  .social-links a.instagram:hover {\n    background: #E1306C;\n    color: #fff;\n    border-color: #E1306C;\n  }\n\n  .social-links a.facebook:hover {\n    background: #1877F2;\n    color: #fff;\n    border-color: #1877F2;\n  }\n<\/style>\n\n<\/div><\/div>","protected":false},"excerpt":{"rendered":"<p>DERMALUX<\/p>","protected":false},"author":1,"featured_media":0,"parent":0,"menu_order":0,"comment_status":"closed","ping_status":"closed","template":"","meta":{"_surecart_dashboard_logo_width":"180px","_surecart_dashboard_show_logo":true,"_surecart_dashboard_navigation_orders":true,"_surecart_dashboard_navigation_invoices":true,"_surecart_dashboard_navigation_subscriptions":true,"_surecart_dashboard_navigation_downloads":true,"_surecart_dashboard_navigation_billing":true,"_surecart_dashboard_navigation_account":true,"_uag_custom_page_level_css":"","site-sidebar-layout":"default","site-content-layout":"","ast-site-content-layout":"default","site-content-style":"default","site-sidebar-style":"default","ast-global-header-display":"","ast-banner-title-visibility":"","ast-main-header-display":"","ast-hfb-above-header-display":"","ast-hfb-below-header-display":"","ast-hfb-mobile-header-display":"","site-post-title":"disabled","ast-breadcrumbs-content":"","ast-featured-img":"","footer-sml-layout":"","ast-disable-related-posts":"","theme-transparent-header-meta":"","adv-header-id-meta":"","stick-header-meta":"","header-above-stick-meta":"","header-main-stick-meta":"","header-below-stick-meta":"","astra-migrate-meta-layouts":"set","ast-page-background-enabled":"default","ast-page-background-meta":{"desktop":{"background-color":"var(--ast-global-color-4)","background-image":"","background-repeat":"repeat","background-position":"center center","background-size":"auto","background-attachment":"scroll","background-type":"","background-media":"","overlay-type":"","overlay-color":"","overlay-opacity":"","overlay-gradient":""},"tablet":{"background-color":"","background-image":"","background-repeat":"repeat","background-position":"center center","background-size":"auto","background-attachment":"scroll","background-type":"","background-media":"","overlay-type":"","overlay-color":"","overlay-opacity":"","overlay-gradient":""},"mobile":{"background-color":"","background-image":"","background-repeat":"repeat","background-position":"center center","background-size":"auto","background-attachment":"scroll","background-type":"","background-media":"","overlay-type":"","overlay-color":"","overlay-opacity":"","overlay-gradient":""}},"ast-content-background-meta":{"desktop":{"background-color":"var(--ast-global-color-5)","background-image":"","background-repeat":"repeat","background-position":"center center","background-size":"auto","background-attachment":"scroll","background-type":"","background-media":"","overlay-type":"","overlay-color":"","overlay-opacity":"","overlay-gradient":""},"tablet":{"background-color":"var(--ast-global-color-5)","background-image":"","background-repeat":"repeat","background-position":"center center","background-size":"auto","background-attachment":"scroll","background-type":"","background-media":"","overlay-type":"","overlay-color":"","overlay-opacity":"","overlay-gradient":""},"mobile":{"background-color":"var(--ast-global-color-5)","background-image":"","background-repeat":"repeat","background-position":"center center","background-size":"auto","background-attachment":"scroll","background-type":"","background-media":"","overlay-type":"","overlay-color":"","overlay-opacity":"","overlay-gradient":""}},"footnotes":""},"class_list":["post-2457","page","type-page","status-publish","hentry"],"uagb_featured_image_src":{"full":false,"thumbnail":false,"medium":false,"medium_large":false,"large":false,"1536x1536":false,"2048x2048":false,"trp-custom-language-flag":false,"woocommerce_thumbnail":false,"woocommerce_single":false,"woocommerce_gallery_thumbnail":false},"uagb_author_info":{"display_name":"emilkemal4@gmail.com","author_link":"https:\/\/vitaroma.fi\/de\/author\/emilkemal4gmail-com\/"},"uagb_comment_info":0,"uagb_excerpt":"DERMALUX","_links":{"self":[{"href":"https:\/\/vitaroma.fi\/de\/wp-json\/wp\/v2\/pages\/2457","targetHints":{"allow":["GET"]}}],"collection":[{"href":"https:\/\/vitaroma.fi\/de\/wp-json\/wp\/v2\/pages"}],"about":[{"href":"https:\/\/vitaroma.fi\/de\/wp-json\/wp\/v2\/types\/page"}],"author":[{"embeddable":true,"href":"https:\/\/vitaroma.fi\/de\/wp-json\/wp\/v2\/users\/1"}],"replies":[{"embeddable":true,"href":"https:\/\/vitaroma.fi\/de\/wp-json\/wp\/v2\/comments?post=2457"}],"version-history":[{"count":6,"href":"https:\/\/vitaroma.fi\/de\/wp-json\/wp\/v2\/pages\/2457\/revisions"}],"predecessor-version":[{"id":2710,"href":"https:\/\/vitaroma.fi\/de\/wp-json\/wp\/v2\/pages\/2457\/revisions\/2710"}],"wp:attachment":[{"href":"https:\/\/vitaroma.fi\/de\/wp-json\/wp\/v2\/media?parent=2457"}],"curies":[{"name":"wp","href":"https:\/\/api.w.org\/{rel}","templated":true}]}}