{"id":1972,"date":"2025-04-25T16:47:20","date_gmt":"2025-04-25T16:47:20","guid":{"rendered":"https:\/\/vitaroma.fi\/?page_id=1972"},"modified":"2025-08-28T17:13:19","modified_gmt":"2025-08-28T15:13:19","slug":"prp-hoito-veriplasman-voima-ihon-uudistamiseen","status":"publish","type":"page","link":"https:\/\/vitaroma.fi\/de\/prp-behandlung-die-kraft-des-blutplasmas-zur-hauterneuerung\/","title":{"rendered":"PRP-Behandlung \u2013 Die Kraft des Blutplasmas zur Hauterneuerung"},"content":{"rendered":"<div class=\"wp-block-uagb-container uagb-block-5451af51 alignfull uagb-is-root-container\"><div class=\"uagb-container-inner-blocks-wrap\">\n<div class=\"wp-block-uagb-advanced-heading uagb-block-f45ed1f8\"><h1 class=\"uagb-heading-text\">PRP-Behandlung \u2013 Die Kraft des Blutplasmas zur Hauterneuerung<\/h1><\/div>\n<\/div><\/div>\n\n\n\n<div class=\"wp-block-uagb-container uagb-block-wlmazrwo alignfull uagb-is-root-container\"><div class=\"uagb-container-inner-blocks-wrap\">\n<div class=\"wp-block-uagb-container uagb-block-0btjzulc alignfull uagb-is-root-container\"><div class=\"uagb-container-inner-blocks-wrap\">\n<div class=\"wp-block-uagb-image alignleft uagb-block-6xnwaqpe wp-block-uagb-image--layout-default wp-block-uagb-image--effect-static wp-block-uagb-image--align-left\"><figure class=\"wp-block-uagb-image__figure\"><img decoding=\"async\" srcset=\"https:\/\/vitaroma.fi\/wp-content\/uploads\/2025\/04\/Adsiz2-3-1024x576.png ,https:\/\/vitaroma.fi\/wp-content\/uploads\/2025\/04\/Adsiz2-3.png 780w, https:\/\/vitaroma.fi\/wp-content\/uploads\/2025\/04\/Adsiz2-3.png 360w\" sizes=\"auto, (max-width: 480px) 150px\" src=\"https:\/\/vitaroma.fi\/wp-content\/uploads\/2025\/04\/Adsiz2-3-1024x576.png\" alt=\"PRP-Behandlung \u2013 Die Kraft des Blutplasmas zur Hauterneuerung\" class=\"uag-image-2111\" width=\"564\" height=\"400\" title=\"PRP-Behandlung \u2013 Die Kraft des Blutplasmas zur Hauterneuerung\" loading=\"lazy\" role=\"img\"\/><\/figure><\/div>\n\n\n\n<div class=\"wp-block-uagb-container uagb-block-xrkfcv1q\">\n<div class=\"wp-block-uagb-info-box uagb-block-amettuy1 uagb-infobox__content-wrap  uagb-infobox-icon-above-title uagb-infobox-image-valign-top\"><div class=\"uagb-ifb-content\"><div class=\"uagb-ifb-title-wrap\"><h3 class=\"uagb-ifb-title\">Eine nat\u00fcrliche Behandlungsmethode f\u00fcr strahlende und jugendliche Haut<\/h3><\/div><p class=\"uagb-ifb-desc\"><strong>PRP-Behandlung<\/strong> (Platelet Rich Plasma) ist auch bekannt als <em>Vampirbehandlung<\/em>, und es ist eine v\u00f6llig nat\u00fcrliche Form der Hautpflege, die auf der k\u00f6rpereigenen Biologie basiert. Es verwendet <strong>Ihr eigenes Blutplasma<\/strong>, das mit Wachstumsfaktoren angereichert ist. PRP stimuliert die Hauterneuerung auf zellul\u00e4rer Ebene und f\u00f6rdert <strong>Produktion von Kollagen, Elastin und Hyalurons\u00e4ure<\/strong> ohne Chemikalien oder Zusatzstoffe.<\/p><\/div><\/div>\n<\/div>\n<\/div><\/div>\n<\/div><\/div>\n\n\n\n<div class=\"wp-block-uagb-container uagb-block-onenjlwh alignfull uagb-is-root-container\"><div class=\"uagb-container-inner-blocks-wrap\">\n<div class=\"wp-block-uagb-info-box uagb-block-kdw4sbfe uagb-infobox__content-wrap  uagb-infobox-icon-above-title uagb-infobox-image-valign-top\"><div class=\"uagb-ifb-content\"><div class=\"uagb-ifb-title-wrap\"><h2 class=\"uagb-ifb-title\">Was sind die Vorteile einer PRP-Behandlung?<\/h2><\/div><p class=\"uagb-ifb-desc\"><strong>Festigt und gl\u00e4ttet<\/strong> Haut, mildert feine Linien<br><strong>Gleicht den Hautton und die Oberfl\u00e4chenstruktur aus.<\/strong>, mehr Glanz<br><strong>Narben<\/strong> (insbesondere Aknenarben) und Oberfl\u00e4chensch\u00e4den <strong>Erweichung<\/strong><br><strong>Beruhigen<\/strong> gestresste\/gereizte Haut (einzeln)<br><strong>Kopfhaut:<\/strong> unterst\u00fctzt den Haarwachstumszyklus und reduziert Anzeichen von Haarausfall (individuell).<br>Hinweis: Das Ansprechen auf die Behandlung h\u00e4ngt von Alter, Hautzustand, Lebensstil und h\u00e4uslicher Hautpflege ab. Die Behandlungsziele werden im Beratungsgespr\u00e4ch besprochen.<\/p><\/div><\/div>\n\n\n\n<div class=\"wp-block-uagb-info-box uagb-block-6f18b7a4 uagb-infobox__content-wrap  uagb-infobox-icon-above-title uagb-infobox-image-valign-top\"><div class=\"uagb-ifb-content\"><div class=\"uagb-ifb-title-wrap\"><h2 class=\"uagb-ifb-title\">F\u00fcr wen ist PRP geeignet \u2013 und wann sollte man es zuerst untersuchen?<br><\/h2><\/div><p class=\"uagb-ifb-desc\"><strong>Geeignet f\u00fcr:<\/strong> zur Behandlung von alternder, fahler oder ungleichm\u00e4\u00dfiger Haut; zur Milderung von Akne-\/Operationsnarben; zur Unterst\u00fctzung der Kopfhaut.<br><strong>Lassen Sie uns zun\u00e4chst Folgendes auswerten:<\/strong> Schwangerschaft\/Stillzeit, Blutgerinnungsst\u00f6rungen\/Antikoagulanzien, aktive Dermatitis, Autoimmunerkrankungen in der aktiven Phase, schwere An\u00e4mie, Infektion mit Fieber, Isotretinoin in den kommenden Monaten.<\/p><\/div><\/div>\n\n\n\n<div class=\"wp-block-uagb-image uagb-block-d80131cb wp-block-uagb-image--layout-default wp-block-uagb-image--effect-static wp-block-uagb-image--align-none\"><figure class=\"wp-block-uagb-image__figure\"><img decoding=\"async\" srcset=\"https:\/\/vitaroma.fi\/wp-content\/uploads\/2025\/08\/prp-tretman-estetski-tretman-lica-m.jpg ,https:\/\/vitaroma.fi\/wp-content\/uploads\/2025\/08\/prp-tretman-estetski-tretman-lica-m.jpg 780w, https:\/\/vitaroma.fi\/wp-content\/uploads\/2025\/08\/prp-tretman-estetski-tretman-lica-m.jpg 360w\" sizes=\"auto, (max-width: 480px) 150px\" src=\"https:\/\/vitaroma.fi\/wp-content\/uploads\/2025\/08\/prp-tretman-estetski-tretman-lica-m.jpg\" alt=\"\" class=\"uag-image-2703\" width=\"900\" height=\"675\" title=\"prp-tretman-estetski-tretman-lica-m\" loading=\"lazy\" role=\"img\"\/><\/figure><\/div>\n\n\n\n<div class=\"wp-block-uagb-info-box uagb-block-ffaf723f uagb-infobox__content-wrap  uagb-infobox-icon-above-title uagb-infobox-image-valign-top\"><div class=\"uagb-ifb-content\"><div class=\"uagb-ifb-title-wrap\"><h2 class=\"uagb-ifb-title\">Wo ist PRP wirksam?<br><\/h2><\/div><p class=\"uagb-ifb-desc\"><strong>Gesicht:<\/strong> Wangen, Augenpartie, Oberlippe<br><strong>Hals &amp; Dekollet\u00e9<\/strong>, Handr\u00fccken<br><strong>Kopfhaut:<\/strong> Anfangsstadium der Ausd\u00fcnnung, Haaransatz, Scheitelbereich<\/p><\/div><\/div>\n\n\n\n<div class=\"wp-block-uagb-info-box uagb-block-e4414226 uagb-infobox__content-wrap  uagb-infobox-icon-above-title uagb-infobox-image-valign-top\"><div class=\"uagb-ifb-content\"><div class=\"uagb-ifb-title-wrap\"><h2 class=\"uagb-ifb-title\">Wie verl\u00e4uft die Behandlung (bei der Rezeption)?<br><\/h2><\/div><p class=\"uagb-ifb-desc\"><strong>Beratung &amp; Planung<\/strong> \u2013 Ziele, Kontraindikationen, Bereiche.<br><strong>Blutprobe (ca. 10\u201320 ml)<\/strong> \u2013 hygienische, schnelle Aufnahme.<br><strong>Zentrifugation<\/strong> - separate <strong>pl\u00e4ttchenreiches Plasma<\/strong>.<br><strong>Dosierung<\/strong> \u2013 PRP wird exportiert <strong>mit Mikroinjektionen<\/strong> bis zur richtigen Hauttiefe; falls erforderlich, verwenden <strong>An\u00e4sthesie<\/strong>.<br><strong>Beenden<\/strong> \u2013 beruhigende Creme\/Maske und Gebrauchsanweisung.<br><strong>Dauer:<\/strong> von. <strong>45\u201360 Minuten<\/strong> je nach Region. R\u00fcckkehr zum Alltag in der Regel sofort; <strong>leichte R\u00f6tung\/Schwellung<\/strong> 1\u20132 Tage sind normal.<\/p><\/div><\/div>\n\n\n\n<div class=\"wp-block-uagb-info-box uagb-block-026c5772 uagb-infobox__content-wrap  uagb-infobox-icon-above-title uagb-infobox-image-valign-top\"><div class=\"uagb-ifb-content\"><div class=\"uagb-ifb-title-wrap\"><h2 class=\"uagb-ifb-title\">Ergebnisse und Behandlungsempfehlung<br><\/h2><\/div><p class=\"uagb-ifb-desc\"><strong>Erste Anzeichen nach 3\u20134 Wochen:<\/strong> Vollerer Klang, hellerer Ton<br><strong>1\u20133 Monate:<\/strong> Subtile Verbesserung von Struktur und Elastizit\u00e4t, Abmilderung von Narben<br><strong>Serie:<\/strong> <strong>3\u20134 Behandlungen<\/strong> von. <strong>4 Wochen<\/strong> jeden zweiten Tag<br><strong>Wartung:<\/strong> <strong>1\u20132\u00d7\/Jahr<\/strong> nach Bedarf<br><strong>Kopfhaut:<\/strong> oft <strong>3\u20134 Behandlungen<\/strong> Wartung alle 4 Wochen <strong>3\u20136 Monate<\/strong> jeden zweiten Tag<\/p><\/div><\/div>\n\n\n\n<div class=\"wp-block-uagb-info-box uagb-block-98f252bd uagb-infobox__content-wrap  uagb-infobox-icon-above-title uagb-infobox-image-valign-top\"><div class=\"uagb-ifb-content\"><div class=\"uagb-ifb-title-wrap\"><h2 class=\"uagb-ifb-title\">Vor der Behandlung \u2013 bereiten Sie sich wie folgt vor<br><\/h2><\/div><p class=\"uagb-ifb-desc\">Leistung <strong>die Blutungen verst\u00e4rken<\/strong> Nahrungserg\u00e4nzungsmittel\/Medikamente (z. B. hochdosierte Omega-3-Fetts\u00e4uren, Acetylsalicyls\u00e4ure) nur nach \u00e4rztlicher R\u00fccksprache <strong>3\u20135 Tage<\/strong> vor<br><strong>Kein Alkohol<\/strong> am Abend zuvor; <strong>Trinkwasser<\/strong> am Tag der Behandlung<br>Ankommen <strong>saubere Haut<\/strong> Vorzugsweise sollte die Kopfhaut sauber sein, ohne Stylingprodukte.<\/p><\/div><\/div>\n\n\n\n<div class=\"wp-block-uagb-info-box uagb-block-225c3db5 uagb-infobox__content-wrap  uagb-infobox-icon-above-title uagb-infobox-image-valign-top\"><div class=\"uagb-ifb-content\"><div class=\"uagb-ifb-title-wrap\"><h2 class=\"uagb-ifb-title\">Nachsorge \u2013 tun Sie Folgendes<br><\/h2><\/div><p class=\"uagb-ifb-desc\"><strong>Lichtschutzfaktor 30\u201350<\/strong> t\u00e4glich auf die behandelten Bereiche f\u00fcr 1\u20132 Wochen anwenden<br><strong>Keine Sauna\/starkes Schwitzen<\/strong> 24\u201348 Stunden; vermeiden Sie in dieser Zeit das Schwimmbad.<br><strong>Keine Retinoide\/AHA\/BHA-Peelings<\/strong> 3\u20135 Tage<br>Sanfte Reinigung + <strong>feuchtigkeitsspendend, hautbarriere-unterst\u00fctzend<\/strong> Pflege<br>Kopfhaut: Nicht waschen <strong>24 Stunden<\/strong>, 48 Stunden lang keine starke Massage\/W\u00e4rme.<\/p><\/div><\/div>\n\n\n\n<div class=\"wp-block-uagb-info-box uagb-block-4325bab5 uagb-infobox__content-wrap  uagb-infobox-icon-above-title uagb-infobox-image-valign-top\"><div class=\"uagb-ifb-content\"><div class=\"uagb-ifb-title-wrap\"><h2 class=\"uagb-ifb-title\">Risiken und Nebenwirkungen (in der Regel mild und vor\u00fcbergehend)<br><\/h2><\/div><p class=\"uagb-ifb-desc\"><strong>R\u00f6tung, Schwellung, Bluterg\u00fcsse<\/strong>, Schmerzen an der Injektionsstelle<br>Selten <strong>Kopfschmerzen<\/strong> (Kopfhaut), <strong>Infektionsrisiko<\/strong> ist aufgrund der Asepsis sehr klein<br>Das Allergierisiko betr\u00e4gt <strong>sehr klein<\/strong>, weil es verwendet wird <strong>eigene Zutaten<\/strong> (autologe Behandlung)<\/p><\/div><\/div>\n\n\n\n<div class=\"wp-block-uagb-image uagb-block-d441783a wp-block-uagb-image--layout-default wp-block-uagb-image--effect-static wp-block-uagb-image--align-none\"><figure class=\"wp-block-uagb-image__figure\"><img decoding=\"async\" srcset=\"https:\/\/vitaroma.fi\/wp-content\/uploads\/2025\/08\/PRP-hoito-done.jpg ,https:\/\/vitaroma.fi\/wp-content\/uploads\/2025\/08\/PRP-hoito-done.jpg 780w, https:\/\/vitaroma.fi\/wp-content\/uploads\/2025\/08\/PRP-hoito-done.jpg 360w\" sizes=\"auto, (max-width: 480px) 150px\" src=\"https:\/\/vitaroma.fi\/wp-content\/uploads\/2025\/08\/PRP-hoito-done.jpg\" alt=\"\" class=\"uag-image-2704\" width=\"800\" height=\"600\" title=\"PRP-Behandlung durchgef\u00fchrt\" loading=\"lazy\" role=\"img\"\/><\/figure><\/div>\n\n\n\n<div class=\"wp-block-uagb-info-box uagb-block-33a950f9 uagb-infobox__content-wrap  uagb-infobox-icon-above-title uagb-infobox-image-valign-top\"><div class=\"uagb-ifb-content\"><div class=\"uagb-ifb-title-wrap\"><h2 class=\"uagb-ifb-title\">FAQ \u2013 H\u00e4ufig gestellte Fragen<br><\/h2><\/div><p class=\"uagb-ifb-desc\"><strong>Ist die PRP-Therapie schmerzhaft?<\/strong><br>Die meisten Menschen erleben die Behandlung unter Narkose. <strong>gut vertr\u00e4glich<\/strong> (Kneifen, Druckgef\u00fchl).<br><strong>Kann ich es mit anderen Behandlungen kombinieren?<\/strong><br>Ja. PRP funktioniert gut zusammen <strong>Mikroneedling (Dermapen 4)<\/strong>, <strong>Hydrafacial<\/strong>, <strong>LED-Therapie<\/strong> oder selektiv <strong>BBL\/Kaltplasma<\/strong>mit Protokollen. Der Zeitplan wird individuell erstellt.<br><strong>Ist es f\u00fcr die Augenpartie geeignet?<\/strong><br>Ja, wenn Dosierung und Technik individuell angepasst werden; zu erwarten <strong>vor\u00fcbergehende Schwellung<\/strong> 24\u201348 Stunden.<br><strong>Und die Haare?<\/strong><br>Kopfhaut-PRP kann <strong>den Wachstumszyklus unterst\u00fctzen<\/strong> und reduziert Anzeichen von Haarausfall, insbesondere im Fr\u00fchstadium; eine regelm\u00e4\u00dfige Anwendung und regelm\u00e4\u00dfige Pflege sind wichtig.<\/p><\/div><\/div>\n\n\n\n<div class=\"wp-block-uagb-info-box uagb-block-8dd8da51 uagb-infobox__content-wrap  uagb-infobox-icon-above-title uagb-infobox-image-valign-top\"><div class=\"uagb-ifb-content\"><div class=\"uagb-ifb-title-wrap\"><h2 class=\"uagb-ifb-title\">Warum Vitaroma w\u00e4hlen?<br><\/h2><\/div><p class=\"uagb-ifb-desc\"><strong>Steril, CE-konform<\/strong> Berufst\u00e4tige und erfahrene Fachkr\u00e4fte<br><strong>Individuelle Dosierung<\/strong> nach Region und Ziel<br><strong>Ganzheitlicher Behandlungsweg:<\/strong> klare Vor- und Nachbehandlung, realistische Ziele und \u00dcberwachung<br><strong>Vereinbaren Sie einen Termin f\u00fcr eine PRP-Behandlung \u2192<\/strong><\/p><\/div><\/div>\n<\/div><\/div>\n\n\n\n<div class=\"wp-block-uagb-container uagb-block-9caa1a47 alignfull uagb-is-root-container\"><div class=\"uagb-container-inner-blocks-wrap\">\n<div class=\"wp-block-uagb-advanced-heading uagb-block-1ed0e64e\"><div class=\"uagb-heading-text\">Lassen Sie sich von uns helfen.<\/div><\/div>\n\n\n\n<div class=\"wp-block-uagb-advanced-heading uagb-block-3a57683f\"><h2 class=\"uagb-heading-text\">Kontaktieren Sie uns<\/h2><\/div>\n\n\n\n<div class=\"wp-block-uagb-buttons uagb-buttons__outer-wrap uagb-btn__default-btn uagb-btn-tablet__default-btn uagb-btn-mobile__default-btn uagb-block-9979be0d\"><div class=\"uagb-buttons__wrap uagb-buttons-layout-wrap\">\n<div class=\"wp-block-uagb-buttons-child uagb-buttons__outer-wrap uagb-block-84fd34e5 wp-block-button\"><div class=\"uagb-button__wrapper\"><a class=\"uagb-buttons-repeater wp-block-button__link\" aria-label=\"\" href=\"https:\/\/timma.fi\/yritys\/kauneuskeskus-vitaroma\" rel=\"follow noopener\" target=\"_self\" role=\"button\"><div class=\"uagb-button__link\">Vereinbaren Sie einen Termin<\/div><\/a><\/div><\/div>\n<\/div><\/div>\n\n\n\n<div class=\"wp-block-uagb-buttons uagb-buttons__outer-wrap uagb-btn__default-btn uagb-btn-tablet__default-btn uagb-btn-mobile__default-btn uagb-block-f7add131\"><div class=\"uagb-buttons__wrap uagb-buttons-layout-wrap\">\n<div class=\"wp-block-uagb-buttons-child uagb-buttons__outer-wrap uagb-block-0c11dd62 wp-block-button\"><div class=\"uagb-button__wrapper\"><a class=\"uagb-buttons-repeater wp-block-button__link\" aria-label=\"\" href=\"https:\/\/vitaroma.fi\/de\/kontaktieren-sie-uns\/\" rel=\"follow noopener\" target=\"_self\" role=\"button\"><div class=\"uagb-button__link\">Kontaktieren Sie uns<\/div><\/a><\/div><\/div>\n<\/div><\/div>\n\n\n\n<div class=\"wp-block-uagb-buttons uagb-buttons__outer-wrap uagb-btn__default-btn uagb-btn-tablet__default-btn uagb-btn-mobile__default-btn uagb-block-69da2b3b\"><div class=\"uagb-buttons__wrap uagb-buttons-layout-wrap\">\n<div class=\"wp-block-uagb-buttons-child uagb-buttons__outer-wrap uagb-block-1018754e wp-block-button\"><div class=\"uagb-button__wrapper\"><a class=\"uagb-buttons-repeater wp-block-button__link\" aria-label=\"\" href=\"https:\/\/vitaroma.fi\/de\/informationen-uber-uns\/\" rel=\"follow noopener\" target=\"_self\" role=\"button\"><div class=\"uagb-button__link\">\u00dcber uns<\/div><\/a><\/div><\/div>\n<\/div><\/div>\n\n\n\n<div class=\"wp-block-uagb-advanced-heading uagb-block-838a0a13\"><div class=\"uagb-separator\"><\/div><h3 class=\"uagb-heading-text\">Kostenlose Beratung? 050 365 2103<\/h3><\/div>\n\n\n\n<!-- Font Awesome CDN -->\n<link rel=\"stylesheet\" href=\"https:\/\/cdnjs.cloudflare.com\/ajax\/libs\/font-awesome\/6.4.0\/css\/all.min.css\">\n\n<div class=\"social-links\">\n  <a href=\"https:\/\/www.instagram.com\/kauneuskeskusvitaroma_clinic\/\" target=\"_blank\" rel=\"noopener\" class=\"instagram\">\n    <i class=\"fab fa-instagram\"><\/i> Sch\u00f6nheitszentrum Vitaroma\n  <\/a>\n  <a href=\"https:\/\/www.facebook.com\/61567042467466\/about\/\" target=\"_blank\" rel=\"noopener\" class=\"facebook\">\n    <i class=\"fab fa-facebook\"><\/i> Sch\u00f6nheitszentrum Vitaroma\n  <\/a>\n<\/div>\n\n<style>\n  .social-links {\n    display: flex;\n    justify-content: center;\n    gap: 20px;\n    margin-top: 10px;\n  }\n\n  .social-links a {\n    display: flex;\n    align-items: center;\n    gap: 10px;\n    padding: 12px 20px;\n    font-size: 18px;\n    font-weight: 600;\n    text-decoration: none;\n    color: #fff;\n    background: rgba(0, 0, 0, 0.35);\n    border: 2px solid rgba(255, 255, 255, 0.5);\n    border-radius: 8px;\n    transition: all 0.3s ease;\n    box-shadow: 0 3px 8px rgba(0, 0, 0, 0.2);\n    backdrop-filter: blur(5px);\n  }\n\n  .social-links a i {\n    font-size: 22px;\n  }\n\n  \/* Hover efektleri *\/\n  .social-links a.instagram:hover {\n    background: #E1306C;\n    color: #fff;\n    border-color: #E1306C;\n  }\n\n  .social-links a.facebook:hover {\n    background: #1877F2;\n    color: #fff;\n    border-color: #1877F2;\n  }\n<\/style>\n\n<\/div><\/div>","protected":false},"excerpt":{"rendered":"<p>PRP-Behandlung \u2013 Die Kraft des Blutplasmas zur Hauterneuerung<\/p>","protected":false},"author":1,"featured_media":0,"parent":0,"menu_order":0,"comment_status":"closed","ping_status":"closed","template":"","meta":{"_surecart_dashboard_logo_width":"180px","_surecart_dashboard_show_logo":true,"_surecart_dashboard_navigation_orders":true,"_surecart_dashboard_navigation_invoices":true,"_surecart_dashboard_navigation_subscriptions":true,"_surecart_dashboard_navigation_downloads":true,"_surecart_dashboard_navigation_billing":true,"_surecart_dashboard_navigation_account":true,"_uag_custom_page_level_css":"","site-sidebar-layout":"default","site-content-layout":"","ast-site-content-layout":"default","site-content-style":"default","site-sidebar-style":"default","ast-global-header-display":"","ast-banner-title-visibility":"","ast-main-header-display":"","ast-hfb-above-header-display":"","ast-hfb-below-header-display":"","ast-hfb-mobile-header-display":"","site-post-title":"disabled","ast-breadcrumbs-content":"","ast-featured-img":"","footer-sml-layout":"","theme-transparent-header-meta":"","adv-header-id-meta":"","stick-header-meta":"","header-above-stick-meta":"","header-main-stick-meta":"","header-below-stick-meta":"","astra-migrate-meta-layouts":"set","ast-page-background-enabled":"default","ast-page-background-meta":{"desktop":{"background-color":"var(--ast-global-color-4)","background-image":"","background-repeat":"repeat","background-position":"center center","background-size":"auto","background-attachment":"scroll","background-type":"","background-media":"","overlay-type":"","overlay-color":"","overlay-opacity":"","overlay-gradient":""},"tablet":{"background-color":"","background-image":"","background-repeat":"repeat","background-position":"center center","background-size":"auto","background-attachment":"scroll","background-type":"","background-media":"","overlay-type":"","overlay-color":"","overlay-opacity":"","overlay-gradient":""},"mobile":{"background-color":"","background-image":"","background-repeat":"repeat","background-position":"center center","background-size":"auto","background-attachment":"scroll","background-type":"","background-media":"","overlay-type":"","overlay-color":"","overlay-opacity":"","overlay-gradient":""}},"ast-content-background-meta":{"desktop":{"background-color":"var(--ast-global-color-5)","background-image":"","background-repeat":"repeat","background-position":"center center","background-size":"auto","background-attachment":"scroll","background-type":"","background-media":"","overlay-type":"","overlay-color":"","overlay-opacity":"","overlay-gradient":""},"tablet":{"background-color":"var(--ast-global-color-5)","background-image":"","background-repeat":"repeat","background-position":"center center","background-size":"auto","background-attachment":"scroll","background-type":"","background-media":"","overlay-type":"","overlay-color":"","overlay-opacity":"","overlay-gradient":""},"mobile":{"background-color":"var(--ast-global-color-5)","background-image":"","background-repeat":"repeat","background-position":"center center","background-size":"auto","background-attachment":"scroll","background-type":"","background-media":"","overlay-type":"","overlay-color":"","overlay-opacity":"","overlay-gradient":""}},"footnotes":""},"class_list":["post-1972","page","type-page","status-publish","hentry"],"uagb_featured_image_src":{"full":false,"thumbnail":false,"medium":false,"medium_large":false,"large":false,"1536x1536":false,"2048x2048":false,"trp-custom-language-flag":false,"woocommerce_thumbnail":false,"woocommerce_single":false,"woocommerce_gallery_thumbnail":false},"uagb_author_info":{"display_name":"emilkemal4@gmail.com","author_link":"https:\/\/vitaroma.fi\/de\/author\/emilkemal4gmail-com\/"},"uagb_comment_info":0,"uagb_excerpt":"PRP-hoito \u2013 Veriplasman voima ihon uudistamiseen","_links":{"self":[{"href":"https:\/\/vitaroma.fi\/de\/wp-json\/wp\/v2\/pages\/1972","targetHints":{"allow":["GET"]}}],"collection":[{"href":"https:\/\/vitaroma.fi\/de\/wp-json\/wp\/v2\/pages"}],"about":[{"href":"https:\/\/vitaroma.fi\/de\/wp-json\/wp\/v2\/types\/page"}],"author":[{"embeddable":true,"href":"https:\/\/vitaroma.fi\/de\/wp-json\/wp\/v2\/users\/1"}],"replies":[{"embeddable":true,"href":"https:\/\/vitaroma.fi\/de\/wp-json\/wp\/v2\/comments?post=1972"}],"version-history":[{"count":10,"href":"https:\/\/vitaroma.fi\/de\/wp-json\/wp\/v2\/pages\/1972\/revisions"}],"predecessor-version":[{"id":2705,"href":"https:\/\/vitaroma.fi\/de\/wp-json\/wp\/v2\/pages\/1972\/revisions\/2705"}],"wp:attachment":[{"href":"https:\/\/vitaroma.fi\/de\/wp-json\/wp\/v2\/media?parent=1972"}],"curies":[{"name":"wp","href":"https:\/\/api.w.org\/{rel}","templated":true}]}}