{"id":1968,"date":"2025-04-25T16:39:04","date_gmt":"2025-04-25T16:39:04","guid":{"rendered":"https:\/\/vitaroma.fi\/?page_id=1968"},"modified":"2025-08-28T18:28:36","modified_gmt":"2025-08-28T16:28:36","slug":"ripset-ja-kulmat","status":"publish","type":"page","link":"https:\/\/vitaroma.fi\/de\/wimpern-und-augenbrauen\/","title":{"rendered":"Wimpern und Augenbrauen"},"content":{"rendered":"<div class=\"wp-block-uagb-container uagb-block-5451af51 alignfull uagb-is-root-container\"><div class=\"uagb-container-inner-blocks-wrap\">\n<div class=\"wp-block-uagb-advanced-heading uagb-block-f45ed1f8\"><h1 class=\"uagb-heading-text\">Wimpern und Augenbrauen<\/h1><\/div>\n<\/div><\/div>\n\n\n\n<div class=\"wp-block-uagb-container uagb-block-wlmazrwo alignfull uagb-is-root-container\"><div class=\"uagb-container-inner-blocks-wrap\">\n<div class=\"wp-block-uagb-container uagb-block-0btjzulc alignfull uagb-is-root-container\"><div class=\"uagb-container-inner-blocks-wrap\">\n<div class=\"wp-block-uagb-image alignleft uagb-block-6xnwaqpe wp-block-uagb-image--layout-default wp-block-uagb-image--effect-static wp-block-uagb-image--align-left\"><figure class=\"wp-block-uagb-image__figure\"><img decoding=\"async\" srcset=\"https:\/\/vitaroma.fi\/wp-content\/uploads\/2025\/04\/Adsiz1-3-1024x576.png ,https:\/\/vitaroma.fi\/wp-content\/uploads\/2025\/04\/Adsiz1-3.png 780w, https:\/\/vitaroma.fi\/wp-content\/uploads\/2025\/04\/Adsiz1-3.png 360w\" sizes=\"auto, (max-width: 480px) 150px\" src=\"https:\/\/vitaroma.fi\/wp-content\/uploads\/2025\/04\/Adsiz1-3-1024x576.png\" alt=\"Wimpern und Augenbrauen\" class=\"uag-image-2108\" width=\"564\" height=\"400\" title=\"Wimpern und Augenbrauen\" loading=\"lazy\" role=\"img\"\/><\/figure><\/div>\n\n\n\n<div class=\"wp-block-uagb-container uagb-block-xrkfcv1q\">\n<div class=\"wp-block-uagb-info-box uagb-block-amettuy1 uagb-infobox__content-wrap  uagb-infobox-icon-above-title uagb-infobox-image-valign-top\"><div class=\"uagb-ifb-content\"><div class=\"uagb-ifb-title-wrap\"><h3 class=\"uagb-ifb-title\">Vervollst\u00e4ndigen Sie Ihren Look mit gepflegten Augenbrauen und sch\u00f6nen Wimpern<\/h3><\/div><p class=\"uagb-ifb-desc\"><strong>Wimpern und Augenbrauen<\/strong> sind der Rahmen des Gesichts \u2013 gepflegt betonen sie Ihre Augen und verleihen Ihrem gesamten Erscheinungsbild Ausgeglichenheit und Frische. Das Sch\u00f6nheitszentrum Vitaroma Clinic bietet professionell durchgef\u00fchrte Wimpern- und Augenbrauenbehandlungen an, die individuell auf jeden Kunden zugeschnitten sind.<br>M\u00f6chten Sie ein nat\u00fcrliches Ergebnis oder etwas Dramatischeres? Bei uns finden Sie genau die passende L\u00f6sung.<\/p><\/div><\/div>\n<\/div>\n<\/div><\/div>\n<\/div><\/div>\n\n\n\n<div class=\"wp-block-uagb-container uagb-block-onenjlwh alignfull uagb-is-root-container\"><div class=\"uagb-container-inner-blocks-wrap\">\n<div class=\"wp-block-uagb-info-box uagb-block-kdw4sbfe uagb-infobox__content-wrap  uagb-infobox-icon-above-title uagb-infobox-image-valign-top\"><div class=\"uagb-ifb-content\"><div class=\"uagb-ifb-title-wrap\"><h2 class=\"uagb-ifb-title\">Leistungen<\/h2><\/div><p class=\"uagb-ifb-desc\">Wimpernlifting + auf Wunsch permanente Wimpernf\u00e4rbung<br>Nat\u00fcrliche Wimpern <strong>erhaben und gebogen<\/strong> Ohne Extensions. Das Endergebnis \u00f6ffnet den Blick, l\u00e4sst die Wimpern ausdrucksvoller wirken und reduziert den Bedarf an Mascara.<br><strong>Dauer:<\/strong> 45\u201360 Minuten \u00b7 <strong>Widerstand:<\/strong> von. <strong>4\u20136 Wochen<\/strong> (Person)<br><strong>Inhalt:<\/strong> Biegung + <strong>dauerhafte F\u00e4rbung<\/strong> Auf Wunsch ein sorgf\u00e4ltiger Abschluss.<br>Augenbrauenlaminierung + -formung + Dauerf\u00e4rbung<br>Augenbrauen <strong>in die gew\u00fcnschte Richtung einstellen<\/strong>, Dann lautet der allgemeine Ausdruck <strong>sauberer, voller<\/strong> und symmetrischer. Geeignet f\u00fcr d\u00fcnne, sp\u00e4rliche oder \u201cwild wachsende\u201d Augenbrauen.<br><strong>Dauer:<\/strong> 45\u201360 Minuten \u00b7 <strong>Widerstand:<\/strong> von. <strong>4\u20135 Wochen<\/strong><br><strong>Inhalt:<\/strong> Laminierung, <strong>Design<\/strong> (Pinzette\/Wachs) und <strong>permanente Farbe<\/strong> nach Bedarf.<br>Augenbrauenformen &amp; Permanentf\u00e4rbung<br>Ein klassischer Service, bei dem <strong>Wir messen und zeichnen<\/strong> Wir passen die Konturen den Proportionen Ihres Gesichts an, entfernen \u00fcbersch\u00fcssige Haare und <strong>unser Ton<\/strong> Ecken nach Ihren W\u00fcnschen.<br><strong>Dauer:<\/strong> 20\u201330 Minuten \u00b7 <strong>Widerstand:<\/strong> Farbe n. <strong>3\u20134 Wochen<\/strong>.<br><strong>Wenn Sie m\u00f6chten<\/strong> Wir kombinieren Wimpern- und Augenbrauenbehandlungen in einem Termin. Wir planen die Behandlung und die Materialauswahl. <strong>sicher<\/strong>.<\/p><\/div><\/div>\n\n\n\n<div class=\"wp-block-uagb-image uagb-block-2a28442f wp-block-uagb-image--layout-default wp-block-uagb-image--effect-static wp-block-uagb-image--align-none\"><figure class=\"wp-block-uagb-image__figure\"><img decoding=\"async\" srcset=\"https:\/\/vitaroma.fi\/wp-content\/uploads\/2025\/08\/Brow-Lamination.webp ,https:\/\/vitaroma.fi\/wp-content\/uploads\/2025\/08\/Brow-Lamination.webp 780w, https:\/\/vitaroma.fi\/wp-content\/uploads\/2025\/08\/Brow-Lamination.webp 360w\" sizes=\"auto, (max-width: 480px) 150px\" src=\"https:\/\/vitaroma.fi\/wp-content\/uploads\/2025\/08\/Brow-Lamination.webp\" alt=\"\" class=\"uag-image-2727\" width=\"600\" height=\"600\" title=\"Augenbrauenlaminierung\" loading=\"lazy\" role=\"img\"\/><\/figure><\/div>\n\n\n\n<div class=\"wp-block-uagb-info-box uagb-block-6f18b7a4 uagb-infobox__content-wrap  uagb-infobox-icon-above-title uagb-infobox-image-valign-top\"><div class=\"uagb-ifb-content\"><div class=\"uagb-ifb-title-wrap\"><h2 class=\"uagb-ifb-title\">F\u00fcr wen sind die Behandlungen geeignet?<br><\/h2><\/div><p class=\"uagb-ifb-desc\">Nat\u00fcrlich, aber <strong>gepflegt<\/strong> f\u00fcr diejenigen, die einen Blick riskieren wollen<br><strong>F\u00fcr helles, d\u00fcnnes oder sp\u00e4rliches Haar<\/strong> f\u00fcr Augenbrauen\/Wimpern<br>F\u00fcr diejenigen, die wollen <strong>Morgenroutinen beschleunigen<\/strong> und Make-up reduzieren<br>F\u00fcr alle, die sich auf Fotoshootings\/Veranstaltungen vorbereiten (bitte gem\u00e4\u00df den Anweisungen planen)<br><strong>Lassen Sie uns zun\u00e4chst Folgendes auswerten:<\/strong> aktive Augenlid-\/Haut <strong>Entz\u00fcndung<\/strong>, verletzte Haut, <strong>Allergieneigung<\/strong> f\u00fcr Farbstoffe\/Permanentfarben, vorherige <strong>starke Reaktion<\/strong> der entsprechenden Behandlung. W\u00e4hrend der Schwangerschaft\/Stillzeit f\u00fchren wir Folgendes durch: <strong>individuelle Beurteilung<\/strong>.<\/p><\/div><\/div>\n\n\n\n<div class=\"wp-block-uagb-info-box uagb-block-ffaf723f uagb-infobox__content-wrap  uagb-infobox-icon-above-title uagb-infobox-image-valign-top\"><div class=\"uagb-ifb-content\"><div class=\"uagb-ifb-title-wrap\"><h2 class=\"uagb-ifb-title\">Behandlungstermin \u2013 was passiert?<br><\/h2><\/div><p class=\"uagb-ifb-desc\"><strong>Beratung &amp; Messung<\/strong><br>Wir besprechen die W\u00fcnsche (nat\u00fcrlich vs. dramatisch), Gesichtsausdruck <strong>Proportionen<\/strong> und bisherige Erfahrungen. Wir w\u00e4hlen <strong>Ton- und Intensit\u00e4tspegel<\/strong>.<br><strong>Vorbereitung<\/strong><br>Haut und Wimpern werden von Make-up und \u00d6l gereinigt. An den Augenbrauen machen wir Folgendes: <strong>Abbildung<\/strong> (Ma\u00dflinien\/Entwurf).<br><strong>Handhabung<\/strong><br><strong>Wimpernlifting:<\/strong> Formen + Biege- und Befestigungsphasen; <strong>permanente Farbe<\/strong> auf Anfrage.<br><strong>Laminierung:<\/strong> Erweichungs- und Abbindephase, <strong>Design<\/strong> (Pinzette\/Wachs) und <strong>permanente Farbe<\/strong>.<br>Pflegeprodukte werden ausgew\u00e4hlt <strong>guter Zustand<\/strong> von.<br><strong>Fertigstellung &amp; Anleitung<\/strong><br>Verbreitung <strong>N\u00e4hrendes Serum-\/\u00d6l-Gel<\/strong> Und los geht&#039;s! <strong>Nachbehandlung<\/strong> durch. Falls gew\u00fcnscht, werden wir das tun. <strong>leichtes Finish-Make-up<\/strong> (Eckengel).<br><strong>Dauer:<\/strong> 20\u201360 Minuten je nach Service \u00b7 <strong>R\u00fcckkehr zum Alltag:<\/strong> sofort<\/p><\/div><\/div>\n\n\n\n<div class=\"wp-block-uagb-image uagb-block-72db4d16 wp-block-uagb-image--layout-default wp-block-uagb-image--effect-static wp-block-uagb-image--align-none\"><figure class=\"wp-block-uagb-image__figure\"><img decoding=\"async\" srcset=\"https:\/\/vitaroma.fi\/wp-content\/uploads\/2025\/08\/Eyebrows-Dubai_1_55b21079-a0b0-427f-9a80-355f0af905a5-1024x1024.webp ,https:\/\/vitaroma.fi\/wp-content\/uploads\/2025\/08\/Eyebrows-Dubai_1_55b21079-a0b0-427f-9a80-355f0af905a5.webp 780w, https:\/\/vitaroma.fi\/wp-content\/uploads\/2025\/08\/Eyebrows-Dubai_1_55b21079-a0b0-427f-9a80-355f0af905a5.webp 360w\" sizes=\"auto, (max-width: 480px) 150px\" src=\"https:\/\/vitaroma.fi\/wp-content\/uploads\/2025\/08\/Eyebrows-Dubai_1_55b21079-a0b0-427f-9a80-355f0af905a5-1024x1024.webp\" alt=\"\" class=\"uag-image-2728\" width=\"1080\" height=\"1080\" title=\"Eyebrows-Dubai_1_55b21079-a0b0-427f-9a80-355f0af905a5\" loading=\"lazy\" role=\"img\"\/><\/figure><\/div>\n\n\n\n<div class=\"wp-block-uagb-info-box uagb-block-e4414226 uagb-infobox__content-wrap  uagb-infobox-icon-above-title uagb-infobox-image-valign-top\"><div class=\"uagb-ifb-content\"><div class=\"uagb-ifb-title-wrap\"><h2 class=\"uagb-ifb-title\">Ergebnisse und Dauer<br><\/h2><\/div><p class=\"uagb-ifb-desc\"><strong>Wimpernlifting:<\/strong> Elevation und Bogen \u2192 Blick <strong>\u00f6ffnet<\/strong>; Dauer jeweils ca. <strong>4\u20136 Wochen<\/strong>.<br><strong>Laminierung:<\/strong> die Ecken sind gesetzt <strong>dicker und sauberer<\/strong> wie aussehen; Dauer ca. <strong>4\u20135 Wochen<\/strong>.<br><strong>Design &amp; Farbe:<\/strong> <strong>klarere Linie<\/strong> und Schatten; die Farbe bleibt ungef\u00e4hr gleich. <strong>3\u20134 Wochen<\/strong>.<br>Die Dauer h\u00e4ngt vom Haar ab. <strong>Wachstumszyklus<\/strong>, Haut\/Haare <strong>Fettigkeit<\/strong>, h\u00e4usliche Pflege und <strong>Sport\/Sauna<\/strong> in der Reihenfolge von.<\/p><\/div><\/div>\n\n\n\n<div class=\"wp-block-uagb-info-box uagb-block-c675c971 uagb-infobox__content-wrap  uagb-infobox-icon-above-title uagb-infobox-image-valign-top\"><div class=\"uagb-ifb-content\"><div class=\"uagb-ifb-title-wrap\"><h2 class=\"uagb-ifb-title\">Vor der Behandlung \u2013 Wie Sie sich vorbereiten sollten<br><\/h2><\/div><p class=\"uagb-ifb-desc\">Ankommen <strong>mit sauberen Wimpern\/Augenbrauen<\/strong> (keine Wimperntusche, \u00d6le, stark wirkende Cremes).<br>Leistung <strong>wasserfeste Mascara<\/strong> und Wimpernseren <strong>24\u201348 Stunden<\/strong> vor.<br><strong>Kontaktlinsen ab<\/strong> F\u00fcr Wimpernlifting (bringen Sie das Etui mit).<br>NEIN <strong>Laminierung\/Farbgebung der Ecken<\/strong> Nach 7 Tagen (falls die Durchf\u00fchrung an einem anderen Ort erfolgt).<br>Erz\u00e4hlen <strong>Empfindlichkeiten\/Allergien<\/strong>; Falls n\u00f6tig, werden wir das tun. <strong>Testber\u00fchrung<\/strong>.<\/p><\/div><\/div>\n\n\n\n<div class=\"wp-block-uagb-info-box uagb-block-aa58816b uagb-infobox__content-wrap  uagb-infobox-icon-above-title uagb-infobox-image-valign-top\"><div class=\"uagb-ifb-content\"><div class=\"uagb-ifb-title-wrap\"><h2 class=\"uagb-ifb-title\">Nachsorge \u2013 die ersten 24\u201348 Stunden sind die wichtigsten<br><\/h2><\/div><p class=\"uagb-ifb-desc\"><strong>Nicht gie\u00dfen<\/strong> Wimpern\/Augenbrauen 24 Stunden lang vermeiden <strong>Sauna, Schwitzen, Dampf<\/strong>.<br><strong>Kein Make-up\/keine \u00d6le<\/strong> am ersten Tag auf die behandelte Stelle.<br><strong>B\u00fcrste<\/strong> Wimpern\/Augenbrauen <strong>t\u00e4glich<\/strong> trocken (St\u00e4bchen\/B\u00fcrste).<br>Verwenden <strong>N\u00e4hrendes Serum\/\u00d6l<\/strong> gem\u00e4\u00df der Anleitung (nach der Laminierung, ab Tag 2 \u2192 Vorbeugung von Austrocknung).<br>Leistung <strong>wasserfeste Mascara<\/strong>; Make-up entfernen <strong>liebevoll<\/strong> (am ersten Tag nicht \u00f6lig).<br><br><\/p><\/div><\/div>\n\n\n\n<div class=\"wp-block-uagb-info-box uagb-block-09d76247 uagb-infobox__content-wrap  uagb-infobox-icon-above-title uagb-infobox-image-valign-top\"><div class=\"uagb-ifb-content\"><div class=\"uagb-ifb-title-wrap\"><h2 class=\"uagb-ifb-title\">FAQ \u2013 H\u00e4ufig gestellte Fragen<br><\/h2><\/div><p class=\"uagb-ifb-desc\"><strong>Ist die Behandlung schmerzhaft?<\/strong><br>Nein. Wissen ist <strong>leicht<\/strong>; Die Augen bleiben geschlossen und der Bereich wird gesch\u00fctzt.<br><strong>Kann ich nach der Behandlung Sport treiben?<\/strong><br>Leistung <strong>Schwitzen\/Sauna<\/strong> und Dampf <strong>24 Stunden<\/strong> \u2013 Die Luftfeuchtigkeit kann das Ergebnis beeintr\u00e4chtigen.<br><strong>Was ist, wenn das Haar sehr d\u00fcnn\/sp\u00e4rlich ist?<\/strong><br>Wir empfehlen <strong>Laminierung + T\u00f6nung<\/strong> Ecken und <strong>Wimpernlifting + F\u00e4rben<\/strong> bis zu den Wimpern; sie betonen <strong>bestehende<\/strong> bitter.<br><strong>Ist es f\u00fcr empfindliche Haut geeignet?<\/strong><br>Oft ja, aber wir tun es, wenn es notwendig ist. <strong>Testber\u00fchrung<\/strong> und wir w\u00e4hlen <strong>milder<\/strong> Protokoll.<br><strong>Wie oft kann ich verl\u00e4ngern?<\/strong><br>Normalerweise <strong>4\u20138 Wochen<\/strong> Intervalle. Wir geben Ihnen <strong>individueller Zeitplan<\/strong>.<br><\/p><\/div><\/div>\n\n\n\n<div class=\"wp-block-uagb-image uagb-block-821f5dab wp-block-uagb-image--layout-default wp-block-uagb-image--effect-static wp-block-uagb-image--align-none\"><figure class=\"wp-block-uagb-image__figure\"><img decoding=\"async\" srcset=\"https:\/\/vitaroma.fi\/wp-content\/uploads\/2025\/08\/microblading-kas-23092020-min-1-1024x576.webp ,https:\/\/vitaroma.fi\/wp-content\/uploads\/2025\/08\/microblading-kas-23092020-min-1.webp 780w, https:\/\/vitaroma.fi\/wp-content\/uploads\/2025\/08\/microblading-kas-23092020-min-1.webp 360w\" sizes=\"auto, (max-width: 480px) 150px\" src=\"https:\/\/vitaroma.fi\/wp-content\/uploads\/2025\/08\/microblading-kas-23092020-min-1-1024x576.webp\" alt=\"\" class=\"uag-image-2729\" width=\"1280\" height=\"720\" title=\"microblading-kas-23092020-min\" loading=\"lazy\" role=\"img\"\/><\/figure><\/div>\n\n\n\n<div class=\"wp-block-uagb-info-box uagb-block-d279a481 uagb-infobox__content-wrap  uagb-infobox-icon-above-title uagb-infobox-image-valign-top\"><div class=\"uagb-ifb-content\"><div class=\"uagb-ifb-title-wrap\"><h2 class=\"uagb-ifb-title\">Warum Vitaroma w\u00e4hlen?<br><\/h2><\/div><p class=\"uagb-ifb-desc\"><strong>Individuelles Design<\/strong> (Proportionen, T\u00f6ne, Intensit\u00e4t)<br><strong>Hygienisches Arbeiten<\/strong> und Qualit\u00e4tsprodukte<br><strong>Klare Nachsorge<\/strong> \u2192 l\u00e4nger anhaltendes und sch\u00f6neres Ergebnis<br>Wenn Sie m\u00f6chten <strong>Wir verbinden uns<\/strong> Wimpern- und Augenbrauenbehandlungen in einem Besuch<br><strong>Vereinbaren Sie einen Termin f\u00fcr Wimpern- und Augenbrauenbehandlungen \u2192<\/strong><\/p><\/div><\/div>\n<\/div><\/div>\n\n\n\n<div class=\"wp-block-uagb-container uagb-block-9caa1a47 alignfull uagb-is-root-container\"><div class=\"uagb-container-inner-blocks-wrap\">\n<div class=\"wp-block-uagb-advanced-heading uagb-block-1ed0e64e\"><div class=\"uagb-heading-text\">Lassen Sie sich von uns helfen.<\/div><\/div>\n\n\n\n<div class=\"wp-block-uagb-advanced-heading uagb-block-3a57683f\"><h2 class=\"uagb-heading-text\">Kontaktieren Sie uns<\/h2><\/div>\n\n\n\n<div class=\"wp-block-uagb-buttons uagb-buttons__outer-wrap uagb-btn__default-btn uagb-btn-tablet__default-btn uagb-btn-mobile__default-btn uagb-block-9979be0d\"><div class=\"uagb-buttons__wrap uagb-buttons-layout-wrap\">\n<div class=\"wp-block-uagb-buttons-child uagb-buttons__outer-wrap uagb-block-84fd34e5 wp-block-button\"><div class=\"uagb-button__wrapper\"><a class=\"uagb-buttons-repeater wp-block-button__link\" aria-label=\"\" href=\"https:\/\/timma.fi\/yritys\/kauneuskeskus-vitaroma\" rel=\"follow noopener\" target=\"_self\" role=\"button\"><div class=\"uagb-button__link\">Vereinbaren Sie einen Termin<\/div><\/a><\/div><\/div>\n<\/div><\/div>\n\n\n\n<div class=\"wp-block-uagb-buttons uagb-buttons__outer-wrap uagb-btn__default-btn uagb-btn-tablet__default-btn uagb-btn-mobile__default-btn uagb-block-f7add131\"><div class=\"uagb-buttons__wrap uagb-buttons-layout-wrap\">\n<div class=\"wp-block-uagb-buttons-child uagb-buttons__outer-wrap uagb-block-0c11dd62 wp-block-button\"><div class=\"uagb-button__wrapper\"><a class=\"uagb-buttons-repeater wp-block-button__link\" aria-label=\"\" href=\"https:\/\/vitaroma.fi\/de\/kontaktieren-sie-uns\/\" rel=\"follow noopener\" target=\"_self\" role=\"button\"><div class=\"uagb-button__link\">Kontaktieren Sie uns<\/div><\/a><\/div><\/div>\n<\/div><\/div>\n\n\n\n<div class=\"wp-block-uagb-buttons uagb-buttons__outer-wrap uagb-btn__default-btn uagb-btn-tablet__default-btn uagb-btn-mobile__default-btn uagb-block-69da2b3b\"><div class=\"uagb-buttons__wrap uagb-buttons-layout-wrap\">\n<div class=\"wp-block-uagb-buttons-child uagb-buttons__outer-wrap uagb-block-1018754e wp-block-button\"><div class=\"uagb-button__wrapper\"><a class=\"uagb-buttons-repeater wp-block-button__link\" aria-label=\"\" href=\"https:\/\/vitaroma.fi\/de\/informationen-uber-uns\/\" rel=\"follow noopener\" target=\"_self\" role=\"button\"><div class=\"uagb-button__link\">\u00dcber uns<\/div><\/a><\/div><\/div>\n<\/div><\/div>\n\n\n\n<div class=\"wp-block-uagb-advanced-heading uagb-block-838a0a13\"><div class=\"uagb-separator\"><\/div><h3 class=\"uagb-heading-text\">Kostenlose Beratung? 050 365 2103<\/h3><\/div>\n\n\n\n<!-- Font Awesome CDN -->\n<link rel=\"stylesheet\" href=\"https:\/\/cdnjs.cloudflare.com\/ajax\/libs\/font-awesome\/6.4.0\/css\/all.min.css\">\n\n<div class=\"social-links\">\n  <a href=\"https:\/\/www.instagram.com\/kauneuskeskusvitaroma_clinic\/\" target=\"_blank\" rel=\"noopener\" class=\"instagram\">\n    <i class=\"fab fa-instagram\"><\/i> Sch\u00f6nheitszentrum Vitaroma\n  <\/a>\n  <a href=\"https:\/\/www.facebook.com\/61567042467466\/about\/\" target=\"_blank\" rel=\"noopener\" class=\"facebook\">\n    <i class=\"fab fa-facebook\"><\/i> Sch\u00f6nheitszentrum Vitaroma\n  <\/a>\n<\/div>\n\n<style>\n  .social-links {\n    display: flex;\n    justify-content: center;\n    gap: 20px;\n    margin-top: 10px;\n  }\n\n  .social-links a {\n    display: flex;\n    align-items: center;\n    gap: 10px;\n    padding: 12px 20px;\n    font-size: 18px;\n    font-weight: 600;\n    text-decoration: none;\n    color: #fff;\n    background: rgba(0, 0, 0, 0.35);\n    border: 2px solid rgba(255, 255, 255, 0.5);\n    border-radius: 8px;\n    transition: all 0.3s ease;\n    box-shadow: 0 3px 8px rgba(0, 0, 0, 0.2);\n    backdrop-filter: blur(5px);\n  }\n\n  .social-links a i {\n    font-size: 22px;\n  }\n\n  \/* Hover efektleri *\/\n  .social-links a.instagram:hover {\n    background: #E1306C;\n    color: #fff;\n    border-color: #E1306C;\n  }\n\n  .social-links a.facebook:hover {\n    background: #1877F2;\n    color: #fff;\n    border-color: #1877F2;\n  }\n<\/style>\n\n<\/div><\/div>","protected":false},"excerpt":{"rendered":"<p>Wimpern und Augenbrauen<\/p>","protected":false},"author":1,"featured_media":0,"parent":0,"menu_order":0,"comment_status":"closed","ping_status":"closed","template":"","meta":{"_surecart_dashboard_logo_width":"180px","_surecart_dashboard_show_logo":true,"_surecart_dashboard_navigation_orders":true,"_surecart_dashboard_navigation_invoices":true,"_surecart_dashboard_navigation_subscriptions":true,"_surecart_dashboard_navigation_downloads":true,"_surecart_dashboard_navigation_billing":true,"_surecart_dashboard_navigation_account":true,"_uag_custom_page_level_css":"","site-sidebar-layout":"default","site-content-layout":"","ast-site-content-layout":"default","site-content-style":"default","site-sidebar-style":"default","ast-global-header-display":"","ast-banner-title-visibility":"","ast-main-header-display":"","ast-hfb-above-header-display":"","ast-hfb-below-header-display":"","ast-hfb-mobile-header-display":"","site-post-title":"disabled","ast-breadcrumbs-content":"","ast-featured-img":"","footer-sml-layout":"","ast-disable-related-posts":"","theme-transparent-header-meta":"","adv-header-id-meta":"","stick-header-meta":"","header-above-stick-meta":"","header-main-stick-meta":"","header-below-stick-meta":"","astra-migrate-meta-layouts":"set","ast-page-background-enabled":"default","ast-page-background-meta":{"desktop":{"background-color":"var(--ast-global-color-4)","background-image":"","background-repeat":"repeat","background-position":"center center","background-size":"auto","background-attachment":"scroll","background-type":"","background-media":"","overlay-type":"","overlay-color":"","overlay-opacity":"","overlay-gradient":""},"tablet":{"background-color":"","background-image":"","background-repeat":"repeat","background-position":"center center","background-size":"auto","background-attachment":"scroll","background-type":"","background-media":"","overlay-type":"","overlay-color":"","overlay-opacity":"","overlay-gradient":""},"mobile":{"background-color":"","background-image":"","background-repeat":"repeat","background-position":"center center","background-size":"auto","background-attachment":"scroll","background-type":"","background-media":"","overlay-type":"","overlay-color":"","overlay-opacity":"","overlay-gradient":""}},"ast-content-background-meta":{"desktop":{"background-color":"var(--ast-global-color-5)","background-image":"","background-repeat":"repeat","background-position":"center center","background-size":"auto","background-attachment":"scroll","background-type":"","background-media":"","overlay-type":"","overlay-color":"","overlay-opacity":"","overlay-gradient":""},"tablet":{"background-color":"var(--ast-global-color-5)","background-image":"","background-repeat":"repeat","background-position":"center center","background-size":"auto","background-attachment":"scroll","background-type":"","background-media":"","overlay-type":"","overlay-color":"","overlay-opacity":"","overlay-gradient":""},"mobile":{"background-color":"var(--ast-global-color-5)","background-image":"","background-repeat":"repeat","background-position":"center center","background-size":"auto","background-attachment":"scroll","background-type":"","background-media":"","overlay-type":"","overlay-color":"","overlay-opacity":"","overlay-gradient":""}},"footnotes":""},"class_list":["post-1968","page","type-page","status-publish","hentry"],"uagb_featured_image_src":{"full":false,"thumbnail":false,"medium":false,"medium_large":false,"large":false,"1536x1536":false,"2048x2048":false,"trp-custom-language-flag":false,"woocommerce_thumbnail":false,"woocommerce_single":false,"woocommerce_gallery_thumbnail":false},"uagb_author_info":{"display_name":"emilkemal4@gmail.com","author_link":"https:\/\/vitaroma.fi\/de\/author\/emilkemal4gmail-com\/"},"uagb_comment_info":0,"uagb_excerpt":"Ripset ja kulmat","_links":{"self":[{"href":"https:\/\/vitaroma.fi\/de\/wp-json\/wp\/v2\/pages\/1968","targetHints":{"allow":["GET"]}}],"collection":[{"href":"https:\/\/vitaroma.fi\/de\/wp-json\/wp\/v2\/pages"}],"about":[{"href":"https:\/\/vitaroma.fi\/de\/wp-json\/wp\/v2\/types\/page"}],"author":[{"embeddable":true,"href":"https:\/\/vitaroma.fi\/de\/wp-json\/wp\/v2\/users\/1"}],"replies":[{"embeddable":true,"href":"https:\/\/vitaroma.fi\/de\/wp-json\/wp\/v2\/comments?post=1968"}],"version-history":[{"count":8,"href":"https:\/\/vitaroma.fi\/de\/wp-json\/wp\/v2\/pages\/1968\/revisions"}],"predecessor-version":[{"id":2730,"href":"https:\/\/vitaroma.fi\/de\/wp-json\/wp\/v2\/pages\/1968\/revisions\/2730"}],"wp:attachment":[{"href":"https:\/\/vitaroma.fi\/de\/wp-json\/wp\/v2\/media?parent=1968"}],"curies":[{"name":"wp","href":"https:\/\/api.w.org\/{rel}","templated":true}]}}