{"id":1588,"date":"2025-04-24T16:13:45","date_gmt":"2025-04-24T16:13:45","guid":{"rendered":"https:\/\/vitaroma.fi\/?page_id=1588"},"modified":"2025-08-28T18:37:06","modified_gmt":"2025-08-28T16:37:06","slug":"klassinen-kasvohoito","status":"publish","type":"page","link":"https:\/\/vitaroma.fi\/de\/klassische-gesichtsbehandlung\/","title":{"rendered":"Klassische Gesichtsbehandlung"},"content":{"rendered":"<div class=\"wp-block-uagb-container uagb-block-5451af51 alignfull uagb-is-root-container\"><div class=\"uagb-container-inner-blocks-wrap\">\n<div class=\"wp-block-uagb-advanced-heading uagb-block-f45ed1f8\"><h1 class=\"uagb-heading-text\">Klassische Gesichtsbehandlung<\/h1><\/div>\n<\/div><\/div>\n\n\n\n<div class=\"wp-block-uagb-container uagb-block-wlmazrwo alignfull uagb-is-root-container\"><div class=\"uagb-container-inner-blocks-wrap\">\n<div class=\"wp-block-uagb-container uagb-block-0btjzulc alignfull uagb-is-root-container\"><div class=\"uagb-container-inner-blocks-wrap\">\n<div class=\"wp-block-uagb-image alignleft uagb-block-6xnwaqpe wp-block-uagb-image--layout-default wp-block-uagb-image--effect-static wp-block-uagb-image--align-left\"><figure class=\"wp-block-uagb-image__figure\"><img decoding=\"async\" srcset=\"https:\/\/vitaroma.fi\/wp-content\/uploads\/2025\/04\/Adsiz-3-1024x576.png ,https:\/\/vitaroma.fi\/wp-content\/uploads\/2025\/04\/Adsiz-3.png 780w, https:\/\/vitaroma.fi\/wp-content\/uploads\/2025\/04\/Adsiz-3.png 360w\" sizes=\"auto, (max-width: 480px) 150px\" src=\"https:\/\/vitaroma.fi\/wp-content\/uploads\/2025\/04\/Adsiz-3-1024x576.png\" alt=\"Klassische Gesichtsbehandlung\" class=\"uag-image-2073\" width=\"564\" height=\"400\" title=\"Klassische Gesichtsbehandlung\" loading=\"lazy\" role=\"img\"\/><\/figure><\/div>\n\n\n\n<div class=\"wp-block-uagb-container uagb-block-xrkfcv1q\">\n<div class=\"wp-block-uagb-info-box uagb-block-amettuy1 uagb-infobox__content-wrap  uagb-infobox-icon-above-title uagb-infobox-image-valign-top\"><div class=\"uagb-ifb-content\"><div class=\"uagb-ifb-title-wrap\"><h3 class=\"uagb-ifb-title\">Nat\u00fcrlicher Glanz und Gleichgewicht f\u00fcr Ihre Haut<\/h3><\/div><p class=\"uagb-ifb-desc\"><strong>Klassische Gesichtsbehandlung<\/strong> ist eine der beliebtesten Behandlungsformen und das aus gutem Grund. Es bietet eine umfassende Behandlung f\u00fcr die Haut, die <strong>reinigt, peelt, spendet Feuchtigkeit und pflegt die Haut<\/strong> effektiv, aber sanft. Die Behandlung ist speziell f\u00fcr diejenigen unter Ihnen konzipiert, die sich Vitalit\u00e4t und Ausgeglichenheit f\u00fcr Ihre Haut w\u00fcnschen \u2013 ohne starke Chemikalien oder Ger\u00e4te.<\/p><\/div><\/div>\n<\/div>\n<\/div><\/div>\n<\/div><\/div>\n\n\n\n<div class=\"wp-block-uagb-container uagb-block-onenjlwh alignfull uagb-is-root-container\"><div class=\"uagb-container-inner-blocks-wrap\">\n<div class=\"wp-block-uagb-info-box uagb-block-kdw4sbfe uagb-infobox__content-wrap  uagb-infobox-icon-above-title uagb-infobox-image-valign-top\"><div class=\"uagb-ifb-content\"><div class=\"uagb-ifb-title-wrap\"><h2 class=\"uagb-ifb-title\">Welche Vorteile ergeben sich f\u00fcr Sie?<br><\/h2><\/div><p class=\"uagb-ifb-desc\"><strong>Sofortige Frische und strahlender Teint<\/strong>Die Tr\u00fcbung nimmt ab, die Oberfl\u00e4che wird glatter.<br><strong>Verringerte Porengr\u00f6\u00dfe<\/strong>Talgansammlungen und Verstopfungen werden reduziert.<br><strong>Bessere Feuchtigkeitsbalance<\/strong>Die Haut f\u00fchlt sich weich und geschmeidig an.<br><strong>Entspannter Look<\/strong>Massage regt die Mikrozirkulation an und reduziert Schwellungen.<br><strong>Bessere Absorption<\/strong>Heimpflegeprodukte sind nach der Behandlung wirksamer.<\/p><\/div><\/div>\n\n\n\n<div class=\"wp-block-uagb-info-box uagb-block-6f18b7a4 uagb-infobox__content-wrap  uagb-infobox-icon-above-title uagb-infobox-image-valign-top\"><div class=\"uagb-ifb-content\"><div class=\"uagb-ifb-title-wrap\"><h2 class=\"uagb-ifb-title\">Behandlungszyklus (60 Minuten, individuell auf Ihren Hauttyp abgestimmt)<br><\/h2><\/div><p class=\"uagb-ifb-desc\"><strong>Hautanalyse &amp; Beratung<\/strong> \u2013 Hauttyp, Empfindlichkeiten und Ziele.<br><strong>Doppelte Reinigung<\/strong> \u2013 Make-up\/Sonnenschutzmittel und Verunreinigungen werden entfernt.<br><strong>Peeling<\/strong> \u2013 enzymatisch oder feink\u00f6rnig\/mechanisch; hellt die Oberfl\u00e4che auf.<br><strong>D\u00e4mpfen<\/strong> \u2013 macht Talg weicher und erleichtert die Reinigung.<br><strong>Mechanische Reinigung (falls erforderlich)<\/strong> \u2013 Mitesser\/Komedonen werden sanft entfernt.<br><strong>Gesichtswasser<\/strong> \u2013 pH-neutral, wohltuend.<br><strong>Gesichtsmassage<\/strong> \u2013 Gesicht\u2013Hals\u2013Dekollet\u00e9; Stoffwechsel und Glanz.<br><strong>Maske<\/strong> \u2013 Feuchtigkeitspflege\/Beruhigung\/Reinigung je nach Hautbed\u00fcrfnis.<br><strong>Serum + Feuchtigkeitscreme<\/strong> \u2013 gegebenenfalls Feuchtigkeit einschlie\u00dfen <strong>Lichtschutzfaktor<\/strong> tags\u00fcber.<br><strong>Weitere Optionen:<\/strong> Augenbehandlung, Lippenbehandlung, zus\u00e4tzliche Nacken- und Schultermassage.<\/p><\/div><\/div>\n\n\n\n<div class=\"wp-block-uagb-image uagb-block-3a078b50 wp-block-uagb-image--layout-default wp-block-uagb-image--effect-static wp-block-uagb-image--align-none\"><figure class=\"wp-block-uagb-image__figure\"><img decoding=\"async\" srcset=\"https:\/\/vitaroma.fi\/wp-content\/uploads\/2025\/08\/Depositphotos_16233443_S-Copy.webp ,https:\/\/vitaroma.fi\/wp-content\/uploads\/2025\/08\/Depositphotos_16233443_S-Copy.webp 780w, https:\/\/vitaroma.fi\/wp-content\/uploads\/2025\/08\/Depositphotos_16233443_S-Copy.webp 360w\" sizes=\"auto, (max-width: 480px) 150px\" src=\"https:\/\/vitaroma.fi\/wp-content\/uploads\/2025\/08\/Depositphotos_16233443_S-Copy.webp\" alt=\"\" class=\"uag-image-2732\" width=\"800\" height=\"600\" title=\"Depositphotos_16233443_S-Copy\" loading=\"lazy\" role=\"img\"\/><\/figure><\/div>\n\n\n\n<div class=\"wp-block-uagb-info-box uagb-block-ffaf723f uagb-infobox__content-wrap  uagb-infobox-icon-above-title uagb-infobox-image-valign-top\"><div class=\"uagb-ifb-content\"><div class=\"uagb-ifb-title-wrap\"><h2 class=\"uagb-ifb-title\">F\u00fcr wen ist die Behandlung geeignet?<br><\/h2><\/div><p class=\"uagb-ifb-desc\"><strong>F\u00fcr Erstbenutzer<\/strong> und diejenigen, die eine f\u00fcr empfindliche Haut geeignete Behandlung suchen<br><strong>F\u00fcr tr\u00fcbe, trockene oder verstopfte Haut<\/strong> f\u00fcr die Haut<br><strong>Bei vergr\u00f6\u00dferten Poren<\/strong> und auf unebener Oberfl\u00e4che<br>Regul\u00e4r <strong>zur Wartung<\/strong>: 1\u00d7 \/ 4\u20136 Wochen<br><strong>Zu beurteilende Situationen:<\/strong> akute Dermatitis, offene Wunden, k\u00fcrzlich erfolgter Sonnenbrand, intensive Retinoid-\/S\u00e4urebehandlungen (Pause nach Vereinbarung).<\/p><\/div><\/div>\n\n\n\n<div class=\"wp-block-uagb-info-box uagb-block-e4414226 uagb-infobox__content-wrap  uagb-infobox-icon-above-title uagb-infobox-image-valign-top\"><div class=\"uagb-ifb-content\"><div class=\"uagb-ifb-title-wrap\"><h2 class=\"uagb-ifb-title\">Punktzahl<\/h2><\/div><p class=\"uagb-ifb-desc\">Unmittelbar nach der Behandlung: <strong>weicher, glatter und strahlender<\/strong> Haut.<br>24\u201348 Stunden: Nach der Reinigung kann es zu leichten R\u00f6tungen kommen; diese klingen von selbst wieder ab.<br>Bei regelm\u00e4\u00dfiger Durchf\u00fchrung: <strong>ausgeglichene Talgsekretion<\/strong>, weniger Verstopfungen und <strong>gleichm\u00e4\u00dfigerer Hautton<\/strong>.<\/p><\/div><\/div>\n\n\n\n<div class=\"wp-block-uagb-info-box uagb-block-e2934bd1 uagb-infobox__content-wrap  uagb-infobox-icon-above-title uagb-infobox-image-valign-top\"><div class=\"uagb-ifb-content\"><div class=\"uagb-ifb-title-wrap\"><h2 class=\"uagb-ifb-title\">Behandlungszeit und Wiederholungsintervall<br><\/h2><\/div><p class=\"uagb-ifb-desc\"><strong>Dauer:<\/strong> von. <strong>60 Minuten<\/strong> (Kann durch Zusatzoptionen auf 75\u201390 Minuten verl\u00e4ngert werden)<br><strong>Empfehlung:<\/strong> als einmalige Behandlung \u201cNotfallversorgung\u201d oder <strong>als Serie alle 4\u20136 Wochen<\/strong> zur Wartung<\/p><\/div><\/div>\n\n\n\n<div class=\"wp-block-uagb-image uagb-block-55dac747 wp-block-uagb-image--layout-default wp-block-uagb-image--effect-static wp-block-uagb-image--align-none\"><figure class=\"wp-block-uagb-image__figure\"><img decoding=\"async\" srcset=\"https:\/\/vitaroma.fi\/wp-content\/uploads\/2025\/08\/Classic-Facial-1024x1024.webp ,https:\/\/vitaroma.fi\/wp-content\/uploads\/2025\/08\/Classic-Facial.webp 780w, https:\/\/vitaroma.fi\/wp-content\/uploads\/2025\/08\/Classic-Facial.webp 360w\" sizes=\"auto, (max-width: 480px) 150px\" src=\"https:\/\/vitaroma.fi\/wp-content\/uploads\/2025\/08\/Classic-Facial-1024x1024.webp\" alt=\"\" class=\"uag-image-2733\" width=\"1200\" height=\"1200\" title=\"Klassische Gesichtsbehandlung\" loading=\"lazy\" role=\"img\"\/><\/figure><\/div>\n\n\n\n<div class=\"wp-block-uagb-info-box uagb-block-2bce277d uagb-infobox__content-wrap  uagb-infobox-icon-above-title uagb-infobox-image-valign-top\"><div class=\"uagb-ifb-content\"><div class=\"uagb-ifb-title-wrap\"><h2 class=\"uagb-ifb-title\">Vorbereitung<br><\/h2><\/div><p class=\"uagb-ifb-desc\">Ankommen <strong>mit sauberer Haut<\/strong> (wenn m\u00f6glich ohne starkes Make-up).<br>Leistung <strong>starke S\u00e4uren\/Retinoide<\/strong> 48 Stunden vor der Behandlung.<br>Bericht <strong>Empfindlichkeiten\/Allergien<\/strong> und m\u00f6gliche Medikamente (z. B. Isotretinoin).<br>Leistung <strong>Solarium\/starke Sonne<\/strong> 48 Stunden vorher.<\/p><\/div><\/div>\n\n\n\n<div class=\"wp-block-uagb-info-box uagb-block-12e1a735 uagb-infobox__content-wrap  uagb-infobox-icon-above-title uagb-infobox-image-valign-top\"><div class=\"uagb-ifb-content\"><div class=\"uagb-ifb-title-wrap\"><h2 class=\"uagb-ifb-title\">Nachsorge (24\u201372 Stunden)<br><\/h2><\/div><p class=\"uagb-ifb-desc\">Leistung <strong>Saunen, starkes Schwitzen und hei\u00dfe Duschen<\/strong> rund um die Uhr.<br><strong>Leichte Feuchtigkeitspflege<\/strong> Morgens und abends; S\u00e4uren\/Retinoide vermeiden. <strong>2\u20133 Tage<\/strong>.<br><strong>Lichtschutzfaktor 30\u201350<\/strong> Tags\u00fcber ist die Haut empfindlicher gegen\u00fcber UV-Strahlung.<br>Man kann sich auch am selben Tag schminken, aber <strong>Die Haut dankt dir f\u00fcr den Atem<\/strong>.<br><br><\/p><\/div><\/div>\n\n\n\n<div class=\"wp-block-uagb-image uagb-block-6c6e5c57 wp-block-uagb-image--layout-default wp-block-uagb-image--effect-static wp-block-uagb-image--align-none\"><figure class=\"wp-block-uagb-image__figure\"><img decoding=\"async\" srcset=\"https:\/\/vitaroma.fi\/wp-content\/uploads\/2025\/08\/Facials_1024x400.webp ,https:\/\/vitaroma.fi\/wp-content\/uploads\/2025\/08\/Facials_1024x400.webp 780w, https:\/\/vitaroma.fi\/wp-content\/uploads\/2025\/08\/Facials_1024x400.webp 360w\" sizes=\"auto, (max-width: 480px) 150px\" src=\"https:\/\/vitaroma.fi\/wp-content\/uploads\/2025\/08\/Facials_1024x400.webp\" alt=\"\" class=\"uag-image-2735\" width=\"800\" height=\"600\" title=\"Gesichtsbehandlungen_1024x400\" loading=\"lazy\" role=\"img\"\/><\/figure><\/div>\n\n\n\n<div class=\"wp-block-uagb-info-box uagb-block-128170fc uagb-infobox__content-wrap  uagb-infobox-icon-above-title uagb-infobox-image-valign-top\"><div class=\"uagb-ifb-content\"><div class=\"uagb-ifb-title-wrap\"><h2 class=\"uagb-ifb-title\">H\u00e4ufig gestellte Fragen<br><\/h2><\/div><p class=\"uagb-ifb-desc\"><strong>Ist die mechanische Reinigung schmerzhaft?<\/strong><br>Wissen ist <strong>leicht bis mittel<\/strong>, jedoch nur von kurzer Dauer. Gegebenenfalls \u00fcberspringen wir diesen Schritt oder f\u00fchren ihn nur teilweise aus.<br><strong>Ist es f\u00fcr Menschen mit Akne geeignet?<\/strong><br>Ja - <strong>Sanftes Peeling + beruhigende Maske<\/strong> Auch die gezielte Reinigung funktioniert gut. Bei akuten Entz\u00fcndungen passen wir das Behandlungsprotokoll an.<br><strong>Kann ich es mit anderen Behandlungen kombinieren?<\/strong><br>Ja. Beliebte Kombinationen sind beispielsweise:. <strong>LED-Licht (Dermalux)<\/strong> um zu beruhigen oder <strong>Eckgestaltung<\/strong> w\u00e4hrend des Besuchs.<br><strong>Wann werde ich einen Unterschied bemerken?<\/strong><br><strong>Sofort<\/strong>Glanz, Geschmeidigkeit und Weichheit. <strong>Am besten<\/strong> Es werden langfristige Ergebnisse erzielt <strong>regelm\u00e4\u00dfig<\/strong>.<br><\/p><\/div><\/div>\n\n\n\n<div class=\"wp-block-uagb-info-box uagb-block-6df04f2c uagb-infobox__content-wrap  uagb-infobox-icon-above-title uagb-infobox-image-valign-top\"><div class=\"uagb-ifb-content\"><div class=\"uagb-ifb-title-wrap\"><h2 class=\"uagb-ifb-title\">Warum Vitaroma w\u00e4hlen?<br><\/h2><\/div><p class=\"uagb-ifb-desc\"><strong>Individuelles Protokoll<\/strong> je nach Hauttyp und Empfindlichkeiten<br><strong>Schonend, wirksam<\/strong> professionelle Produkte<br><strong>Medizinische Hygiene<\/strong>, klare Pflegehinweise und realistische Erwartungen<br>Wahrscheinlichkeit <strong>hinzuf\u00fcgen<\/strong> LED-Behandlung, Augenbehandlung oder Nacken- und Schultermassage<br><strong>Vereinbaren Sie einen Termin f\u00fcr eine klassische Gesichtsbehandlung \u2192<\/strong><\/p><\/div><\/div>\n<\/div><\/div>\n\n\n\n<div class=\"wp-block-uagb-container uagb-block-9caa1a47 alignfull uagb-is-root-container\"><div class=\"uagb-container-inner-blocks-wrap\">\n<div class=\"wp-block-uagb-advanced-heading uagb-block-1ed0e64e\"><div class=\"uagb-heading-text\">Lassen Sie sich von uns helfen.<\/div><\/div>\n\n\n\n<div class=\"wp-block-uagb-advanced-heading uagb-block-3a57683f\"><h2 class=\"uagb-heading-text\">Kontaktieren Sie uns<\/h2><\/div>\n\n\n\n<div class=\"wp-block-uagb-buttons uagb-buttons__outer-wrap uagb-btn__default-btn uagb-btn-tablet__default-btn uagb-btn-mobile__default-btn uagb-block-9979be0d\"><div class=\"uagb-buttons__wrap uagb-buttons-layout-wrap\">\n<div class=\"wp-block-uagb-buttons-child uagb-buttons__outer-wrap uagb-block-84fd34e5 wp-block-button\"><div class=\"uagb-button__wrapper\"><a class=\"uagb-buttons-repeater wp-block-button__link\" aria-label=\"\" href=\"https:\/\/timma.fi\/yritys\/kauneuskeskus-vitaroma\" rel=\"follow noopener\" target=\"_self\" role=\"button\"><div class=\"uagb-button__link\">Vereinbaren Sie einen Termin<\/div><\/a><\/div><\/div>\n<\/div><\/div>\n\n\n\n<div class=\"wp-block-uagb-buttons uagb-buttons__outer-wrap uagb-btn__default-btn uagb-btn-tablet__default-btn uagb-btn-mobile__default-btn uagb-block-f7add131\"><div class=\"uagb-buttons__wrap uagb-buttons-layout-wrap\">\n<div class=\"wp-block-uagb-buttons-child uagb-buttons__outer-wrap uagb-block-0c11dd62 wp-block-button\"><div class=\"uagb-button__wrapper\"><a class=\"uagb-buttons-repeater wp-block-button__link\" aria-label=\"\" href=\"https:\/\/vitaroma.fi\/de\/kontaktieren-sie-uns\/\" rel=\"follow noopener\" target=\"_self\" role=\"button\"><div class=\"uagb-button__link\">Kontaktieren Sie uns<\/div><\/a><\/div><\/div>\n<\/div><\/div>\n\n\n\n<div class=\"wp-block-uagb-buttons uagb-buttons__outer-wrap uagb-btn__default-btn uagb-btn-tablet__default-btn uagb-btn-mobile__default-btn uagb-block-69da2b3b\"><div class=\"uagb-buttons__wrap uagb-buttons-layout-wrap\">\n<div class=\"wp-block-uagb-buttons-child uagb-buttons__outer-wrap uagb-block-1018754e wp-block-button\"><div class=\"uagb-button__wrapper\"><a class=\"uagb-buttons-repeater wp-block-button__link\" aria-label=\"\" href=\"https:\/\/vitaroma.fi\/de\/informationen-uber-uns\/\" rel=\"follow noopener\" target=\"_self\" role=\"button\"><div class=\"uagb-button__link\">\u00dcber uns<\/div><\/a><\/div><\/div>\n<\/div><\/div>\n\n\n\n<div class=\"wp-block-uagb-advanced-heading uagb-block-838a0a13\"><div class=\"uagb-separator\"><\/div><h3 class=\"uagb-heading-text\">Kostenlose Beratung? 050 365 2103<\/h3><\/div>\n\n\n\n<!-- Font Awesome CDN -->\n<link rel=\"stylesheet\" href=\"https:\/\/cdnjs.cloudflare.com\/ajax\/libs\/font-awesome\/6.4.0\/css\/all.min.css\">\n\n<div class=\"social-links\">\n  <a href=\"https:\/\/www.instagram.com\/kauneuskeskusvitaroma_clinic\/\" target=\"_blank\" rel=\"noopener\" class=\"instagram\">\n    <i class=\"fab fa-instagram\"><\/i> Sch\u00f6nheitszentrum Vitaroma\n  <\/a>\n  <a href=\"https:\/\/www.facebook.com\/61567042467466\/about\/\" target=\"_blank\" rel=\"noopener\" class=\"facebook\">\n    <i class=\"fab fa-facebook\"><\/i> Sch\u00f6nheitszentrum Vitaroma\n  <\/a>\n<\/div>\n\n<style>\n  .social-links {\n    display: flex;\n    justify-content: center;\n    gap: 20px;\n    margin-top: 10px;\n  }\n\n  .social-links a {\n    display: flex;\n    align-items: center;\n    gap: 10px;\n    padding: 12px 20px;\n    font-size: 18px;\n    font-weight: 600;\n    text-decoration: none;\n    color: #fff;\n    background: rgba(0, 0, 0, 0.35);\n    border: 2px solid rgba(255, 255, 255, 0.5);\n    border-radius: 8px;\n    transition: all 0.3s ease;\n    box-shadow: 0 3px 8px rgba(0, 0, 0, 0.2);\n    backdrop-filter: blur(5px);\n  }\n\n  .social-links a i {\n    font-size: 22px;\n  }\n\n  \/* Hover efektleri *\/\n  .social-links a.instagram:hover {\n    background: #E1306C;\n    color: #fff;\n    border-color: #E1306C;\n  }\n\n  .social-links a.facebook:hover {\n    background: #1877F2;\n    color: #fff;\n    border-color: #1877F2;\n  }\n<\/style>\n\n<\/div><\/div>","protected":false},"excerpt":{"rendered":"<p>Klassische Gesichtsbehandlung<\/p>","protected":false},"author":1,"featured_media":0,"parent":0,"menu_order":0,"comment_status":"closed","ping_status":"closed","template":"","meta":{"_surecart_dashboard_logo_width":"180px","_surecart_dashboard_show_logo":true,"_surecart_dashboard_navigation_orders":true,"_surecart_dashboard_navigation_invoices":true,"_surecart_dashboard_navigation_subscriptions":true,"_surecart_dashboard_navigation_downloads":true,"_surecart_dashboard_navigation_billing":true,"_surecart_dashboard_navigation_account":true,"_uag_custom_page_level_css":"","site-sidebar-layout":"default","site-content-layout":"","ast-site-content-layout":"default","site-content-style":"default","site-sidebar-style":"default","ast-global-header-display":"","ast-banner-title-visibility":"","ast-main-header-display":"","ast-hfb-above-header-display":"","ast-hfb-below-header-display":"","ast-hfb-mobile-header-display":"","site-post-title":"disabled","ast-breadcrumbs-content":"","ast-featured-img":"","footer-sml-layout":"","ast-disable-related-posts":"","theme-transparent-header-meta":"","adv-header-id-meta":"","stick-header-meta":"","header-above-stick-meta":"","header-main-stick-meta":"","header-below-stick-meta":"","astra-migrate-meta-layouts":"set","ast-page-background-enabled":"default","ast-page-background-meta":{"desktop":{"background-color":"var(--ast-global-color-4)","background-image":"","background-repeat":"repeat","background-position":"center center","background-size":"auto","background-attachment":"scroll","background-type":"","background-media":"","overlay-type":"","overlay-color":"","overlay-opacity":"","overlay-gradient":""},"tablet":{"background-color":"","background-image":"","background-repeat":"repeat","background-position":"center center","background-size":"auto","background-attachment":"scroll","background-type":"","background-media":"","overlay-type":"","overlay-color":"","overlay-opacity":"","overlay-gradient":""},"mobile":{"background-color":"","background-image":"","background-repeat":"repeat","background-position":"center center","background-size":"auto","background-attachment":"scroll","background-type":"","background-media":"","overlay-type":"","overlay-color":"","overlay-opacity":"","overlay-gradient":""}},"ast-content-background-meta":{"desktop":{"background-color":"var(--ast-global-color-5)","background-image":"","background-repeat":"repeat","background-position":"center center","background-size":"auto","background-attachment":"scroll","background-type":"","background-media":"","overlay-type":"","overlay-color":"","overlay-opacity":"","overlay-gradient":""},"tablet":{"background-color":"var(--ast-global-color-5)","background-image":"","background-repeat":"repeat","background-position":"center center","background-size":"auto","background-attachment":"scroll","background-type":"","background-media":"","overlay-type":"","overlay-color":"","overlay-opacity":"","overlay-gradient":""},"mobile":{"background-color":"var(--ast-global-color-5)","background-image":"","background-repeat":"repeat","background-position":"center center","background-size":"auto","background-attachment":"scroll","background-type":"","background-media":"","overlay-type":"","overlay-color":"","overlay-opacity":"","overlay-gradient":""}},"footnotes":""},"class_list":["post-1588","page","type-page","status-publish","hentry"],"uagb_featured_image_src":{"full":false,"thumbnail":false,"medium":false,"medium_large":false,"large":false,"1536x1536":false,"2048x2048":false,"trp-custom-language-flag":false,"woocommerce_thumbnail":false,"woocommerce_single":false,"woocommerce_gallery_thumbnail":false},"uagb_author_info":{"display_name":"emilkemal4@gmail.com","author_link":"https:\/\/vitaroma.fi\/de\/author\/emilkemal4gmail-com\/"},"uagb_comment_info":0,"uagb_excerpt":"Klassinen kasvohoito","_links":{"self":[{"href":"https:\/\/vitaroma.fi\/de\/wp-json\/wp\/v2\/pages\/1588","targetHints":{"allow":["GET"]}}],"collection":[{"href":"https:\/\/vitaroma.fi\/de\/wp-json\/wp\/v2\/pages"}],"about":[{"href":"https:\/\/vitaroma.fi\/de\/wp-json\/wp\/v2\/types\/page"}],"author":[{"embeddable":true,"href":"https:\/\/vitaroma.fi\/de\/wp-json\/wp\/v2\/users\/1"}],"replies":[{"embeddable":true,"href":"https:\/\/vitaroma.fi\/de\/wp-json\/wp\/v2\/comments?post=1588"}],"version-history":[{"count":36,"href":"https:\/\/vitaroma.fi\/de\/wp-json\/wp\/v2\/pages\/1588\/revisions"}],"predecessor-version":[{"id":2736,"href":"https:\/\/vitaroma.fi\/de\/wp-json\/wp\/v2\/pages\/1588\/revisions\/2736"}],"wp:attachment":[{"href":"https:\/\/vitaroma.fi\/de\/wp-json\/wp\/v2\/media?parent=1588"}],"curies":[{"name":"wp","href":"https:\/\/api.w.org\/{rel}","templated":true}]}}